{"id":3414,"date":"2025-12-04T13:04:03","date_gmt":"2025-12-04T13:04:03","guid":{"rendered":"https:\/\/dentissimi.com\/?page_id=3414"},"modified":"2025-12-12T09:26:43","modified_gmt":"2025-12-12T09:26:43","slug":"op-kuponletolto-szlovak-kapcsolat","status":"publish","type":"page","link":"https:\/\/dentissimi.com\/sk\/op-kuponletolto-szlovak-kapcsolat\/","title":{"rendered":"OP kuponlet\u00f6lt\u0151-szlov\u00e1k kapcsolat"},"content":{"rendered":"<div class=\"wpb-content-wrapper\"><div id=\"tm-row-69f30bbf4bd8c\" class=\"vc_row vc_row-outer vc_row-fluid\"><div id=\"tm-column-69f30bbf4c427\" class=\"wpb_column vc_column_container vc_col-sm-12\"><div class=\"vc_column-inner\"><div class=\"wpb_wrapper\"><div class=\"tm-spacer\" id=\"tm-spacer-69f30bbf4c5b8\"><\/div>\n<div class=\"tm-spacer\" id=\"tm-spacer-69f30bbf4c613\"><\/div>\n<\/div><\/div><\/div><\/div><div id=\"tm-row-69f30bbf4c725\" class=\"vc_row vc_row-outer vc_row-fluid\"><div id=\"tm-column-69f30bbf4c8f4\" class=\"wpb_column vc_column_container vc_col-sm-3\"><div class=\"vc_column-inner\"><div class=\"wpb_wrapper\"><div class=\"tm-box-icon  style-12 tm-animation move-up\" id=\"tm-box-icon-69f30bbf4cafe\">\n\t\t<div class=\"content-wrap\">\n\n\t\n\t\t\t\t\t\t\t\t<div class=\"icon\">\n\t\t\t\t\t\t<span class=\"fa-solid fa-location-dot\"><\/span>\n\t\t\t\t\t<\/div>\n\t\t\t\t\t\t\n\t<div class=\"content\">\n\t\t<div class=\"box-header\">\n\t\t\t\t\t\t\t<h4 class=\"heading\">\n\t\t\t\t\t\n\t\t\t\t\t\tH-9200 Mosonmagyar\u00f3v\u00e1r Lucsony u. 1.\n\t\t\t\t\t\t\n\t\t\t\t<\/h4>\n\t\t\t\t\t<\/div>\n\n\t\t\t\t\t<div class=\"text\">N\u00e1jdete n\u00e1s tu<\/div>\t\t\n\t\t\t<\/div>\n<\/div>\n<\/div>\n<\/div><\/div><\/div><div id=\"tm-column-69f30bbf4d080\" class=\"wpb_column vc_column_container vc_col-sm-3\"><div class=\"vc_column-inner\"><div class=\"wpb_wrapper\"><div class=\"tm-box-icon  style-12 tm-animation move-up\" id=\"tm-box-icon-69f30bbf4d1c1\">\n\t\t<div class=\"content-wrap\">\n\n\t\n\t\t\t\t\t\t\t\t<div class=\"icon\">\n\t\t\t\t\t\t<span class=\"fa-solid fa-phone-volume\"><\/span>\n\t\t\t\t\t<\/div>\n\t\t\t\t\t\t\n\t<div class=\"content\">\n\t\t<div class=\"box-header\">\n\t\t\t\t\t\t\t<h4 class=\"heading\">\n\t\t\t\t\t\t\t\t\t\t<a class=\"link-secret\" href=\"tel:800%20388%2080%2090\"\n\t\t\t\t\t\t\t\t\t\t\t>\n\t\t\t\t\t\t\n\t\t\t\t\t\t00 36 96 566 400\n\t\t\t\t\t\t\t\t\t\t\t<\/a>\n\t\t\t\t\n\t\t\t\t<\/h4>\n\t\t\t\t\t<\/div>\n\n\t\t\t\t\t<div class=\"text\">mobil:+421 915 629 413<\/div>\t\t\n\t\t\t<\/div>\n<\/div>\n<\/div>\n<\/div><\/div><\/div><div id=\"tm-column-69f30bbf4d673\" class=\"wpb_column vc_column_container vc_col-sm-3\"><div class=\"vc_column-inner\"><div class=\"wpb_wrapper\"><div class=\"tm-box-icon  style-12 tm-animation move-up\" id=\"tm-box-icon-69f30bbf4d7bc\">\n\t\t<div class=\"content-wrap\">\n\n\t\n\t\t\t\t\t\t\t\t<div class=\"icon\">\n\t\t\t\t\t\t<span class=\"fa-solid fa-clock-rotate-left\"><\/span>\n\t\t\t\t\t<\/div>\n\t\t\t\t\t\t\n\t<div class=\"content\">\n\t\t<div class=\"box-header\">\n\t\t\t\t\t\t\t<h4 class=\"heading\">\n\t\t\t\t\t\n\t\t\t\t\t\tPo\u2013Pi: 08:00 \u2013 16:00\n\t\t\t\t\t\t\n\t\t\t\t<\/h4>\n\t\t\t\t\t<\/div>\n\n\t\t\t\t\t<div class=\"text\">Otv\u00e1racie hodiny<\/div>\t\t\n\t\t\t<\/div>\n<\/div>\n<\/div>\n<\/div><\/div><\/div><div id=\"tm-column-69f30bbf4dc36\" class=\"wpb_column vc_column_container vc_col-sm-3\"><div class=\"vc_column-inner\"><div class=\"wpb_wrapper\"><div class=\"tm-box-icon  style-12 tm-animation move-up\" id=\"tm-box-icon-69f30bbf4dd6e\">\n\t\t<div class=\"content-wrap\">\n\n\t\n\t\t\t\t\t\t\t\t<div class=\"icon\">\n\t\t\t\t\t\t<span class=\"fa-solid fa-envelope-circle-check\"><\/span>\n\t\t\t\t\t<\/div>\n\t\t\t\t\t\t\n\t<div class=\"content\">\n\t\t<div class=\"box-header\">\n\t\t\t\t\t\t\t<h4 class=\"heading\">\n\t\t\t\t\t\t\t\t\t\t<a class=\"link-secret\" href=\"mailto:denteeth@clinic.com\"\n\t\t\t\t\t\t\t\t\t\t\t>\n\t\t\t\t\t\t\n\t\t\t\t\t\tinfo@dentissimi.com\n\t\t\t\t\t\t\t\t\t\t\t<\/a>\n\t\t\t\t\n\t\t\t\t<\/h4>\n\t\t\t\t\t<\/div>\n\n\t\t\t\t\t<div class=\"text\">Nap\u00ed\u0161te n\u00e1m e-mail!<\/div>\t\t\n\t\t\t<\/div>\n<\/div>\n<\/div>\n<\/div><\/div><\/div><\/div><div id=\"tm-row-69f30bbf4e24e\" class=\"vc_row vc_row-outer vc_row-fluid\"><div id=\"tm-column-69f30bbf4e44c\" class=\"wpb_column vc_column_container vc_col-sm-8\"><div class=\"vc_column-inner\"><div class=\"wpb_wrapper\"><div class=\"tm-spacer\" id=\"tm-spacer-69f30bbf4e57a\"><\/div>\n<div class=\"tm-contact-form-7  style-01 gutter-30 tm-animation move-up\" id=\"tm-blog-69f30bbf4e667\">\n\t\n<div class=\"wpcf7 no-js\" id=\"wpcf7-f3402-o1\" lang=\"hu-HU\" dir=\"ltr\" data-wpcf7-id=\"3402\">\n<div class=\"screen-reader-response\"><p role=\"status\" aria-live=\"polite\" aria-atomic=\"true\"><\/p> <ul><\/ul><\/div>\n<form action=\"\/sk\/wp-json\/wp\/v2\/pages\/3414#wpcf7-f3402-o1\" method=\"post\" class=\"wpcf7-form init\" aria-label=\"Kapcsolatfelv\u00e9teli \u0171rlap\" novalidate=\"novalidate\" data-status=\"init\" data-trp-original-action=\"\/sk\/wp-json\/wp\/v2\/pages\/3414#wpcf7-f3402-o1\">\n<fieldset class=\"hidden-fields-container\"><input type=\"hidden\" name=\"_wpcf7\" value=\"3402\" \/><input type=\"hidden\" name=\"_wpcf7_version\" value=\"6.1.5\" \/><input type=\"hidden\" name=\"_wpcf7_locale\" value=\"hu_HU\" \/><input type=\"hidden\" name=\"_wpcf7_unit_tag\" value=\"wpcf7-f3402-o1\" \/><input type=\"hidden\" name=\"_wpcf7_container_post\" value=\"0\" \/><input type=\"hidden\" name=\"_wpcf7_posted_data_hash\" value=\"\" \/>\n<\/fieldset>\n<div class=\"wpcf7-turnstile cf-turnstile\" data-sitekey=\"0x4AAAAAACNqHFwwdNQX1pgW\" data-response-field-name=\"_wpcf7_turnstile_response\"><\/div>\n\n<p><label> Meno<br \/>\n<span class=\"wpcf7-form-control-wrap\" data-name=\"your-name\"><input size=\"40\" maxlength=\"400\" class=\"wpcf7-form-control wpcf7-text wpcf7-validates-as-required\" autocomplete=\"name\" aria-required=\"true\" aria-invalid=\"false\" value=\"\" type=\"text\" name=\"your-name\" \/><\/span> <\/label>\n<\/p>\n<p><label> e-mailov\u00e1 adresa<br \/>\n<span class=\"wpcf7-form-control-wrap\" data-name=\"your-email\"><input size=\"40\" maxlength=\"400\" class=\"wpcf7-form-control wpcf7-email wpcf7-validates-as-required wpcf7-text wpcf7-validates-as-email\" autocomplete=\"email\" aria-required=\"true\" aria-invalid=\"false\" value=\"\" type=\"email\" name=\"your-email\" \/><\/span> <\/label>\n<\/p>\n<p><label> telef\u00f3nne \u010d\u00edslo<br \/>\n<span class=\"wpcf7-form-control-wrap\" data-name=\"your-subject\"><input size=\"40\" maxlength=\"400\" class=\"wpcf7-form-control wpcf7-text wpcf7-validates-as-required\" aria-required=\"true\" aria-invalid=\"false\" value=\"\" type=\"text\" name=\"your-subject\" \/><\/span> <\/label>\n<\/p>\n<p><label> Spr\u00e1va (nepovinn\u00e9)<br \/>\n<span class=\"wpcf7-form-control-wrap\" data-name=\"your-message\"><textarea cols=\"40\" rows=\"10\" maxlength=\"2000\" class=\"wpcf7-form-control wpcf7-textarea\" aria-invalid=\"false\" name=\"your-message\"><\/textarea><\/span> <\/label><br \/>\n<span class=\"wpcf7-form-control-wrap\" data-name=\"acceptance-521\"><span class=\"wpcf7-form-control wpcf7-acceptance\"><span class=\"wpcf7-list-item\"><label><input type=\"checkbox\" name=\"acceptance-521\" value=\"1\" aria-invalid=\"false\" \/><span class=\"wpcf7-list-item-label\"><a>N\u00e1hrada <a href=\"https:\/\/dentissimi.com\/sk\/gdpr\/\" data-type=\"page\" data-id=\"2809\">Obozn\u00e1mil som sa so z\u00e1sadami ochrany osobn\u00fdch \u00fadajov a s\u00fahlas\u00edm s nimi.<\/p><\/span><\/label><\/span><\/span><\/span>\n<\/p>\n<p><input class=\"wpcf7-form-control wpcf7-submit has-spinner\" type=\"submit\" value=\"\u017diadam kup\u00f3n v hodnote 59 eur a pros\u00edm o sp\u00e4tn\u00e9 zavolanie na dohodnutie term\u00ednu!\" \/>\n<\/p><div class=\"wpcf7-response-output\" aria-hidden=\"true\"><\/div>\n<input type=\"hidden\" name=\"trp-form-language\" value=\"sk\"\/><\/form>\n<\/div>\n<\/div>\n<\/div><\/div><\/div><div id=\"tm-column-69f30bbf51213\" class=\"wpb_column vc_column_container vc_col-sm-4\"><div class=\"vc_column-inner\"><div class=\"wpb_wrapper\"><div class=\"tm-spacer\" id=\"tm-spacer-69f30bbf5137c\"><\/div>\n\n<div class=\"tm-heading  left tm-animation move-up\" id=\"tm-heading-69f30bbf5159b\">\n\t<h3 class=\"heading\" >Kontaktujte n\u00e1s s d\u00f4verou!<\/h3><\/div>\n\n<div class=\"tm-spacer\" id=\"tm-spacer-69f30bbf5179c\"><\/div>\n\n<div class=\"tm-heading  left tm-animation move-up\" id=\"tm-heading-69f30bbf51855\">\n\t<div class=\"heading\" >Po\u017eiadajte o kup\u00f3n v hodnote 59 eur, prihl\u00e1ste sa na konzult\u00e1ciu a n\u00e1\u0161 kolega V\u00e1s \u010doskoro sp\u00e4tne kontaktuje!<\/div><\/div>\n\n<div class=\"tm-spacer\" id=\"tm-spacer-69f30bbf51a48\"><\/div>\n\n<div class=\"tm-heading  left tm-animation move-up\" id=\"tm-heading-69f30bbf51aff\">\n\t<h3 class=\"heading\" >A ALEBO N\u00c1M ZAVOLAJTE TERAZ:<\/h3><\/div>\n\n<div class=\"tm-spacer\" id=\"tm-spacer-69f30bbf51cd6\"><\/div>\n\n<div class=\"tm-heading  left tm-animation move-up\" id=\"tm-heading-69f30bbf51d88\">\n\t<h4 class=\"heading\" ><a href=\"http:\/\/003696566400\">(00) 36 96 566 400<\/a><\/h4><\/div>\n\n<div class=\"tm-spacer\" id=\"tm-spacer-69f30bbf51f73\"><\/div>\n\n<div class=\"tm-heading  left tm-animation move-up\" id=\"tm-heading-69f30bbf52025\">\n\t<h4 class=\"heading\" ><a href=\"http:\/\/0036703352814\">mobil:+421 915 629 413<\/a><\/h4><\/div>\n\n<div class=\"tm-spacer\" id=\"tm-spacer-69f30bbf5220a\"><\/div>\n\n<div class=\"tm-heading  left tm-animation move-up\" id=\"tm-heading-69f30bbf522ba\">\n\t<div class=\"heading\" >Kontaktujte n\u00e1s pre online poradenstvo alebo sa \u010do najsk\u00f4r prihl\u00e1ste na bezplatn\u00fa konzult\u00e1ciu.<\/div><\/div>\n\n<div class=\"tm-spacer\" id=\"tm-spacer-69f30bbf524d2\"><\/div>\n<div class=\"tm-box-icon  style-10 tm-animation move-up\" id=\"tm-box-icon-69f30bbf5256b\">\n\t\t<div class=\"content-wrap\">\n\t<div class=\"content-inner\">\n\t\t<div class=\"content-left\">\n\t\t\t\n\t\t\t\t\t\t\t\t\t\t\t\t<div class=\"icon\">\n\t\t\t\t\t\t<span class=\"fa-regular fa-clock\"><\/span>\n\t\t\t\t\t<\/div>\n\t\t\t\t\t\t\t\t\t\t<\/div>\n\n\t\t<div class=\"content\">\n\n\t\t\t\t\t\t\t<h4 class=\"heading\">\n\t\t\t\t\t\n\t\t\t\t\t\tNa\u0161e otv\u00e1racie hodiny:\n\t\t\t\t\t\t\n\t\t\t\t<\/h4>\n\t\t\t\n\t\t\t\t\t\t\t<div class=\"text\">Pondelok\u2013Piatok 08:00\u201316:00<br \/>\nSobota\u2013Nede\u013ea zatvoren\u00e9!<\/div>\t\t\t\n\t\t\t\t\t<\/div>\n\t<\/div>\n<\/div>\n<\/div>\n<div class=\"tm-button-wrapper  tm-animation move-up\" id=\"tm-button-69f30bbf52b37\">\n\t\t<a class=\"tm-button style-text_with_underline tm-button-nm tm-button-primary tm-button- has-icon has-icon-left\" href=\"https:\/\/www.google.com\/maps\/place\/Dentissimi\/@47.8787307,17.2717598,17z\/data=!3m1!4b1!4m6!3m5!1s0x476c77e287791701:0x41f5e5b3eeb3eb3e!8m2!3d47.8787307!4d17.2743347!16s%2Fg%2F1tjpp923?entry=ttu&#038;g_ep=EgoyMDI1MTEwNS4wIKXMDSoASAFQAw%3D%3D\" target=\"_blank\" rel=\"noopener\">\n\n\t\t\n\t\t\t\t\t\t\t<span class=\"button-icon\">\n\t\t\t\t<i class=\"fal fa-map-marker-alt\"><\/i>\n\t\t\t<\/span>\n\t\t\t\t\t\t<span class=\"button-text\" data-text=\"L\u00e1ssam a t\u00e9rk\u00e9pen\">\n\t\t\t\tUk\u00e1\u017ete mi to na mape\t\t\t<\/span>\n\t\t\t\n\t\t\n\n\t<\/a>\n<\/div>\n<div class=\"tm-spacer\" id=\"tm-spacer-69f30bbf52ba0\"><\/div>\n<\/div><\/div><\/div><\/div>\n<\/div>","protected":false},"excerpt":{"rendered":"H-9200 Mosonmagyar\u00f3v\u00e1r Lucsony u. 1. Itt tal\u00e1l meg minket 00 36 96 566 400 mobil: +36 70 335 2814 H-P : 08.00 - 16.00 Nyitvatart\u00e1si id\u0151nk info@dentissimi.com \u00cdrjon nek\u00fcnk Emailt! N\u00e9v E-mail c\u00edm Telefonsz\u00e1m \u00dczenet (nem k\u00f6telez\u0151) Az adatkezel\u00e9si t\u00e1j\u00e9koztat\u00f3t megismertem \u00e9s elfogadom Keressen benn\u00fcnket b\u00e1tran! K\u00e9rje az 59 EURO \u00e9rt\u00e9k\u0171 kupont, jelentkezzen be konzult\u00e1ci\u00f3ra, \u00e9s koll\u00e9g\u00e1nk hamarosan visszah\u00edvja! VAGY TELEFON\u00c1LJON MOST: (00) 36 96 566 400 mobil: +36 70 335 2814 Keressen minket online tan\u00e1cs\u00e9rt vagy jelentkezzen be miel\u0151bb ingyernes konzult\u00e1ci\u00f3ra. Nyitvatart\u00e1si id\u0151nk: H\u00e9tf\u0151-P\u00e9ntek 08:00-16:00 Szombat-Vas\u00e1rnap z\u00e1rva! L\u00e1ssam a t\u00e9rk\u00e9pen","protected":false},"author":1,"featured_media":0,"parent":0,"menu_order":0,"comment_status":"closed","ping_status":"closed","template":"","meta":{"footnotes":""},"class_list":["post-3414","page","type-page","status-publish","hentry"],"_links":{"self":[{"href":"https:\/\/dentissimi.com\/sk\/wp-json\/wp\/v2\/pages\/3414","targetHints":{"allow":["GET"]}}],"collection":[{"href":"https:\/\/dentissimi.com\/sk\/wp-json\/wp\/v2\/pages"}],"about":[{"href":"https:\/\/dentissimi.com\/sk\/wp-json\/wp\/v2\/types\/page"}],"author":[{"embeddable":true,"href":"https:\/\/dentissimi.com\/sk\/wp-json\/wp\/v2\/users\/1"}],"replies":[{"embeddable":true,"href":"https:\/\/dentissimi.com\/sk\/wp-json\/wp\/v2\/comments?post=3414"}],"version-history":[{"count":6,"href":"https:\/\/dentissimi.com\/sk\/wp-json\/wp\/v2\/pages\/3414\/revisions"}],"predecessor-version":[{"id":3519,"href":"https:\/\/dentissimi.com\/sk\/wp-json\/wp\/v2\/pages\/3414\/revisions\/3519"}],"wp:attachment":[{"href":"https:\/\/dentissimi.com\/sk\/wp-json\/wp\/v2\/media?parent=3414"}],"curies":[{"name":"wp","href":"https:\/\/api.w.org\/{rel}","templated":true}]}}