{"id":318,"date":"2019-06-13T02:33:00","date_gmt":"2019-06-13T02:33:00","guid":{"rendered":"https:\/\/dentissimi.com\/blog-grid-03\/"},"modified":"2025-12-18T18:12:00","modified_gmt":"2025-12-18T18:12:00","slug":"blog","status":"publish","type":"page","link":"https:\/\/dentissimi.com\/sk\/blog\/","title":{"rendered":"Dentissimi mosolyblog"},"content":{"rendered":"<div class=\"wpb-content-wrapper\"><div id=\"tm-row-6a046b85d3d63\" class=\"vc_row vc_row-outer vc_row-fluid\"><div id=\"tm-column-6a046b85d4218\" class=\"wpb_column vc_column_container vc_col-sm-12\"><div class=\"vc_column-inner\"><div class=\"wpb_wrapper\">\n\t<div class=\"tm-grid-wrapper tm-blog  style-list_simple_02\" id=\"tm-blog-6a046b85d4476\"\n\t\t\t\t\tdata-pagination=\"pagination\"\n\t\t\n\t\t\n\t\t data-filter-type=\"static\"\n\t>\n\t\t\n\t\t\n\t\t<input type=\"hidden\" class=\"tm-grid-query\" value=\"{&quot;post_type&quot;:&quot;post&quot;,&quot;posts_per_page&quot;:&quot;9&quot;,&quot;orderby&quot;:&quot;date&quot;,&quot;order&quot;:&quot;DESC&quot;,&quot;paged&quot;:1,&quot;post_status&quot;:&quot;publish&quot;,&quot;post__not_in&quot;:[],&quot;action&quot;:&quot;post_infinite_load&quot;,&quot;max_num_pages&quot;:2,&quot;found_posts&quot;:13,&quot;taxonomies&quot;:&quot;&quot;,&quot;style&quot;:&quot;list_simple_02&quot;,&quot;pagination&quot;:&quot;pagination&quot;,&quot;count&quot;:9,&quot;metro_layout&quot;:&quot;%5B%7B%22size%22%3A%222%3A2%22%7D%2C%7B%22size%22%3A%221%3A1%22%7D%2C%7B%22size%22%3A%221%3A1%22%7D%2C%7B%22size%22%3A%222%3A2%22%7D%2C%7B%22size%22%3A%221%3A1%22%7D%2C%7B%22size%22%3A%221%3A1%22%7D%5D&quot;}\"\/>\n\n\t\t\n\t\t\t\t<div class=\"tm-grid\"\n\t\t\t\t\t\t\t\t\t\t\tdata-grid-has-gallery=\"true\"\n\t\t\t\t\t\t\t\t\t>\n\t\t\t\t\t\t<div class=\"grid-item post-item post-4021 post type-post status-publish format-standard has-post-thumbnail hentry category-uncategorized\">\n\t\t<div class=\"post-item-wrap\">\n\t\t\t<div class=\"post-info\">\n\t\t\t\t<h3 class=\"post-title\">\n\t<a href=\"https:\/\/dentissimi.com\/sk\/2026\/05\/07\/nyari-fogbalesetek-mit-tegyen-ha-letorik-vagy-kiesik-egy-fog\/\">Letn\u00e9 \u00farazy zubov \u2013 \u010do robi\u0165, ak sa zub odlom\u00ed alebo vypadne?<\/a>\n<\/h3>\n\t\t\t\t<div class=\"post-date\">\n\t\t\t\t\t2026 7 m\u00e1ja.\t\t\t\t<\/div>\n\t\t\t<\/div>\n\t\t<\/div>\n\t<\/div>\n\t<div class=\"grid-item post-item post-3989 post type-post status-publish format-standard has-post-thumbnail hentry category-uncategorized\">\n\t\t<div class=\"post-item-wrap\">\n\t\t\t<div class=\"post-info\">\n\t\t\t\t<h3 class=\"post-title\">\n\t<a href=\"https:\/\/dentissimi.com\/sk\/2026\/04\/07\/mikor-erdemes-eloszor-fogorvoshoz-vinni-a-gyereket\/\">Kedy je vhodn\u00e9 vzia\u0165 die\u0165a prv\u00fdkr\u00e1t k zub\u00e1rovi?<\/a>\n<\/h3>\n\t\t\t\t<div class=\"post-date\">\n\t\t\t\t\t2026 7 apr\u00edla.\t\t\t\t<\/div>\n\t\t\t<\/div>\n\t\t<\/div>\n\t<\/div>\n\t<div class=\"grid-item post-item post-3979 post type-post status-publish format-standard has-post-thumbnail hentry category-uncategorized\">\n\t\t<div class=\"post-item-wrap\">\n\t\t\t<div class=\"post-info\">\n\t\t\t\t<h3 class=\"post-title\">\n\t<a href=\"https:\/\/dentissimi.com\/sk\/2026\/04\/07\/panoramarontgen-mikor-van-ra-szukseg-es-mit-mutat-meg-a-fogorvosnak\/\">Panoramatick\u00fd r\u00f6ntgen: kedy je potrebn\u00fd a \u010do uk\u00e1\u017ee zub\u00e1rovi?<\/a>\n<\/h3>\n\t\t\t\t<div class=\"post-date\">\n\t\t\t\t\t2026 7 apr\u00edla.\t\t\t\t<\/div>\n\t\t\t<\/div>\n\t\t<\/div>\n\t<\/div>\n\t<div class=\"grid-item post-item post-3960 post type-post status-publish format-standard has-post-thumbnail hentry category-uncategorized\">\n\t\t<div class=\"post-item-wrap\">\n\t\t\t<div class=\"post-info\">\n\t\t\t\t<h3 class=\"post-title\">\n\t<a href=\"https:\/\/dentissimi.com\/sk\/2026\/03\/17\/fogfajas-ok-nelkul-lehet-hogy-a-rontgen-adja-meg-a-valaszt\/\">Boles\u0165 zubov bez zjavnej pr\u00ed\u010diny? Odpove\u010f m\u00f4\u017ee prinies\u0165 r\u00f6ntgen.<\/a>\n<\/h3>\n\t\t\t\t<div class=\"post-date\">\n\t\t\t\t\t2026 17 marca.\t\t\t\t<\/div>\n\t\t\t<\/div>\n\t\t<\/div>\n\t<\/div>\n\t<div class=\"grid-item post-item post-3936 post type-post status-publish format-standard has-post-thumbnail hentry category-uncategorized\">\n\t\t<div class=\"post-item-wrap\">\n\t\t\t<div class=\"post-info\">\n\t\t\t\t<h3 class=\"post-title\">\n\t<a href=\"https:\/\/dentissimi.com\/sk\/2026\/03\/17\/hogyan-ismerheto-fel-es-kezelheto-a-fogcsikorgatas\/\">Ako rozpozna\u0165 a lie\u010di\u0165 \u0161kr\u00edpanie zubami?<\/a>\n<\/h3>\n\t\t\t\t<div class=\"post-date\">\n\t\t\t\t\t2026 17 marca.\t\t\t\t<\/div>\n\t\t\t<\/div>\n\t\t<\/div>\n\t<\/div>\n\t<div class=\"grid-item post-item post-3753 post type-post status-publish format-standard has-post-thumbnail hentry category-uncategorized\">\n\t\t<div class=\"post-item-wrap\">\n\t\t\t<div class=\"post-info\">\n\t\t\t\t<h3 class=\"post-title\">\n\t<a href=\"https:\/\/dentissimi.com\/sk\/2026\/02\/05\/miert-fontos-a-fogszuvasodas-megelozese-es-hogyan-kezeljuk\/\">Pre\u010do je d\u00f4le\u017eit\u00e1 prevencia zubn\u00e9ho kazu a ako sa lie\u010di?<\/a>\n<\/h3>\n\t\t\t\t<div class=\"post-date\">\n\t\t\t\t\t2026 5 febru\u00e1ra.\t\t\t\t<\/div>\n\t\t\t<\/div>\n\t\t<\/div>\n\t<\/div>\n\t<div class=\"grid-item post-item post-3748 post type-post status-publish format-standard has-post-thumbnail hentry category-uncategorized\">\n\t\t<div class=\"post-item-wrap\">\n\t\t\t<div class=\"post-info\">\n\t\t\t\t<h3 class=\"post-title\">\n\t<a href=\"https:\/\/dentissimi.com\/sk\/2026\/02\/05\/lathatatlan-fogszabalyzo-a-diszkret-megoldas\/\">Nevidite\u013en\u00fd stroj\u010dek \u2013 diskr\u00e9tne rie\u0161enie<\/a>\n<\/h3>\n\t\t\t\t<div class=\"post-date\">\n\t\t\t\t\t2026 5 febru\u00e1ra.\t\t\t\t<\/div>\n\t\t\t<\/div>\n\t\t<\/div>\n\t<\/div>\n\t<div class=\"grid-item post-item post-3705 post type-post status-publish format-standard has-post-thumbnail hentry category-uncategorized\">\n\t\t<div class=\"post-item-wrap\">\n\t\t\t<div class=\"post-info\">\n\t\t\t\t<h3 class=\"post-title\">\n\t<a href=\"https:\/\/dentissimi.com\/sk\/2026\/01\/20\/bolcsessegfog-eltavolitas-utan-hasznos-tudnivalok-az-elso-napokra\/\">Po odstr\u00e1nen\u00ed zuba m\u00fadrosti \u2013 u\u017eito\u010dn\u00e9 inform\u00e1cie na prv\u00e9 dni<\/a>\n<\/h3>\n\t\t\t\t<div class=\"post-date\">\n\t\t\t\t\t2026 20 janu\u00e1ra.\t\t\t\t<\/div>\n\t\t\t<\/div>\n\t\t<\/div>\n\t<\/div>\n\t<div class=\"grid-item post-item post-3701 post type-post status-publish format-standard has-post-thumbnail hentry category-uncategorized\">\n\t\t<div class=\"post-item-wrap\">\n\t\t\t<div class=\"post-info\">\n\t\t\t\t<h3 class=\"post-title\">\n\t<a href=\"https:\/\/dentissimi.com\/sk\/2026\/01\/20\/a-fogkoeltavolitas-jelentosege-a-mindennapi-szajapolasban\/\">V\u00fdznam odstr\u00e1nenia zubn\u00e9ho kame\u0148a v ka\u017edodennej starostlivosti o \u00fastnu dutinu<\/a>\n<\/h3>\n\t\t\t\t<div class=\"post-date\">\n\t\t\t\t\t2026 20 janu\u00e1ra.\t\t\t\t<\/div>\n\t\t\t<\/div>\n\t\t<\/div>\n\t<\/div>\n\t\t\t\t<\/div>\n\n\t\t\t\t\n\t\t\t\t\t<div class=\"tm-grid-pagination\">\n\t\t\t\t\t\t\t\t\t<div class=\"inner\" style=\"text-align:left\">\n\t\t\t\t\t\t<ul class=\"page-pagination\"><li><span aria-current=\"page\" class=\"page-numbers current\">1<\/span><\/li><li><a class=\"page-numbers\" href=\"https:\/\/dentissimi.com\/sk\/wp-json\/wp\/v2\/pages\/318\/page\/2\/\">2<\/a><\/li><li><a class=\"next page-numbers\" href=\"https:\/\/dentissimi.com\/sk\/wp-json\/wp\/v2\/pages\/318\/page\/2\/\"><i class=\"far fa-angle-right\"><\/i><\/a><\/li><\/ul>\t\t\t\t\t<\/div>\n\t\t\t\t\t\t\t<\/div>\n\t\t\t<div class=\"tm-grid-messages\" style=\"display: none;\">\n\t\t\t\tAll items displayed.\t\t\t<\/div>\n\t\t\t\n\t<\/div>\n\t<\/div><\/div><\/div><\/div>\n<\/div>","protected":false},"excerpt":{"rendered":"A fogk\u0151 kialakul\u00e1sa sok\u00e1ig \u00e9szrev\u00e9tlen maradhat, m\u00e9gis jelent\u0151s hat\u00e1ssal van a fogak \u00e9s az \u00edny \u00e1llapot\u00e1ra. A rendszeres dent\u00e1lhigi\u00e9niai kezel\u00e9s seg\u00edt elt\u00e1vol\u00edtani azokat a lerak\u00f3d\u00e1sokat, amelyek otthoni fogmos\u00e1ssal m\u00e1r nem sz\u00fcntethet\u0151k meg, \u00e9s fontos szerepet j\u00e1tszik a fog\u00e1szati probl\u00e9m\u00e1k megel\u0151z\u00e9s\u00e9ben. A fogk\u0151 elt\u00e1vol\u00edt\u00e1s a professzion\u00e1lis fog\u00e1szati ell\u00e1t\u00e1s egyik alapvet\u0151 l\u00e9p\u00e9se az eg\u00e9szs\u00e9ges, \u00e1polt mosoly meg\u0151rz\u00e9s\u00e9hez. Mi az a fogk\u0151 elt\u00e1vol\u00edt\u00e1s? A fogk\u0151 elt\u00e1vol\u00edt\u00e1s sor\u00e1n a fogak felsz\u00edn\u00e9n \u00e9s az \u00ednysz\u00e9l ment\u00e9n lerak\u00f3dott, megkem\u00e9nyedett leped\u00e9ket t\u00e1vol\u00edtj\u00e1k el. Ezek a lerak\u00f3d\u00e1sok otthoni fogmos\u00e1ssal m\u00e1r nem sz\u00fcntethet\u0151k meg, ez\u00e9rt professzion\u00e1lis fog\u00e1szati kezel\u00e9sre van sz\u00fcks\u00e9g. &nbsp; A kezel\u00e9s el\u0151nyei: \u2705Eg\u00e9szs\u00e9gesebb \u00edny: a fogk\u0151 elt\u00e1vol\u00edt\u00e1sa cs\u00f6kkenti az \u00ednygyullad\u00e1s \u00e9s a fog\u00e1gybetegs\u00e9g kock\u00e1zat\u00e1t. \u2705Frissebb sz\u00e1j\u00e9rzet: a lerak\u00f3d\u00e1sok elt\u00e1vol\u00edt\u00e1sa ut\u00e1n a fogak sim\u00e1bbak, a lehelet frissebb. \u2705Megel\u0151z\u00e9s: a rendszeres dent\u00e1lhigi\u00e9niai kezel\u00e9ssel megel\u0151zhet\u0151k a k\u00e9s\u0151bbi, komolyabb fog\u00e1szati probl\u00e9m\u00e1k. \u2705Eszt\u00e9tikusabb mosoly: a fogak term\u00e9szetes sz\u00edne jobban \u00e9rv\u00e9nyes\u00fcl a tiszt\u00edt\u00e1s ut\u00e1n. Hogyan zajlik a fogk\u0151 elt\u00e1vol\u00edt\u00e1s? \u00c1llapotfelm\u00e9r\u00e9s: a kezel\u00e9s egy r\u00f6vid vizsg\u00e1lattal kezd\u0151dik, amely sor\u00e1n a hozz\u00e1\u00e9rt\u0151 fogorvosokb\u00f3l \u00e9s dent\u00e1lhigi\u00e9nikusokb\u00f3l \u00e1ll\u00f3 csapat felm\u00e9ri a fogak \u00e9s az \u00edny \u00e1llapot\u00e1t. Fogk\u0151 elt\u00e1vol\u00edt\u00e1sa: a lerak\u00f3d\u00e1sok elt\u00e1vol\u00edt\u00e1sa korszer\u0171, k\u00edm\u00e9letes eszk\u00f6z\u00f6kkel t\u00f6rt\u00e9nik a fogak felsz\u00edn\u00e9r\u0151l \u00e9s az \u00ednysz\u00e9l ment\u00e9n. Pol\u00edroz\u00e1s: a tiszt\u00edt\u00e1st k\u00f6vet\u0151en a fogfelsz\u00ednek pol\u00edroz\u00e1sa seg\u00edt abban, hogy a fogak sim\u00e1bbak legyenek, \u00e9s a leped\u00e9k nehezebben tapadjon meg rajtuk. Eredm\u00e9ny: a kezel\u00e9s v\u00e9g\u00e9n a fogak tiszt\u00e1bbak, sim\u00e1bbak, a sz\u00e1j\u00e9rzet \u00e9rezhet\u0151en frissebb. Mennyi ideig tart a kezel\u00e9s? A fogk\u0151 elt\u00e1vol\u00edt\u00e1s \u00e1ltal\u00e1ban 30\u201360 percet vesz ig\u00e9nybe, a lerak\u00f3d\u00e1sok mennyis\u00e9g\u00e9t\u0151l f\u00fcgg\u0151en. A kezel\u00e9s gyors \u00e9s a legt\u00f6bb esetben j\u00f3l toler\u00e1lhat\u00f3. Tan\u00e1csok a kezel\u00e9s ut\u00e1n: A rendszeres, alapos sz\u00e1j\u00e1pol\u00e1s seg\u00edt lass\u00edtani az \u00fajabb fogk\u0151 kialakul\u00e1s\u00e1t. \u00c9rdemes figyelni a fogk\u00f6ztiszt\u00edt\u00e1sra is. Rendszeres fog\u00e1szati ellen\u0151rz\u00e9ssel a dent\u00e1lhigi\u00e9niai \u00e1llapot hossz\u00fa t\u00e1von fenntarthat\u00f3. \u00d6sszegz\u00e9s A fogk\u0151 elt\u00e1vol\u00edt\u00e1s a dent\u00e1lhigi\u00e9nia alapja \u00e9s a&nbsp;professzion\u00e1lis fog\u00e1szati kezel\u00e9s&nbsp;fontos r\u00e9sze. Seg\u00edt meg\u0151rizni az \u00edny eg\u00e9szs\u00e9g\u00e9t, megel\u0151zni a fog\u00e1szati probl\u00e9m\u00e1kat \u00e9s hozz\u00e1j\u00e1rul az \u00e1polt, eg\u00e9szs\u00e9ges mosolyhoz.","protected":false},"author":1,"featured_media":0,"parent":0,"menu_order":0,"comment_status":"closed","ping_status":"closed","template":"","meta":{"footnotes":""},"class_list":["post-318","page","type-page","status-publish","hentry"],"_links":{"self":[{"href":"https:\/\/dentissimi.com\/sk\/wp-json\/wp\/v2\/pages\/318","targetHints":{"allow":["GET"]}}],"collection":[{"href":"https:\/\/dentissimi.com\/sk\/wp-json\/wp\/v2\/pages"}],"about":[{"href":"https:\/\/dentissimi.com\/sk\/wp-json\/wp\/v2\/types\/page"}],"author":[{"embeddable":true,"href":"https:\/\/dentissimi.com\/sk\/wp-json\/wp\/v2\/users\/1"}],"replies":[{"embeddable":true,"href":"https:\/\/dentissimi.com\/sk\/wp-json\/wp\/v2\/comments?post=318"}],"version-history":[{"count":8,"href":"https:\/\/dentissimi.com\/sk\/wp-json\/wp\/v2\/pages\/318\/revisions"}],"predecessor-version":[{"id":2906,"href":"https:\/\/dentissimi.com\/sk\/wp-json\/wp\/v2\/pages\/318\/revisions\/2906"}],"wp:attachment":[{"href":"https:\/\/dentissimi.com\/sk\/wp-json\/wp\/v2\/media?parent=318"}],"curies":[{"name":"wp","href":"https:\/\/api.w.org\/{rel}","templated":true}]}}