{"id":3078,"date":"2025-11-26T11:09:37","date_gmt":"2025-11-26T11:09:37","guid":{"rendered":"https:\/\/dentissimi.com\/?page_id=3078"},"modified":"2026-04-22T10:20:03","modified_gmt":"2026-04-22T10:20:03","slug":"online-konzultacio","status":"publish","type":"page","link":"https:\/\/dentissimi.com\/sk\/online-konzultacio\/","title":{"rendered":"Online konzult\u00e1cia"},"content":{"rendered":"<div class=\"wpb-content-wrapper\"><div id=\"tm-row-6a04c50ac2e7e\" class=\"vc_row vc_row-outer vc_row-fluid\"><div id=\"tm-column-6a04c50ac337f\" class=\"wpb_column vc_column_container vc_col-sm-12\"><div class=\"vc_column-inner\"><div class=\"wpb_wrapper\">\n<div class=\"tm-heading  left tm-animation move-up\" id=\"tm-heading-6a04c50ac366c\">\n\t<h1 class=\"heading\" >Online konzult\u00e1cia \u2013 r\u00fdchle, pohodln\u00e9 a bezpe\u010dn\u00e9 rie\u0161enie<\/h1><\/div>\n\n<div class=\"tm-spacer\" id=\"tm-spacer-6a04c50ac3989\"><\/div>\n<div class=\"tm-image  tm-animation move-up\" id=\"tm-image-6a04c50ac3a2a\">\n\t\t\t<div class=\"image\"><img decoding=\"async\" src=\"https:\/\/dentissimi.com\/wp-content\/uploads\/2025\/12\/online-konz.webp\" alt=\"Id\u0151sebb f\u00e9rfi online orvosi konzult\u00e1ci\u00f3n vesz r\u00e9szt, laptop k\u00e9perny\u0151j\u00e9n mosolyg\u00f3 doktorn\u0151 feh\u00e9r k\u00f6penyben, sztetoszk\u00f3ppal\" \/><\/div>\t\t<\/div>\n<div class=\"tm-spacer\" id=\"tm-spacer-6a04c50ac41c8\"><\/div>\n<\/div><\/div><\/div><\/div><div id=\"tm-row-6a04c50ac4397\" class=\"vc_row vc_row-outer vc_row-fluid\"><div id=\"tm-column-6a04c50ac46d4\" class=\"wpb_column vc_column_container vc_col-sm-12\"><div class=\"vc_column-inner\"><div class=\"wpb_wrapper\">\n\t<div class=\"wpb_text_column wpb_content_element\" >\n\t\t<div class=\"wpb_wrapper\">\n\t\t\t<h3 data-start=\"315\" data-end=\"362\"><strong data-start=\"318\" data-end=\"360\">Pre\u010do si vybra\u0165 online konzult\u00e1ciu?<\/strong><\/h3>\n<p data-start=\"363\" data-end=\"656\">Ak \u017eijete \u010faleko od na\u0161ej ambulancie alebo chcete vopred z\u00edska\u0165 presn\u00fd obraz o mo\u017enom lie\u010debnom pl\u00e1ne a n\u00e1kladoch, online konzult\u00e1cia je ide\u00e1lnou vo\u013ebou. Nemus\u00edte cestova\u0165 \u2013 sta\u010d\u00ed, ak n\u00e1m po\u0161lete panoramatick\u00fd r\u00f6ntgen, a n\u00e1\u0161 zubn\u00fd lek\u00e1r s Vami podrobne preberie v\u0161etky potrebn\u00e9 kroky.<\/p>\n<hr data-start=\"658\" data-end=\"661\">\n<h3 data-start=\"663\" data-end=\"706\"><strong data-start=\"665\" data-end=\"706\">Ako funguje online konzult\u00e1cia?<\/strong><\/h3>\n<h4 data-start=\"708\" data-end=\"746\"><strong data-start=\"712\" data-end=\"744\">1. Jednoduch\u00e9 nahratie r\u00f6ntgenu<\/strong><\/h4>\n<p data-start=\"747\" data-end=\"823\">Po\u0161lite n\u00e1m svoj panoramatick\u00fd r\u00f6ntgen e-mailom alebo prostredn\u00edctvom na\u0161ej str\u00e1nky.<\/p>\n<h4 data-start=\"825\" data-end=\"861\"><strong data-start=\"829\" data-end=\"859\">2. Vypracovanie lie\u010debn\u00e9ho pl\u00e1nu<\/strong><\/h4>\n<p data-start=\"862\" data-end=\"956\">N\u00e1\u0161 zubn\u00fd lek\u00e1r vyhodnot\u00ed sn\u00edmku, priprav\u00ed predbe\u017en\u00fd lie\u010debn\u00fd pl\u00e1n a cenov\u00fa ponuku.<\/p>\n<h4 data-start=\"958\" data-end=\"989\"><strong data-start=\"962\" data-end=\"987\">3. Online konzult\u00e1cia<\/strong><\/h4>\n<p data-start=\"990\" data-end=\"1037\">Po\u010das videohovoru podrobne preberieme:<\/p>\n<ul data-start=\"1038\" data-end=\"1162\">\n<li data-start=\"1038\" data-end=\"1067\">\n<p data-start=\"1040\" data-end=\"1067\">mo\u017enosti lie\u010dby,<\/p>\n<\/li>\n<li data-start=\"1068\" data-end=\"1094\">\n<p data-start=\"1070\" data-end=\"1094\">o\u010dak\u00e1van\u00e9 n\u00e1klady,<\/p>\n<\/li>\n<li data-start=\"1095\" data-end=\"1130\">\n<p data-start=\"1097\" data-end=\"1130\">priebeh a trvanie lie\u010dby,<\/p>\n<\/li>\n<li data-start=\"1131\" data-end=\"1162\">\n<p data-start=\"1133\" data-end=\"1162\">a v\u0161etky Va\u0161e ot\u00e1zky.<\/p>\n<\/li>\n<\/ul>\n<h4 data-start=\"1164\" data-end=\"1207\"><strong data-start=\"1168\" data-end=\"1205\">4. Pr\u00edprava osobn\u00e9ho o\u0161etrenia<\/strong><\/h4>\n<p data-start=\"1208\" data-end=\"1358\">Ak si to \u017eel\u00e1te, zariadime osobn\u00fd term\u00edn v na\u0161ej ambulancii v Ma\u010farsku.<\/p>\n<hr data-start=\"1360\" data-end=\"1363\">\n<h3 data-start=\"1365\" data-end=\"1386\"><strong data-start=\"1367\" data-end=\"1386\">Komu to odpor\u00fa\u010dame?<\/strong><\/h3>\n<p data-start=\"1388\" data-end=\"1650\">\u2714 Pre t\u00fdch, ktor\u00ed b\u00fdvaj\u00fa \u010faleko a nechc\u00fa cestova\u0165 zbyto\u010dne<br data-start=\"1447\" data-end=\"1450\">\u2714 Pre t\u00fdch, ktor\u00ed chc\u00fa predbe\u017en\u00fa cenov\u00fa ponuku bez osobn\u00e9ho vy\u0161etrenia<br data-start=\"1516\" data-end=\"1519\">\u2714 Pre nov\u00fdch pacientov, ktor\u00ed sa chc\u00fa obozn\u00e1mi\u0165 s mo\u017enos\u0165ami lie\u010dby<br data-start=\"1588\" data-end=\"1591\">\u2714 Pre existuj\u00facich pacientov na ka\u017edoro\u010dn\u00fa kontrolu \u2013 ak nemaj\u00fa \u017eiadne \u0165a\u017ekosti<\/p>\n<hr data-start=\"1652\" data-end=\"1655\">\n<h3 data-start=\"1657\" data-end=\"1692\"><strong data-start=\"1659\" data-end=\"1692\">V\u00fdhody online konzult\u00e1cie<\/strong><\/h3>\n<ul data-start=\"1694\" data-end=\"1938\">\n<li data-start=\"1694\" data-end=\"1729\">\n<p data-start=\"1696\" data-end=\"1729\"><strong data-start=\"1696\" data-end=\"1727\">\u0160etr\u00ed \u010das aj cestovanie<\/strong><\/p>\n<\/li>\n<li data-start=\"1730\" data-end=\"1772\">\n<p data-start=\"1732\" data-end=\"1772\"><strong data-start=\"1732\" data-end=\"1754\">R\u00fdchla sp\u00e4tn\u00e1 v\u00e4zba<\/strong> na z\u00e1klade r\u00f6ntgenu<\/p>\n<\/li>\n<li data-start=\"1773\" data-end=\"1838\">\n<p data-start=\"1775\" data-end=\"1838\"><strong data-start=\"1775\" data-end=\"1805\">Presn\u00e1 predbe\u017en\u00e1 cenov\u00e1 ponuka<\/strong> e\u0161te pred za\u010diatkom lie\u010dby<\/p>\n<\/li>\n<li data-start=\"1839\" data-end=\"1889\">\n<p data-start=\"1841\" data-end=\"1889\"><strong data-start=\"1841\" data-end=\"1873\">Individu\u00e1lne poradenstvo prostredn\u00edctvom<\/strong> videohovoru<\/p>\n<\/li>\n<li data-start=\"1890\" data-end=\"1938\">\n<p data-start=\"1892\" data-end=\"1938\"><strong data-start=\"1892\" data-end=\"1936\">Pohodln\u00e9, flexibiln\u00e9 a vybavite\u013en\u00e9 z domu<\/strong><\/p>\n<\/li>\n<\/ul>\n<hr data-start=\"1940\" data-end=\"1943\">\n<h3 data-start=\"1945\" data-end=\"1987\"><strong data-start=\"1947\" data-end=\"1987\">\u010co je potrebn\u00e9 posla\u0165 na konzult\u00e1ciu?<\/strong><\/h3>\n<p data-start=\"1989\" data-end=\"2113\">\u2714 Panoramatick\u00fd r\u00f6ntgen (nie star\u0161\u00ed ako 1 rok)<br data-start=\"2036\" data-end=\"2039\">\u2714 Stru\u010dn\u00fd popis aktu\u00e1lnych \u0165a\u017ekost\u00ed<br data-start=\"2077\" data-end=\"2080\">\u2714 Kontaktn\u00e9 \u00fadaje (telef\u00f3n, e-mail)<\/p>\n<hr data-start=\"2115\" data-end=\"2118\">\n\n\t\t<\/div>\n\t<\/div>\n<div class=\"tm-spacer\" id=\"tm-spacer-6a04c50ac4b0b\"><\/div>\n<\/div><\/div><\/div><\/div><div id=\"tm-row-6a04c50ac4d0c\" class=\"vc_row vc_row-outer vc_row-fluid\"><div id=\"tm-column-6a04c50ac4ff1\" class=\"wpb_column vc_column_container vc_col-sm-12\"><div class=\"vc_column-inner\"><div class=\"wpb_wrapper\"><div class=\"tm-spacer\" id=\"tm-spacer-6a04c50ac51d6\"><\/div>\n\n<div class=\"tm-heading  left tm-animation move-up\" id=\"tm-heading-6a04c50ac52ea\">\n\t<h2 class=\"heading\" >Objednajte si online konzult\u00e1ciu!<\/h2><\/div>\n\n<div class=\"tm-spacer\" id=\"tm-spacer-6a04c50ac55a8\"><\/div>\n\n<div class=\"tm-heading  left tm-animation move-up\" id=\"tm-heading-6a04c50ac56a4\">\n\t<h5 class=\"heading\" >Vypl\u0148te n\u00e1\u0161 formul\u00e1r a po\u010fme spolo\u010dne za\u010da\u0165 s pl\u00e1novan\u00edm \u2013 bez cestovania, pohodlne a bezpe\u010dne.<\/h5><\/div>\n\n<div class=\"tm-spacer\" id=\"tm-spacer-6a04c50ac592e\"><\/div>\n<div class=\"tm-contact-form-7  style-01 gutter-30 tm-animation move-up\" id=\"tm-blog-6a04c50ac59d4\">\n\t\n<div class=\"wpcf7 no-js\" id=\"wpcf7-f3306-o1\" lang=\"hu-HU\" dir=\"ltr\" data-wpcf7-id=\"3306\">\n<div class=\"screen-reader-response\"><p role=\"status\" aria-live=\"polite\" aria-atomic=\"true\"><\/p> <ul><\/ul><\/div>\n<form action=\"\/sk\/wp-json\/wp\/v2\/pages\/3078#wpcf7-f3306-o1\" method=\"post\" class=\"wpcf7-form init\" aria-label=\"Kapcsolatfelv\u00e9teli \u0171rlap\" novalidate=\"novalidate\" data-status=\"init\" data-trp-original-action=\"\/sk\/wp-json\/wp\/v2\/pages\/3078#wpcf7-f3306-o1\">\n<fieldset class=\"hidden-fields-container\"><input type=\"hidden\" name=\"_wpcf7\" value=\"3306\" \/><input type=\"hidden\" name=\"_wpcf7_version\" value=\"6.1.5\" \/><input type=\"hidden\" name=\"_wpcf7_locale\" value=\"hu_HU\" \/><input type=\"hidden\" name=\"_wpcf7_unit_tag\" value=\"wpcf7-f3306-o1\" \/><input type=\"hidden\" name=\"_wpcf7_container_post\" value=\"0\" \/><input type=\"hidden\" name=\"_wpcf7_posted_data_hash\" value=\"\" \/>\n<\/fieldset>\n<div class=\"wpcf7-turnstile cf-turnstile\" data-sitekey=\"0x4AAAAAACNqHFwwdNQX1pgW\" data-response-field-name=\"_wpcf7_turnstile_response\"><\/div>\n\n<p><label> Meno<br \/>\n<span class=\"wpcf7-form-control-wrap\" data-name=\"your-name\"><input size=\"40\" maxlength=\"400\" class=\"wpcf7-form-control wpcf7-text wpcf7-validates-as-required\" autocomplete=\"name\" aria-required=\"true\" aria-invalid=\"false\" value=\"\" type=\"text\" name=\"your-name\" \/><\/span> <\/label>\n<\/p>\n<p><label> e-mailov\u00e1 adresa<br \/>\n<span class=\"wpcf7-form-control-wrap\" data-name=\"your-email\"><input size=\"40\" maxlength=\"400\" class=\"wpcf7-form-control wpcf7-email wpcf7-validates-as-required wpcf7-text wpcf7-validates-as-email\" autocomplete=\"email\" aria-required=\"true\" aria-invalid=\"false\" value=\"\" type=\"email\" name=\"your-email\" \/><\/span> <\/label>\n<\/p>\n<p><label> telef\u00f3nne \u010d\u00edslo<br \/>\n<span class=\"wpcf7-form-control-wrap\" data-name=\"your-subject\"><input size=\"40\" maxlength=\"400\" class=\"wpcf7-form-control wpcf7-text wpcf7-validates-as-required\" aria-required=\"true\" aria-invalid=\"false\" value=\"\" type=\"text\" name=\"your-subject\" \/><\/span> <\/label>\n<\/p>\n<p><label> Spr\u00e1va (nepovinn\u00e9)<br \/>\n<span class=\"wpcf7-form-control-wrap\" data-name=\"your-message\"><textarea cols=\"40\" rows=\"10\" maxlength=\"2000\" class=\"wpcf7-form-control wpcf7-textarea\" aria-invalid=\"false\" name=\"your-message\"><\/textarea><\/span> <\/label><br \/>\n<span class=\"wpcf7-form-control-wrap\" data-name=\"acceptance-521\"><span class=\"wpcf7-form-control wpcf7-acceptance\"><span class=\"wpcf7-list-item\"><label><input type=\"checkbox\" name=\"acceptance-521\" value=\"1\" aria-invalid=\"false\" \/><span class=\"wpcf7-list-item-label\"><a>N\u00e1hrada <a href=\"https:\/\/dentissimi.com\/sk\/gdpr\/\" data-type=\"page\" data-id=\"2809\">Obozn\u00e1mil som sa so z\u00e1sadami ochrany osobn\u00fdch \u00fadajov a s\u00fahlas\u00edm s nimi.<\/p><\/span><\/label><\/span><\/span><\/span>\n<\/p>\n<p><input class=\"wpcf7-form-control wpcf7-submit has-spinner\" type=\"submit\" value=\"Pros\u00edm o sp\u00e4tn\u00e9 zavolanie na dohodnutie term\u00ednu!\" \/>\n<\/p><div class=\"wpcf7-response-output\" aria-hidden=\"true\"><\/div>\n<input type=\"hidden\" name=\"trp-form-language\" value=\"sk\"\/><\/form>\n<\/div>\n<\/div>\n<\/div><\/div><\/div><\/div>\n<\/div>","protected":false},"excerpt":{"rendered":"Online Konzult\u00e1ci\u00f3 \u2013 Gyors, k\u00e9nyelmes \u00e9s biztons\u00e1gos megold\u00e1s Mi\u00e9rt v\u00e1lassza az online konzult\u00e1ci\u00f3t? Ha messze \u00e9l rendel\u0151nkt\u0151l, vagy szeretne el\u0151zetesen pontos k\u00e9pet kapni a lehets\u00e9ges kezel\u00e9si tervr\u0151l \u00e9s k\u00f6lts\u00e9gekr\u0151l, az online konzult\u00e1ci\u00f3 ide\u00e1lis v\u00e1laszt\u00e1s. Nem sz\u00fcks\u00e9ges utaznia \u2013 el\u00e9g, ha elk\u00fcldi panor\u00e1ma r\u00f6ntgenfelv\u00e9tel\u00e9t, \u00e9s fogorvosunk r\u00e9szletesen \u00e1tbesz\u00e9li \u00d6nnel a sz\u00fcks\u00e9ges teend\u0151ket. Hogyan m\u0171k\u00f6dik az online konzult\u00e1ci\u00f3? 1. Egyszer\u0171 r\u00f6ntgenfelt\u00f6lt\u00e9s K\u00fcldje el panor\u00e1ma r\u00f6ntgenfelv\u00e9tel\u00e9t e-mailben vagy az oldalunkon kereszt\u00fcl. 2. Kezel\u00e9si terv k\u00e9sz\u00edt\u00e9se Fogorvosunk ki\u00e9rt\u00e9keli a felv\u00e9telt, elk\u00e9sz\u00edti az els\u0151dleges kezel\u00e9si tervet \u00e9s az \u00e1raj\u00e1nlatot. 3. Online megbesz\u00e9l\u00e9s Egy vide\u00f3h\u00edv\u00e1s sor\u00e1n r\u00e9szletesen \u00e1tbesz\u00e9lj\u00fck: a kezel\u00e9si lehet\u0151s\u00e9geket, a v\u00e1rhat\u00f3 k\u00f6lts\u00e9geket, a kezel\u00e9s menet\u00e9t, id\u0151tartam\u00e1t, \u00e9s minden felmer\u00fcl\u0151 k\u00e9rd\u00e9s\u00e9t. 4. Szem\u00e9lyes kezel\u00e9s el\u0151k\u00e9sz\u00edt\u00e9se Amennyiben \u00d6n szeretn\u00e9, szem\u00e9lyes id\u0151pontot szervez\u00fcnk magyarorsz\u00e1gi rendel\u0151nkbe. Kinek aj\u00e1nljuk? \u2714 Akik messze laknak \u00e9s nem szeretn\u00e9nek feleslegesen utazni\u2714 Akik el\u0151zetes \u00e1raj\u00e1nlatot szeretn\u00e9nek szem\u00e9lyes vizsg\u00e1lat n\u00e9lk\u00fcl\u2714 \u00daj p\u00e1cienseknek, akik szeretn\u00e9k megismerni a kezel\u00e9si lehet\u0151s\u00e9geket\u2714 Megl\u00e9v\u0151 p\u00e1cienseknek \u00e9ves kontrollhoz \u2013 ha nincs panasz Az online konzult\u00e1ci\u00f3 el\u0151nyei Id\u0151t \u00e9s utaz\u00e1st takar\u00edt meg Gyors visszajelz\u00e9s r\u00f6ntgen alapj\u00e1n El\u0151zetes, pontos \u00e1raj\u00e1nlat m\u00e9g a kezel\u00e9s megkezd\u00e9se el\u0151tt Szem\u00e9lyre szabott tan\u00e1csad\u00e1s vide\u00f3h\u00edv\u00e1sban K\u00e9nyelmes, rugalmas, otthonr\u00f3l int\u00e9zhet\u0151 Mit kell elk\u00fcldeni a konzult\u00e1ci\u00f3hoz? \u2714 Panor\u00e1ma r\u00f6ntgen (min. 1 \u00e9vesn\u00e9l nem r\u00e9gebbi)\u2714 R\u00f6vid le\u00edr\u00e1s az aktu\u00e1lis panaszokr\u00f3l\u2714 El\u00e9rhet\u0151s\u00e9g (telefon, e-mail) Foglaljon id\u0151pontot online konzult\u00e1ci\u00f3ra! T\u00f6ltse ki adatlapunkat \u00e9s kezdj\u00fck el a k\u00f6z\u00f6s tervez\u00e9st - utaz\u00e1s n\u00e9lk\u00fcl, k\u00e9nyelmesen \u00e9s biztons\u00e1gosan. N\u00e9v E-mail c\u00edm Telefonsz\u00e1m \u00dczenet (nem k\u00f6telez\u0151) Az adatkezel\u00e9si t\u00e1j\u00e9koztat\u00f3t megismertem \u00e9s elfogadom","protected":false},"author":1,"featured_media":0,"parent":0,"menu_order":0,"comment_status":"closed","ping_status":"closed","template":"","meta":{"footnotes":""},"class_list":["post-3078","page","type-page","status-publish","hentry"],"_links":{"self":[{"href":"https:\/\/dentissimi.com\/sk\/wp-json\/wp\/v2\/pages\/3078","targetHints":{"allow":["GET"]}}],"collection":[{"href":"https:\/\/dentissimi.com\/sk\/wp-json\/wp\/v2\/pages"}],"about":[{"href":"https:\/\/dentissimi.com\/sk\/wp-json\/wp\/v2\/types\/page"}],"author":[{"embeddable":true,"href":"https:\/\/dentissimi.com\/sk\/wp-json\/wp\/v2\/users\/1"}],"replies":[{"embeddable":true,"href":"https:\/\/dentissimi.com\/sk\/wp-json\/wp\/v2\/comments?post=3078"}],"version-history":[{"count":14,"href":"https:\/\/dentissimi.com\/sk\/wp-json\/wp\/v2\/pages\/3078\/revisions"}],"predecessor-version":[{"id":4008,"href":"https:\/\/dentissimi.com\/sk\/wp-json\/wp\/v2\/pages\/3078\/revisions\/4008"}],"wp:attachment":[{"href":"https:\/\/dentissimi.com\/sk\/wp-json\/wp\/v2\/media?parent=3078"}],"curies":[{"name":"wp","href":"https:\/\/api.w.org\/{rel}","templated":true}]}}