{"id":3060,"date":"2025-11-25T16:09:38","date_gmt":"2025-11-25T16:09:38","guid":{"rendered":"https:\/\/dentissimi.com\/?page_id=3060"},"modified":"2026-03-24T07:48:02","modified_gmt":"2026-03-24T07:48:02","slug":"online-idopontfoglalas","status":"publish","type":"page","link":"https:\/\/dentissimi.com\/sk\/online-idopontfoglalas\/","title":{"rendered":"Online id\u0151pontfoglal\u00e1s"},"content":{"rendered":"<div class=\"wpb-content-wrapper\"><div id=\"tm-row-69f6047b528fe\" class=\"vc_row vc_row-outer vc_row-fluid\"><div id=\"tm-column-69f6047b52c3f\" class=\"wpb_column vc_column_container vc_col-sm-12\"><div class=\"vc_column-inner\"><div class=\"wpb_wrapper\">\n\t<div class=\"wpb_text_column wpb_content_element\" >\n\t\t<div class=\"wpb_wrapper\">\n\t\t\t<div class=\"wp-block-uagb-container fullwidth1440 uagb-block-98dca012\"><\/div>\n<h5>Po\u010das prvej konzult\u00e1cie pomocou modern\u00fdch diagnostick\u00fdch pr\u00edstrojov (panoramatick\u00fd r\u00f6ntgen alebo CT) zhodnot\u00edme stav V\u00e1\u0161ho chrupu a priprav\u00edme p\u00edsomn\u00fd lie\u010debn\u00fd pl\u00e1n s cenovou ponukou na o\u0161etrenia, ktor\u00e9 pova\u017eujeme za potrebn\u00e9. Konzult\u00e1cia aj cenov\u00e1 ponuka s\u00fa bezplatn\u00e9, uhradi\u0165 je potrebn\u00e9 len cenu r\u00f6ntgenov\u00e9ho alebo CT sn\u00edmku.<\/h5>\n<p>&nbsp;<\/p>\n        <div id=\"fon-booking-root\" \n             class=\"fon-booking-widget\" \n             data-dent-id=\"184\"\n             data-instance=\"1\"><\/div>\n        \n<p>&nbsp;<\/p>\n<p>&nbsp;<\/p>\n\n\t\t<\/div>\n\t<\/div>\n<\/div><\/div><\/div><\/div><!-- \/wp:post-content --><\/div>","protected":false},"excerpt":{"rendered":"Po\u010das prvej konzult\u00e1cie pomocou modern\u00fdch diagnostick\u00fdch pr\u00edstrojov (panoramatick\u00fd r\u00f6ntgen alebo CT) zhodnot\u00edme stav V\u00e1\u0161ho chrupu a priprav\u00edme p\u00edsomn\u00fd lie\u010debn\u00fd pl\u00e1n s cenovou ponukou na o\u0161etrenia, ktor\u00e9 pova\u017eujeme za potrebn\u00e9. Konzult\u00e1cia aj cenov\u00e1 ponuka s\u00fa bezplatn\u00e9, uhradi\u0165 je potrebn\u00e9 len cenu r\u00f6ntgenov\u00e9ho alebo CT sn\u00edmku. &nbsp; &nbsp; &nbsp;","protected":false},"author":1,"featured_media":0,"parent":0,"menu_order":0,"comment_status":"closed","ping_status":"closed","template":"","meta":{"footnotes":""},"class_list":["post-3060","page","type-page","status-publish","hentry"],"_links":{"self":[{"href":"https:\/\/dentissimi.com\/sk\/wp-json\/wp\/v2\/pages\/3060","targetHints":{"allow":["GET"]}}],"collection":[{"href":"https:\/\/dentissimi.com\/sk\/wp-json\/wp\/v2\/pages"}],"about":[{"href":"https:\/\/dentissimi.com\/sk\/wp-json\/wp\/v2\/types\/page"}],"author":[{"embeddable":true,"href":"https:\/\/dentissimi.com\/sk\/wp-json\/wp\/v2\/users\/1"}],"replies":[{"embeddable":true,"href":"https:\/\/dentissimi.com\/sk\/wp-json\/wp\/v2\/comments?post=3060"}],"version-history":[{"count":23,"href":"https:\/\/dentissimi.com\/sk\/wp-json\/wp\/v2\/pages\/3060\/revisions"}],"predecessor-version":[{"id":3723,"href":"https:\/\/dentissimi.com\/sk\/wp-json\/wp\/v2\/pages\/3060\/revisions\/3723"}],"wp:attachment":[{"href":"https:\/\/dentissimi.com\/sk\/wp-json\/wp\/v2\/media?parent=3060"}],"curies":[{"name":"wp","href":"https:\/\/api.w.org\/{rel}","templated":true}]}}