{"id":2764,"date":"2025-11-14T12:21:50","date_gmt":"2025-11-14T12:21:50","guid":{"rendered":"https:\/\/dentissimi.com\/?page_id=2764"},"modified":"2026-04-22T10:20:46","modified_gmt":"2026-04-22T10:20:46","slug":"vendegszobak","status":"publish","type":"page","link":"https:\/\/dentissimi.com\/sk\/vendegszobak\/","title":{"rendered":"Sz\u00e1ll\u00e1sfoglal\u00e1s"},"content":{"rendered":"<div class=\"wpb-content-wrapper\"><div id=\"tm-row-6a046bfa5f3a4\" class=\"vc_row vc_row-outer vc_row-fluid\"><div id=\"tm-column-6a046bfa5f6ff\" class=\"wpb_column vc_column_container vc_col-sm-12\"><div class=\"vc_column-inner\"><div class=\"wpb_wrapper\">\n<div class=\"tm-heading  left tm-animation move-up\" id=\"tm-heading-6a046bfa5f96c\">\n\t<h1 class=\"heading\" >Rezerv\u00e1cia ubytovania \u2013 Pohodln\u00fd oddych priamo v budove zubnej ambulancie<\/h1><\/div>\n\n<div class=\"tm-spacer\" id=\"tm-spacer-6a046bfa5fbff\"><\/div>\n<\/div><\/div><\/div><\/div><div id=\"tm-row-6a046bfa5fd4d\" class=\"vc_row vc_row-outer vc_row-fluid\"><div id=\"tm-column-6a046bfa5ff7c\" class=\"wpb_column vc_column_container vc_col-sm-4\"><div class=\"vc_column-inner\"><div class=\"wpb_wrapper\"><div class=\"tm-spacer\" id=\"tm-spacer-6a046bfa600e1\"><\/div>\n<div class=\"tm-image  tm-animation move-up\" id=\"tm-image-6a046bfa60166\">\n\t\t\t<div class=\"image\"><img decoding=\"async\" src=\"https:\/\/dentissimi.com\/wp-content\/uploads\/2025\/12\/vendegszoba.webp\" alt=\"Dentissimi \u2013 Fog\u00e1szat Mosonmagyar\u00f3v\u00e1r\" \/><\/div>\t\t<\/div>\n<\/div><\/div><\/div><div id=\"tm-column-6a046bfa608cd\" class=\"wpb_column vc_column_container vc_col-sm-8\"><div class=\"vc_column-inner\"><div class=\"wpb_wrapper\"><div class=\"tm-spacer\" id=\"tm-spacer-6a046bfa60a70\"><\/div>\n\n\t<div class=\"wpb_text_column wpb_content_element\" >\n\t\t<div class=\"wpb_wrapper\">\n\t\t\t<h3 data-start=\"397\" data-end=\"466\">Oddych po\u010das lie\u010dby \u2013 v bezpe\u010dnom a pokojnom prostred\u00ed.<\/h3>\n<p>V na\u0161om stomatologickom centre v Mosonmagyar\u00f3v\u00e1ri sa nestar\u00e1me len o o\u0161etrenia, ale aj o v\u00e1\u0161 oddych.\u00a0<strong data-start=\"227\" data-end=\"251\">ale aj o V\u00e1\u0161 oddych.<\/strong>.<br data-start=\"252\" data-end=\"255\" \/><strong data-start=\"281\" data-end=\"317\"><span style=\"color: #486683;\"><span style=\"caret-color: #486683;\">Rezerv\u00e1ciou ubytovania <\/span><\/span>sa nach\u00e1dzaj\u00fa priamo v budove ambulancie,<\/strong> m\u00f4\u017eete sa ubytova\u0165, tak\u017ee medzi o\u0161etren\u00edm a oddychom v\u00e1s del\u00ed len p\u00e1r krokov.<\/p>\n\n\t\t<\/div>\n\t<\/div>\n<\/div><\/div><\/div><\/div><div id=\"tm-row-6a046bfa60cb8\" class=\"vc_row vc_row-outer vc_row-fluid\"><div id=\"tm-column-6a046bfa60f2b\" class=\"wpb_column vc_column_container vc_col-sm-12\"><div class=\"vc_column-inner\"><div class=\"wpb_wrapper\"><div class=\"tm-spacer\" id=\"tm-spacer-6a046bfa610c0\"><\/div>\n\n\t<div class=\"wpb_text_column wpb_content_element\" >\n\t\t<div class=\"wpb_wrapper\">\n\t\t\t<p data-start=\"468\" data-end=\"634\">Pre na\u0161ich pacientov, <strong data-start=\"502\" data-end=\"562\">u ktor\u00fdch prebieha zubn\u00e9 o\u0161etrenie v celkovej anest\u00e9zii alebo v sed\u00e1cii,<\/strong>je obzvl\u00e1\u0161\u0165 d\u00f4le\u017eit\u00e9 pokojn\u00e9 a tich\u00e9 prostredie.<br data-start=\"610\" data-end=\"613\" \/>V na\u0161ich izb\u00e1ch m\u00f4\u017eete:<\/p>\n<ul data-start=\"636\" data-end=\"856\">\n<li data-start=\"636\" data-end=\"693\">\n<p data-start=\"638\" data-end=\"693\">\u2022 m\u00f4\u017eete si <strong data-start=\"650\" data-end=\"690\">pohodlne odd\u00fdchnu\u0165 pred z\u00e1krokom aj po \u0148om<\/strong>,<\/p>\n<\/li>\n<li data-start=\"694\" data-end=\"790\">\n<p data-start=\"696\" data-end=\"790\"><strong data-start=\"696\" data-end=\"733\">\u2022 m\u00f4\u017eete regenerova\u0165<\/strong>pod odborn\u00fdm doh\u013eadom, k\u00fdm \u00fa\u010dinok anest\u00e9zie alebo sed\u00e1cie \u00faplne neodznie<\/p>\n<\/li>\n<li data-start=\"791\" data-end=\"856\">\n<p data-start=\"793\" data-end=\"856\">\u2022 nemus\u00edte sa hne\u010f po o\u0161etren\u00ed vyda\u0165 na dlh\u00fa cestu.<\/p>\n<\/li>\n<\/ul>\n<p data-start=\"858\" data-end=\"949\">Na\u0161\u00edm cie\u013eom je, aby zubn\u00e9 o\u0161etrenie nebolo stresuj\u00face \u2013 <strong data-start=\"914\" data-end=\"948\">ani po\u010das z\u00e1kroku, ani po \u0148om.<\/strong>.<\/p>\n<hr data-start=\"951\" data-end=\"954\" \/>\n<h3 data-start=\"956\" data-end=\"1009\">Pohodln\u00e9, dom\u00e1cke izby pre stomatologick\u00fdch pacientov<\/h3>\n<p data-start=\"1011\" data-end=\"1092\">Na\u0161e izby sme \u0161peci\u00e1lne prisp\u00f4sobili potreb\u00e1m na\u0161ich stomatologick\u00fdch pacientov:<\/p>\n<ul data-start=\"1094\" data-end=\"1356\">\n<li data-start=\"1094\" data-end=\"1138\">\n<p data-start=\"1096\" data-end=\"1138\">\ud83d\udecf <strong data-start=\"1099\" data-end=\"1118\">Pohodln\u00e9 postele<\/strong>s \u010derstvou poste\u013enou bieliz\u0148ou<\/p>\n<\/li>\n<li data-start=\"1139\" data-end=\"1225\">\n<p data-start=\"1141\" data-end=\"1225\">\ud83d\udebf <strong data-start=\"1144\" data-end=\"1164\">Vlastn\u00e1 k\u00fape\u013e\u0148a<\/strong><\/p>\n<\/li>\n<li data-start=\"1226\" data-end=\"1273\">\n<p data-start=\"1228\" data-end=\"1273\">\ud83c\udf21 <strong data-start=\"1231\" data-end=\"1271\">Klimatizovan\u00e9, dobre vetran\u00e9 priestory<\/strong><\/p>\n<\/li>\n<li data-start=\"1274\" data-end=\"1298\">\n<p data-start=\"1276\" data-end=\"1298\">\ud83d\udcf6 <strong data-start=\"1279\" data-end=\"1296\">Bezplatn\u00e9 Wi-Fi<\/strong><\/p>\n<\/li>\n<li data-start=\"1299\" data-end=\"1356\">\n<p data-start=\"1301\" data-end=\"1356\">\ud83e\uddf4 Z\u00e1kladn\u00e9 <strong data-start=\"1309\" data-end=\"1325\">hygienick\u00e9 potreby<\/strong> (uter\u00e1ky, mydlo, \u0161amp\u00f3n)<\/p>\n<\/li>\n<\/ul>\n<p data-start=\"1358\" data-end=\"1482\">Pri navrhovan\u00ed izieb boli najd\u00f4le\u017eitej\u0161\u00edmi aspektmi pokoj, <strong data-start=\"1408\" data-end=\"1444\">\u010distota a bezpe\u010dnos\u0165,<\/strong> aby ste si mohli skuto\u010dne odd\u00fdchnu\u0165.<\/p>\n<hr data-start=\"1484\" data-end=\"1487\" \/>\n<h3 data-start=\"1489\" data-end=\"1536\">Ra\u0148ajky v ne\u010falekej kaviarni \u2013 s\u00fa\u010das\u0165 bal\u00edka<\/h3>\n<p data-start=\"1538\" data-end=\"1629\">Na\u0161e izby <strong data-start=\"1555\" data-end=\"1578\">s ra\u0148ajkami,<\/strong>ktor\u00e9 si m\u00f4\u017eete <strong data-start=\"1591\" data-end=\"1611\">vychutna\u0165 v bl\u00edzkej<\/strong> kaviarni.<\/p>\n<ul data-start=\"1631\" data-end=\"1751\">\n<li data-start=\"1631\" data-end=\"1654\">\n<p data-start=\"1633\" data-end=\"1654\">\u010cerstv\u00e9 pe\u010divo<\/p>\n<\/li>\n<li data-start=\"1655\" data-end=\"1676\">\n<p data-start=\"1657\" data-end=\"1676\">K\u00e1va, \u010daj, n\u00e1poje<\/p>\n<\/li>\n<li data-start=\"1677\" data-end=\"1751\">\n<p data-start=\"1679\" data-end=\"1751\">\u013dahk\u00e9 ra\u0148ajkov\u00e9 mo\u017enosti, ktor\u00e9 s\u00fa dobre tolerovan\u00e9 aj po stomatologickom z\u00e1kroku<\/p>\n<\/li>\n<\/ul>\n<p data-start=\"1753\" data-end=\"1835\">Ra\u0148ajky <strong data-start=\"1763\" data-end=\"1793\">s\u00fa zahrnut\u00e9 v cene ubytovania<\/strong>a s\u00fa dostupn\u00e9 kr\u00e1tkou prech\u00e1dzkou od zubnej kliniky.<\/p>\n<hr data-start=\"1837\" data-end=\"1840\" \/>\n<h3 data-start=\"2468\" data-end=\"2515\">Komu odpor\u00fa\u010dame rezerv\u00e1ciu ubytovania?<\/h3>\n<ul data-start=\"2517\" data-end=\"2836\">\n<li data-start=\"2517\" data-end=\"2585\">\n<p data-start=\"2519\" data-end=\"2585\">\u2022 Pri zubn\u00fdch o\u0161etreniach v celkovej anest\u00e9zii alebo sed\u00e1cii<\/p>\n<\/li>\n<li data-start=\"2586\" data-end=\"2635\">\n<p data-start=\"2588\" data-end=\"2635\">\u2022 Pri dlh\u0161\u00edch, viacf\u00e1zov\u00fdch lie\u010debn\u00fdch pl\u00e1noch<\/p>\n<\/li>\n<li data-start=\"2636\" data-end=\"2687\">\n<p data-start=\"2638\" data-end=\"2687\">\u2022 Pre pacientov prich\u00e1dzaj\u00facich z Ju\u017en\u00e9ho Tirolska alebo zo vzdialenej\u0161\u00edch miest<\/p>\n<\/li>\n<li data-start=\"2688\" data-end=\"2763\">\n<p data-start=\"2690\" data-end=\"2763\">\u2022 Pre star\u0161\u00edch alebo citlivej\u0161\u00edch pacientov, pre ktor\u00fdch je d\u00f4le\u017eit\u00fd extra \u010das na oddych<\/p>\n<\/li>\n<li data-start=\"2764\" data-end=\"2836\">\n<p data-start=\"2766\" data-end=\"2836\">\u2022 Pre p\u00e1ry \/ sprievodn\u00e9 osoby, ktor\u00e9 chc\u00fa by\u0165 ubytovan\u00e9 spolu s pacientom<\/p>\n<\/li>\n<\/ul>\n<hr data-start=\"2838\" data-end=\"2841\" \/>\n<h3 data-start=\"2843\" data-end=\"2863\">Rezerv\u00e1cia a ceny<\/h3>\n<p data-start=\"2865\" data-end=\"2969\">Rezerv\u00e1ciu izby je mo\u017en\u00e9 jednoducho vybavi\u0165 s\u00fa\u010dasne s dohodnut\u00edm o\u0161etrenia.<br data-start=\"2936\" data-end=\"2939\" \/>Na\u0161i kolegovia V\u00e1m radi pom\u00f4\u017eu so zos\u00faladen\u00edm:<\/p>\n<ul data-start=\"2971\" data-end=\"3102\">\n<li data-start=\"2971\" data-end=\"2999\">\n<p data-start=\"2973\" data-end=\"2999\">prot\u00e9za <strong data-start=\"2975\" data-end=\"2996\">zubn\u00e9ho o\u0161etrenia<\/strong>,<\/p>\n<\/li>\n<li data-start=\"3000\" data-end=\"3032\">\n<p data-start=\"3002\" data-end=\"3032\">prot\u00e9za <strong data-start=\"3004\" data-end=\"3029\">Rezerv\u00e1cia izby<\/strong>,<\/p>\n<\/li>\n<li data-start=\"3033\" data-end=\"3102\">\n<p data-start=\"3035\" data-end=\"3102\">ako aj <strong data-start=\"3046\" data-end=\"3083\">napojenia na<\/strong> minibusov\u00fa dopravu<\/p>\n<\/li>\n<\/ul>\n<p data-start=\"3104\" data-end=\"3127\"><strong data-start=\"3104\" data-end=\"3127\">Kontakt:<\/strong><\/p>\n<p data-start=\"3129\" data-end=\"3178\">Telef\u00f3nne \u010d\u00edslo: +36 96 566 400<br data-start=\"3147\" data-end=\"3150\" \/>\u2013 E-mail: info@dentissimi.com<\/p>\n\n\t\t<\/div>\n\t<\/div>\n<div class=\"tm-spacer\" id=\"tm-spacer-6a046bfa61247\"><\/div>\n<div class=\"tm-gallery tm-grid-wrapper  style-metro hover-overlay\" id=\"tm-gallery-6a046bfa61412\"\n\n\t\n\t>\n\t<div class=\"tm-grid modern-grid has-animation move-up tm-light-gallery\">\n\n\t\t\n\t\t\t<div class=\"gallery-item grid-item grid-width-2 grid-height-2\">\n\t\t<a href=\"https:\/\/dentissimi.com\/wp-content\/uploads\/2025\/12\/vendegszoba_2.webp\" class=\"zoom\"\n\t\t   data-sub-html=\"&lt;h4&gt;Dentissimi sz\u00e1ll\u00e1s \u2013 Fog\u00e1szat Mosonmagyar\u00f3v\u00e1r&lt;\/h4&gt;\">\n\n\t\t\t<div class=\"item-wrapper\"\n\t\t\t     style=\"background-image: url( https:\/\/dentissimi.com\/wp-content\/uploads\/2025\/12\/vendegszoba_2.webp );\"><\/div>\n\n\t\t\t<div class=\"overlay\">\n\t\t\t\t<div><span class=\"fal fa-plus\"><\/span><\/div>\n\t\t\t<\/div>\n\t\t<\/a>\n\t<\/div>\n\t\t<div class=\"gallery-item grid-item\">\n\t\t<a href=\"https:\/\/dentissimi.com\/wp-content\/uploads\/2025\/12\/vendegszoba_1.webp\" class=\"zoom\"\n\t\t   data-sub-html=\"&lt;h4&gt;Dentissimi sz\u00e1ll\u00e1s \u2013 Fog\u00e1szat Mosonmagyar\u00f3v\u00e1r&lt;\/h4&gt;\">\n\n\t\t\t<div class=\"item-wrapper\"\n\t\t\t     style=\"background-image: url( https:\/\/dentissimi.com\/wp-content\/uploads\/2025\/12\/vendegszoba_1-480x480.webp );\"><\/div>\n\n\t\t\t<div class=\"overlay\">\n\t\t\t\t<div><span class=\"fal fa-plus\"><\/span><\/div>\n\t\t\t<\/div>\n\t\t<\/a>\n\t<\/div>\n\t\t<div class=\"gallery-item grid-item\">\n\t\t<a href=\"https:\/\/dentissimi.com\/wp-content\/uploads\/2025\/12\/vendegszoba_3.webp\" class=\"zoom\"\n\t\t   data-sub-html=\"&lt;h4&gt;Dentissimi sz\u00e1ll\u00e1s \u2013 Fog\u00e1szat Mosonmagyar\u00f3v\u00e1r&lt;\/h4&gt;\">\n\n\t\t\t<div class=\"item-wrapper\"\n\t\t\t     style=\"background-image: url( https:\/\/dentissimi.com\/wp-content\/uploads\/2025\/12\/vendegszoba_3-480x480.webp );\"><\/div>\n\n\t\t\t<div class=\"overlay\">\n\t\t\t\t<div><span class=\"fal fa-plus\"><\/span><\/div>\n\t\t\t<\/div>\n\t\t<\/a>\n\t<\/div>\n\t\t<div class=\"gallery-item grid-item grid-width-2 grid-height-2\">\n\t\t<a href=\"https:\/\/dentissimi.com\/wp-content\/uploads\/2025\/12\/vendegszoba_4.webp\" class=\"zoom\"\n\t\t   data-sub-html=\"&lt;h4&gt;Dentissimi sz\u00e1ll\u00e1s \u2013 Fog\u00e1szat Mosonmagyar\u00f3v\u00e1r&lt;\/h4&gt;\">\n\n\t\t\t<div class=\"item-wrapper\"\n\t\t\t     style=\"background-image: url( https:\/\/dentissimi.com\/wp-content\/uploads\/2025\/12\/vendegszoba_4.webp );\"><\/div>\n\n\t\t\t<div class=\"overlay\">\n\t\t\t\t<div><span class=\"fal fa-plus\"><\/span><\/div>\n\t\t\t<\/div>\n\t\t<\/a>\n\t<\/div>\n\t\n\t<\/div>\n<\/div>\n<\/div><\/div><\/div><\/div><div id=\"tm-row-6a046bfa622d6\" class=\"vc_row vc_row-outer vc_row-fluid\"><div id=\"tm-column-6a046bfa62582\" class=\"wpb_column vc_column_container vc_col-sm-12\"><div class=\"vc_column-inner\"><div class=\"wpb_wrapper\"><\/div><\/div><\/div><\/div>\n<\/div>","protected":false},"excerpt":{"rendered":"Sz\u00e1ll\u00e1sfoglal\u00e1s \u2013 K\u00e9nyelmes pihen\u00e9s k\u00f6zvetlen\u00fcl a fog\u00e1szat \u00e9p\u00fclet\u00e9ben Pihen\u00e9s a kezel\u00e9s ideje alatt \u2013 biztons\u00e1gos, nyugodt k\u00f6rnyezetben Mosonmagyar\u00f3v\u00e1ri fog\u00e1szati k\u00f6zpontunkban nemcsak a kezel\u00e9sekr\u0151l gondoskodunk, hanem\u00a0az \u00d6n pihen\u00e9s\u00e9r\u0151l is.Sz\u00e1ll\u00e1sfoglal\u00e1ssal k\u00f6zvetlen\u00fcl a rendel\u0151 \u00e9p\u00fclet\u00e9ben sz\u00e1llhat meg, \u00edgy a kezel\u00e9s \u00e9s a pihen\u00e9s k\u00f6z\u00f6tt csak n\u00e9h\u00e1ny l\u00e9p\u00e9s a \u201et\u00e1vols\u00e1g\u201d. Azoknak a p\u00e1cienseinknek, akikn\u00e9l altat\u00e1sban vagy szed\u00e1l\u00e1sban t\u00f6rt\u00e9nik a fog\u00e1szati kezel\u00e9s, k\u00fcl\u00f6n\u00f6sen fontos a nyugodt, csendes k\u00f6rnyezet.Szob\u00e1inkban \u00d6n: k\u00e9nyelmesen pihenhet a beavatkoz\u00e1s el\u0151tt \u00e9s ut\u00e1n, fel\u00fcgyelet mellett regener\u00e1l\u00f3dhat, am\u00edg az altat\u00e1s vagy b\u00f3d\u00edt\u00e1s hat\u00e1sa teljesen elm\u00falik, nem kell azonnal hossz\u00fa utaz\u00e1sra indulnia a kezel\u00e9s v\u00e9gezt\u00e9vel. A c\u00e9lunk, hogy a fog\u00e1szati \u00e9lm\u00e9ny ne legyen stresszes \u2013 sem a kezel\u00e9s alatt, sem ut\u00e1na. K\u00e9nyelmes, otthonos szob\u00e1k fog\u00e1szati p\u00e1cienseknek Szob\u00e1inkat kifejezetten fog\u00e1szati p\u00e1cienseink ig\u00e9nyeire szabtuk: \ud83d\udecf K\u00e9nyelmes \u00e1gyak, friss \u00e1gynem\u0171vel \ud83d\udebf Saj\u00e1t f\u00fcrd\u0151szoba \ud83c\udf21 Klimatiz\u00e1lt, j\u00f3l szell\u0151z\u0151 helyis\u00e9gek \ud83d\udcf6 Ingyenes WiFi \ud83e\uddf4 Alap piperecikkek (t\u00f6r\u00f6lk\u00f6z\u0151, szappan, sampon) A szob\u00e1k kialak\u00edt\u00e1s\u00e1n\u00e1l a legfontosabb szempont a nyugalom, tisztas\u00e1g \u00e9s biztons\u00e1g volt, hogy \u00d6n val\u00f3ban pihenni tudjon. Reggeli a k\u00f6zeli k\u00e1v\u00e9z\u00f3ban \u2013 a csomag r\u00e9sze Szob\u00e1inkat reggelivel k\u00edn\u00e1ljuk, melyet egy k\u00f6zeli k\u00e1v\u00e9z\u00f3ban fogyaszthat el. Friss p\u00e9ks\u00fctem\u00e9nyek K\u00e1v\u00e9, tea, \u00fcd\u00edt\u0151k K\u00f6nny\u0171 reggeli fog\u00e1szati beavatkoz\u00e1s ut\u00e1n is j\u00f3l toler\u00e1lhat\u00f3 v\u00e1laszt\u00e9k A reggeli a sz\u00e1ll\u00e1s \u00e1r\u00e1ban benne van, \u00e9s r\u00f6vid s\u00e9t\u00e1val el\u00e9rhet\u0151 a fog\u00e1szatt\u00f3l. Kinek aj\u00e1nljuk a sz\u00e1ll\u00e1sfoglal\u00e1st? Altat\u00e1sban vagy szed\u00e1ci\u00f3ban t\u00f6rt\u00e9n\u0151 fog\u00e1szati beavatkoz\u00e1s eset\u00e9n Hosszabb, t\u00f6bb l\u00e9p\u00e9sb\u0151l \u00e1ll\u00f3 kezel\u00e9si tervn\u00e9l D\u00e9l-Tirolb\u00f3l \u00e9s t\u00e1volabbr\u00f3l \u00e9rkez\u0151 p\u00e1cienseknek Id\u0151sebb vagy \u00e9rz\u00e9kenyebb p\u00e1cienseknek, akiknek fontos a plusz pihen\u0151id\u0151 P\u00e1roknak \/ k\u00eds\u00e9r\u0151knek, akik a p\u00e1cienssel egy\u00fctt szeretn\u00e9nek megsz\u00e1llni Foglal\u00e1s \u00e9s \u00e1rak Szobafoglal\u00e1s egyszer\u0171en int\u00e9zhet\u0151 a kezel\u00e9s egyeztet\u00e9s\u00e9vel egy id\u0151ben.Koll\u00e9g\u00e1ink sz\u00edvesen seg\u00edtenek: a fog\u00e1szati id\u0151pont, a szoba foglal\u00e1sa, valamint a kisbusz-j\u00e1rathoz val\u00f3 csatlakoz\u00e1s \u00f6sszehangol\u00e1s\u00e1ban. Kapcsolatfelv\u00e9tel: \u2013 Telefon: 00 36 96 566 400\u2013 E-mail: info@dentissimi.com","protected":false},"author":1,"featured_media":0,"parent":0,"menu_order":0,"comment_status":"closed","ping_status":"closed","template":"","meta":{"footnotes":""},"class_list":["post-2764","page","type-page","status-publish","hentry"],"_links":{"self":[{"href":"https:\/\/dentissimi.com\/sk\/wp-json\/wp\/v2\/pages\/2764","targetHints":{"allow":["GET"]}}],"collection":[{"href":"https:\/\/dentissimi.com\/sk\/wp-json\/wp\/v2\/pages"}],"about":[{"href":"https:\/\/dentissimi.com\/sk\/wp-json\/wp\/v2\/types\/page"}],"author":[{"embeddable":true,"href":"https:\/\/dentissimi.com\/sk\/wp-json\/wp\/v2\/users\/1"}],"replies":[{"embeddable":true,"href":"https:\/\/dentissimi.com\/sk\/wp-json\/wp\/v2\/comments?post=2764"}],"version-history":[{"count":22,"href":"https:\/\/dentissimi.com\/sk\/wp-json\/wp\/v2\/pages\/2764\/revisions"}],"predecessor-version":[{"id":4009,"href":"https:\/\/dentissimi.com\/sk\/wp-json\/wp\/v2\/pages\/2764\/revisions\/4009"}],"wp:attachment":[{"href":"https:\/\/dentissimi.com\/sk\/wp-json\/wp\/v2\/media?parent=2764"}],"curies":[{"name":"wp","href":"https:\/\/api.w.org\/{rel}","templated":true}]}}