{"id":1695,"date":"2019-07-22T09:17:00","date_gmt":"2019-07-22T09:17:00","guid":{"rendered":"https:\/\/dentissimi.com\/landing-page\/"},"modified":"2025-12-18T18:31:17","modified_gmt":"2025-12-18T18:31:17","slug":"koszonooldal","status":"publish","type":"page","link":"https:\/\/dentissimi.com\/sk\/koszonooldal\/","title":{"rendered":"K\u00f6sz\u00f6n\u0151oldal"},"content":{"rendered":"<div class=\"wpb-content-wrapper\"><div id=\"tm-row-69f2c273ad1d7\" class=\"vc_row vc_row-outer vc_row-fluid\"><div id=\"tm-column-69f2c273ad7c7\" class=\"wpb_column vc_column_container vc_col-sm-12\"><div class=\"vc_column-inner\"><div class=\"wpb_wrapper\"><div class=\"tm-spacer\" id=\"tm-spacer-69f2c273ad992\"><\/div>\n\n<div class=\"tm-heading  left tm-animation move-up\" id=\"tm-heading-69f2c273adb85\">\n\t<h1 class=\"heading\" >\u010eakujeme za Va\u0161u \u017eiados\u0165!<\/h1><\/div>\n\n<div class=\"tm-spacer\" id=\"tm-spacer-69f2c273add98\"><\/div>\n\n<div class=\"tm-heading  left tm-animation move-up\" id=\"tm-heading-69f2c273ade68\">\n\t<h5 class=\"heading\" style='font-family:Poppins'>Va\u0161u spr\u00e1vu sme \u00faspe\u0161ne prijali a moment\u00e1lne ju spracov\u00e1vame. N\u00e1\u0161 kolega V\u00e1s bude \u010do najsk\u00f4r kontaktova\u0165 na uvedenom telef\u00f3nnom \u010d\u00edsle, aby s Vami dohodol v\u0161etky potrebn\u00e9 inform\u00e1cie.<\/p>\n<p>Po\u010das rozhovoru V\u00e1m pom\u00f4\u017eeme objasni\u0165 podrobnosti o\u0161etrenia, zodpovieme pr\u00edpadn\u00e9 ot\u00e1zky a spolo\u010dne vyberieme term\u00edn, ktor\u00fd V\u00e1m bude najviac vyhovova\u0165.<\/p>\n<p>Na\u0161\u00edm cie\u013eom je, aby bol proces od prv\u00e9ho okamihu plynul\u00fd a preh\u013eadn\u00fd, preto V\u00e1m po\u010das hovoru poskytneme v\u0161etky d\u00f4le\u017eit\u00e9 inform\u00e1cie.<\/p>\n<p>\u010eakujeme za Va\u0161u d\u00f4veru! \u010coskoro sa V\u00e1m ozveme!<\/h5><\/div>\n\n<div class=\"tm-spacer\" id=\"tm-spacer-69f2c273ae091\"><\/div>\n<\/div><\/div><\/div><\/div><div id=\"tm-row-69f2c273ae1b3\" class=\"vc_row vc_row-outer vc_row-fluid\"><div id=\"tm-column-69f2c273ae38d\" class=\"wpb_column vc_column_container vc_col-sm-12\"><div class=\"vc_column-inner\"><div class=\"wpb_wrapper\"><div class=\"tm-image  tm-animation move-up\" id=\"tm-image-69f2c273ae5f6\">\n\t\t\t<div class=\"image\"><img decoding=\"async\" src=\"https:\/\/dentissimi.com\/wp-content\/uploads\/2025\/11\/Dentissimi_fekvo_logo_cbw-scaled-e1764320569771.png\" alt=\"Dentissimi \u2013 Fog\u00e1szat Mosonmagyar\u00f3v\u00e1r\" \/><\/div>\t\t<\/div>\n<\/div><\/div><\/div><\/div>\n<\/div>","protected":false},"excerpt":{"rendered":"K\u00f6sz\u00f6nj\u00fck megkeres\u00e9s\u00e9t! \u00dczenet\u00e9t sikeresen megkaptuk, \u00e9s jelenleg feldolgoz\u00e1s alatt van. Koll\u00e9g\u00e1nk a lehet\u0151 leghamarabb felveszi \u00d6nnel a kapcsolatot a megadott telefonsz\u00e1mon, hogy egyeztessen minden sz\u00fcks\u00e9ges inform\u00e1ci\u00f3t. A besz\u00e9lget\u00e9s sor\u00e1n seg\u00edt\u00fcnk tiszt\u00e1zni a kezel\u00e9s r\u00e9szleteit, megv\u00e1laszoljuk az esetleg felmer\u00fcl\u0151 k\u00e9rd\u00e9seit, \u00e9s k\u00f6z\u00f6sen kiv\u00e1lasztjuk az \u00d6n sz\u00e1m\u00e1ra legmegfelel\u0151bb id\u0151pontot. C\u00e9lunk, hogy m\u00e1r az els\u0151 pillanatt\u00f3l kezdve g\u00f6rd\u00fcl\u00e9keny \u00e9s \u00e1tl\u00e1that\u00f3 legyen a folyamat, ez\u00e9rt a h\u00edv\u00e1s sor\u00e1n minden fontos tudnival\u00f3t megosztunk \u00d6nnel. K\u00f6sz\u00f6nj\u00fck bizalm\u00e1t! Hamarosan jelentkez\u00fcnk!","protected":false},"author":1,"featured_media":0,"parent":0,"menu_order":0,"comment_status":"closed","ping_status":"closed","template":"","meta":{"footnotes":""},"class_list":["post-1695","page","type-page","status-publish","hentry"],"_links":{"self":[{"href":"https:\/\/dentissimi.com\/sk\/wp-json\/wp\/v2\/pages\/1695","targetHints":{"allow":["GET"]}}],"collection":[{"href":"https:\/\/dentissimi.com\/sk\/wp-json\/wp\/v2\/pages"}],"about":[{"href":"https:\/\/dentissimi.com\/sk\/wp-json\/wp\/v2\/types\/page"}],"author":[{"embeddable":true,"href":"https:\/\/dentissimi.com\/sk\/wp-json\/wp\/v2\/users\/1"}],"replies":[{"embeddable":true,"href":"https:\/\/dentissimi.com\/sk\/wp-json\/wp\/v2\/comments?post=1695"}],"version-history":[{"count":16,"href":"https:\/\/dentissimi.com\/sk\/wp-json\/wp\/v2\/pages\/1695\/revisions"}],"predecessor-version":[{"id":3249,"href":"https:\/\/dentissimi.com\/sk\/wp-json\/wp\/v2\/pages\/1695\/revisions\/3249"}],"wp:attachment":[{"href":"https:\/\/dentissimi.com\/sk\/wp-json\/wp\/v2\/media?parent=1695"}],"curies":[{"name":"wp","href":"https:\/\/api.w.org\/{rel}","templated":true}]}}