{"id":129,"date":"2019-06-04T02:13:52","date_gmt":"2019-06-04T02:13:52","guid":{"rendered":"https:\/\/dentissimi.com\/pricing\/"},"modified":"2026-04-22T10:22:12","modified_gmt":"2026-04-22T10:22:12","slug":"araink","status":"publish","type":"page","link":"https:\/\/dentissimi.com\/sk\/araink\/","title":{"rendered":"Ceny"},"content":{"rendered":"<div class=\"wpb-content-wrapper\"><div id=\"tm-row-69f2ce6432029\" class=\"vc_row vc_row-outer vc_row-fluid\"><div id=\"tm-column-69f2ce64326ef\" class=\"wpb_column vc_column_container vc_col-sm-12\"><div class=\"vc_column-inner\"><div class=\"wpb_wrapper\"><div class=\"tm-spacer\" id=\"tm-spacer-69f2ce64328c5\"><\/div>\n\n<div class=\"tm-heading  center tm-animation move-up\" id=\"tm-heading-69f2ce6432aec\">\n\t<h1 class=\"heading\" >Poskytujeme kvalitn\u00fa zubn\u00fa starostlivos\u0165 za predv\u00eddate\u013en\u00e9 ceny<\/h1><\/div>\n\n<div class=\"tm-spacer\" id=\"tm-spacer-69f2ce6432d15\"><\/div>\n<div class=\"tm-pricing-group\" id=\"tm-pricing-group-69f2ce6432df7\">\n\t<div class=\"pricing-wrap\">\n\t\t\n<div class=\"tm-pricing  style-3 tm-animation move-up tm-pricing-featured\" id=\"tm-pricing-69f2ce6433085\">\n\t<div class=\"inner\">\n\n\t\t\t\t\t\t\t\t\t<div class=\"tm-pricing-recomend heading-font\"><i class=\"fas fa-star\"><\/i>Most popular<\/div>\n\t\t\t\n\t\t\t<div class=\"tm-pricing-header\">\n\t\t\t\t\n\t\t\t\t<h5 class=\"title\">V na\u0161ej ambulancii si za nasleduj\u00face o\u0161etrenia ne\u00fa\u010dtujeme \u017eiadne dodato\u010dn\u00e9 poplatky!<\/h5>\n\n\t\t\t\t\n\t\t\t\t\t\t\t<\/div>\n\n\t\t\t<div class=\"tm-pricing-content\">\n\t\t\t\t\t\t\t\t\t<ul class=\"tm-pricing-list heading-color\">\n\t\t\t\t\t\t\t\t\t\t\t\t\t<li>\n\t\t\t\t\t\t\t\t\t\t\t\t\t\t\t\t\t<i class=\"feature-icon ion-checkmark-round\"><\/i>\n\t\t\t\t\t\t\t\t\t\t\t\t\t\t\t\t\t\t\t\t\t\t\t\t\t<span class=\"feature-text\">Prv\u00e1 konzult\u00e1cia   0 EUR<\/span>\t\t\t\t\t\t\t\t\t\t\t\t\t\t\t<\/li>\n\t\t\t\t\t\t\t\t\t\t\t\t\t\t<li>\n\t\t\t\t\t\t\t\t\t\t\t\t\t\t\t\t\t<i class=\"feature-icon ion-checkmark-round\"><\/i>\n\t\t\t\t\t\t\t\t\t\t\t\t\t\t\t\t\t\t\t\t\t\t\t\t\t<span class=\"feature-text\">Vypracovanie cenovej ponuky   0 EUR<\/span>\t\t\t\t\t\t\t\t\t\t\t\t\t\t\t<\/li>\n\t\t\t\t\t\t\t\t\t\t\t\t\t\t<li>\n\t\t\t\t\t\t\t\t\t\t\t\t\t\t\t\t\t<i class=\"feature-icon ion-checkmark-round\"><\/i>\n\t\t\t\t\t\t\t\t\t\t\t\t\t\t\t\t\t\t\t\t\t\t\t\t\t<span class=\"feature-text\">Ro\u010dn\u00e1 kontrola   0 EUR<\/span>\t\t\t\t\t\t\t\t\t\t\t\t\t\t\t<\/li>\n\t\t\t\t\t\t\t\t\t\t\t\t\t\t<li>\n\t\t\t\t\t\t\t\t\t\t\t\t\t\t\t\t\t<i class=\"feature-icon ion-checkmark-round\"><\/i>\n\t\t\t\t\t\t\t\t\t\t\t\t\t\t\t\t\t\t\t\t\t\t\t\t\t<span class=\"feature-text\">Anest\u00e9zia   0 EUR<\/span>\t\t\t\t\t\t\t\t\t\t\t\t\t\t\t<\/li>\n\t\t\t\t\t\t\t\t\t\t\t\t<\/ul>\n\t\t\t\t\t\t\t<\/div>\n\n\t\t\t\t\t\t<\/div>\n<\/div>\n\t<\/div>\n<\/div>\n<div class=\"tm-pricing-group\" id=\"tm-pricing-group-69f2ce6433113\">\n\t<div class=\"pricing-wrap\">\n\t\t\n<div class=\"tm-pricing  style-3 tm-animation move-up tm-pricing-featured\" id=\"tm-pricing-69f2ce64331a4\">\n\t<div class=\"inner\">\n\n\t\t\t\t\t\t\t\t\t<div class=\"tm-pricing-recomend heading-font\"><i class=\"fas fa-star\"><\/i>Most popular<\/div>\n\t\t\t\n\t\t\t<div class=\"tm-pricing-header\">\n\t\t\t\t\n\t\t\t\t<h5 class=\"title\">Dent\u00e1lna hygiena<\/h5>\n\n\t\t\t\t\n\t\t\t\t\t\t\t<\/div>\n\n\t\t\t<div class=\"tm-pricing-content\">\n\t\t\t\t\t\t\t\t\t<ul class=\"tm-pricing-list heading-color\">\n\t\t\t\t\t\t\t\t\t\t\t\t\t<li>\n\t\t\t\t\t\t\t\t\t\t\t\t\t\t\t\t\t<i class=\"feature-icon ion-checkmark-round\"><\/i>\n\t\t\t\t\t\t\t\t\t\t\t\t\t\t\t\t\t\t\t\t\t\t\t\t\t<span class=\"feature-text\">Odstr\u00e1nenie zubn\u00e9ho kame\u0148a   68 EUR<\/span>\t\t\t\t\t\t\t\t\t\t\t\t\t\t\t<\/li>\n\t\t\t\t\t\t\t\t\t\t\t\t\t\t<li>\n\t\t\t\t\t\t\t\t\t\t\t\t\t\t\t\t\t<i class=\"feature-icon ion-checkmark-round\"><\/i>\n\t\t\t\t\t\t\t\t\t\t\t\t\t\t\t\t\t\t\t\t\t\t\t\t\t<span class=\"feature-text\">Bielenie zubov \/ \u010de\u013eus\u0165   230 EUR<\/span>\t\t\t\t\t\t\t\t\t\t\t\t\t\t\t<\/li>\n\t\t\t\t\t\t\t\t\t\t\t\t<\/ul>\n\t\t\t\t\t\t\t<\/div>\n\n\t\t\t\t\t\t<\/div>\n<\/div>\n\t<\/div>\n<\/div>\n<div class=\"tm-pricing-group\" id=\"tm-pricing-group-69f2ce6433217\">\n\t<div class=\"pricing-wrap\">\n\t\t\n<div class=\"tm-pricing  style-3 tm-animation move-up tm-pricing-featured\" id=\"tm-pricing-69f2ce643329a\">\n\t<div class=\"inner\">\n\n\t\t\t\t\t\t\t\t\t<div class=\"tm-pricing-recomend heading-font\"><i class=\"fas fa-star\"><\/i>Most popular<\/div>\n\t\t\t\n\t\t\t<div class=\"tm-pricing-header\">\n\t\t\t\t\n\t\t\t\t<h5 class=\"title\">Diagnostika<\/h5>\n\n\t\t\t\t\n\t\t\t\t\t\t\t<\/div>\n\n\t\t\t<div class=\"tm-pricing-content\">\n\t\t\t\t\t\t\t\t\t<ul class=\"tm-pricing-list heading-color\">\n\t\t\t\t\t\t\t\t\t\t\t\t\t<li>\n\t\t\t\t\t\t\t\t\t\t\t\t\t\t\t\t\t<i class=\"feature-icon ion-checkmark-round\"><\/i>\n\t\t\t\t\t\t\t\t\t\t\t\t\t\t\t\t\t\t\t\t\t\t\t\t\t<span class=\"feature-text\">Intraor\u00e1lna r\u00f6ntgenov\u00e1 sn\u00edmka  28 EUR<\/span>\t\t\t\t\t\t\t\t\t\t\t\t\t\t\t<\/li>\n\t\t\t\t\t\t\t\t\t\t\t\t\t\t<li>\n\t\t\t\t\t\t\t\t\t\t\t\t\t\t\t\t\t<i class=\"feature-icon ion-checkmark-round\"><\/i>\n\t\t\t\t\t\t\t\t\t\t\t\t\t\t\t\t\t\t\t\t\t\t\t\t\t<span class=\"feature-text\">Panoramatick\u00e1 r\u00f6ntgenov\u00e1 sn\u00edmka   59 EUR<\/span>\t\t\t\t\t\t\t\t\t\t\t\t\t\t\t<\/li>\n\t\t\t\t\t\t\t\t\t\t\t\t\t\t<li>\n\t\t\t\t\t\t\t\t\t\t\t\t\t\t\t\t\t<i class=\"feature-icon ion-checkmark-round\"><\/i>\n\t\t\t\t\t\t\t\t\t\t\t\t\t\t\t\t\t\t\t\t\t\t\t\t\t<span class=\"feature-text\">CBCT sn\u00edmka (ku\u017ee\u013eov\u00e1 po\u010d\u00edta\u010dov\u00e1 tomografia)   120 EUR<\/span>\t\t\t\t\t\t\t\t\t\t\t\t\t\t\t<\/li>\n\t\t\t\t\t\t\t\t\t\t\t\t<\/ul>\n\t\t\t\t\t\t\t<\/div>\n\n\t\t\t\t\t\t<\/div>\n<\/div>\n\t<\/div>\n<\/div>\n<div class=\"tm-pricing-group\" id=\"tm-pricing-group-69f2ce64332fc\">\n\t<div class=\"pricing-wrap\">\n\t\t\n<div class=\"tm-pricing  style-3 tm-animation move-up tm-pricing-featured\" id=\"tm-pricing-69f2ce6433379\">\n\t<div class=\"inner\">\n\n\t\t\t\t\t\t\t\t\t<div class=\"tm-pricing-recomend heading-font\"><i class=\"fas fa-star\"><\/i>Most popular<\/div>\n\t\t\t\n\t\t\t<div class=\"tm-pricing-header\">\n\t\t\t\t\n\t\t\t\t<h5 class=\"title\">Endodoncia, zubn\u00e9 v\u00fdplne<\/h5>\n\n\t\t\t\t\n\t\t\t\t\t\t\t<\/div>\n\n\t\t\t<div class=\"tm-pricing-content\">\n\t\t\t\t\t\t\t\t\t<ul class=\"tm-pricing-list heading-color\">\n\t\t\t\t\t\t\t\t\t\t\t\t\t<li>\n\t\t\t\t\t\t\t\t\t\t\t\t\t\t\t\t\t<i class=\"feature-icon ion-checkmark-round\"><\/i>\n\t\t\t\t\t\t\t\t\t\t\t\t\t\t\t\t\t\t\t\t\t\t\t\t\t<span class=\"feature-text\">Kore\u0148ov\u00e9 o\u0161etrenie od 150 EUR<\/span>\t\t\t\t\t\t\t\t\t\t\t\t\t\t\t<\/li>\n\t\t\t\t\t\t\t\t\t\t\t\t\t\t<li>\n\t\t\t\t\t\t\t\t\t\t\t\t\t\t\t\t\t<i class=\"feature-icon ion-checkmark-round\"><\/i>\n\t\t\t\t\t\t\t\t\t\t\t\t\t\t\t\t\t\t\t\t\t\t\t\t\t<span class=\"feature-text\">Estetick\u00e1 v\u00fdpl\u0148 od 90 EUR<\/span>\t\t\t\t\t\t\t\t\t\t\t\t\t\t\t<\/li>\n\t\t\t\t\t\t\t\t\t\t\t\t\t\t<li>\n\t\t\t\t\t\t\t\t\t\t\t\t\t\t\t\t\t<i class=\"feature-icon ion-checkmark-round\"><\/i>\n\t\t\t\t\t\t\t\t\t\t\t\t\t\t\t\t\t\t\t\t\t\t\t\t\t<span class=\"feature-text\">Inlay \/ Onlay 355 EUR<\/span>\t\t\t\t\t\t\t\t\t\t\t\t\t\t\t<\/li>\n\t\t\t\t\t\t\t\t\t\t\t\t<\/ul>\n\t\t\t\t\t\t\t<\/div>\n\n\t\t\t\t\t\t<\/div>\n<\/div>\n\t<\/div>\n<\/div>\n<div class=\"tm-pricing-group\" id=\"tm-pricing-group-69f2ce64333d9\">\n\t<div class=\"pricing-wrap\">\n\t\t\n<div class=\"tm-pricing  style-3 tm-animation move-up tm-pricing-featured\" id=\"tm-pricing-69f2ce6433476\">\n\t<div class=\"inner\">\n\n\t\t\t\t\t\t\t\t\t<div class=\"tm-pricing-recomend heading-font\"><i class=\"fas fa-star\"><\/i>Most popular<\/div>\n\t\t\t\n\t\t\t<div class=\"tm-pricing-header\">\n\t\t\t\t\n\t\t\t\t<h5 class=\"title\">Zubn\u00e9 n\u00e1hrady<\/h5>\n\n\t\t\t\t\n\t\t\t\t\t\t\t<\/div>\n\n\t\t\t<div class=\"tm-pricing-content\">\n\t\t\t\t\t\t\t\t\t<ul class=\"tm-pricing-list heading-color\">\n\t\t\t\t\t\t\t\t\t\t\t\t\t<li>\n\t\t\t\t\t\t\t\t\t\t\t\t\t\t\t\t\t<i class=\"feature-icon ion-checkmark-round\"><\/i>\n\t\t\t\t\t\t\t\t\t\t\t\t\t\t\t\t\t\t\t\t\t\t\t\t\t<span class=\"feature-text\">Celkov\u00e1 zubn\u00e1 prot\u00e9za na \u010de\u013eus\u0165 760 EUR<\/span>\t\t\t\t\t\t\t\t\t\t\t\t\t\t\t<\/li>\n\t\t\t\t\t\t\t\t\t\t\t\t\t\t<li>\n\t\t\t\t\t\t\t\t\t\t\t\t\t\t\t\t\t<i class=\"feature-icon ion-checkmark-round\"><\/i>\n\t\t\t\t\t\t\t\t\t\t\t\t\t\t\t\t\t\t\t\t\t\t\t\t\t<span class=\"feature-text\">BPS prot\u00e9za so stabiln\u00fdm zhryzom 1190 EUR<\/span>\t\t\t\t\t\t\t\t\t\t\t\t\t\t\t<\/li>\n\t\t\t\t\t\t\t\t\t\t\t\t\t\t<li>\n\t\t\t\t\t\t\t\t\t\t\t\t\t\t\t\t\t<i class=\"feature-icon ion-checkmark-round\"><\/i>\n\t\t\t\t\t\t\t\t\t\t\t\t\t\t\t\t\t\t\t\t\t\t\t\t\t<span class=\"feature-text\">Kombinovan\u00e1 \u010diasto\u010dn\u00e1 prot\u00e9za na \u010de\u013eus\u0165 1520 EUR<\/span>\t\t\t\t\t\t\t\t\t\t\t\t\t\t\t<\/li>\n\t\t\t\t\t\t\t\t\t\t\t\t\t\t<li>\n\t\t\t\t\t\t\t\t\t\t\t\t\t\t\t\t\t<i class=\"feature-icon ion-checkmark-round\"><\/i>\n\t\t\t\t\t\t\t\t\t\t\t\t\t\t\t\t\t\t\t\t\t\t\t\t\t<span class=\"feature-text\">Prot\u00e9za na strmeni s kovovou platni\u010dkou(upevnen\u00e1 na 4 implant\u00e1toch) na \u010de\u013eus\u0165 2370 EUR<\/span>\t\t\t\t\t\t\t\t\t\t\t\t\t\t\t<\/li>\n\t\t\t\t\t\t\t\t\t\t\t\t\t\t<li>\n\t\t\t\t\t\t\t\t\t\t\t\t\t\t\t\t\t<i class=\"feature-icon ion-checkmark-round\"><\/i>\n\t\t\t\t\t\t\t\t\t\t\t\t\t\t\t\t\t\t\t\t\t\t\t\t\t<span class=\"feature-text\">Do\u010dasn\u00e1 plastov\u00e1 korunka 44 EUR<\/span>\t\t\t\t\t\t\t\t\t\t\t\t\t\t\t<\/li>\n\t\t\t\t\t\t\t\t\t\t\t\t\t\t<li>\n\t\t\t\t\t\t\t\t\t\t\t\t\t\t\t\t\t<i class=\"feature-icon ion-checkmark-round\"><\/i>\n\t\t\t\t\t\t\t\t\t\t\t\t\t\t\t\t\t\t\t\t\t\t\t\t\t<span class=\"feature-text\">Kovokeramick\u00e1 korunka 220 EUR<\/span>\t\t\t\t\t\t\t\t\t\t\t\t\t\t\t<\/li>\n\t\t\t\t\t\t\t\t\t\t\t\t\t\t<li>\n\t\t\t\t\t\t\t\t\t\t\t\t\t\t\t\t\t<i class=\"feature-icon ion-checkmark-round\"><\/i>\n\t\t\t\t\t\t\t\t\t\t\t\t\t\t\t\t\t\t\t\t\t\t\t\t\t<span class=\"feature-text\">Zirk\u00f3nov\u00e1 keramick\u00e1 korunka (bez kovu) 396 EUR<\/span>\t\t\t\t\t\t\t\t\t\t\t\t\t\t\t<\/li>\n\t\t\t\t\t\t\t\t\t\t\t\t\t\t<li>\n\t\t\t\t\t\t\t\t\t\t\t\t\t\t\t\t\t<i class=\"feature-icon ion-checkmark-round\"><\/i>\n\t\t\t\t\t\t\t\t\t\t\t\t\t\t\t\t\t\t\t\t\t\t\t\t\t<span class=\"feature-text\">Skusov\u00e1 dlaha na jednu \u010de\u013eus\u0165 165 EUR<\/span>\t\t\t\t\t\t\t\t\t\t\t\t\t\t\t<\/li>\n\t\t\t\t\t\t\t\t\t\t\t\t<\/ul>\n\t\t\t\t\t\t\t<\/div>\n\n\t\t\t\t\t\t<\/div>\n<\/div>\n\t<\/div>\n<\/div>\n<div class=\"tm-pricing-group\" id=\"tm-pricing-group-69f2ce64334f9\">\n\t<div class=\"pricing-wrap\">\n\t\t\n<div class=\"tm-pricing  style-3 tm-animation move-up tm-pricing-featured\" id=\"tm-pricing-69f2ce643357c\">\n\t<div class=\"inner\">\n\n\t\t\t\t\t\t\t\t\t<div class=\"tm-pricing-recomend heading-font\"><i class=\"fas fa-star\"><\/i>Most popular<\/div>\n\t\t\t\n\t\t\t<div class=\"tm-pricing-header\">\n\t\t\t\t\n\t\t\t\t<h5 class=\"title\">Implant\u00e1cia a stomatochirurgia<\/h5>\n\n\t\t\t\t\n\t\t\t\t\t\t\t<\/div>\n\n\t\t\t<div class=\"tm-pricing-content\">\n\t\t\t\t\t\t\t\t\t<ul class=\"tm-pricing-list heading-color\">\n\t\t\t\t\t\t\t\t\t\t\t\t\t<li>\n\t\t\t\t\t\t\t\t\t\t\t\t\t\t\t\t\t<i class=\"feature-icon ion-checkmark-round\"><\/i>\n\t\t\t\t\t\t\t\t\t\t\t\t\t\t\t\t\t\t\t\t\t\t\t\t\t<span class=\"feature-text\">Jednoduch\u00e1 extrakcia zuba 90 EUR<\/span>\t\t\t\t\t\t\t\t\t\t\t\t\t\t\t<\/li>\n\t\t\t\t\t\t\t\t\t\t\t\t\t\t<li>\n\t\t\t\t\t\t\t\t\t\t\t\t\t\t\t\t\t<i class=\"feature-icon ion-checkmark-round\"><\/i>\n\t\t\t\t\t\t\t\t\t\t\t\t\t\t\t\t\t\t\t\t\t\t\t\t\t<span class=\"feature-text\">Extrakcia kore\u0148a zuba 130 EUR<\/span>\t\t\t\t\t\t\t\t\t\t\t\t\t\t\t<\/li>\n\t\t\t\t\t\t\t\t\t\t\t\t\t\t<li>\n\t\t\t\t\t\t\t\t\t\t\t\t\t\t\t\t\t<i class=\"feature-icon ion-checkmark-round\"><\/i>\n\t\t\t\t\t\t\t\t\t\t\t\t\t\t\t\t\t\t\t\t\t\t\t\t\t<span class=\"feature-text\">Chirurgick\u00e1 extrakcia zuba 240 EUR<\/span>\t\t\t\t\t\t\t\t\t\t\t\t\t\t\t<\/li>\n\t\t\t\t\t\t\t\t\t\t\t\t\t\t<li>\n\t\t\t\t\t\t\t\t\t\t\t\t\t\t\t\t\t<i class=\"feature-icon ion-checkmark-round\"><\/i>\n\t\t\t\t\t\t\t\t\t\t\t\t\t\t\t\t\t\t\t\t\t\t\t\t\t<span class=\"feature-text\">Resekcia kore\u0148ov\u00e9ho hrotu 310 EUR<\/span>\t\t\t\t\t\t\t\t\t\t\t\t\t\t\t<\/li>\n\t\t\t\t\t\t\t\t\t\t\t\t\t\t<li>\n\t\t\t\t\t\t\t\t\t\t\t\t\t\t\t\t\t<i class=\"feature-icon ion-checkmark-round\"><\/i>\n\t\t\t\t\t\t\t\t\t\t\t\t\t\t\t\t\t\t\t\t\t\t\t\t\t<span class=\"feature-text\">Mal\u00e1 augment\u00e1cia kosti 380 EUR<\/span>\t\t\t\t\t\t\t\t\t\t\t\t\t\t\t<\/li>\n\t\t\t\t\t\t\t\t\t\t\t\t\t\t<li>\n\t\t\t\t\t\t\t\t\t\t\t\t\t\t\t\t\t<i class=\"feature-icon ion-checkmark-round\"><\/i>\n\t\t\t\t\t\t\t\t\t\t\t\t\t\t\t\t\t\t\t\t\t\t\t\t\t<span class=\"feature-text\">Sinus lift 1150 EUR<\/span>\t\t\t\t\t\t\t\t\t\t\t\t\t\t\t<\/li>\n\t\t\t\t\t\t\t\t\t\t\t\t\t\t<li>\n\t\t\t\t\t\t\t\t\t\t\t\t\t\t\t\t\t<i class=\"feature-icon ion-checkmark-round\"><\/i>\n\t\t\t\t\t\t\t\t\t\t\t\t\t\t\t\t\t\t\t\t\t\t\t\t\t<span class=\"feature-text\">Later\u00e1lna augment\u00e1cia kosti 1150 EUR<\/span>\t\t\t\t\t\t\t\t\t\t\t\t\t\t\t<\/li>\n\t\t\t\t\t\t\t\t\t\t\t\t\t\t<li>\n\t\t\t\t\t\t\t\t\t\t\t\t\t\t\t\t\t<i class=\"feature-icon ion-checkmark-round\"><\/i>\n\t\t\t\t\t\t\t\t\t\t\t\t\t\t\t\t\t\t\t\t\t\t\t\t\t<span class=\"feature-text\">Zubn\u00fd implant\u00e1t Neo (vr\u00e1tane zavedenia) 610 EUR<\/span>\t\t\t\t\t\t\t\t\t\t\t\t\t\t\t<\/li>\n\t\t\t\t\t\t\t\t\t\t\t\t\t\t<li>\n\t\t\t\t\t\t\t\t\t\t\t\t\t\t\t\t\t<i class=\"feature-icon ion-checkmark-round\"><\/i>\n\t\t\t\t\t\t\t\t\t\t\t\t\t\t\t\t\t\t\t\t\t\t\t\t\t<span class=\"feature-text\">Nadstavba implant\u00e1tu Neo 310 EUR<\/span>\t\t\t\t\t\t\t\t\t\t\t\t\t\t\t<\/li>\n\t\t\t\t\t\t\t\t\t\t\t\t<\/ul>\n\t\t\t\t\t\t\t<\/div>\n\n\t\t\t\t\t\t<\/div>\n<\/div>\n\t<\/div>\n<\/div>\n<div class=\"tm-pricing-group\" id=\"tm-pricing-group-69f2ce64335f7\">\n\t<div class=\"pricing-wrap\">\n\t\t\n<div class=\"tm-pricing  style-3 tm-animation move-up tm-pricing-featured\" id=\"tm-pricing-69f2ce643368a\">\n\t<div class=\"inner\">\n\n\t\t\t\t\t\t\t\t\t<div class=\"tm-pricing-recomend heading-font\"><i class=\"fas fa-star\"><\/i>Most popular<\/div>\n\t\t\t\n\t\t\t<div class=\"tm-pricing-header\">\n\t\t\t\t\n\t\t\t\t<h5 class=\"title\">Ortodoncia<\/h5>\n\n\t\t\t\t\n\t\t\t\t\t\t\t<\/div>\n\n\t\t\t<div class=\"tm-pricing-content\">\n\t\t\t\t\t\t\t\t\t<ul class=\"tm-pricing-list heading-color\">\n\t\t\t\t\t\t\t\t\t\t\t\t\t<li>\n\t\t\t\t\t\t\t\t\t\t\t\t\t\t\t\t\t<i class=\"feature-icon ion-checkmark-round\"><\/i>\n\t\t\t\t\t\t\t\t\t\t\t\t\t\t\t\t\t\t\t\t\t\t\t\t\t<span class=\"feature-text\">Lie\u010debn\u00fd pl\u00e1n pre nevidite\u013en\u00fd stroj\u010dek Happysmile 198 EUR<\/span>\t\t\t\t\t\t\t\t\t\t\t\t\t\t\t<\/li>\n\t\t\t\t\t\t\t\t\t\t\t\t\t\t<li>\n\t\t\t\t\t\t\t\t\t\t\t\t\t\t\t\t\t<i class=\"feature-icon ion-checkmark-round\"><\/i>\n\t\t\t\t\t\t\t\t\t\t\t\t\t\t\t\t\t\t\t\t\t\t\t\t\t<span class=\"feature-text\">Ortodontick\u00e1 dlaha Happy Smile (za kus) 130 EUR<\/span>\t\t\t\t\t\t\t\t\t\t\t\t\t\t\t<\/li>\n\t\t\t\t\t\t\t\t\t\t\t\t\t\t<li>\n\t\t\t\t\t\t\t\t\t\t\t\t\t\t\t\t\t<i class=\"feature-icon ion-checkmark-round\"><\/i>\n\t\t\t\t\t\t\t\t\t\t\t\t\t\t\t\t\t\t\t\t\t\t\t\t\t<span class=\"feature-text\">Reten\u010dn\u00e1 dlaha Happy Smile 130 EUR<\/span>\t\t\t\t\t\t\t\t\t\t\t\t\t\t\t<\/li>\n\t\t\t\t\t\t\t\t\t\t\t\t\t\t<li>\n\t\t\t\t\t\t\t\t\t\t\t\t\t\t\t\t\t<i class=\"feature-icon ion-checkmark-round\"><\/i>\n\t\t\t\t\t\t\t\t\t\t\t\t\t\t\t\t\t\t\t\t\t\t\t\t\t<span class=\"feature-text\">Prv\u00e1 konzult\u00e1cia pre fixn\u00fd zubn\u00fd stroj\u010dek 52 EUR<\/span>\t\t\t\t\t\t\t\t\t\t\t\t\t\t\t<\/li>\n\t\t\t\t\t\t\t\t\t\t\t\t\t\t<li>\n\t\t\t\t\t\t\t\t\t\t\t\t\t\t\t\t\t<i class=\"feature-icon ion-checkmark-round\"><\/i>\n\t\t\t\t\t\t\t\t\t\t\t\t\t\t\t\t\t\t\t\t\t\t\t\t\t<span class=\"feature-text\">Lie\u010debn\u00fd pl\u00e1n pre fixn\u00fd zubn\u00fd stroj\u010dek 198 EUR<\/span>\t\t\t\t\t\t\t\t\t\t\t\t\t\t\t<\/li>\n\t\t\t\t\t\t\t\t\t\t\t\t\t\t<li>\n\t\t\t\t\t\t\t\t\t\t\t\t\t\t\t\t\t<i class=\"feature-icon ion-checkmark-round\"><\/i>\n\t\t\t\t\t\t\t\t\t\t\t\t\t\t\t\t\t\t\t\t\t\t\t\t\t<span class=\"feature-text\">Fixn\u00fd zubn\u00fd stroj\u010dek na jednu \u010de\u013eus\u0165 od 1420 EUR<\/span>\t\t\t\t\t\t\t\t\t\t\t\t\t\t\t<\/li>\n\t\t\t\t\t\t\t\t\t\t\t\t\t\t<li>\n\t\t\t\t\t\t\t\t\t\t\t\t\t\t\t\t\t<i class=\"feature-icon ion-checkmark-round\"><\/i>\n\t\t\t\t\t\t\t\t\t\t\t\t\t\t\t\t\t\t\t\t\t\t\t\t\t<span class=\"feature-text\">Kontrola fixn\u00e9ho zubn\u00e9ho stroj\u010deka 82 EUR <\/span>\t\t\t\t\t\t\t\t\t\t\t\t\t\t\t<\/li>\n\t\t\t\t\t\t\t\t\t\t\t\t\t\t<li>\n\t\t\t\t\t\t\t\t\t\t\t\t\t\t\t\t\t<i class=\"feature-icon ion-checkmark-round\"><\/i>\n\t\t\t\t\t\t\t\t\t\t\t\t\t\t\t\t\t\t\t\t\t\t\t\t\t<span class=\"feature-text\">Odstr\u00e1nenie fixn\u00e9ho zubn\u00e9ho stroj\u010deka 135 EUR <\/span>\t\t\t\t\t\t\t\t\t\t\t\t\t\t\t<\/li>\n\t\t\t\t\t\t\t\t\t\t\t\t\t\t<li>\n\t\t\t\t\t\t\t\t\t\t\t\t\t\t\t\t\t<i class=\"feature-icon ion-checkmark-round\"><\/i>\n\t\t\t\t\t\t\t\t\t\t\t\t\t\t\t\t\t\t\t\t\t\t\t\t\t<span class=\"feature-text\">Reten\u010dn\u00fd obl\u00fak pre fixn\u00fd zubn\u00fd stroj\u010dek 135 EUR <\/span>\t\t\t\t\t\t\t\t\t\t\t\t\t\t\t<\/li>\n\t\t\t\t\t\t\t\t\t\t\t\t\t\t<li>\n\t\t\t\t\t\t\t\t\t\t\t\t\t\t\t\t\t<i class=\"feature-icon ion-checkmark-round\"><\/i>\n\t\t\t\t\t\t\t\t\t\t\t\t\t\t\t\t\t\t\t\t\t\t\t\t\t<span class=\"feature-text\">V\u00fdmena obl\u00faka fixn\u00e9ho stroj\u010deka, lepenie \u010fal\u0161\u00edch prvkov 14 EUR <\/span>\t\t\t\t\t\t\t\t\t\t\t\t\t\t\t<\/li>\n\t\t\t\t\t\t\t\t\t\t\t\t\t\t<li>\n\t\t\t\t\t\t\t\t\t\t\t\t\t\t\t\t\t<i class=\"feature-icon ion-checkmark-round\"><\/i>\n\t\t\t\t\t\t\t\t\t\t\t\t\t\t\t\t\t\t\t\t\t\t\t\t\t<span class=\"feature-text\">Sn\u00edmate\u013en\u00fd zubn\u00fd stroj\u010dek na jednu \u010de\u013eus\u0165 od 210 EUR<\/span>\t\t\t\t\t\t\t\t\t\t\t\t\t\t\t<\/li>\n\t\t\t\t\t\t\t\t\t\t\t\t\t\t<li>\n\t\t\t\t\t\t\t\t\t\t\t\t\t\t\t\t\t<i class=\"feature-icon ion-checkmark-round\"><\/i>\n\t\t\t\t\t\t\t\t\t\t\t\t\t\t\t\t\t\t\t\t\t\t\t\t\t<span class=\"feature-text\">Kontrola sn\u00edmate\u013en\u00e9ho zubn\u00e9ho stroj\u010deka 70 EUR <\/span>\t\t\t\t\t\t\t\t\t\t\t\t\t\t\t<\/li>\n\t\t\t\t\t\t\t\t\t\t\t\t<\/ul>\n\t\t\t\t\t\t\t<\/div>\n\n\t\t\t\t\t\t<\/div>\n<\/div>\n\t<\/div>\n<\/div>\n<div class=\"tm-spacer\" id=\"tm-spacer-69f2ce6433711\"><\/div>\n<\/div><\/div><\/div><\/div>\n<\/div>","protected":false},"excerpt":{"rendered":"Kedvezm\u00e9nyes \u00e1rlist\u00e1nk az \u00e9rv\u00e9nyes magyar TAJ sz\u00e1mmal rendelkez\u0151 p\u00e1cienseinknek! Most popular Rendel\u0151nkben a az al\u00e1bbi kezel\u00e9sek\u00e9rt k\u00fcl\u00f6n d\u00edjat nem sz\u00e1molunk fel! Els\u0151 konzult\u00e1ci\u00f3 0 Ft. \u00c1raj\u00e1nlatk\u00e9sz\u00edt\u00e9s 0 Ft. \u00c9ves kontroll 0 Ft \u00c9rz\u00e9stelen\u00edt\u00e9s 0 Ft Most popular Dent\u00e1lhigi\u00e9nia Fogk\u0151elt\u00e1vol\u00edt\u00e1s 22 000,-Ft Fogfeh\u00e9r\u00edt\u00e9s\/\u00e1llkapocs 46 000,-Ft Most popular Diagnosztika Intraor\u00e1lis r\u00f6ntgenfelv\u00e9tel 5 000,-Ft Panor\u00e1mar\u00f6ntgen felv\u00e9tel 12 000,-Ft. CB CT felv\u00e9tel 30 000,-Ft. Most popular Endodoncia, fogt\u00f6m\u00e9sek Gy\u00f6k\u00e9rkezel\u00e9s 34 000,-Ft-t\u00f3l Eszt\u00e9tikus t\u00f6m\u00e9s 27 000,-Ft-t\u00f3l Inlay, onlay 89 000,-Ft-t\u00f3l Most popular Fogp\u00f3tl\u00e1sok Teljes fogsor\/\u00e1llkapocs 99 000,-Ft. BPS harap\u00e1sbiztos fogsor 199 000,-Ft R\u00e9szleges fogsor kombin\u00e1lt munk\u00e1hoz\/\u00e1llkapocs 288 000,-Ft. St\u00e9ges fogsor (4 implant\u00e1tumra r\u00f6gz\u00edtett fogsor)\/\u00e1llkapocs 420 000,-Ft. Ideiglenes m\u0171anyag korona 8 000,-Ft. F\u00e9mker\u00e1mia korona 59 000,-Ft. Zirkonker\u00e1mia (f\u00e9mmentes) korona 89 000,-Ft Harap\u00e1semel\u0151 s\u00edn\/ \u00e1llkapocs 22 000,-Ft Most popular Implant\u00e1ci\u00f3 \u00e9s sz\u00e1jseb\u00e9szet Egyszer\u0171 fogh\u00faz\u00e1s 19 000,-Ft. Foggy\u00f6k\u00e9r h\u00faz\u00e1s 24 000,-Ft. Seb\u00e9szi fogh\u00faz\u00e1s 42 000,-Ft. Gy\u00f6k\u00e9rcs\u00facs rezekci\u00f3 46 000,-Ft Kis csontp\u00f3tl\u00e1s 89 000,-Ft. Sinuslift 283 000,-Ft Later\u00e1l augment\u00e1ci\u00f3 283 000,-Ft. Neo fogimplant\u00e1tum (be\u00fcltet\u00e9ssel) 182 000,-Ft Neo fogimplant\u00e1tum fel\u00e9p\u00edtm\u00e9ny 65 000,-Ft Most popular Fogszab\u00e1lyoz\u00e1s Happysmile l\u00e1thatatlan fogszab\u00e1lyoz\u00f3 kezel\u00e9si terv 62 000,-Ft Happy Smile fogszab\u00e1lyoz\u00f3 s\u00edn\/db. 39 000,-Ft. Happy Smile retenci\u00f3s s\u00edn 39 000,-Ft R\u00f6gz\u00edtett fogszab\u00e1lyoz\u00f3 els\u0151 konzult\u00e1ci\u00f3 16 000,-Ft R\u00f6gz\u00edtett fogszab\u00e1lyoz\u00f3 kezel\u00e9si terv 27 000,-Ft R\u00f6gz\u00edtett fogszab\u00e1lyoz\u00f3 k\u00e9sz\u00fcl\u00e9k \u00e1llkapcsonk\u00e9nt 180 000,-Ft - t\u00f3l R\u00f6gz\u00edtett fogszab\u00e1lyoz\u00f3 k\u00e9sz\u00fcl\u00e9k kontroll 28 000,-Ft R\u00f6gz\u00edtett fogszab\u00e1lyoz\u00f3 k\u00e9sz\u00fcl\u00e9k elt\u00e1vol\u00edt\u00e1sa 20 000,-Ft R\u00f6gz\u00edtett fogszab\u00e1lyoz\u00f3 k\u00e9sz\u00fcl\u00e9k retainer \u00edv 25000,-Ft R\u00f6gz\u00edtett fogszab\u00e1lyoz\u00f3 k\u00e9sz\u00fcl\u00e9k \u00edvcsere, egy\u00e9bb elemek ragaszt\u00e1sa 4000,-Ft Kivehet\u0151 fogszab\u00e1lyoz\u00f3 k\u00e9sz\u00fcl\u00e9k \u00e1llkapcsonk\u00e9nt 45 000,-Ft - t\u00f3l Kivehet\u0151 fogszab\u00e1lyoz\u00f3 k\u00e9sz\u00fcl\u00e9k kontroll 25 000,-Ft","protected":false},"author":1,"featured_media":0,"parent":0,"menu_order":0,"comment_status":"closed","ping_status":"closed","template":"","meta":{"footnotes":""},"class_list":["post-129","page","type-page","status-publish","hentry"],"_links":{"self":[{"href":"https:\/\/dentissimi.com\/sk\/wp-json\/wp\/v2\/pages\/129","targetHints":{"allow":["GET"]}}],"collection":[{"href":"https:\/\/dentissimi.com\/sk\/wp-json\/wp\/v2\/pages"}],"about":[{"href":"https:\/\/dentissimi.com\/sk\/wp-json\/wp\/v2\/types\/page"}],"author":[{"embeddable":true,"href":"https:\/\/dentissimi.com\/sk\/wp-json\/wp\/v2\/users\/1"}],"replies":[{"embeddable":true,"href":"https:\/\/dentissimi.com\/sk\/wp-json\/wp\/v2\/comments?post=129"}],"version-history":[{"count":113,"href":"https:\/\/dentissimi.com\/sk\/wp-json\/wp\/v2\/pages\/129\/revisions"}],"predecessor-version":[{"id":4011,"href":"https:\/\/dentissimi.com\/sk\/wp-json\/wp\/v2\/pages\/129\/revisions\/4011"}],"wp:attachment":[{"href":"https:\/\/dentissimi.com\/sk\/wp-json\/wp\/v2\/media?parent=129"}],"curies":[{"name":"wp","href":"https:\/\/api.w.org\/{rel}","templated":true}]}}