{"id":127,"date":"2019-06-04T02:13:24","date_gmt":"2019-06-04T02:13:24","guid":{"rendered":"https:\/\/dentissimi.com\/faqs\/"},"modified":"2025-12-18T18:22:17","modified_gmt":"2025-12-18T18:22:17","slug":"gyik","status":"publish","type":"page","link":"https:\/\/dentissimi.com\/sk\/gyik\/","title":{"rendered":"\u010cast\u00e9 ot\u00e1zky"},"content":{"rendered":"<div class=\"wpb-content-wrapper\"><div data-src=\"https:\/\/dentissimi.com\/wp-content\/uploads\/2019\/11\/appontment-form-bg-new2.png\" id=\"tm-row-69f52d36b4f04\" data-vc-full-width=\"true\" data-vc-full-width-init=\"false\" class=\"vc_row vc_row-outer vc_row-fluid tm-lazy-load\"><div id=\"tm-column-69f52d36b568b\" class=\"wpb_column vc_column_container vc_col-sm-12 vc_col-lg-6\"><div class=\"vc_column-inner\"><div class=\"wpb_wrapper\">\n<div class=\"tm-heading  left tm-animation move-up\" id=\"tm-heading-69f52d36b5971\">\n\t<h3 class=\"heading\" >\u010casto kladen\u00e9 ot\u00e1zky<\/h3><\/div>\n\n<div class=\"tm-spacer\" id=\"tm-spacer-69f52d36b5be9\"><\/div>\n<div class=\"tm-accordion  style-4 color-light tm-animation move-up\" id=\"tm-accordion-69f52d36b5d09\"\n\t>\n\t\n\t\t<div class=\"accordion-section\">\n\t\t\t\t\t\t\t<div class=\"accordion-title-wrapper\">\n\t\t\t\t\t<h6 class=\"accordion-title\">\n\t\t\t\t\t\t<span class=\"title-prefix\">01.<\/span>\n\t\t\t\t\t\t<span class=\"title-text\">Je zubn\u00e9 o\u0161etrenie bolestiv\u00e9?<\/span>\n\n\t\t\t\t\t\t<span class=\"accordion-icon\"><\/span>\n\t\t\t\t\t<\/h6>\n\t\t\t\t<\/div>\n\t\t\t\n\n\t\t\t<div class=\"accordion-content\">\n\t\t\t\t\t\t\t\t\tV\u010faka modern\u00fdm anestetick\u00fdm technik\u00e1m je v\u00e4\u010d\u0161ina z\u00e1krokov \u00faplne bezbolestn\u00e1. Na\u0161\u00edm cie\u013eom je, aby ste sa po\u010das o\u0161etrenia c\u00edtili \u010do najpohodlnej\u0161ie.\t\t\t\t\t\t\t<\/div>\n\t\t<\/div>\n\t\t\n\t\t<div class=\"accordion-section\">\n\t\t\t\t\t\t\t<div class=\"accordion-title-wrapper\">\n\t\t\t\t\t<h6 class=\"accordion-title\">\n\t\t\t\t\t\t<span class=\"title-prefix\">02.<\/span>\n\t\t\t\t\t\t<span class=\"title-text\">Ako \u010dasto je vhodn\u00e9 chodi\u0165 k zub\u00e1rovi?<\/span>\n\n\t\t\t\t\t\t<span class=\"accordion-icon\"><\/span>\n\t\t\t\t\t<\/h6>\n\t\t\t\t<\/div>\n\t\t\t\n\n\t\t\t<div class=\"accordion-content\">\n\t\t\t\t\t\t\t\t\tZvy\u010dajne sa odpor\u00fa\u010da kontrola a odstr\u00e1nenie zubn\u00e9ho kame\u0148a ka\u017ed\u00fdch \u0161es\u0165 mesiacov, no v niektor\u00fdch pr\u00edpadoch m\u00f4\u017ee by\u0165 potrebn\u00e1 aj \u010dastej\u0161ia kontrola.\t\t\t\t\t\t\t<\/div>\n\t\t<\/div>\n\t\t\n\t\t<div class=\"accordion-section\">\n\t\t\t\t\t\t\t<div class=\"accordion-title-wrapper\">\n\t\t\t\t\t<h6 class=\"accordion-title\">\n\t\t\t\t\t\t<span class=\"title-prefix\">03.<\/span>\n\t\t\t\t\t\t<span class=\"title-text\">Ako prebieha prv\u00e1 konzult\u00e1cia?<\/span>\n\n\t\t\t\t\t\t<span class=\"accordion-icon\"><\/span>\n\t\t\t\t\t<\/h6>\n\t\t\t\t<\/div>\n\t\t\t\n\n\t\t\t<div class=\"accordion-content\">\n\t\t\t\t\t\t\t\t\tNa prvom stretnut\u00ed urob\u00edme vy\u0161etrenie stavu \u00fastnej dutiny, v pr\u00edpade potreby zhotov\u00edme r\u00f6ntgenov\u00fd sn\u00edmok a n\u00e1sledne priprav\u00edme podrobn\u00fd lie\u010debn\u00fd pl\u00e1n a cenov\u00fa ponuku.\t\t\t\t\t\t\t<\/div>\n\t\t<\/div>\n\t\t\n\t\t<div class=\"accordion-section\">\n\t\t\t\t\t\t\t<div class=\"accordion-title-wrapper\">\n\t\t\t\t\t<h6 class=\"accordion-title\">\n\t\t\t\t\t\t<span class=\"title-prefix\">04.<\/span>\n\t\t\t\t\t\t<span class=\"title-text\">Ko\u013eko stoj\u00ed o\u0161etrenie?<\/span>\n\n\t\t\t\t\t\t<span class=\"accordion-icon\"><\/span>\n\t\t\t\t\t<\/h6>\n\t\t\t\t<\/div>\n\t\t\t\n\n\t\t\t<div class=\"accordion-content\">\n\t\t\t\t\t\t\t\t\tCena z\u00e1vis\u00ed od typu o\u0161etrenia. Po \u00favodnom vy\u0161etren\u00ed a lie\u010debnom pl\u00e1ne priprav\u00edme presn\u00fa, na mieru vytvoren\u00fa cenov\u00fa ponuku.\t\t\t\t\t\t\t<\/div>\n\t\t<\/div>\n\t\t\n\t\t<div class=\"accordion-section\">\n\t\t\t\t\t\t\t<div class=\"accordion-title-wrapper\">\n\t\t\t\t\t<h6 class=\"accordion-title\">\n\t\t\t\t\t\t<span class=\"title-prefix\">05.<\/span>\n\t\t\t\t\t\t<span class=\"title-text\">\u010co m\u00f4\u017eem urobi\u0165 pri bolesti zuba?<\/span>\n\n\t\t\t\t\t\t<span class=\"accordion-icon\"><\/span>\n\t\t\t\t\t<\/h6>\n\t\t\t\t<\/div>\n\t\t\t\n\n\t\t\t<div class=\"accordion-content\">\n\t\t\t\t\t\t\t\t\tAk poci\u0165ujete siln\u00fa boles\u0165, odpor\u00fa\u010da sa objedna\u0165 sa \u010do najsk\u00f4r. Dovtedy je mo\u017en\u00e9 u\u017ei\u0165 liek proti bolesti, no ide len o do\u010dasn\u00e9 rie\u0161enie.\t\t\t\t\t\t\t<\/div>\n\t\t<\/div>\n\t\t\n\t\t<div class=\"accordion-section\">\n\t\t\t\t\t\t\t<div class=\"accordion-title-wrapper\">\n\t\t\t\t\t<h6 class=\"accordion-title\">\n\t\t\t\t\t\t<span class=\"title-prefix\">06.<\/span>\n\t\t\t\t\t\t<span class=\"title-text\">Ako dlho vydr\u017e\u00ed v\u00fdsledok bielenia zubov?<\/span>\n\n\t\t\t\t\t\t<span class=\"accordion-icon\"><\/span>\n\t\t\t\t\t<\/h6>\n\t\t\t\t<\/div>\n\t\t\t\n\n\t\t\t<div class=\"accordion-content\">\n\t\t\t\t\t\t\t\t\t\u00da\u010dinok bielenia zubov zvy\u010dajne vydr\u017e\u00ed 1 a\u017e 2 roky, v z\u00e1vislosti od \u017eivotn\u00e9ho \u0161t\u00fdlu a stravovac\u00edch n\u00e1vykov.\t\t\t\t\t\t\t<\/div>\n\t\t<\/div>\n\t\t\n\t\t<div class=\"accordion-section\">\n\t\t\t\t\t\t\t<div class=\"accordion-title-wrapper\">\n\t\t\t\t\t<h6 class=\"accordion-title\">\n\t\t\t\t\t\t<span class=\"title-prefix\">07.<\/span>\n\t\t\t\t\t\t<span class=\"title-text\">Ak\u00fd je rozdiel medzi plombou a endodontick\u00fdm o\u0161etren\u00edm (o\u0161etren\u00edm kore\u0148ov\u00fdch kan\u00e1likov)?<\/span>\n\n\t\t\t\t\t\t<span class=\"accordion-icon\"><\/span>\n\t\t\t\t\t<\/h6>\n\t\t\t\t<\/div>\n\t\t\t\n\n\t\t\t<div class=\"accordion-content\">\n\t\t\t\t\t\t\t\t\tPlomba sl\u00fa\u017ei na o\u0161etrenie men\u0161\u00edch kazov. Kore\u0148ov\u00e9 o\u0161etrenie je potrebn\u00e9 vtedy, ke\u010f kaz zasiahne nerv zuba.\t\t\t\t\t\t\t<\/div>\n\t\t<\/div>\n\t\t\n\t\t<div class=\"accordion-section\">\n\t\t\t\t\t\t\t<div class=\"accordion-title-wrapper\">\n\t\t\t\t\t<h6 class=\"accordion-title\">\n\t\t\t\t\t\t<span class=\"title-prefix\">08.<\/span>\n\t\t\t\t\t\t<span class=\"title-text\">Ako dlho vydr\u017eia zubn\u00e9 n\u00e1hrady?<\/span>\n\n\t\t\t\t\t\t<span class=\"accordion-icon\"><\/span>\n\t\t\t\t\t<\/h6>\n\t\t\t\t<\/div>\n\t\t\t\n\n\t\t\t<div class=\"accordion-content\">\n\t\t\t\t\t\t\t\t\tSpr\u00e1vne zhotoven\u00e9 korunky, most\u00edky a zubn\u00e9 prot\u00e9zy m\u00f4\u017eu vydr\u017ea\u0165 aj 10\u201315 rokov alebo dlh\u0161ie, ak sa pravidelne kontroluj\u00fa a spr\u00e1vne o\u0161etruj\u00fa.\t\t\t\t\t\t\t<\/div>\n\t\t<\/div>\n\t\t\n\t\t<div class=\"accordion-section\">\n\t\t\t\t\t\t\t<div class=\"accordion-title-wrapper\">\n\t\t\t\t\t<h6 class=\"accordion-title\">\n\t\t\t\t\t\t<span class=\"title-prefix\">09.<\/span>\n\t\t\t\t\t\t<span class=\"title-text\">M\u00f4\u017eem jes\u0165 alebo pi\u0165 po o\u0161etren\u00ed?<\/span>\n\n\t\t\t\t\t\t<span class=\"accordion-icon\"><\/span>\n\t\t\t\t\t<\/h6>\n\t\t\t\t<\/div>\n\t\t\t\n\n\t\t\t<div class=\"accordion-content\">\n\t\t\t\t\t\t\t\t\tPo anest\u00e9zii je vhodn\u00e9 po\u010dka\u0165 e\u0161te 1\u20132 hodiny. Pri niektor\u00fdch o\u0161etreniach (napr\u00edklad pri bielen\u00ed zubov) poskytujeme \u0161pecifick\u00e9 pokyny.\t\t\t\t\t\t\t<\/div>\n\t\t<\/div>\n\t\t\n\t\t<div class=\"accordion-section\">\n\t\t\t\t\t\t\t<div class=\"accordion-title-wrapper\">\n\t\t\t\t\t<h6 class=\"accordion-title\">\n\t\t\t\t\t\t<span class=\"title-prefix\">10.<\/span>\n\t\t\t\t\t\t<span class=\"title-text\">Je mo\u017en\u00e9 nosi\u0165 stroj\u010dek na zuby aj v dospelosti?<\/span>\n\n\t\t\t\t\t\t<span class=\"accordion-icon\"><\/span>\n\t\t\t\t\t<\/h6>\n\t\t\t\t<\/div>\n\t\t\t\n\n\t\t\t<div class=\"accordion-content\">\n\t\t\t\t\t\t\t\t\t\u00c1no, modern\u00e9 syst\u00e9my na stroj\u010deky s\u00fa navrhnut\u00e9 aj pre potreby dospel\u00fdch, s estetick\u00fdmi a pohodln\u00fdmi rie\u0161eniami.\t\t\t\t\t\t\t<\/div>\n\t\t<\/div>\n\t\t<\/div>\n<div class=\"tm-spacer\" id=\"tm-spacer-69f52d36b5e04\"><\/div>\n<\/div><\/div><\/div><div id=\"tm-column-69f52d36b5f10\" class=\"wpb_column vc_column_container vc_col-sm-12 vc_col-lg-6\"><div class=\"vc_column-inner\"><div class=\"wpb_wrapper\"><div id=\"tm-row-inner-69f52d36b629d\" class=\"vc_row vc_inner vc_row-fluid\"><div id=\"tm-column-inner-69f52d36b659d\" class=\"wpb_column vc_column_container vc_col-sm-12\"><div class=\"vc_column-inner\"><div class=\"wpb_wrapper\">\n<div class=\"tm-heading  center tm-animation move-up\" id=\"tm-heading-69f52d36b6777\">\n\t<h3 class=\"heading\" >Objednajte sa na prv\u00fa bezplatn\u00fa konzult\u00e1ciu.<\/h3><\/div>\n\n<div class=\"tm-spacer\" id=\"tm-spacer-69f52d36b696e\"><\/div>\n\n<div class=\"tm-heading  center tm-animation move-up\" id=\"tm-heading-69f52d36b6a29\">\n\t<div class=\"heading\" >Vypl\u0148te n\u00e1\u0161 formul\u00e1r a n\u00e1\u0161 kolega v\u00e1m \u010doskoro zavol\u00e1 sp\u00e4\u0165!<\/div><\/div>\n\n<div class=\"tm-spacer\" id=\"tm-spacer-69f52d36b6c0b\"><\/div>\n<div class=\"tm-contact-form-7  style-01 gutter-30 tm-animation move-up\" id=\"tm-blog-69f52d36b6cbd\">\n\t\n<div class=\"wpcf7 no-js\" id=\"wpcf7-f12-o1\" lang=\"hu-HU\" dir=\"ltr\" data-wpcf7-id=\"12\">\n<div class=\"screen-reader-response\"><p role=\"status\" aria-live=\"polite\" aria-atomic=\"true\"><\/p> <ul><\/ul><\/div>\n<form action=\"\/sk\/wp-json\/wp\/v2\/pages\/127#wpcf7-f12-o1\" method=\"post\" class=\"wpcf7-form init\" aria-label=\"Kapcsolatfelv\u00e9teli \u0171rlap\" novalidate=\"novalidate\" data-status=\"init\" data-trp-original-action=\"\/sk\/wp-json\/wp\/v2\/pages\/127#wpcf7-f12-o1\">\n<fieldset class=\"hidden-fields-container\"><input type=\"hidden\" name=\"_wpcf7\" value=\"12\" \/><input type=\"hidden\" name=\"_wpcf7_version\" value=\"6.1.5\" \/><input type=\"hidden\" name=\"_wpcf7_locale\" value=\"hu_HU\" \/><input type=\"hidden\" name=\"_wpcf7_unit_tag\" value=\"wpcf7-f12-o1\" \/><input type=\"hidden\" name=\"_wpcf7_container_post\" value=\"0\" \/><input type=\"hidden\" name=\"_wpcf7_posted_data_hash\" value=\"\" \/>\n<\/fieldset>\n<div class=\"wpcf7-turnstile cf-turnstile\" data-sitekey=\"0x4AAAAAACNqHFwwdNQX1pgW\" data-response-field-name=\"_wpcf7_turnstile_response\"><\/div>\n\n<p><label> Meno<br \/>\n<span class=\"wpcf7-form-control-wrap\" data-name=\"your-name\"><input size=\"40\" maxlength=\"400\" class=\"wpcf7-form-control wpcf7-text wpcf7-validates-as-required\" autocomplete=\"name\" aria-required=\"true\" aria-invalid=\"false\" value=\"\" type=\"text\" name=\"your-name\" \/><\/span> <\/label>\n<\/p>\n<p><label> e-mailov\u00e1 adresa<br \/>\n<span class=\"wpcf7-form-control-wrap\" data-name=\"your-email\"><input size=\"40\" maxlength=\"400\" class=\"wpcf7-form-control wpcf7-email wpcf7-validates-as-required wpcf7-text wpcf7-validates-as-email\" autocomplete=\"email\" aria-required=\"true\" aria-invalid=\"false\" value=\"\" type=\"email\" name=\"your-email\" \/><\/span> <\/label>\n<\/p>\n<p><label> telef\u00f3nne \u010d\u00edslo<br \/>\n<span class=\"wpcf7-form-control-wrap\" data-name=\"your-subject\"><input size=\"40\" maxlength=\"400\" class=\"wpcf7-form-control wpcf7-text wpcf7-validates-as-required\" aria-required=\"true\" aria-invalid=\"false\" value=\"\" type=\"text\" name=\"your-subject\" \/><\/span> <\/label>\n<\/p>\n<p><label> Spr\u00e1va (nepovinn\u00e9)<br \/>\n<span class=\"wpcf7-form-control-wrap\" data-name=\"your-message\"><textarea cols=\"40\" rows=\"10\" maxlength=\"2000\" class=\"wpcf7-form-control wpcf7-textarea\" aria-invalid=\"false\" name=\"your-message\"><\/textarea><\/span> <\/label><br \/>\n<span class=\"wpcf7-form-control-wrap\" data-name=\"acceptance-521\"><span class=\"wpcf7-form-control wpcf7-acceptance\"><span class=\"wpcf7-list-item\"><label><input type=\"checkbox\" name=\"acceptance-521\" value=\"1\" aria-invalid=\"false\" \/><span class=\"wpcf7-list-item-label\"><a href=\"https:\/\/dentissimi.com\/sk\/gdpr\/\">Obozn\u00e1mil\/-a som sa s inform\u00e1ciami o sprac\u00favan\u00ed osobn\u00fdch \u00fadajov a s\u00fahlas\u00edm s nimi.<\/a><\/span><\/label><\/span><\/span><\/span>\n<\/p>\n<p><input class=\"wpcf7-form-control wpcf7-submit has-spinner\" type=\"submit\" value=\"Pros\u00edm o sp\u00e4tn\u00e9 zavolanie na dohodnutie term\u00ednu!\" \/>\n<\/p><div class=\"wpcf7-response-output\" aria-hidden=\"true\"><\/div>\n<input type=\"hidden\" name=\"trp-form-language\" value=\"sk\"\/><\/form>\n<\/div>\n<\/div>\n<\/div><\/div><\/div><\/div><div class=\"tm-spacer\" id=\"tm-spacer-69f52d36b9e61\"><\/div>\n<\/div><\/div><\/div><\/div><div class=\"vc_row-full-width vc_clearfix\"><\/div>\n<\/div>","protected":false},"excerpt":{"rendered":"Gyakran ism\u00e9telt k\u00e9rd\u00e9sek 01. F\u00e1jdalmas a fog\u00e1szati kezel\u00e9s? A modern \u00e9rz\u00e9stelen\u00edt\u00e9si technik\u00e1knak k\u00f6sz\u00f6nhet\u0151en a kezel\u00e9sek t\u00f6bbs\u00e9ge teljesen f\u00e1jdalommentes. C\u00e9lunk, hogy a lehet\u0151 legk\u00e9nyelmesebben \u00e9rezze mag\u00e1t a kezel\u00e9s sor\u00e1n. 02. Milyen gyakran \u00e9rdemes fogorvoshoz menni? \u00c1ltal\u00e1ban f\u00e9l\u00e9vente aj\u00e1nlott egy kontrollvizsg\u00e1lat \u00e9s fogk\u0151-elt\u00e1vol\u00edt\u00e1s, de bizonyos esetekben s\u0171r\u0171bb ellen\u0151rz\u00e9s is sz\u00fcks\u00e9ges lehet. 03. Hogyan zajlik az els\u0151 konzult\u00e1ci\u00f3? Az els\u0151 tal\u00e1lkoz\u00f3n \u00e1llapotfelm\u00e9r\u00e9st v\u00e9gz\u00fcnk, sz\u00fcks\u00e9g eset\u00e9n r\u00f6ntgenfelv\u00e9telt k\u00e9sz\u00edt\u00fcnk, majd r\u00e9szletes kezel\u00e9si tervet \u00e9s \u00e1raj\u00e1nlatot adunk. 04. Mennyibe ker\u00fcl a kezel\u00e9s? A d\u00edjak a kezel\u00e9s t\u00edpus\u00e1t\u00f3l f\u00fcggnek. Az els\u0151 vizsg\u00e1lat \u00e9s kezel\u00e9si terv ut\u00e1n pontos, szem\u00e9lyre szabott \u00e1raj\u00e1nlatot k\u00e9sz\u00edt\u00fcnk. 05. Mit tehetek fogf\u00e1j\u00e1s eset\u00e9n? Ha er\u0151s f\u00e1jdalmat tapasztal, \u00e9rdemes miel\u0151bb id\u0151pontot k\u00e9rni. Addig is f\u00e1jdalomcsillap\u00edt\u00f3 szedhet\u0151, de ez csak \u00e1tmeneti megold\u00e1s. 06. Meddig tart egy fogfeh\u00e9r\u00edt\u00e9s eredm\u00e9nye? A fogfeh\u00e9r\u00edt\u00e9s hat\u00e1sa \u00e1ltal\u00e1ban 1\u20132 \u00e9vig tart, \u00e9letm\u00f3dt\u00f3l \u00e9s \u00e9tkez\u00e9si szok\u00e1sokt\u00f3l f\u00fcgg\u0151en. 07. Mi a k\u00fcl\u00f6nbs\u00e9g a t\u00f6m\u00e9s \u00e9s a gy\u00f6k\u00e9rkezel\u00e9s k\u00f6z\u00f6tt? A t\u00f6m\u00e9s a kisebb szuvasod\u00e1sok kezel\u00e9s\u00e9re szolg\u00e1l. A gy\u00f6k\u00e9rkezel\u00e9s akkor sz\u00fcks\u00e9ges, ha a szuvasod\u00e1s el\u00e9ri a fog ideg\u00e9t. 08. Mennyire tart\u00f3sak a fogp\u00f3tl\u00e1sok? A megfelel\u0151en elk\u00e9sz\u00edtett koron\u00e1k, hidak \u00e9s fogsorok ak\u00e1r 10\u201315 \u00e9vig vagy tov\u00e1bb is szolg\u00e1lhatnak, ha rendszeresen ellen\u0151rzik \u00e9s megfelel\u0151en \u00e1polj\u00e1k \u0151ket. 09. Lehet-e enni vagy inni kezel\u00e9s ut\u00e1n? \u00c9rz\u00e9stelen\u00edt\u00e9s ut\u00e1n \u00e9rdemes m\u00e9g 1\u20132 \u00f3r\u00e1t v\u00e1rni. Bizonyos kezel\u00e9sek (pl. fogfeh\u00e9r\u00edt\u00e9s) ut\u00e1n speci\u00e1lis utas\u00edt\u00e1sokat adunk. 10. Fogszab\u00e1lyoz\u00e1s feln\u0151tteknek is lehets\u00e9ges? Igen, a modern fogszab\u00e1lyoz\u00f3 rendszerek kifejezetten feln\u0151ttek ig\u00e9nyeire is k\u00e9sz\u00fcltek \u2014 eszt\u00e9tikus, k\u00e9nyelmes megold\u00e1sokkal. K\u00e9rjen id\u0151pontot els\u0151 ingyenes konzult\u00e1ci\u00f3ra T\u00f6ltse ki \u0171rlapunkat, \u00e9s koll\u00e9g\u00e1nk hamarosan visszah\u00edvja! N\u00e9v E-mail c\u00edm Telefonsz\u00e1m \u00dczenet (nem k\u00f6telez\u0151) Az adatkezel\u00e9si t\u00e1j\u00e9koztat\u00f3t megismertem \u00e9s elfogadom.","protected":false},"author":1,"featured_media":0,"parent":0,"menu_order":0,"comment_status":"closed","ping_status":"closed","template":"","meta":{"footnotes":""},"class_list":["post-127","page","type-page","status-publish","hentry"],"_links":{"self":[{"href":"https:\/\/dentissimi.com\/sk\/wp-json\/wp\/v2\/pages\/127","targetHints":{"allow":["GET"]}}],"collection":[{"href":"https:\/\/dentissimi.com\/sk\/wp-json\/wp\/v2\/pages"}],"about":[{"href":"https:\/\/dentissimi.com\/sk\/wp-json\/wp\/v2\/types\/page"}],"author":[{"embeddable":true,"href":"https:\/\/dentissimi.com\/sk\/wp-json\/wp\/v2\/users\/1"}],"replies":[{"embeddable":true,"href":"https:\/\/dentissimi.com\/sk\/wp-json\/wp\/v2\/comments?post=127"}],"version-history":[{"count":9,"href":"https:\/\/dentissimi.com\/sk\/wp-json\/wp\/v2\/pages\/127\/revisions"}],"predecessor-version":[{"id":3135,"href":"https:\/\/dentissimi.com\/sk\/wp-json\/wp\/v2\/pages\/127\/revisions\/3135"}],"wp:attachment":[{"href":"https:\/\/dentissimi.com\/sk\/wp-json\/wp\/v2\/media?parent=127"}],"curies":[{"name":"wp","href":"https:\/\/api.w.org\/{rel}","templated":true}]}}