{"id":3475,"date":"2025-12-08T13:01:45","date_gmt":"2025-12-08T13:01:45","guid":{"rendered":"https:\/\/dentissimi.com\/?page_id=3475"},"modified":"2025-12-11T11:52:53","modified_gmt":"2025-12-11T11:52:53","slug":"ansatzdoktor-koszonooldal","status":"publish","type":"page","link":"https:\/\/dentissimi.com\/it\/ansatzdoktor-koszonooldal\/","title":{"rendered":"Landing Ansatzdoktor k\u00f6sz\u00f6n\u0151oldal"},"content":{"rendered":"<div class=\"wpb-content-wrapper\"><div id=\"tm-row-69f2c30021d2f\" class=\"vc_row vc_row-outer vc_row-fluid\"><div id=\"tm-column-69f2c300220d8\" class=\"wpb_column vc_column_container vc_col-sm-12\"><div class=\"vc_column-inner\"><div class=\"wpb_wrapper\"><div class=\"tm-spacer\" id=\"tm-spacer-69f2c3002225a\"><\/div>\n\n<div class=\"tm-heading  left tm-animation move-up\" id=\"tm-heading-69f2c3002238a\">\n\t<h1 class=\"heading\" >Vielen Dank f\u00fcr Ihre Anfrage!<\/h1><\/div>\n\n<div class=\"tm-spacer\" id=\"tm-spacer-69f2c300225a4\"><\/div>\n\n<div class=\"tm-heading  left tm-animation move-up\" id=\"tm-heading-69f2c30022682\">\n\t<h5 class=\"heading\" style='font-family:Poppins'>Wir haben Ihre Nachricht erfolgreich erhalten und sie wird derzeit bearbeitet. Unser(e) Mitarbeiter(in) wird Sie so schnell wie m\u00f6glich unter der angegebenen Telefonnummer kontaktieren, um alle notwendigen Informationen mit Ihnen abzustimmen.<\/p>\n<p>Im Gespr\u00e4ch helfen wir Ihnen dabei, die Details der Behandlung zu kl\u00e4ren, beantworten eventuelle Fragen und w\u00e4hlen gemeinsam den f\u00fcr Sie am besten geeigneten Termin aus.<\/p>\n<p>Unser Ziel ist es, den Ablauf von Anfang an reibungslos und transparent zu gestalten. Daher teilen wir Ihnen w\u00e4hrend des Telefonats alle wichtigen Informationen mit.<\/p>\n<p>Vielen Dank f\u00fcr Ihr Vertrauen! Wir melden uns in K\u00fcrze!<\/h5><\/div>\n\n<div class=\"tm-spacer\" id=\"tm-spacer-69f2c300228ac\"><\/div>\n<\/div><\/div><\/div><\/div><div id=\"tm-row-69f2c30022a1c\" class=\"vc_row vc_row-outer vc_row-fluid\"><div id=\"tm-column-69f2c30022c2c\" class=\"wpb_column vc_column_container vc_col-sm-12\"><div class=\"vc_column-inner\"><div class=\"wpb_wrapper\"><div class=\"tm-image  tm-animation move-up\" id=\"tm-image-69f2c30022dbd\">\n\t\t\t<div class=\"image\"><img decoding=\"async\" src=\"https:\/\/dentissimi.com\/wp-content\/uploads\/2025\/11\/Dentissimi_fekvo_logo_cbw-scaled-e1764320569771.png\" alt=\"Dentissimi \u2013 Fog\u00e1szat Mosonmagyar\u00f3v\u00e1r\" \/><\/div>\t\t<\/div>\n<\/div><\/div><\/div><\/div>\n<\/div>","protected":false},"excerpt":{"rendered":"Vielen Dank f\u00fcr Ihre Anfrage! Wir haben Ihre Nachricht erfolgreich erhalten und sie wird derzeit bearbeitet. Unser(e) Mitarbeiter(in) wird Sie so schnell wie m\u00f6glich unter der angegebenen Telefonnummer kontaktieren, um alle notwendigen Informationen mit Ihnen abzustimmen. Im Gespr\u00e4ch helfen wir Ihnen dabei, die Details der Behandlung zu kl\u00e4ren, beantworten eventuelle Fragen und w\u00e4hlen gemeinsam den f\u00fcr Sie am besten geeigneten Termin aus. Unser Ziel ist es, den Ablauf von Anfang an reibungslos und transparent zu gestalten. Daher teilen wir Ihnen w\u00e4hrend des Telefonats alle wichtigen Informationen mit. Vielen Dank f\u00fcr Ihr Vertrauen! Wir melden uns in K\u00fcrze!","protected":false},"author":1,"featured_media":0,"parent":0,"menu_order":0,"comment_status":"closed","ping_status":"closed","template":"","meta":{"footnotes":""},"class_list":["post-3475","page","type-page","status-publish","hentry"],"_links":{"self":[{"href":"https:\/\/dentissimi.com\/it\/wp-json\/wp\/v2\/pages\/3475","targetHints":{"allow":["GET"]}}],"collection":[{"href":"https:\/\/dentissimi.com\/it\/wp-json\/wp\/v2\/pages"}],"about":[{"href":"https:\/\/dentissimi.com\/it\/wp-json\/wp\/v2\/types\/page"}],"author":[{"embeddable":true,"href":"https:\/\/dentissimi.com\/it\/wp-json\/wp\/v2\/users\/1"}],"replies":[{"embeddable":true,"href":"https:\/\/dentissimi.com\/it\/wp-json\/wp\/v2\/comments?post=3475"}],"version-history":[{"count":3,"href":"https:\/\/dentissimi.com\/it\/wp-json\/wp\/v2\/pages\/3475\/revisions"}],"predecessor-version":[{"id":3500,"href":"https:\/\/dentissimi.com\/it\/wp-json\/wp\/v2\/pages\/3475\/revisions\/3500"}],"wp:attachment":[{"href":"https:\/\/dentissimi.com\/it\/wp-json\/wp\/v2\/media?parent=3475"}],"curies":[{"name":"wp","href":"https:\/\/api.w.org\/{rel}","templated":true}]}}