{"id":3459,"date":"2025-12-07T15:14:34","date_gmt":"2025-12-07T15:14:34","guid":{"rendered":"https:\/\/dentissimi.com\/?page_id=3459"},"modified":"2025-12-11T11:52:36","modified_gmt":"2025-12-11T11:52:36","slug":"ansatzdoktor-kapcsolat","status":"publish","type":"page","link":"https:\/\/dentissimi.com\/it\/ansatzdoktor-kapcsolat\/","title":{"rendered":"Landing Ansatzdoktor kapcsolat"},"content":{"rendered":"<div class=\"wpb-content-wrapper\"><div id=\"tm-row-69f28713d3a5a\" class=\"vc_row vc_row-outer vc_row-fluid\"><div id=\"tm-column-69f28713d4025\" class=\"wpb_column vc_column_container vc_col-sm-12\"><div class=\"vc_column-inner\"><div class=\"wpb_wrapper\"><div class=\"tm-spacer\" id=\"tm-spacer-69f28713d41bc\"><\/div>\n<div class=\"tm-spacer\" id=\"tm-spacer-69f28713d4216\"><\/div>\n<\/div><\/div><\/div><\/div><div id=\"tm-row-69f28713d4314\" class=\"vc_row vc_row-outer vc_row-fluid\"><div id=\"tm-column-69f28713d44f1\" class=\"wpb_column vc_column_container vc_col-sm-3\"><div class=\"vc_column-inner\"><div class=\"wpb_wrapper\"><div class=\"tm-box-icon  style-12 tm-animation move-up\" id=\"tm-box-icon-69f28713d46f1\">\n\t\t<div class=\"content-wrap\">\n\n\t\n\t\t\t\t\t\t\t\t<div class=\"icon\">\n\t\t\t\t\t\t<span class=\"fa-solid fa-location-dot\"><\/span>\n\t\t\t\t\t<\/div>\n\t\t\t\t\t\t\n\t<div class=\"content\">\n\t\t<div class=\"box-header\">\n\t\t\t\t\t\t\t<h4 class=\"heading\">\n\t\t\t\t\t\n\t\t\t\t\t\tH-9200 Mosonmagyar\u00f3v\u00e1r Lucsony u. 1.\n\t\t\t\t\t\t\n\t\t\t\t<\/h4>\n\t\t\t\t\t<\/div>\n\n\t\t\t\t\t<div class=\"text\">Hier finden Sie uns<\/div>\t\t\n\t\t\t<\/div>\n<\/div>\n<\/div>\n<\/div><\/div><\/div><div id=\"tm-column-69f28713d4c78\" class=\"wpb_column vc_column_container vc_col-sm-3\"><div class=\"vc_column-inner\"><div class=\"wpb_wrapper\"><div class=\"tm-box-icon  style-12 tm-animation move-up\" id=\"tm-box-icon-69f28713d4db9\">\n\t\t<div class=\"content-wrap\">\n\n\t\n\t\t\t\t\t\t\t\t<div class=\"icon\">\n\t\t\t\t\t\t<span class=\"fa-solid fa-phone-volume\"><\/span>\n\t\t\t\t\t<\/div>\n\t\t\t\t\t\t\n\t<div class=\"content\">\n\t\t<div class=\"box-header\">\n\t\t\t\t\t\t\t<h4 class=\"heading\">\n\t\t\t\t\t\t\t\t\t\t<a class=\"link-secret\" href=\"tel:800%20388%2080%2090\"\n\t\t\t\t\t\t\t\t\t\t\t>\n\t\t\t\t\t\t\n\t\t\t\t\t\t00 36 96 566 400\n\t\t\t\t\t\t\t\t\t\t\t<\/a>\n\t\t\t\t\n\t\t\t\t<\/h4>\n\t\t\t\t\t<\/div>\n\n\t\t\t\t\t<div class=\"text\">Rufen Sie uns jetzt an!<\/div>\t\t\n\t\t\t<\/div>\n<\/div>\n<\/div>\n<\/div><\/div><\/div><div id=\"tm-column-69f28713d52fd\" class=\"wpb_column vc_column_container vc_col-sm-3\"><div class=\"vc_column-inner\"><div class=\"wpb_wrapper\"><div class=\"tm-box-icon  style-12 tm-animation move-up\" id=\"tm-box-icon-69f28713d54ac\">\n\t\t<div class=\"content-wrap\">\n\n\t\n\t\t\t\t\t\t\t\t<div class=\"icon\">\n\t\t\t\t\t\t<span class=\"fa-solid fa-clock-rotate-left\"><\/span>\n\t\t\t\t\t<\/div>\n\t\t\t\t\t\t\n\t<div class=\"content\">\n\t\t<div class=\"box-header\">\n\t\t\t\t\t\t\t<h4 class=\"heading\">\n\t\t\t\t\t\n\t\t\t\t\t\tM-F : 08.00 - 16.00\n\t\t\t\t\t\t\n\t\t\t\t<\/h4>\n\t\t\t\t\t<\/div>\n\n\t\t\t\t\t<div class=\"text\">Unsere \u00d6ffnungszeiten<\/div>\t\t\n\t\t\t<\/div>\n<\/div>\n<\/div>\n<\/div><\/div><\/div><div id=\"tm-column-69f28713d594b\" class=\"wpb_column vc_column_container vc_col-sm-3\"><div class=\"vc_column-inner\"><div class=\"wpb_wrapper\"><div class=\"tm-box-icon  style-12 tm-animation move-up\" id=\"tm-box-icon-69f28713d5a82\">\n\t\t<div class=\"content-wrap\">\n\n\t\n\t\t\t\t\t\t\t\t<div class=\"icon\">\n\t\t\t\t\t\t<span class=\"fa-solid fa-envelope-circle-check\"><\/span>\n\t\t\t\t\t<\/div>\n\t\t\t\t\t\t\n\t<div class=\"content\">\n\t\t<div class=\"box-header\">\n\t\t\t\t\t\t\t<h4 class=\"heading\">\n\t\t\t\t\t\t\t\t\t\t<a class=\"link-secret\" href=\"mailto:denteeth@clinic.com\"\n\t\t\t\t\t\t\t\t\t\t\t>\n\t\t\t\t\t\t\n\t\t\t\t\t\tinfo@dentissimi.com\n\t\t\t\t\t\t\t\t\t\t\t<\/a>\n\t\t\t\t\n\t\t\t\t<\/h4>\n\t\t\t\t\t<\/div>\n\n\t\t\t\t\t<div class=\"text\">Schreiben Sie uns eine E-Mail!<\/div>\t\t\n\t\t\t<\/div>\n<\/div>\n<\/div>\n<\/div><\/div><\/div><\/div><div id=\"tm-row-69f28713d5f56\" class=\"vc_row vc_row-outer vc_row-fluid\"><div id=\"tm-column-69f28713d6137\" class=\"wpb_column vc_column_container vc_col-sm-8\"><div class=\"vc_column-inner\"><div class=\"wpb_wrapper\"><div class=\"tm-spacer\" id=\"tm-spacer-69f28713d6260\"><\/div>\n<div class=\"tm-contact-form-7  style-01 gutter-30 tm-animation move-up\" id=\"tm-blog-69f28713d631f\">\n\t\n<div class=\"wpcf7 no-js\" id=\"wpcf7-f3461-o1\" lang=\"hu-HU\" dir=\"ltr\" data-wpcf7-id=\"3461\">\n<div class=\"screen-reader-response\"><p role=\"status\" aria-live=\"polite\" aria-atomic=\"true\"><\/p> <ul><\/ul><\/div>\n<form action=\"\/it\/wp-json\/wp\/v2\/pages\/3459#wpcf7-f3461-o1\" method=\"post\" class=\"wpcf7-form init\" aria-label=\"Kapcsolatfelv\u00e9teli \u0171rlap\" novalidate=\"novalidate\" data-status=\"init\" data-trp-original-action=\"\/it\/wp-json\/wp\/v2\/pages\/3459#wpcf7-f3461-o1\">\n<fieldset class=\"hidden-fields-container\"><input type=\"hidden\" name=\"_wpcf7\" value=\"3461\" \/><input type=\"hidden\" name=\"_wpcf7_version\" value=\"6.1.5\" \/><input type=\"hidden\" name=\"_wpcf7_locale\" value=\"hu_HU\" \/><input type=\"hidden\" name=\"_wpcf7_unit_tag\" value=\"wpcf7-f3461-o1\" \/><input type=\"hidden\" name=\"_wpcf7_container_post\" value=\"0\" \/><input type=\"hidden\" name=\"_wpcf7_posted_data_hash\" value=\"\" \/>\n<\/fieldset>\n<div class=\"wpcf7-turnstile cf-turnstile\" data-sitekey=\"0x4AAAAAACNqHFwwdNQX1pgW\" data-response-field-name=\"_wpcf7_turnstile_response\"><\/div>\n\n<p><label> Name<br \/>\n<span class=\"wpcf7-form-control-wrap\" data-name=\"your-name\"><input size=\"40\" maxlength=\"400\" class=\"wpcf7-form-control wpcf7-text wpcf7-validates-as-required\" autocomplete=\"name\" aria-required=\"true\" aria-invalid=\"false\" value=\"\" type=\"text\" name=\"your-name\" \/><\/span> <\/label>\n<\/p>\n<p><label> E-Mail-Adresse<br \/>\n<span class=\"wpcf7-form-control-wrap\" data-name=\"your-email\"><input size=\"40\" maxlength=\"400\" class=\"wpcf7-form-control wpcf7-email wpcf7-validates-as-required wpcf7-text wpcf7-validates-as-email\" autocomplete=\"email\" aria-required=\"true\" aria-invalid=\"false\" value=\"\" type=\"email\" name=\"your-email\" \/><\/span> <\/label>\n<\/p>\n<p><label> Telefonnummer<br \/>\n<span class=\"wpcf7-form-control-wrap\" data-name=\"your-subject\"><input size=\"40\" maxlength=\"400\" class=\"wpcf7-form-control wpcf7-text wpcf7-validates-as-required\" aria-required=\"true\" aria-invalid=\"false\" value=\"\" type=\"text\" name=\"your-subject\" \/><\/span> <\/label>\n<\/p>\n<p><label> Nachricht (optional)<br \/>\n<span class=\"wpcf7-form-control-wrap\" data-name=\"your-message\"><textarea cols=\"40\" rows=\"10\" maxlength=\"2000\" class=\"wpcf7-form-control wpcf7-textarea\" aria-invalid=\"false\" name=\"your-message\"><\/textarea><\/span> <\/label><br \/>\n<span class=\"wpcf7-form-control-wrap\" data-name=\"acceptance-521\"><span class=\"wpcf7-form-control wpcf7-acceptance\"><span class=\"wpcf7-list-item\"><label><input type=\"checkbox\" name=\"acceptance-521\" value=\"1\" aria-invalid=\"false\" \/><span class=\"wpcf7-list-item-label\"><a>La riabilitazione <a href=\"https:\/\/dentissimi.com\/it\/gdpr\/\" data-type=\"page\" data-id=\"2809\">Ho letto e accetto l\u2019informativa sulla protezione dei dati.<\/p><\/span><\/label><\/span><\/span><\/span>\n<\/p>\n<p><input class=\"wpcf7-form-control wpcf7-submit has-spinner\" type=\"submit\" value=\"Ich bitte um einen R\u00fcckruf zur Terminvereinbarung!\" \/>\n<\/p><div class=\"wpcf7-response-output\" aria-hidden=\"true\"><\/div>\n<input type=\"hidden\" name=\"trp-form-language\" value=\"it\"\/><\/form>\n<\/div>\n<\/div>\n<\/div><\/div><\/div><div id=\"tm-column-69f28713d8cc6\" class=\"wpb_column vc_column_container vc_col-sm-4\"><div class=\"vc_column-inner\"><div class=\"wpb_wrapper\"><div class=\"tm-spacer\" id=\"tm-spacer-69f28713d8e24\"><\/div>\n\n<div class=\"tm-heading  left tm-animation move-up\" id=\"tm-heading-69f28713d8fe3\">\n\t<h3 class=\"heading\" >Kontaktieren Sie uns gerne!<\/h3><\/div>\n\n<div class=\"tm-spacer\" id=\"tm-spacer-69f28713d91da\"><\/div>\n\n<div class=\"tm-heading  left tm-animation move-up\" id=\"tm-heading-69f28713d9293\">\n\t<div class=\"heading\" >Melden Sie sich f\u00fcr eine Beratung an, und unser(e) Mitarbeiter(in) ruft Sie bald zur\u00fcck!<\/div><\/div>\n\n<div class=\"tm-spacer\" id=\"tm-spacer-69f28713d945f\"><\/div>\n\n<div class=\"tm-heading  left tm-animation move-up\" id=\"tm-heading-69f28713d9514\">\n\t<h3 class=\"heading\" >ODER RUFEN SIE JETZT AN:<\/h3><\/div>\n\n<div class=\"tm-spacer\" id=\"tm-spacer-69f28713d96e7\"><\/div>\n\n<div class=\"tm-heading  left tm-animation move-up\" id=\"tm-heading-69f28713d9798\">\n\t<h3 class=\"heading\" ><a href=\"http:\/\/003696566400\">(00) 36 96 566 400<\/a><\/h3><\/div>\n\n<div class=\"tm-spacer\" id=\"tm-spacer-69f28713d998d\"><\/div>\n\n<div class=\"tm-heading  left tm-animation move-up\" id=\"tm-heading-69f28713d9a3e\">\n\t<div class=\"heading\" >Kontaktieren Sie uns f\u00fcr eine Online-Beratung oder melden Sie sich so bald wie m\u00f6glich f\u00fcr eine kostenlose Konsultation an<\/div><\/div>\n\n<div class=\"tm-spacer\" id=\"tm-spacer-69f28713d9bfd\"><\/div>\n<div class=\"tm-box-icon  style-10 tm-animation move-up\" id=\"tm-box-icon-69f28713d9c8a\">\n\t\t<div class=\"content-wrap\">\n\t<div class=\"content-inner\">\n\t\t<div class=\"content-left\">\n\t\t\t\n\t\t\t\t\t\t\t\t\t\t\t\t<div class=\"icon\">\n\t\t\t\t\t\t<span class=\"fa-regular fa-clock\"><\/span>\n\t\t\t\t\t<\/div>\n\t\t\t\t\t\t\t\t\t\t<\/div>\n\n\t\t<div class=\"content\">\n\n\t\t\t\t\t\t\t<h4 class=\"heading\">\n\t\t\t\t\t\n\t\t\t\t\t\tUnsere \u00d6ffnungszeiten:\n\t\t\t\t\t\t\n\t\t\t\t<\/h4>\n\t\t\t\n\t\t\t\t\t\t\t<div class=\"text\">Montag\u2013Freitag 08:00\u201316:00<br \/>\nSamstag\u2013Sonntag geschlossen!<\/div>\t\t\t\n\t\t\t\t\t<\/div>\n\t<\/div>\n<\/div>\n<\/div>\n<div class=\"tm-button-wrapper  tm-animation move-up\" id=\"tm-button-69f28713da210\">\n\t\t<a class=\"tm-button style-text_with_underline tm-button-nm tm-button-primary tm-button- has-icon has-icon-left\" href=\"https:\/\/www.google.com\/maps\/place\/Dentissimi\/@47.8787307,17.2717598,17z\/data=!3m1!4b1!4m6!3m5!1s0x476c77e287791701:0x41f5e5b3eeb3eb3e!8m2!3d47.8787307!4d17.2743347!16s%2Fg%2F1tjpp923?entry=ttu&#038;g_ep=EgoyMDI1MTEwNS4wIKXMDSoASAFQAw%3D%3D\" target=\"_blank\" rel=\"noopener\">\n\n\t\t\n\t\t\t\t\t\t\t<span class=\"button-icon\">\n\t\t\t\t<i class=\"fal fa-map-marker-alt\"><\/i>\n\t\t\t<\/span>\n\t\t\t\t\t\t<span class=\"button-text\" data-text=\"Auf der Karte ansehen!\">\n\t\t\t\tAuf der Karte ansehen!\t\t\t<\/span>\n\t\t\t\n\t\t\n\n\t<\/a>\n<\/div>\n<div class=\"tm-spacer\" id=\"tm-spacer-69f28713da278\"><\/div>\n<\/div><\/div><\/div><\/div>\n<\/div>","protected":false},"excerpt":{"rendered":"H-9200 Mosonmagyar\u00f3v\u00e1r Lucsony u. 1. Hier finden Sie uns 00 36 96 566 400 Rufen Sie uns jetzt an! M-F : 08.00 - 16.00 Unsere \u00d6ffnungszeiten info@dentissimi.com Schreiben Sie uns eine E-Mail! Name E-Mail-Adresse Telefonnummer Nachricht (optional) Az adatkezel\u00e9si t\u00e1j\u00e9koztat\u00f3t megismertem \u00e9s elfogadom Kontaktieren Sie uns gerne! Melden Sie sich f\u00fcr eine Beratung an, und unser(e) Mitarbeiter(in) ruft Sie bald zur\u00fcck! ODER RUFEN SIE JETZT AN: (00) 36 96 566 400 Kontaktieren Sie uns f\u00fcr eine Online-Beratung oder melden Sie sich so bald wie m\u00f6glich f\u00fcr eine kostenlose Konsultation an Unsere \u00d6ffnungszeiten: Montag\u2013Freitag 08:00\u201316:00 Samstag\u2013Sonntag geschlossen! Auf der Karte ansehen!","protected":false},"author":1,"featured_media":0,"parent":0,"menu_order":0,"comment_status":"closed","ping_status":"closed","template":"","meta":{"footnotes":""},"class_list":["post-3459","page","type-page","status-publish","hentry"],"_links":{"self":[{"href":"https:\/\/dentissimi.com\/it\/wp-json\/wp\/v2\/pages\/3459","targetHints":{"allow":["GET"]}}],"collection":[{"href":"https:\/\/dentissimi.com\/it\/wp-json\/wp\/v2\/pages"}],"about":[{"href":"https:\/\/dentissimi.com\/it\/wp-json\/wp\/v2\/types\/page"}],"author":[{"embeddable":true,"href":"https:\/\/dentissimi.com\/it\/wp-json\/wp\/v2\/users\/1"}],"replies":[{"embeddable":true,"href":"https:\/\/dentissimi.com\/it\/wp-json\/wp\/v2\/comments?post=3459"}],"version-history":[{"count":7,"href":"https:\/\/dentissimi.com\/it\/wp-json\/wp\/v2\/pages\/3459\/revisions"}],"predecessor-version":[{"id":3499,"href":"https:\/\/dentissimi.com\/it\/wp-json\/wp\/v2\/pages\/3459\/revisions\/3499"}],"wp:attachment":[{"href":"https:\/\/dentissimi.com\/it\/wp-json\/wp\/v2\/media?parent=3459"}],"curies":[{"name":"wp","href":"https:\/\/api.w.org\/{rel}","templated":true}]}}