{"id":3374,"date":"2025-12-04T10:34:16","date_gmt":"2025-12-04T10:34:16","guid":{"rendered":"https:\/\/dentissimi.com\/?page_id=3374"},"modified":"2025-12-12T08:08:03","modified_gmt":"2025-12-12T08:08:03","slug":"controllo-dentistico-kapcsolat","status":"publish","type":"page","link":"https:\/\/dentissimi.com\/it\/controllo-dentistico-kapcsolat\/","title":{"rendered":"Landing Controllo dentistico kapcsolat"},"content":{"rendered":"<div class=\"wpb-content-wrapper\"><div id=\"tm-row-69f38b76bab68\" class=\"vc_row vc_row-outer vc_row-fluid\"><div id=\"tm-column-69f38b76baf5c\" class=\"wpb_column vc_column_container vc_col-sm-12\"><div class=\"vc_column-inner\"><div class=\"wpb_wrapper\"><div class=\"tm-spacer\" id=\"tm-spacer-69f38b76bb0e6\"><\/div>\n<div class=\"tm-spacer\" id=\"tm-spacer-69f38b76bb143\"><\/div>\n<\/div><\/div><\/div><\/div><div id=\"tm-row-69f38b76bb269\" class=\"vc_row vc_row-outer vc_row-fluid\"><div id=\"tm-column-69f38b76bb4a1\" class=\"wpb_column vc_column_container vc_col-sm-3\"><div class=\"vc_column-inner\"><div class=\"wpb_wrapper\"><div class=\"tm-box-icon  style-12 tm-animation move-up\" id=\"tm-box-icon-69f38b76bb81c\">\n\t\t<div class=\"content-wrap\">\n\n\t\n\t\t\t\t\t\t\t\t<div class=\"icon\">\n\t\t\t\t\t\t<span class=\"fa-solid fa-location-dot\"><\/span>\n\t\t\t\t\t<\/div>\n\t\t\t\t\t\t\n\t<div class=\"content\">\n\t\t<div class=\"box-header\">\n\t\t\t\t\t\t\t<h4 class=\"heading\">\n\t\t\t\t\t\n\t\t\t\t\t\tH-9200 Mosonmagyar\u00f3v\u00e1r Lucsony u. 1.\n\t\t\t\t\t\t\n\t\t\t\t<\/h4>\n\t\t\t\t\t<\/div>\n\n\t\t\t\t\t<div class=\"text\">Ci trova qui<\/div>\t\t\n\t\t\t<\/div>\n<\/div>\n<\/div>\n<\/div><\/div><\/div><div id=\"tm-column-69f38b76bbf12\" class=\"wpb_column vc_column_container vc_col-sm-3\"><div class=\"vc_column-inner\"><div class=\"wpb_wrapper\"><div class=\"tm-box-icon  style-12 tm-animation move-up\" id=\"tm-box-icon-69f38b76bc09a\">\n\t\t<div class=\"content-wrap\">\n\n\t\n\t\t\t\t\t\t\t\t<div class=\"icon\">\n\t\t\t\t\t\t<span class=\"fa-solid fa-phone-volume\"><\/span>\n\t\t\t\t\t<\/div>\n\t\t\t\t\t\t\n\t<div class=\"content\">\n\t\t<div class=\"box-header\">\n\t\t\t\t\t\t\t<h4 class=\"heading\">\n\t\t\t\t\t\t\t\t\t\t<a class=\"link-secret\" href=\"http:\/\/003696566400\"\n\t\t\t\t\t\t\t\t\t\t\t>\n\t\t\t\t\t\t\n\t\t\t\t\t\t00 36 96 566 400\n\t\t\t\t\t\t\t\t\t\t\t<\/a>\n\t\t\t\t\n\t\t\t\t<\/h4>\n\t\t\t\t\t<\/div>\n\n\t\t\t\t\t<div class=\"text\">Cell: +39 331 720 4164<\/div>\t\t\n\t\t\t<\/div>\n<\/div>\n<\/div>\n<\/div><\/div><\/div><div id=\"tm-column-69f38b76bc75c\" class=\"wpb_column vc_column_container vc_col-sm-3\"><div class=\"vc_column-inner\"><div class=\"wpb_wrapper\"><div class=\"tm-box-icon  style-12 tm-animation move-up\" id=\"tm-box-icon-69f38b76bc913\">\n\t\t<div class=\"content-wrap\">\n\n\t\n\t\t\t\t\t\t\t\t<div class=\"icon\">\n\t\t\t\t\t\t<span class=\"fa-solid fa-clock-rotate-left\"><\/span>\n\t\t\t\t\t<\/div>\n\t\t\t\t\t\t\n\t<div class=\"content\">\n\t\t<div class=\"box-header\">\n\t\t\t\t\t\t\t<h4 class=\"heading\">\n\t\t\t\t\t\n\t\t\t\t\t\tLun\u2013Ven: 08:00 \u2013 16:00\n\t\t\t\t\t\t\n\t\t\t\t<\/h4>\n\t\t\t\t\t<\/div>\n\n\t\t\t\t\t<div class=\"text\">Orario di apertura<\/div>\t\t\n\t\t\t<\/div>\n<\/div>\n<\/div>\n<\/div><\/div><\/div><div id=\"tm-column-69f38b76bcf22\" class=\"wpb_column vc_column_container vc_col-sm-3\"><div class=\"vc_column-inner\"><div class=\"wpb_wrapper\"><div class=\"tm-box-icon  style-12 tm-animation move-up\" id=\"tm-box-icon-69f38b76bd0a5\">\n\t\t<div class=\"content-wrap\">\n\n\t\n\t\t\t\t\t\t\t\t<div class=\"icon\">\n\t\t\t\t\t\t<span class=\"fa-solid fa-envelope-circle-check\"><\/span>\n\t\t\t\t\t<\/div>\n\t\t\t\t\t\t\n\t<div class=\"content\">\n\t\t<div class=\"box-header\">\n\t\t\t\t\t\t\t<h4 class=\"heading\">\n\t\t\t\t\t\t\t\t\t\t<a class=\"link-secret\" href=\"mailto:denteeth@clinic.com\"\n\t\t\t\t\t\t\t\t\t\t\t>\n\t\t\t\t\t\t\n\t\t\t\t\t\tinfo@dentissimi.com\n\t\t\t\t\t\t\t\t\t\t\t<\/a>\n\t\t\t\t\n\t\t\t\t<\/h4>\n\t\t\t\t\t<\/div>\n\n\t\t\t\t\t<div class=\"text\">Ci scriva una e-mail!<\/div>\t\t\n\t\t\t<\/div>\n<\/div>\n<\/div>\n<\/div><\/div><\/div><\/div><div id=\"tm-row-69f38b76bd74e\" class=\"vc_row vc_row-outer vc_row-fluid\"><div id=\"tm-column-69f38b76bd9ac\" class=\"wpb_column vc_column_container vc_col-sm-8\"><div class=\"vc_column-inner\"><div class=\"wpb_wrapper\"><div class=\"tm-spacer\" id=\"tm-spacer-69f38b76bdafb\"><\/div>\n<div class=\"tm-contact-form-7  style-01 gutter-30 tm-animation move-up\" id=\"tm-blog-69f38b76bdb8e\">\n\t\n<div class=\"wpcf7 no-js\" id=\"wpcf7-f3306-o1\" lang=\"hu-HU\" dir=\"ltr\" data-wpcf7-id=\"3306\">\n<div class=\"screen-reader-response\"><p role=\"status\" aria-live=\"polite\" aria-atomic=\"true\"><\/p> <ul><\/ul><\/div>\n<form action=\"\/it\/wp-json\/wp\/v2\/pages\/3374#wpcf7-f3306-o1\" method=\"post\" class=\"wpcf7-form init\" aria-label=\"Kapcsolatfelv\u00e9teli \u0171rlap\" novalidate=\"novalidate\" data-status=\"init\" data-trp-original-action=\"\/it\/wp-json\/wp\/v2\/pages\/3374#wpcf7-f3306-o1\">\n<fieldset class=\"hidden-fields-container\"><input type=\"hidden\" name=\"_wpcf7\" value=\"3306\" \/><input type=\"hidden\" name=\"_wpcf7_version\" value=\"6.1.5\" \/><input type=\"hidden\" name=\"_wpcf7_locale\" value=\"hu_HU\" \/><input type=\"hidden\" name=\"_wpcf7_unit_tag\" value=\"wpcf7-f3306-o1\" \/><input type=\"hidden\" name=\"_wpcf7_container_post\" value=\"0\" \/><input type=\"hidden\" name=\"_wpcf7_posted_data_hash\" value=\"\" \/>\n<\/fieldset>\n<div class=\"wpcf7-turnstile cf-turnstile\" data-sitekey=\"0x4AAAAAACNqHFwwdNQX1pgW\" data-response-field-name=\"_wpcf7_turnstile_response\"><\/div>\n\n<p><label> Nome<br \/>\n<span class=\"wpcf7-form-control-wrap\" data-name=\"your-name\"><input size=\"40\" maxlength=\"400\" class=\"wpcf7-form-control wpcf7-text wpcf7-validates-as-required\" autocomplete=\"name\" aria-required=\"true\" aria-invalid=\"false\" value=\"\" type=\"text\" name=\"your-name\" \/><\/span> <\/label>\n<\/p>\n<p><label> indirizzo e-mail<br \/>\n<span class=\"wpcf7-form-control-wrap\" data-name=\"your-email\"><input size=\"40\" maxlength=\"400\" class=\"wpcf7-form-control wpcf7-email wpcf7-validates-as-required wpcf7-text wpcf7-validates-as-email\" autocomplete=\"email\" aria-required=\"true\" aria-invalid=\"false\" value=\"\" type=\"email\" name=\"your-email\" \/><\/span> <\/label>\n<\/p>\n<p><label> numero di telefono<br \/>\n<span class=\"wpcf7-form-control-wrap\" data-name=\"your-subject\"><input size=\"40\" maxlength=\"400\" class=\"wpcf7-form-control wpcf7-text wpcf7-validates-as-required\" aria-required=\"true\" aria-invalid=\"false\" value=\"\" type=\"text\" name=\"your-subject\" \/><\/span> <\/label>\n<\/p>\n<p><label> Messaggio (facoltativo)<br \/>\n<span class=\"wpcf7-form-control-wrap\" data-name=\"your-message\"><textarea cols=\"40\" rows=\"10\" maxlength=\"2000\" class=\"wpcf7-form-control wpcf7-textarea\" aria-invalid=\"false\" name=\"your-message\"><\/textarea><\/span> <\/label><br \/>\n<span class=\"wpcf7-form-control-wrap\" data-name=\"acceptance-521\"><span class=\"wpcf7-form-control wpcf7-acceptance\"><span class=\"wpcf7-list-item\"><label><input type=\"checkbox\" name=\"acceptance-521\" value=\"1\" aria-invalid=\"false\" \/><span class=\"wpcf7-list-item-label\"><a>La riabilitazione <a href=\"https:\/\/dentissimi.com\/it\/gdpr\/\" data-type=\"page\" data-id=\"2809\">Ho letto e accetto l\u2019informativa sulla protezione dei dati.<\/p><\/span><\/label><\/span><\/span><\/span>\n<\/p>\n<p><input class=\"wpcf7-form-control wpcf7-submit has-spinner\" type=\"submit\" value=\"Richiedo una richiamata per fissare un appuntamento!\" \/>\n<\/p><div class=\"wpcf7-response-output\" aria-hidden=\"true\"><\/div>\n<input type=\"hidden\" name=\"trp-form-language\" value=\"it\"\/><\/form>\n<\/div>\n<\/div>\n<\/div><\/div><\/div><div id=\"tm-column-69f38b76c1195\" class=\"wpb_column vc_column_container vc_col-sm-4\"><div class=\"vc_column-inner\"><div class=\"wpb_wrapper\"><div class=\"tm-spacer\" id=\"tm-spacer-69f38b76c137b\"><\/div>\n\n<div class=\"tm-heading  left tm-animation move-up\" id=\"tm-heading-69f38b76c1480\">\n\t<h3 class=\"heading\" >Ci contatti con fiducia!<\/h3><\/div>\n\n<div class=\"tm-spacer\" id=\"tm-spacer-69f38b76c16a8\"><\/div>\n\n<div class=\"tm-heading  left tm-animation move-up\" id=\"tm-heading-69f38b76c176e\">\n\t<div class=\"heading\" >Si iscriva per una consulenza e un nostro collega La richiamer\u00e0 al pi\u00f9 presto!<\/div><\/div>\n\n<div class=\"tm-spacer\" id=\"tm-spacer-69f38b76c194a\"><\/div>\n\n<div class=\"tm-heading  left tm-animation move-up\" id=\"tm-heading-69f38b76c1a24\">\n\t<h3 class=\"heading\" >OPPURE CI CHIAMI ORA:<\/h3><\/div>\n\n<div class=\"tm-spacer\" id=\"tm-spacer-69f38b76c1c80\"><\/div>\n\n<div class=\"tm-heading  left tm-animation move-up\" id=\"tm-heading-69f38b76c1d9f\">\n\t<h4 class=\"heading\" >(00) 36 96 566 400<\/h4><\/div>\n\n<div class=\"tm-spacer\" id=\"tm-spacer-69f38b76c1faa\"><\/div>\n\n<div class=\"tm-heading  left tm-animation move-up\" id=\"tm-heading-69f38b76c2071\">\n\t<h4 class=\"heading\" ><a href=\"http:\/\/0036703352814\">Cell: +39 331 720 4164<\/a><\/h4><\/div>\n\n<div class=\"tm-spacer\" id=\"tm-spacer-69f38b76c2314\"><\/div>\n\n<div class=\"tm-heading  left tm-animation move-up\" id=\"tm-heading-69f38b76c241a\">\n\t<div class=\"heading\" >Ci contatti per una consulenza online oppure si iscriva al pi\u00f9 presto per una consulenza gratuita.<\/div><\/div>\n\n<div class=\"tm-spacer\" id=\"tm-spacer-69f38b76c2640\"><\/div>\n<div class=\"tm-box-icon  style-10 tm-animation move-up\" id=\"tm-box-icon-69f38b76c26f0\">\n\t\t<div class=\"content-wrap\">\n\t<div class=\"content-inner\">\n\t\t<div class=\"content-left\">\n\t\t\t\n\t\t\t\t\t\t\t\t\t\t\t\t<div class=\"icon\">\n\t\t\t\t\t\t<span class=\"fa-regular fa-clock\"><\/span>\n\t\t\t\t\t<\/div>\n\t\t\t\t\t\t\t\t\t\t<\/div>\n\n\t\t<div class=\"content\">\n\n\t\t\t\t\t\t\t<h4 class=\"heading\">\n\t\t\t\t\t\n\t\t\t\t\t\tIl nostro orario di apertura:\n\t\t\t\t\t\t\n\t\t\t\t<\/h4>\n\t\t\t\n\t\t\t\t\t\t\t<div class=\"text\">Luned\u00ec\u2013Venerd\u00ec 08:00\u201316:00<br \/>\nSabato\u2013Domenica chiuso!<\/div>\t\t\t\n\t\t\t\t\t<\/div>\n\t<\/div>\n<\/div>\n<\/div>\n<div class=\"tm-button-wrapper  tm-animation move-up\" id=\"tm-button-69f38b76c2d4e\">\n\t\t<a class=\"tm-button style-text_with_underline tm-button-nm tm-button-primary tm-button- has-icon has-icon-left\" href=\"https:\/\/www.google.com\/maps\/place\/Dentissimi\/@47.8787307,17.2717598,17z\/data=!3m1!4b1!4m6!3m5!1s0x476c77e287791701:0x41f5e5b3eeb3eb3e!8m2!3d47.8787307!4d17.2743347!16s%2Fg%2F1tjpp923?entry=ttu&#038;g_ep=EgoyMDI1MTEwNS4wIKXMDSoASAFQAw%3D%3D\" target=\"_blank\" rel=\"noopener\">\n\n\t\t\n\t\t\t\t\t\t\t<span class=\"button-icon\">\n\t\t\t\t<i class=\"fal fa-map-marker-alt\"><\/i>\n\t\t\t<\/span>\n\t\t\t\t\t\t<span class=\"button-text\" data-text=\"L\u00e1ssam a t\u00e9rk\u00e9pen\">\n\t\t\t\tMostramelo sulla mappa\t\t\t<\/span>\n\t\t\t\n\t\t\n\n\t<\/a>\n<\/div>\n<div class=\"tm-spacer\" id=\"tm-spacer-69f38b76c2dde\"><\/div>\n<\/div><\/div><\/div><\/div>\n<\/div>","protected":false},"excerpt":{"rendered":"H-9200 Mosonmagyar\u00f3v\u00e1r Lucsony u. 1. Itt tal\u00e1l meg minket 00 36 96 566 400 mobil: +36 70 335 2814 H-P : 08.00 - 16.00 Nyitvatart\u00e1si id\u0151nk info@dentissimi.com \u00cdrjon nek\u00fcnk Emailt! N\u00e9v E-mail c\u00edm Telefonsz\u00e1m \u00dczenet (nem k\u00f6telez\u0151) Az adatkezel\u00e9si t\u00e1j\u00e9koztat\u00f3t megismertem \u00e9s elfogadom Keressen benn\u00fcnket b\u00e1tran! Jelentkezzen be konzult\u00e1ci\u00f3ra, \u00e9s koll\u00e9g\u00e1nk hamarosan visszah\u00edvja! VAGY TELEFON\u00c1LJON MOST: (00) 36 96 566 400 mobil: +36 70 335 2814 Keressen minket online tan\u00e1cs\u00e9rt vagy jelentkezzen be miel\u0151bb ingyernes konzult\u00e1ci\u00f3ra. Nyitvatart\u00e1si id\u0151nk: H\u00e9tf\u0151-P\u00e9ntek 08:00-16:00 Szombat-Vas\u00e1rnap z\u00e1rva! L\u00e1ssam a t\u00e9rk\u00e9pen","protected":false},"author":1,"featured_media":0,"parent":0,"menu_order":0,"comment_status":"closed","ping_status":"closed","template":"","meta":{"footnotes":""},"class_list":["post-3374","page","type-page","status-publish","hentry"],"_links":{"self":[{"href":"https:\/\/dentissimi.com\/it\/wp-json\/wp\/v2\/pages\/3374","targetHints":{"allow":["GET"]}}],"collection":[{"href":"https:\/\/dentissimi.com\/it\/wp-json\/wp\/v2\/pages"}],"about":[{"href":"https:\/\/dentissimi.com\/it\/wp-json\/wp\/v2\/types\/page"}],"author":[{"embeddable":true,"href":"https:\/\/dentissimi.com\/it\/wp-json\/wp\/v2\/users\/1"}],"replies":[{"embeddable":true,"href":"https:\/\/dentissimi.com\/it\/wp-json\/wp\/v2\/comments?post=3374"}],"version-history":[{"count":6,"href":"https:\/\/dentissimi.com\/it\/wp-json\/wp\/v2\/pages\/3374\/revisions"}],"predecessor-version":[{"id":3509,"href":"https:\/\/dentissimi.com\/it\/wp-json\/wp\/v2\/pages\/3374\/revisions\/3509"}],"wp:attachment":[{"href":"https:\/\/dentissimi.com\/it\/wp-json\/wp\/v2\/media?parent=3374"}],"curies":[{"name":"wp","href":"https:\/\/api.w.org\/{rel}","templated":true}]}}