{"id":3078,"date":"2025-11-26T11:09:37","date_gmt":"2025-11-26T11:09:37","guid":{"rendered":"https:\/\/dentissimi.com\/?page_id=3078"},"modified":"2025-12-16T11:25:28","modified_gmt":"2025-12-16T11:25:28","slug":"online-konzultacio","status":"publish","type":"page","link":"https:\/\/dentissimi.com\/it\/online-konzultacio\/","title":{"rendered":"Consulenza online"},"content":{"rendered":"<div class=\"wpb-content-wrapper\"><div id=\"tm-row-69e0052b18b64\" class=\"vc_row vc_row-outer vc_row-fluid\"><div id=\"tm-column-69e0052b18e10\" class=\"wpb_column vc_column_container vc_col-sm-12\"><div class=\"vc_column-inner\"><div class=\"wpb_wrapper\">\n<div class=\"tm-heading  left tm-animation move-up\" id=\"tm-heading-69e0052b19031\">\n\t<h2 class=\"heading\" >Consulenza online \u2013 una soluzione rapida, comoda e sicura<\/h2><\/div>\n\n<div class=\"tm-spacer\" id=\"tm-spacer-69e0052b19261\"><\/div>\n<div class=\"tm-image  tm-animation move-up\" id=\"tm-image-69e0052b192d5\">\n\t\t\t<div class=\"image\"><img decoding=\"async\" src=\"https:\/\/dentissimi.com\/wp-content\/uploads\/2025\/12\/online-konz.webp\" alt=\"Id\u0151sebb f\u00e9rfi online orvosi konzult\u00e1ci\u00f3n vesz r\u00e9szt, laptop k\u00e9perny\u0151j\u00e9n mosolyg\u00f3 doktorn\u0151 feh\u00e9r k\u00f6penyben, sztetoszk\u00f3ppal\" \/><\/div>\t\t<\/div>\n<div class=\"tm-spacer\" id=\"tm-spacer-69e0052b19784\"><\/div>\n<\/div><\/div><\/div><\/div><div id=\"tm-row-69e0052b198b6\" class=\"vc_row vc_row-outer vc_row-fluid\"><div id=\"tm-column-69e0052b19ada\" class=\"wpb_column vc_column_container vc_col-sm-12\"><div class=\"vc_column-inner\"><div class=\"wpb_wrapper\">\n\t<div class=\"wpb_text_column wpb_content_element\" >\n\t\t<div class=\"wpb_wrapper\">\n\t\t\t<h3 data-start=\"315\" data-end=\"362\"><strong data-start=\"318\" data-end=\"360\">Perch\u00e9 scegliere la consulenza online?<\/strong><\/h3>\n<p data-start=\"363\" data-end=\"656\">Se vive lontano dal nostro ambulatorio o desidera avere in anticipo un quadro chiaro del possibile piano di trattamento e dei costi, la consulenza online \u00e8 la scelta ideale. Non \u00e8 necessario viaggiare: \u00e8 sufficiente inviare la Sua radiografia panoramica, e il nostro dentista discuter\u00e0 con Lei in modo dettagliato i passaggi necessari.<\/p>\n<hr data-start=\"658\" data-end=\"661\">\n<h3 data-start=\"663\" data-end=\"706\"><strong data-start=\"665\" data-end=\"706\">Come funziona la consulenza online?<\/strong><\/h3>\n<h4 data-start=\"708\" data-end=\"746\"><strong data-start=\"712\" data-end=\"744\">1. Caricamento semplice della radiografia<\/strong><\/h4>\n<p data-start=\"747\" data-end=\"823\">Invii la Sua radiografia panoramica via e-mail o tramite il nostro sito.<\/p>\n<h4 data-start=\"825\" data-end=\"861\"><strong data-start=\"829\" data-end=\"859\">2. Preparazione del piano di trattamento<\/strong><\/h4>\n<p data-start=\"862\" data-end=\"956\">Il nostro dentista valuter\u00e0 l\u2019immagine, preparer\u00e0 il piano di trattamento preliminare e il preventivo.<\/p>\n<h4 data-start=\"958\" data-end=\"989\"><strong data-start=\"962\" data-end=\"987\">3. Colloquio online<\/strong><\/h4>\n<p data-start=\"990\" data-end=\"1037\">Durante una videochiamata discuteremo in dettaglio:<\/p>\n<ul data-start=\"1038\" data-end=\"1162\">\n<li data-start=\"1038\" data-end=\"1067\">\n<p data-start=\"1040\" data-end=\"1067\">le opzioni di trattamento,<\/p>\n<\/li>\n<li data-start=\"1068\" data-end=\"1094\">\n<p data-start=\"1070\" data-end=\"1094\">i costi previsti,<\/p>\n<\/li>\n<li data-start=\"1095\" data-end=\"1130\">\n<p data-start=\"1097\" data-end=\"1130\">lo svolgimento e la durata del trattamento,<\/p>\n<\/li>\n<li data-start=\"1131\" data-end=\"1162\">\n<p data-start=\"1133\" data-end=\"1162\">e tutte le Sue domande.<\/p>\n<\/li>\n<\/ul>\n<h4 data-start=\"1164\" data-end=\"1207\"><strong data-start=\"1168\" data-end=\"1205\">4. Preparazione del trattamento in presenza<\/strong><\/h4>\n<p data-start=\"1208\" data-end=\"1358\">Se lo desidera, organizzeremo un appuntamento in presenza nel nostro ambulatorio in Ungheria.<\/p>\n<hr data-start=\"1360\" data-end=\"1363\">\n<h3 data-start=\"1365\" data-end=\"1386\"><strong data-start=\"1367\" data-end=\"1386\">A chi lo consigliamo?<\/strong><\/h3>\n<p data-start=\"1388\" data-end=\"1650\">\u2714 Per chi vive lontano e non desidera viaggiare inutilmente<br data-start=\"1447\" data-end=\"1450\">\u2714 Per chi desidera un preventivo preliminare senza visita in presenza<br data-start=\"1516\" data-end=\"1519\">\u2714 Per i nuovi pazienti che desiderano conoscere le possibilit\u00e0 di trattamento<br data-start=\"1588\" data-end=\"1591\">\u2714 Per i pazienti gi\u00e0 esistenti per il controllo annuale \u2013 se non ci sono disturbi<\/p>\n<hr data-start=\"1652\" data-end=\"1655\">\n<h3 data-start=\"1657\" data-end=\"1692\"><strong data-start=\"1659\" data-end=\"1692\">I vantaggi della consulenza online<\/strong><\/h3>\n<ul data-start=\"1694\" data-end=\"1938\">\n<li data-start=\"1694\" data-end=\"1729\">\n<p data-start=\"1696\" data-end=\"1729\"><strong data-start=\"1696\" data-end=\"1727\">Risparmia tempo e viaggi<\/strong><\/p>\n<\/li>\n<li data-start=\"1730\" data-end=\"1772\">\n<p data-start=\"1732\" data-end=\"1772\"><strong data-start=\"1732\" data-end=\"1754\">Risposta rapida sulla base<\/strong> della radiografia<\/p>\n<\/li>\n<li data-start=\"1773\" data-end=\"1838\">\n<p data-start=\"1775\" data-end=\"1838\"><strong data-start=\"1775\" data-end=\"1805\">Preventivo preciso e preliminare ancora<\/strong> prima di iniziare il trattamento<\/p>\n<\/li>\n<li data-start=\"1839\" data-end=\"1889\">\n<p data-start=\"1841\" data-end=\"1889\"><strong data-start=\"1841\" data-end=\"1873\">Consulenza personalizzata tramite<\/strong> videochiamata<\/p>\n<\/li>\n<li data-start=\"1890\" data-end=\"1938\">\n<p data-start=\"1892\" data-end=\"1938\"><strong data-start=\"1892\" data-end=\"1936\">Comodo, flessibile e gestibile da casa<\/strong><\/p>\n<\/li>\n<\/ul>\n<hr data-start=\"1940\" data-end=\"1943\">\n<h3 data-start=\"1945\" data-end=\"1987\"><strong data-start=\"1947\" data-end=\"1987\">Cosa bisogna inviare per la consulenza?<\/strong><\/h3>\n<p data-start=\"1989\" data-end=\"2113\">\u2714 Radiografia panoramica (non pi\u00f9 vecchia di 1 anno)<br data-start=\"2036\" data-end=\"2039\">\u2714 Breve descrizione dei disturbi attuali<br data-start=\"2077\" data-end=\"2080\">\u2714 Recapiti (telefono, e-mail)<\/p>\n<hr data-start=\"2115\" data-end=\"2118\">\n\n\t\t<\/div>\n\t<\/div>\n<div class=\"tm-spacer\" id=\"tm-spacer-69e0052b19ea3\"><\/div>\n<\/div><\/div><\/div><\/div><div id=\"tm-row-69e0052b19fec\" class=\"vc_row vc_row-outer vc_row-fluid\"><div id=\"tm-column-69e0052b1a180\" class=\"wpb_column vc_column_container vc_col-sm-12\"><div class=\"vc_column-inner\"><div class=\"wpb_wrapper\"><div class=\"tm-spacer\" id=\"tm-spacer-69e0052b1a27e\"><\/div>\n\n<div class=\"tm-heading  left tm-animation move-up\" id=\"tm-heading-69e0052b1a33d\">\n\t<h2 class=\"heading\" >Prenoti una consulenza online!<\/h2><\/div>\n\n<div class=\"tm-spacer\" id=\"tm-spacer-69e0052b1a510\"><\/div>\n\n<div class=\"tm-heading  left tm-animation move-up\" id=\"tm-heading-69e0052b1a5d5\">\n\t<h5 class=\"heading\" >Compili il nostro modulo e iniziamo insieme la pianificazione \u2013 senza viaggi, in modo comodo e sicuro.<\/h5><\/div>\n\n<div class=\"tm-spacer\" id=\"tm-spacer-69e0052b1a7c1\"><\/div>\n<div class=\"tm-contact-form-7  style-01 gutter-30 tm-animation move-up\" id=\"tm-blog-69e0052b1a81b\">\n\t\n<div class=\"wpcf7 no-js\" id=\"wpcf7-f3306-o1\" lang=\"hu-HU\" dir=\"ltr\" data-wpcf7-id=\"3306\">\n<div class=\"screen-reader-response\"><p role=\"status\" aria-live=\"polite\" aria-atomic=\"true\"><\/p> <ul><\/ul><\/div>\n<form action=\"\/it\/wp-json\/wp\/v2\/pages\/3078#wpcf7-f3306-o1\" method=\"post\" class=\"wpcf7-form init\" aria-label=\"Kapcsolatfelv\u00e9teli \u0171rlap\" novalidate=\"novalidate\" data-status=\"init\" data-trp-original-action=\"\/it\/wp-json\/wp\/v2\/pages\/3078#wpcf7-f3306-o1\">\n<fieldset class=\"hidden-fields-container\"><input type=\"hidden\" name=\"_wpcf7\" value=\"3306\" \/><input type=\"hidden\" name=\"_wpcf7_version\" value=\"6.1.5\" \/><input type=\"hidden\" name=\"_wpcf7_locale\" value=\"hu_HU\" \/><input type=\"hidden\" name=\"_wpcf7_unit_tag\" value=\"wpcf7-f3306-o1\" \/><input type=\"hidden\" name=\"_wpcf7_container_post\" value=\"0\" \/><input type=\"hidden\" name=\"_wpcf7_posted_data_hash\" value=\"\" \/>\n<\/fieldset>\n<div class=\"wpcf7-turnstile cf-turnstile\" data-sitekey=\"0x4AAAAAACNqHFwwdNQX1pgW\" data-response-field-name=\"_wpcf7_turnstile_response\"><\/div>\n\n<p><label> Nome<br \/>\n<span class=\"wpcf7-form-control-wrap\" data-name=\"your-name\"><input size=\"40\" maxlength=\"400\" class=\"wpcf7-form-control wpcf7-text wpcf7-validates-as-required\" autocomplete=\"name\" aria-required=\"true\" aria-invalid=\"false\" value=\"\" type=\"text\" name=\"your-name\" \/><\/span> <\/label>\n<\/p>\n<p><label> indirizzo e-mail<br \/>\n<span class=\"wpcf7-form-control-wrap\" data-name=\"your-email\"><input size=\"40\" maxlength=\"400\" class=\"wpcf7-form-control wpcf7-email wpcf7-validates-as-required wpcf7-text wpcf7-validates-as-email\" autocomplete=\"email\" aria-required=\"true\" aria-invalid=\"false\" value=\"\" type=\"email\" name=\"your-email\" \/><\/span> <\/label>\n<\/p>\n<p><label> numero di telefono<br \/>\n<span class=\"wpcf7-form-control-wrap\" data-name=\"your-subject\"><input size=\"40\" maxlength=\"400\" class=\"wpcf7-form-control wpcf7-text wpcf7-validates-as-required\" aria-required=\"true\" aria-invalid=\"false\" value=\"\" type=\"text\" name=\"your-subject\" \/><\/span> <\/label>\n<\/p>\n<p><label> Messaggio (facoltativo)<br \/>\n<span class=\"wpcf7-form-control-wrap\" data-name=\"your-message\"><textarea cols=\"40\" rows=\"10\" maxlength=\"2000\" class=\"wpcf7-form-control wpcf7-textarea\" aria-invalid=\"false\" name=\"your-message\"><\/textarea><\/span> <\/label><br \/>\n<span class=\"wpcf7-form-control-wrap\" data-name=\"acceptance-521\"><span class=\"wpcf7-form-control wpcf7-acceptance\"><span class=\"wpcf7-list-item\"><label><input type=\"checkbox\" name=\"acceptance-521\" value=\"1\" aria-invalid=\"false\" \/><span class=\"wpcf7-list-item-label\"><a>La riabilitazione <a href=\"https:\/\/dentissimi.com\/it\/gdpr\/\" data-type=\"page\" data-id=\"2809\">Ho letto e accetto l\u2019informativa sulla protezione dei dati.<\/p><\/span><\/label><\/span><\/span><\/span>\n<\/p>\n<p><input class=\"wpcf7-form-control wpcf7-submit has-spinner\" type=\"submit\" value=\"Richiedo una richiamata per fissare un appuntamento!\" \/>\n<\/p><div class=\"wpcf7-response-output\" aria-hidden=\"true\"><\/div>\n<input type=\"hidden\" name=\"trp-form-language\" value=\"it\"\/><\/form>\n<\/div>\n<\/div>\n<\/div><\/div><\/div><\/div>\n<\/div>","protected":false},"excerpt":{"rendered":"Online Konzult\u00e1ci\u00f3 \u2013 Gyors, k\u00e9nyelmes \u00e9s biztons\u00e1gos megold\u00e1s Mi\u00e9rt v\u00e1lassza az online konzult\u00e1ci\u00f3t? Ha messze \u00e9l rendel\u0151nkt\u0151l, vagy szeretne el\u0151zetesen pontos k\u00e9pet kapni a lehets\u00e9ges kezel\u00e9si tervr\u0151l \u00e9s k\u00f6lts\u00e9gekr\u0151l, az online konzult\u00e1ci\u00f3 ide\u00e1lis v\u00e1laszt\u00e1s. Nem sz\u00fcks\u00e9ges utaznia \u2013 el\u00e9g, ha elk\u00fcldi panor\u00e1ma r\u00f6ntgenfelv\u00e9tel\u00e9t, \u00e9s fogorvosunk r\u00e9szletesen \u00e1tbesz\u00e9li \u00d6nnel a sz\u00fcks\u00e9ges teend\u0151ket. Hogyan m\u0171k\u00f6dik az online konzult\u00e1ci\u00f3? 1. Egyszer\u0171 r\u00f6ntgenfelt\u00f6lt\u00e9s K\u00fcldje el panor\u00e1ma r\u00f6ntgenfelv\u00e9tel\u00e9t e-mailben vagy az oldalunkon kereszt\u00fcl. 2. Kezel\u00e9si terv k\u00e9sz\u00edt\u00e9se Fogorvosunk ki\u00e9rt\u00e9keli a felv\u00e9telt, elk\u00e9sz\u00edti az els\u0151dleges kezel\u00e9si tervet \u00e9s az \u00e1raj\u00e1nlatot. 3. Online megbesz\u00e9l\u00e9s Egy vide\u00f3h\u00edv\u00e1s sor\u00e1n r\u00e9szletesen \u00e1tbesz\u00e9lj\u00fck: a kezel\u00e9si lehet\u0151s\u00e9geket, a v\u00e1rhat\u00f3 k\u00f6lts\u00e9geket, a kezel\u00e9s menet\u00e9t, id\u0151tartam\u00e1t, \u00e9s minden felmer\u00fcl\u0151 k\u00e9rd\u00e9s\u00e9t. 4. Szem\u00e9lyes kezel\u00e9s el\u0151k\u00e9sz\u00edt\u00e9se Amennyiben \u00d6n szeretn\u00e9, szem\u00e9lyes id\u0151pontot szervez\u00fcnk magyarorsz\u00e1gi rendel\u0151nkbe. Kinek aj\u00e1nljuk? \u2714 Akik messze laknak \u00e9s nem szeretn\u00e9nek feleslegesen utazni\u2714 Akik el\u0151zetes \u00e1raj\u00e1nlatot szeretn\u00e9nek szem\u00e9lyes vizsg\u00e1lat n\u00e9lk\u00fcl\u2714 \u00daj p\u00e1cienseknek, akik szeretn\u00e9k megismerni a kezel\u00e9si lehet\u0151s\u00e9geket\u2714 Megl\u00e9v\u0151 p\u00e1cienseknek \u00e9ves kontrollhoz \u2013 ha nincs panasz Az online konzult\u00e1ci\u00f3 el\u0151nyei Id\u0151t \u00e9s utaz\u00e1st takar\u00edt meg Gyors visszajelz\u00e9s r\u00f6ntgen alapj\u00e1n El\u0151zetes, pontos \u00e1raj\u00e1nlat m\u00e9g a kezel\u00e9s megkezd\u00e9se el\u0151tt Szem\u00e9lyre szabott tan\u00e1csad\u00e1s vide\u00f3h\u00edv\u00e1sban K\u00e9nyelmes, rugalmas, otthonr\u00f3l int\u00e9zhet\u0151 Mit kell elk\u00fcldeni a konzult\u00e1ci\u00f3hoz? \u2714 Panor\u00e1ma r\u00f6ntgen (min. 1 \u00e9vesn\u00e9l nem r\u00e9gebbi)\u2714 R\u00f6vid le\u00edr\u00e1s az aktu\u00e1lis panaszokr\u00f3l\u2714 El\u00e9rhet\u0151s\u00e9g (telefon, e-mail) Foglaljon id\u0151pontot online konzult\u00e1ci\u00f3ra! T\u00f6ltse ki adatlapunkat \u00e9s kezdj\u00fck el a k\u00f6z\u00f6s tervez\u00e9st - utaz\u00e1s n\u00e9lk\u00fcl, k\u00e9nyelmesen \u00e9s biztons\u00e1gosan. N\u00e9v E-mail c\u00edm Telefonsz\u00e1m \u00dczenet (nem k\u00f6telez\u0151) Az adatkezel\u00e9si t\u00e1j\u00e9koztat\u00f3t megismertem \u00e9s elfogadom","protected":false},"author":1,"featured_media":0,"parent":0,"menu_order":0,"comment_status":"closed","ping_status":"closed","template":"","meta":{"footnotes":""},"class_list":["post-3078","page","type-page","status-publish","hentry"],"_links":{"self":[{"href":"https:\/\/dentissimi.com\/it\/wp-json\/wp\/v2\/pages\/3078","targetHints":{"allow":["GET"]}}],"collection":[{"href":"https:\/\/dentissimi.com\/it\/wp-json\/wp\/v2\/pages"}],"about":[{"href":"https:\/\/dentissimi.com\/it\/wp-json\/wp\/v2\/types\/page"}],"author":[{"embeddable":true,"href":"https:\/\/dentissimi.com\/it\/wp-json\/wp\/v2\/users\/1"}],"replies":[{"embeddable":true,"href":"https:\/\/dentissimi.com\/it\/wp-json\/wp\/v2\/comments?post=3078"}],"version-history":[{"count":13,"href":"https:\/\/dentissimi.com\/it\/wp-json\/wp\/v2\/pages\/3078\/revisions"}],"predecessor-version":[{"id":3534,"href":"https:\/\/dentissimi.com\/it\/wp-json\/wp\/v2\/pages\/3078\/revisions\/3534"}],"wp:attachment":[{"href":"https:\/\/dentissimi.com\/it\/wp-json\/wp\/v2\/media?parent=3078"}],"curies":[{"name":"wp","href":"https:\/\/api.w.org\/{rel}","templated":true}]}}