{"id":2865,"date":"2025-11-18T14:40:16","date_gmt":"2025-11-18T14:40:16","guid":{"rendered":"https:\/\/dentissimi.com\/?page_id=2865"},"modified":"2025-11-18T14:43:31","modified_gmt":"2025-11-18T14:43:31","slug":"palyazat","status":"publish","type":"page","link":"https:\/\/dentissimi.com\/it\/palyazat\/","title":{"rendered":"Bando"},"content":{"rendered":"<div class=\"wpb-content-wrapper\"><div id=\"tm-row-69f183d156906\" class=\"vc_row vc_row-outer vc_row-fluid\"><div id=\"tm-column-69f183d156c54\" class=\"wpb_column vc_column_container vc_col-sm-12\"><div class=\"vc_column-inner\"><div class=\"wpb_wrapper\"><div class=\"tm-spacer\" id=\"tm-spacer-69f183d156dcd\"><\/div>\n<\/div><\/div><\/div><\/div><div id=\"tm-row-69f183d156f02\" class=\"vc_row vc_row-outer vc_row-fluid\"><div id=\"tm-column-69f183d157104\" class=\"wpb_column vc_column_container vc_col-sm-12\"><div class=\"vc_column-inner\"><div class=\"wpb_wrapper\"><div class=\"tm-image  tm-animation move-up\" id=\"tm-image-69f183d1572a4\">\n\t\t\t<div class=\"image\"><img decoding=\"async\" src=\"https:\/\/dentissimi.com\/wp-content\/uploads\/2025\/11\/rrf-kedvezmenyezetti-infoblokk-keretes-1.jpg\" alt=\"Dentissimi \u2013 Fog\u00e1szat Mosonmagyar\u00f3v\u00e1r\" \/><\/div>\t\t<\/div>\n<div class=\"tm-spacer\" id=\"tm-spacer-69f183d157826\"><\/div>\n<\/div><\/div><\/div><\/div><div id=\"tm-row-69f183d157963\" class=\"vc_row vc_row-outer vc_row-fluid\"><div id=\"tm-column-69f183d157b62\" class=\"wpb_column vc_column_container vc_col-sm-12\"><div class=\"vc_column-inner\"><div class=\"wpb_wrapper\">\n\t<div class=\"wpb_text_column wpb_content_element\" >\n\t\t<div class=\"wpb_wrapper\">\n\t\t\t<div class=\"elementor-element elementor-element-d715d39 sc_fly_static elementor-widget elementor-widget-text-editor trx_addons_parallax_layers_inited trx_addons_parallax_blocks_inited\" data-id=\"d715d39\" data-element_type=\"widget\" data-widget_type=\"text-editor.default\">\n<div class=\"elementor-widget-container\">\n<ul>\n<li>A program neve, azonos\u00edt\u00f3 k\u00f3dja; GINOP Plusz-1.4.3-24 azonos\u00edt\u00f3 jel\u0171 KKV Technol\u00f3giai Plusz Hitelprogram<\/li>\n<li>A v\u00e9gs\u0151 kedvezm\u00e9nyezett neve; Millenove Kft<\/li>\n<li>A fejleszt\u00e9s t\u00e1rgya, c\u00e9lja; \u00daj t\u00e1rgyi eszk\u00f6z\u00f6k beszerz\u00e9se. A beruh\u00e1z\u00e1st\u00f3l a szolg\u00e1ltat\u00e1s min\u0151s\u00e9g\u00e9nek javul\u00e1s\u00e1t v\u00e1rjuk.<\/li>\n<li>A szerz\u0151d\u00f6tt visszat\u00e9r\u00edtend\u0151 t\u00e1mogat\u00e1s \u00f6sszege; 17.550.000 Forint kamatmentes hitel<\/li>\n<li>A projekt tartalm\u00e1nak r\u00e9szletes bemutat\u00e1sa; \u00daj CBCT \u00e9s Digit\u00e1lis Pax-i 3D Smart SP (PHT-30LFO) panor\u00e1ma r\u00f6ntgen \u00e9s VDW. Silver Reciproc endomotor beszerz\u00e9se a fog\u00e1szati tev\u00e9kenys\u00e9g\u00fcnk r\u00e9sz\u00e9re.<\/li>\n<li>A projekt befejez\u00e9si d\u00e1tuma 2024.11.11.<\/li>\n<\/ul>\n<\/div>\n<\/div>\n<div class=\"elementor-element elementor-element-1bf638d sc_fly_static elementor-widget elementor-widget-spacer trx_addons_parallax_layers_inited trx_addons_parallax_blocks_inited\" data-id=\"1bf638d\" data-element_type=\"widget\" data-widget_type=\"spacer.default\">\n<div class=\"elementor-widget-container\">\n<div class=\"elementor-spacer\"><\/div>\n<\/div>\n<\/div>\n\n\t\t<\/div>\n\t<\/div>\n<div class=\"tm-spacer\" id=\"tm-spacer-69f183d157da8\"><\/div>\n<\/div><\/div><\/div><\/div><div id=\"tm-row-69f183d157ebe\" class=\"vc_row vc_row-outer vc_row-fluid\"><div id=\"tm-column-69f183d1580e0\" class=\"wpb_column vc_column_container vc_col-sm-12\"><div class=\"vc_column-inner\"><div class=\"wpb_wrapper\"><div class=\"tm-gallery tm-grid-wrapper  style-grid hover-overlay\" id=\"tm-gallery-69f183d15828b\"\n\n\t\n\t>\n\t<div class=\"tm-grid modern-grid has-animation move-up tm-light-gallery\">\n\n\t\t\n\t\t\t<div class=\"gallery-item grid-item\">\n\t\t<a href=\"https:\/\/dentissimi.com\/wp-content\/uploads\/2025\/11\/IMG_2511-scaled-1.jpg\" class=\"zoom\"\n\t\t   data-sub-html=\"&lt;h4&gt;Fog\u00e1szati vizsg\u00e1lat Mosonmagyar\u00f3v\u00e1ron \u2013 Dentissimi&lt;\/h4&gt;\">\n\n\t\t\t<img decoding=\"async\" src=\"https:\/\/dentissimi.com\/wp-content\/uploads\/2025\/11\/IMG_2511-scaled-1-480x480.jpg\" alt=\"Dentissimi sz\u00e1jseb\u00e9szet \u2013 Fog\u00e1szat Mosonmagyar\u00f3v\u00e1r\" \/>\n\t\t\t<div class=\"overlay\">\n\t<div><span class=\"fal fa-plus\"><\/span><\/div>\n<\/div>\n\t\t<\/a>\n\t<\/div>\n\t\t<div class=\"gallery-item grid-item\">\n\t\t<a href=\"https:\/\/dentissimi.com\/wp-content\/uploads\/2025\/11\/IMG_2516-scaled-1.jpg\" class=\"zoom\"\n\t\t   data-sub-html=\"&lt;h4&gt;IMG_2516-scaled&lt;\/h4&gt;\">\n\n\t\t\t<img decoding=\"async\" src=\"https:\/\/dentissimi.com\/wp-content\/uploads\/2025\/11\/IMG_2516-scaled-1-480x480.jpg\" alt=\"Dentissimi sz\u00e1jseb\u00e9szet \u2013 Fog\u00e1szat Mosonmagyar\u00f3v\u00e1r\" \/>\n\t\t\t<div class=\"overlay\">\n\t<div><span class=\"fal fa-plus\"><\/span><\/div>\n<\/div>\n\t\t<\/a>\n\t<\/div>\n\t\n\t<\/div>\n<\/div>\n<div class=\"tm-spacer\" id=\"tm-spacer-69f183d159757\"><\/div>\n<\/div><\/div><\/div><\/div>\n<\/div>","protected":false},"excerpt":{"rendered":"A program neve, azonos\u00edt\u00f3 k\u00f3dja; GINOP Plusz-1.4.3-24 azonos\u00edt\u00f3 jel\u0171 KKV Technol\u00f3giai Plusz Hitelprogram A v\u00e9gs\u0151 kedvezm\u00e9nyezett neve; Millenove Kft A fejleszt\u00e9s t\u00e1rgya, c\u00e9lja; \u00daj t\u00e1rgyi eszk\u00f6z\u00f6k beszerz\u00e9se. A beruh\u00e1z\u00e1st\u00f3l a szolg\u00e1ltat\u00e1s min\u0151s\u00e9g\u00e9nek javul\u00e1s\u00e1t v\u00e1rjuk. A szerz\u0151d\u00f6tt visszat\u00e9r\u00edtend\u0151 t\u00e1mogat\u00e1s \u00f6sszege; 17.550.000 Forint kamatmentes hitel A projekt tartalm\u00e1nak r\u00e9szletes bemutat\u00e1sa; \u00daj CBCT \u00e9s Digit\u00e1lis Pax-i 3D Smart SP (PHT-30LFO) panor\u00e1ma r\u00f6ntgen \u00e9s VDW. Silver Reciproc endomotor beszerz\u00e9se a fog\u00e1szati tev\u00e9kenys\u00e9g\u00fcnk r\u00e9sz\u00e9re. A projekt befejez\u00e9si d\u00e1tuma 2024.11.11.","protected":false},"author":1,"featured_media":0,"parent":0,"menu_order":0,"comment_status":"closed","ping_status":"closed","template":"","meta":{"footnotes":""},"class_list":["post-2865","page","type-page","status-publish","hentry"],"_links":{"self":[{"href":"https:\/\/dentissimi.com\/it\/wp-json\/wp\/v2\/pages\/2865","targetHints":{"allow":["GET"]}}],"collection":[{"href":"https:\/\/dentissimi.com\/it\/wp-json\/wp\/v2\/pages"}],"about":[{"href":"https:\/\/dentissimi.com\/it\/wp-json\/wp\/v2\/types\/page"}],"author":[{"embeddable":true,"href":"https:\/\/dentissimi.com\/it\/wp-json\/wp\/v2\/users\/1"}],"replies":[{"embeddable":true,"href":"https:\/\/dentissimi.com\/it\/wp-json\/wp\/v2\/comments?post=2865"}],"version-history":[{"count":3,"href":"https:\/\/dentissimi.com\/it\/wp-json\/wp\/v2\/pages\/2865\/revisions"}],"predecessor-version":[{"id":2868,"href":"https:\/\/dentissimi.com\/it\/wp-json\/wp\/v2\/pages\/2865\/revisions\/2868"}],"wp:attachment":[{"href":"https:\/\/dentissimi.com\/it\/wp-json\/wp\/v2\/media?parent=2865"}],"curies":[{"name":"wp","href":"https:\/\/api.w.org\/{rel}","templated":true}]}}