{"id":2854,"date":"2025-11-18T14:04:47","date_gmt":"2025-11-18T14:04:47","guid":{"rendered":"https:\/\/dentissimi.com\/?page_id=2854"},"modified":"2026-04-22T10:23:51","modified_gmt":"2026-04-22T10:23:51","slug":"galeria","status":"publish","type":"page","link":"https:\/\/dentissimi.com\/it\/galeria\/","title":{"rendered":"Galleria"},"content":{"rendered":"<div class=\"wpb-content-wrapper\"><div id=\"tm-row-69f183641a5dc\" class=\"vc_row vc_row-outer vc_row-fluid\"><div id=\"tm-column-69f183641a9d1\" class=\"wpb_column vc_column_container vc_col-sm-12\"><div class=\"vc_column-inner\"><div class=\"wpb_wrapper\">\n<div class=\"tm-heading  left tm-animation move-up\" id=\"tm-heading-69f183641ac7f\">\n\t<h1 class=\"heading\" >Trasformazioni sorprendenti, sorrisi pieni di fiducia<\/h1><\/div>\n\n<div class=\"tm-spacer\" id=\"tm-spacer-69f183641af13\"><\/div>\n\n\t<div class=\"wpb_text_column wpb_content_element\" >\n\t\t<div class=\"wpb_wrapper\">\n\t\t\t<p>La trasformazione del sorriso dei nostri pazienti \u00e8 la migliore prova che il trattamento giusto pu\u00f2 fare miracoli. Scopra i nostri casi precedenti e si convinca dei risultati sorprendenti che possiamo ottenere insieme!<\/p>\n\n\t\t<\/div>\n\t<\/div>\n<div class=\"tm-spacer\" id=\"tm-spacer-69f183641b04a\"><\/div>\n<\/div><\/div><\/div><\/div><div id=\"tm-row-69f183641b18a\" class=\"vc_row vc_row-outer vc_row-fluid\"><div id=\"tm-column-69f183641b3d1\" class=\"wpb_column vc_column_container vc_col-sm-12\"><div class=\"vc_column-inner\"><div class=\"wpb_wrapper\"><div class=\"tm-spacer\" id=\"tm-spacer-69f183641b5aa\"><\/div>\n<div class=\"tm-spacer\" id=\"tm-spacer-69f183641b5fb\"><\/div>\n<\/div><\/div><\/div><\/div><div id=\"tm-row-69f183641b761\" class=\"vc_row vc_row-outer vc_row-fluid\"><div id=\"tm-column-69f183641b984\" class=\"wpb_column vc_column_container vc_col-sm-4\"><div class=\"vc_column-inner\"><div class=\"wpb_wrapper\"><div class=\"tm-before-after-image  tm-animation move-up\" id=\"tm-before-after-image-69f183641bd81\">\n\t\t\t<div class=\"image\"><img decoding=\"async\" src=\"https:\/\/dentissimi.com\/wp-content\/uploads\/2025\/12\/fogfeherites_elotte.webp\" alt=\"Dentissimi sikeres fog\u00e1szati kezel\u00e9s \u2013 Fog\u00e1szat Mosonmagyar\u00f3v\u00e1r\" \/><\/div>\t\t\t\t<div class=\"image\"><img decoding=\"async\" src=\"https:\/\/dentissimi.com\/wp-content\/uploads\/2025\/12\/fogfeherites_utana.webp\" alt=\"Dentissimi sikeres fog\u00e1szati kezel\u00e9s \u2013 Fog\u00e1szat Mosonmagyar\u00f3v\u00e1r\" \/><\/div>\t<\/div>\n<\/div><\/div><\/div><div id=\"tm-column-69f183641ca36\" class=\"wpb_column vc_column_container vc_col-sm-4\"><div class=\"vc_column-inner\"><div class=\"wpb_wrapper\"><div class=\"tm-before-after-image  tm-animation move-up\" id=\"tm-before-after-image-69f183641cba1\">\n\t\t\t<div class=\"image\"><img decoding=\"async\" src=\"https:\/\/dentissimi.com\/wp-content\/uploads\/2025\/12\/fogsor_elotte.webp\" alt=\"Dentissimi sikeres fog\u00e1szati kezel\u00e9s \u2013 Fog\u00e1szat Mosonmagyar\u00f3v\u00e1r\" \/><\/div>\t\t\t\t<div class=\"image\"><img decoding=\"async\" src=\"https:\/\/dentissimi.com\/wp-content\/uploads\/2025\/12\/fogsor_utana.webp\" alt=\"Dentissimi sikeres fog\u00e1szati kezel\u00e9s \u2013 Fog\u00e1szat Mosonmagyar\u00f3v\u00e1r\" \/><\/div>\t<\/div>\n<\/div><\/div><\/div><div id=\"tm-column-69f183641d5a3\" class=\"wpb_column vc_column_container vc_col-sm-4\"><div class=\"vc_column-inner\"><div class=\"wpb_wrapper\"><div class=\"tm-before-after-image  tm-animation move-up\" id=\"tm-before-after-image-69f183641d6ca\">\n\t\t\t<div class=\"image\"><img decoding=\"async\" src=\"https:\/\/dentissimi.com\/wp-content\/uploads\/2025\/12\/fog_elotte.webp\" alt=\"Dentissimi fog\u00e1szati kezel\u00e9s \u2013 Fog\u00e1szat Mosonmagyar\u00f3v\u00e1r\" \/><\/div>\t\t\t\t<div class=\"image\"><img decoding=\"async\" src=\"https:\/\/dentissimi.com\/wp-content\/uploads\/2025\/12\/fog_utana.webp\" alt=\"Dentissimi sikeres fog\u00e1szati kezel\u00e9s \u2013 Fog\u00e1szat Mosonmagyar\u00f3v\u00e1r\" \/><\/div>\t<\/div>\n<\/div><\/div><\/div><\/div><div id=\"tm-row-69f183641e18d\" class=\"vc_row vc_row-outer vc_row-fluid\"><div id=\"tm-column-69f183641e45f\" class=\"wpb_column vc_column_container vc_col-sm-12\"><div class=\"vc_column-inner\"><div class=\"wpb_wrapper\"><div class=\"tm-spacer\" id=\"tm-spacer-69f183641e611\"><\/div>\n\n<div class=\"tm-heading  left tm-animation move-up\" id=\"tm-heading-69f183641e740\">\n\t<h3 class=\"heading\" >Storie di successo<\/h3><\/div>\n\n<\/div><\/div><\/div><\/div><div id=\"tm-row-69f183641ea52\" class=\"vc_row vc_row-outer vc_row-fluid vc_row-o-content-middle vc_row-flex\"><div id=\"tm-column-69f183641ecae\" class=\"wpb_column vc_column_container vc_col-sm-6\"><div class=\"vc_column-inner\"><div class=\"wpb_wrapper\"><div class=\"tm-spacer\" id=\"tm-spacer-69f183641ee34\"><\/div>\n<div class=\"tm-spacer\" id=\"tm-spacer-69f183641ee90\"><\/div>\n<div class=\"tm-before-after-image  tm-animation move-up\" id=\"tm-before-after-image-69f183641ef07\">\n\t\t\t<div class=\"image\"><img decoding=\"async\" src=\"https:\/\/dentissimi.com\/wp-content\/uploads\/2025\/12\/happy_smile_elotte.webp\" alt=\"Dentissimi sikeres fog\u00e1szati kezel\u00e9s \u2013 Fog\u00e1szat Mosonmagyar\u00f3v\u00e1r\" \/><\/div>\t\t\t\t<div class=\"image\"><img decoding=\"async\" src=\"https:\/\/dentissimi.com\/wp-content\/uploads\/2025\/12\/happy_smile_utana.webp\" alt=\"Dentissimi sikeres fog\u00e1szati kezel\u00e9s \u2013 Fog\u00e1szat Mosonmagyar\u00f3v\u00e1r\" \/><\/div>\t<\/div>\n<\/div><\/div><\/div><div id=\"tm-column-69f183641fa88\" class=\"wpb_column vc_column_container vc_col-sm-6\"><div class=\"vc_column-inner\"><div class=\"wpb_wrapper\">\n\t<div class=\"wpb_text_column wpb_content_element\" >\n\t\t<div class=\"wpb_wrapper\">\n\t\t\t<div dir=\"auto\">Il trattamento della nostra paziente di 12 anni con l\u2019apparecchio invisibile Happy Smile. In soli 5 mesi sono stati chiusi gli spazi tra i denti e si \u00e8 ridotta la significativa differenza di lunghezza tra gli incisivi frontali. Il risultato? Una paziente davvero felice!<\/div>\n<div dir=\"auto\"><\/div>\n<div dir=\"auto\"><strong>Medico curante: Dr. Egri-M\u00e1k Edina\u00a0<\/strong><\/div>\n\n\t\t<\/div>\n\t<\/div>\n<\/div><\/div><\/div><\/div><div id=\"tm-row-69f183641fe32\" class=\"vc_row vc_row-outer vc_row-fluid vc_row-o-content-bottom vc_row-flex\"><div id=\"tm-column-69f1836420045\" class=\"wpb_column vc_column_container vc_col-sm-6\"><div class=\"vc_column-inner\"><div class=\"wpb_wrapper\"><div class=\"tm-spacer\" id=\"tm-spacer-69f1836420188\"><\/div>\n<div class=\"tm-spacer\" id=\"tm-spacer-69f18364201e8\"><\/div>\n<div class=\"tm-before-after-image  tm-animation move-up\" id=\"tm-before-after-image-69f183642024a\">\n\t\t\t<div class=\"image\"><img decoding=\"async\" src=\"https:\/\/dentissimi.com\/wp-content\/uploads\/2025\/12\/keramia_elott.webp\" alt=\"Dentissimi sikeres fog\u00e1szati kezel\u00e9s \u2013 Fog\u00e1szat Mosonmagyar\u00f3v\u00e1r\" \/><\/div>\t\t\t\t<div class=\"image\"><img decoding=\"async\" src=\"https:\/\/dentissimi.com\/wp-content\/uploads\/2025\/12\/keramia_utana.webp\" alt=\"Dentissimi sikeres fog\u00e1szati kezel\u00e9s \u2013 Fog\u00e1szat Mosonmagyar\u00f3v\u00e1r\" \/><\/div>\t<\/div>\n<\/div><\/div><\/div><div id=\"tm-column-69f1836420d53\" class=\"wpb_column vc_column_container vc_col-sm-6\"><div class=\"vc_column-inner\"><div class=\"wpb_wrapper\">\n\t<div class=\"wpb_text_column wpb_content_element\" >\n\t\t<div class=\"wpb_wrapper\">\n\t\t\t<div dir=\"auto\">\n<div class=\"elementor-element elementor-element-c6baecf sc_fly_static elementor-widget elementor-widget-text-editor trx_addons_parallax_layers_inited trx_addons_parallax_blocks_inited\" data-id=\"c6baecf\" data-element_type=\"widget\" data-widget_type=\"text-editor.default\">\n<div class=\"elementor-widget-container\">\n<div dir=\"auto\">\n<div dir=\"auto\">Abbiamo sostituito il vecchio ponte in metallo-ceramica del nostro paziente, realizzato diversi anni fa. Purtroppo uno dei denti \u00e8 stato rimosso a causa di una cisti che si svilupp\u00f2 nel frattempo nell\u2019osso. Poich\u00e9 si trattava della zona frontale, il paziente ha scelto la soluzione pi\u00f9 estetica: un ponte in ceramica zirconia. Il risultato parla da s\u00e9!<\/div>\n<\/div>\n<div dir=\"auto\"><\/div>\n<div dir=\"auto\"><strong>Medico curante: Dr. Egri-M\u00e1k Edina\u00a0<\/strong><\/div>\n<div dir=\"auto\"><strong>Odontotecnica: ER-Technik\u00a0<\/strong><\/div>\n<\/div>\n<\/div>\n<\/div>\n\n\t\t<\/div>\n\t<\/div>\n<\/div><\/div><\/div><\/div><div id=\"tm-row-69f183642105e\" class=\"vc_row vc_row-outer vc_row-fluid\"><div id=\"tm-column-69f1836421242\" class=\"wpb_column vc_column_container vc_col-sm-12\"><div class=\"vc_column-inner\"><div class=\"wpb_wrapper\"><div class=\"tm-spacer\" id=\"tm-spacer-69f183642135f\"><\/div>\n\n<div class=\"tm-heading  left tm-animation move-up\" id=\"tm-heading-69f1836421446\">\n\t<h3 class=\"heading\" >Attimi dalla vita del nostro ambulatorio<\/h3><\/div>\n\n<div class=\"tm-spacer\" id=\"tm-spacer-69f1836421672\"><\/div>\n<\/div><\/div><\/div><\/div><div id=\"tm-row-69f1836421797\" class=\"vc_row vc_row-outer vc_row-fluid\"><div id=\"tm-column-69f18364219b0\" class=\"wpb_column vc_column_container vc_col-sm-12\"><div class=\"vc_column-inner\"><div class=\"wpb_wrapper\"><div class=\"tm-gallery tm-grid-wrapper  style-metro hover-overlay\" id=\"tm-gallery-69f1836421e79\"\n\n\t\n\t>\n\t<div class=\"tm-grid modern-grid has-animation move-up tm-light-gallery\">\n\n\t\t\n\t\t\t<div class=\"gallery-item grid-item grid-width-2 grid-height-2\">\n\t\t<a href=\"https:\/\/dentissimi.com\/wp-content\/uploads\/2025\/12\/vizsgalat_9_695x463.webp\" class=\"zoom\"\n\t\t   data-sub-html=\"&lt;h4&gt;Fog\u00e1szati vizsg\u00e1lat Mosonmagyar\u00f3v\u00e1ron \u2013 Dentissimi&lt;\/h4&gt;\">\n\n\t\t\t<div class=\"item-wrapper\"\n\t\t\t     style=\"background-image: url( https:\/\/dentissimi.com\/wp-content\/uploads\/2025\/12\/vizsgalat_9_695x463.webp );\"><\/div>\n\n\t\t\t<div class=\"overlay\">\n\t\t\t\t<div><span class=\"fal fa-plus\"><\/span><\/div>\n\t\t\t<\/div>\n\t\t<\/a>\n\t<\/div>\n\t\t<div class=\"gallery-item grid-item\">\n\t\t<a href=\"https:\/\/dentissimi.com\/wp-content\/uploads\/2025\/12\/vizsgalat_8_695x463.webp\" class=\"zoom\"\n\t\t   data-sub-html=\"&lt;h4&gt;Fog\u00e1szati vizsg\u00e1lat Mosonmagyar\u00f3v\u00e1ron \u2013 Dentissimi&lt;\/h4&gt;\">\n\n\t\t\t<div class=\"item-wrapper\"\n\t\t\t     style=\"background-image: url( https:\/\/dentissimi.com\/wp-content\/uploads\/2025\/12\/vizsgalat_8_695x463-480x480.webp );\"><\/div>\n\n\t\t\t<div class=\"overlay\">\n\t\t\t\t<div><span class=\"fal fa-plus\"><\/span><\/div>\n\t\t\t<\/div>\n\t\t<\/a>\n\t<\/div>\n\t\t<div class=\"gallery-item grid-item\">\n\t\t<a href=\"https:\/\/dentissimi.com\/wp-content\/uploads\/2025\/12\/vizsgalat_7_695x463.webp\" class=\"zoom\"\n\t\t   data-sub-html=\"&lt;h4&gt;Fog\u00e1szati vizsg\u00e1lat Mosonmagyar\u00f3v\u00e1ron \u2013 Dentissimi&lt;\/h4&gt;\">\n\n\t\t\t<div class=\"item-wrapper\"\n\t\t\t     style=\"background-image: url( https:\/\/dentissimi.com\/wp-content\/uploads\/2025\/12\/vizsgalat_7_695x463-480x480.webp );\"><\/div>\n\n\t\t\t<div class=\"overlay\">\n\t\t\t\t<div><span class=\"fal fa-plus\"><\/span><\/div>\n\t\t\t<\/div>\n\t\t<\/a>\n\t<\/div>\n\t\t<div class=\"gallery-item grid-item grid-width-2 grid-height-2\">\n\t\t<a href=\"https:\/\/dentissimi.com\/wp-content\/uploads\/2025\/12\/vizsgalat_2_695x463.webp\" class=\"zoom\"\n\t\t   data-sub-html=\"&lt;h4&gt;Fog\u00e1szati vizsg\u00e1lat Mosonmagyar\u00f3v\u00e1ron \u2013 Dentissimi&lt;\/h4&gt;\">\n\n\t\t\t<div class=\"item-wrapper\"\n\t\t\t     style=\"background-image: url( https:\/\/dentissimi.com\/wp-content\/uploads\/2025\/12\/vizsgalat_2_695x463.webp );\"><\/div>\n\n\t\t\t<div class=\"overlay\">\n\t\t\t\t<div><span class=\"fal fa-plus\"><\/span><\/div>\n\t\t\t<\/div>\n\t\t<\/a>\n\t<\/div>\n\t\t<div class=\"gallery-item grid-item\">\n\t\t<a href=\"https:\/\/dentissimi.com\/wp-content\/uploads\/2025\/12\/vizsgalat_1_695x463.webp\" class=\"zoom\"\n\t\t   data-sub-html=\"&lt;h4&gt;Fog\u00e1szati vizsg\u00e1lat Mosonmagyar\u00f3v\u00e1ron \u2013 Dentissimi&lt;\/h4&gt;\">\n\n\t\t\t<div class=\"item-wrapper\"\n\t\t\t     style=\"background-image: url( https:\/\/dentissimi.com\/wp-content\/uploads\/2025\/12\/vizsgalat_1_695x463-480x480.webp );\"><\/div>\n\n\t\t\t<div class=\"overlay\">\n\t\t\t\t<div><span class=\"fal fa-plus\"><\/span><\/div>\n\t\t\t<\/div>\n\t\t<\/a>\n\t<\/div>\n\t\t<div class=\"gallery-item grid-item\">\n\t\t<a href=\"https:\/\/dentissimi.com\/wp-content\/uploads\/2025\/12\/vizsgalat_5_695x463.webp\" class=\"zoom\"\n\t\t   data-sub-html=\"&lt;h4&gt;Fog\u00e1szati vizsg\u00e1lat Mosonmagyar\u00f3v\u00e1ron \u2013 Dentissimi&lt;\/h4&gt;\">\n\n\t\t\t<div class=\"item-wrapper\"\n\t\t\t     style=\"background-image: url( https:\/\/dentissimi.com\/wp-content\/uploads\/2025\/12\/vizsgalat_5_695x463-480x480.webp );\"><\/div>\n\n\t\t\t<div class=\"overlay\">\n\t\t\t\t<div><span class=\"fal fa-plus\"><\/span><\/div>\n\t\t\t<\/div>\n\t\t<\/a>\n\t<\/div>\n\t\t<div class=\"gallery-item grid-item grid-width-2 grid-height-2\">\n\t\t<a href=\"https:\/\/dentissimi.com\/wp-content\/uploads\/2025\/12\/vizsgalat_4_695x463.webp\" class=\"zoom\"\n\t\t   data-sub-html=\"&lt;h4&gt;Fog\u00e1szati vizsg\u00e1lat Mosonmagyar\u00f3v\u00e1ron \u2013 Dentissimi&lt;\/h4&gt;\">\n\n\t\t\t<div class=\"item-wrapper\"\n\t\t\t     style=\"background-image: url( https:\/\/dentissimi.com\/wp-content\/uploads\/2025\/12\/vizsgalat_4_695x463.webp );\"><\/div>\n\n\t\t\t<div class=\"overlay\">\n\t\t\t\t<div><span class=\"fal fa-plus\"><\/span><\/div>\n\t\t\t<\/div>\n\t\t<\/a>\n\t<\/div>\n\t\t<div class=\"gallery-item grid-item\">\n\t\t<a href=\"https:\/\/dentissimi.com\/wp-content\/uploads\/2025\/12\/vizsgalat_6_695x463.webp\" class=\"zoom\"\n\t\t   data-sub-html=\"&lt;h4&gt;Fog\u00e1szati vizsg\u00e1lat Mosonmagyar\u00f3v\u00e1ron \u2013 Dentissimi&lt;\/h4&gt;\">\n\n\t\t\t<div class=\"item-wrapper\"\n\t\t\t     style=\"background-image: url( https:\/\/dentissimi.com\/wp-content\/uploads\/2025\/12\/vizsgalat_6_695x463-480x480.webp );\"><\/div>\n\n\t\t\t<div class=\"overlay\">\n\t\t\t\t<div><span class=\"fal fa-plus\"><\/span><\/div>\n\t\t\t<\/div>\n\t\t<\/a>\n\t<\/div>\n\t\t<div class=\"gallery-item grid-item\">\n\t\t<a href=\"https:\/\/dentissimi.com\/wp-content\/uploads\/2025\/12\/rendelo_01.webp\" class=\"zoom\"\n\t\t   data-sub-html=\"&lt;h4&gt;Fog\u00e1szati vizsg\u00e1lat Mosonmagyar\u00f3v\u00e1ron \u2013 Dentissimi&lt;\/h4&gt;\">\n\n\t\t\t<div class=\"item-wrapper\"\n\t\t\t     style=\"background-image: url( https:\/\/dentissimi.com\/wp-content\/uploads\/2025\/12\/rendelo_01-480x480.webp );\"><\/div>\n\n\t\t\t<div class=\"overlay\">\n\t\t\t\t<div><span class=\"fal fa-plus\"><\/span><\/div>\n\t\t\t<\/div>\n\t\t<\/a>\n\t<\/div>\n\t\t<div class=\"gallery-item grid-item grid-width-2 grid-height-2\">\n\t\t<a href=\"https:\/\/dentissimi.com\/wp-content\/uploads\/2025\/12\/rendelo_02.webp\" class=\"zoom\"\n\t\t   data-sub-html=\"&lt;h4&gt;Fog\u00e1szati vizsg\u00e1lat Mosonmagyar\u00f3v\u00e1ron \u2013 Dentissimi&lt;\/h4&gt;\">\n\n\t\t\t<div class=\"item-wrapper\"\n\t\t\t     style=\"background-image: url( https:\/\/dentissimi.com\/wp-content\/uploads\/2025\/12\/rendelo_02.webp );\"><\/div>\n\n\t\t\t<div class=\"overlay\">\n\t\t\t\t<div><span class=\"fal fa-plus\"><\/span><\/div>\n\t\t\t<\/div>\n\t\t<\/a>\n\t<\/div>\n\t\n\t<\/div>\n<\/div>\n<\/div><\/div><\/div><\/div>\n<\/div>","protected":false},"excerpt":{"rendered":"L\u00e1tv\u00e1nyos \u00e1talakul\u00e1sok, magabiztos mosolyok P\u00e1cienseink mosoly\u00e1nak \u00e1talakul\u00e1sa a legjobb bizony\u00edt\u00e9k arra, hogy a megfelel\u0151 kezel\u00e9s csod\u00e1kra k\u00e9pes. Tekintse meg kor\u00e1bbi eseteinket, \u00e9s gy\u0151z\u0151dj\u00f6n meg r\u00f3la, milyen l\u00e1tv\u00e1nyos eredm\u00e9nyeket \u00e9rhet\u00fcnk el egy\u00fctt! Sikert\u00f6rt\u00e9netek 12 \u00e9ves p\u00e1ciensunk kezel\u00e9se Happy Smile l\u00e1thatatlan fogszab\u00e1lyz\u00f3val. 5 h\u00f3nap alatt a fogak k\u00f6z\u00f6tti r\u00e9sek z\u00e1r\u00e1sra ker\u00fcltek illetve a frontfogak k\u00f6z\u00f6tti nagyfok\u00fa hosszbeli elt\u00e9r\u00e9s cs\u00f6kkent. Az eredm\u00e9ny egy nagyon boldog p\u00e1ciens! Kezel\u0151orvos: Dr. Egri-M\u00e1k Edina\u00a0 P\u00e1ciens\u00fcnknek \u00e9vekkel ezel\u0151tt k\u00e9sz\u00fclt f\u00e9mker\u00e1mia h\u00eddj\u00e1t cser\u00e9lt\u00fck. Sajnos az egyik fog elt\u00e1vol\u00edt\u00e1sra ker\u00fclt a csontban id\u0151k\u00f6zben kialakult cysta miatt. P\u00e1ciens\u00fcnk, mivel front r\u00e9gi\u00f3r\u00f3l volt sz\u00f3, \u00edgy a legeszt\u00e9tikusabb cirkon ker\u00e1mia h\u00edd megold\u00e1st v\u00e1lasztotta. Az eredm\u00e9ny mag\u00e1\u00e9rt besz\u00e9l! Kezel\u0151orvos: Dr. Egri-M\u00e1k Edina\u00a0 Fogtechnika: ER-Technik\u00a0 Pillanatk\u00e9pek rendel\u0151nk \u00e9let\u00e9b\u0151l","protected":false},"author":1,"featured_media":0,"parent":0,"menu_order":0,"comment_status":"closed","ping_status":"closed","template":"","meta":{"footnotes":""},"class_list":["post-2854","page","type-page","status-publish","hentry"],"_links":{"self":[{"href":"https:\/\/dentissimi.com\/it\/wp-json\/wp\/v2\/pages\/2854","targetHints":{"allow":["GET"]}}],"collection":[{"href":"https:\/\/dentissimi.com\/it\/wp-json\/wp\/v2\/pages"}],"about":[{"href":"https:\/\/dentissimi.com\/it\/wp-json\/wp\/v2\/types\/page"}],"author":[{"embeddable":true,"href":"https:\/\/dentissimi.com\/it\/wp-json\/wp\/v2\/users\/1"}],"replies":[{"embeddable":true,"href":"https:\/\/dentissimi.com\/it\/wp-json\/wp\/v2\/comments?post=2854"}],"version-history":[{"count":18,"href":"https:\/\/dentissimi.com\/it\/wp-json\/wp\/v2\/pages\/2854\/revisions"}],"predecessor-version":[{"id":4012,"href":"https:\/\/dentissimi.com\/it\/wp-json\/wp\/v2\/pages\/2854\/revisions\/4012"}],"wp:attachment":[{"href":"https:\/\/dentissimi.com\/it\/wp-json\/wp\/v2\/media?parent=2854"}],"curies":[{"name":"wp","href":"https:\/\/api.w.org\/{rel}","templated":true}]}}