{"id":2764,"date":"2025-11-14T12:21:50","date_gmt":"2025-11-14T12:21:50","guid":{"rendered":"https:\/\/dentissimi.com\/?page_id=2764"},"modified":"2026-04-22T10:20:46","modified_gmt":"2026-04-22T10:20:46","slug":"vendegszobak","status":"publish","type":"page","link":"https:\/\/dentissimi.com\/it\/vendegszobak\/","title":{"rendered":"Sz\u00e1ll\u00e1sfoglal\u00e1s"},"content":{"rendered":"<div class=\"wpb-content-wrapper\"><div id=\"tm-row-69f3a7977866e\" class=\"vc_row vc_row-outer vc_row-fluid\"><div id=\"tm-column-69f3a79778994\" class=\"wpb_column vc_column_container vc_col-sm-12\"><div class=\"vc_column-inner\"><div class=\"wpb_wrapper\">\n<div class=\"tm-heading  left tm-animation move-up\" id=\"tm-heading-69f3a79778bbf\">\n\t<h1 class=\"heading\" >Prenotazione dell\u2019alloggio \u2013 Relax confortevole direttamente nell\u2019edificio dello studio dentistico<\/h1><\/div>\n\n<div class=\"tm-spacer\" id=\"tm-spacer-69f3a79778df3\"><\/div>\n<\/div><\/div><\/div><\/div><div id=\"tm-row-69f3a79778f18\" class=\"vc_row vc_row-outer vc_row-fluid\"><div id=\"tm-column-69f3a797790ef\" class=\"wpb_column vc_column_container vc_col-sm-4\"><div class=\"vc_column-inner\"><div class=\"wpb_wrapper\"><div class=\"tm-spacer\" id=\"tm-spacer-69f3a79779227\"><\/div>\n<div class=\"tm-image  tm-animation move-up\" id=\"tm-image-69f3a797792a0\">\n\t\t\t<div class=\"image\"><img decoding=\"async\" src=\"https:\/\/dentissimi.com\/wp-content\/uploads\/2025\/12\/vendegszoba.webp\" alt=\"Dentissimi \u2013 Fog\u00e1szat Mosonmagyar\u00f3v\u00e1r\" \/><\/div>\t\t<\/div>\n<\/div><\/div><\/div><div id=\"tm-column-69f3a79779979\" class=\"wpb_column vc_column_container vc_col-sm-8\"><div class=\"vc_column-inner\"><div class=\"wpb_wrapper\"><div class=\"tm-spacer\" id=\"tm-spacer-69f3a79779acd\"><\/div>\n\n\t<div class=\"wpb_text_column wpb_content_element\" >\n\t\t<div class=\"wpb_wrapper\">\n\t\t\t<h3 data-start=\"397\" data-end=\"466\">Riposo durante il trattamento \u2013 in un ambiente sicuro e tranquillo.<\/h3>\n<p>Nel nostro centro odontoiatrico di Mosonmagyar\u00f3v\u00e1r non ci prendiamo cura solo dei trattamenti, ma anche del vostro riposo.\u00a0<strong data-start=\"227\" data-end=\"251\">ma anche del Suo riposo.<\/strong>.<br data-start=\"252\" data-end=\"255\" \/><strong data-start=\"281\" data-end=\"317\"><span style=\"color: #486683;\"><span style=\"caret-color: #486683;\">Con la prenotazione dell\u2019alloggio <\/span><\/span>si trovano direttamente nell\u2019edificio dello studio,<\/strong> potrete soggiornare, cos\u00ec tra il trattamento e il relax ci sono solo pochi passi.<\/p>\n\n\t\t<\/div>\n\t<\/div>\n<\/div><\/div><\/div><\/div><div id=\"tm-row-69f3a79779cbc\" class=\"vc_row vc_row-outer vc_row-fluid\"><div id=\"tm-column-69f3a79779eee\" class=\"wpb_column vc_column_container vc_col-sm-12\"><div class=\"vc_column-inner\"><div class=\"wpb_wrapper\"><div class=\"tm-spacer\" id=\"tm-spacer-69f3a7977a064\"><\/div>\n\n\t<div class=\"wpb_text_column wpb_content_element\" >\n\t\t<div class=\"wpb_wrapper\">\n\t\t\t<p data-start=\"468\" data-end=\"634\">Per i nostri pazienti sottoposti <strong data-start=\"502\" data-end=\"562\">a trattamenti odontoiatrici in anestesia generale o sedazione,<\/strong>\u00e8 particolarmente importante un ambiente tranquillo e silenzioso.<br data-start=\"610\" data-end=\"613\" \/>Nelle nostre camere pu\u00f2:<\/p>\n<ul data-start=\"636\" data-end=\"856\">\n<li data-start=\"636\" data-end=\"693\">\n<p data-start=\"638\" data-end=\"693\">\u2022 Pu\u00f2 riposare <strong data-start=\"650\" data-end=\"690\">comodamente prima e dopo l\u2019intervento<\/strong>,<\/p>\n<\/li>\n<li data-start=\"694\" data-end=\"790\">\n<p data-start=\"696\" data-end=\"790\"><strong data-start=\"696\" data-end=\"733\">\u2022 pu\u00f2 rigenerarsi sotto supervisione,<\/strong>fino a quando l\u2019effetto dell\u2019anestesia o della sedazione non svanisce completamente<\/p>\n<\/li>\n<li data-start=\"791\" data-end=\"856\">\n<p data-start=\"793\" data-end=\"856\">\u2022 non deve mettersi subito in viaggio per un lungo tragitto al termine del trattamento.<\/p>\n<\/li>\n<\/ul>\n<p data-start=\"858\" data-end=\"949\">Il nostro obiettivo \u00e8 che l\u2019esperienza odontoiatrica non sia stressante \u2013 <strong data-start=\"914\" data-end=\"948\">n\u00e9 durante il trattamento, n\u00e9 dopo.<\/strong>.<\/p>\n<hr data-start=\"951\" data-end=\"954\" \/>\n<h3 data-start=\"956\" data-end=\"1009\">Camere confortevoli e accoglienti per pazienti odontoiatrici<\/h3>\n<p data-start=\"1011\" data-end=\"1092\">Le nostre camere sono state progettate appositamente in base alle esigenze dei nostri pazienti odontoiatrici:<\/p>\n<ul data-start=\"1094\" data-end=\"1356\">\n<li data-start=\"1094\" data-end=\"1138\">\n<p data-start=\"1096\" data-end=\"1138\">\ud83d\udecf <strong data-start=\"1099\" data-end=\"1118\">Letti confortevoli,<\/strong>con biancheria fresca<\/p>\n<\/li>\n<li data-start=\"1139\" data-end=\"1225\">\n<p data-start=\"1141\" data-end=\"1225\">\ud83d\udebf <strong data-start=\"1144\" data-end=\"1164\">Bagno privato<\/strong><\/p>\n<\/li>\n<li data-start=\"1226\" data-end=\"1273\">\n<p data-start=\"1228\" data-end=\"1273\">\ud83c\udf21 <strong data-start=\"1231\" data-end=\"1271\">Ambienti climatizzati e ben ventilati<\/strong><\/p>\n<\/li>\n<li data-start=\"1274\" data-end=\"1298\">\n<p data-start=\"1276\" data-end=\"1298\">\ud83d\udcf6 <strong data-start=\"1279\" data-end=\"1296\">Wi-Fi gratuito<\/strong><\/p>\n<\/li>\n<li data-start=\"1299\" data-end=\"1356\">\n<p data-start=\"1301\" data-end=\"1356\">\ud83e\uddf4 Articoli <strong data-start=\"1309\" data-end=\"1325\">da toilette di base<\/strong> (asciugamani, sapone, shampoo)<\/p>\n<\/li>\n<\/ul>\n<p data-start=\"1358\" data-end=\"1482\">Nella progettazione delle camere, <strong data-start=\"1408\" data-end=\"1444\">gli aspetti pi\u00f9 importanti sono stati tranquillit\u00e0,<\/strong> pulizia e sicurezza, affinch\u00e9 Lei possa davvero riposare.<\/p>\n<hr data-start=\"1484\" data-end=\"1487\" \/>\n<h3 data-start=\"1489\" data-end=\"1536\">Colazione nel bar nelle vicinanze \u2013 inclusa nel pacchetto<\/h3>\n<p data-start=\"1538\" data-end=\"1629\">Le nostre camere <strong data-start=\"1555\" data-end=\"1578\">con colazione inclusa,<\/strong>che pu\u00f2 essere <strong data-start=\"1591\" data-end=\"1611\">consumata in un bar nelle<\/strong> vicinanze.<\/p>\n<ul data-start=\"1631\" data-end=\"1751\">\n<li data-start=\"1631\" data-end=\"1654\">\n<p data-start=\"1633\" data-end=\"1654\">Prodotti da forno freschi<\/p>\n<\/li>\n<li data-start=\"1655\" data-end=\"1676\">\n<p data-start=\"1657\" data-end=\"1676\">Caff\u00e8, t\u00e8, bevande<\/p>\n<\/li>\n<li data-start=\"1677\" data-end=\"1751\">\n<p data-start=\"1679\" data-end=\"1751\">Selezione di colazioni leggere, ben tollerate anche dopo un trattamento odontoiatrico<\/p>\n<\/li>\n<\/ul>\n<p data-start=\"1753\" data-end=\"1835\">La colazione <strong data-start=\"1763\" data-end=\"1793\">\u00e8 inclusa nel prezzo del soggiorno<\/strong>ed \u00e8 raggiungibile con una breve passeggiata dallo studio dentistico.<\/p>\n<hr data-start=\"1837\" data-end=\"1840\" \/>\n<h3 data-start=\"2468\" data-end=\"2515\">A chi consigliamo la prenotazione dell\u2019alloggio?<\/h3>\n<ul data-start=\"2517\" data-end=\"2836\">\n<li data-start=\"2517\" data-end=\"2585\">\n<p data-start=\"2519\" data-end=\"2585\">\u2022 In caso di trattamenti odontoiatrici eseguiti in anestesia generale o sedazione<\/p>\n<\/li>\n<li data-start=\"2586\" data-end=\"2635\">\n<p data-start=\"2588\" data-end=\"2635\">\u2022 In presenza di piani di trattamento pi\u00f9 lunghi e articolati<\/p>\n<\/li>\n<li data-start=\"2636\" data-end=\"2687\">\n<p data-start=\"2638\" data-end=\"2687\">\u2022 Per pazienti provenienti dall\u2019Alto Adige o da localit\u00e0 pi\u00f9 lontane<\/p>\n<\/li>\n<li data-start=\"2688\" data-end=\"2763\">\n<p data-start=\"2690\" data-end=\"2763\">\u2022 Per pazienti anziani o pi\u00f9 sensibili, per i quali \u00e8 importante un tempo di riposo aggiuntivo<\/p>\n<\/li>\n<li data-start=\"2764\" data-end=\"2836\">\n<p data-start=\"2766\" data-end=\"2836\">\u2022 Per coppie \/ accompagnatori che desiderano soggiornare insieme al paziente<\/p>\n<\/li>\n<\/ul>\n<hr data-start=\"2838\" data-end=\"2841\" \/>\n<h3 data-start=\"2843\" data-end=\"2863\">Prenotazione e prezzi<\/h3>\n<p data-start=\"2865\" data-end=\"2969\">La prenotazione della camera pu\u00f2 essere effettuata facilmente insieme alla programmazione del trattamento.<br data-start=\"2936\" data-end=\"2939\" \/>I nostri collaboratori sono lieti di aiutarLa nell\u2019organizzazione di:<\/p>\n<ul data-start=\"2971\" data-end=\"3102\">\n<li data-start=\"2971\" data-end=\"2999\">\n<p data-start=\"2973\" data-end=\"2999\">la <strong data-start=\"2975\" data-end=\"2996\">odontoiatrico<\/strong>,<\/p>\n<\/li>\n<li data-start=\"3000\" data-end=\"3032\">\n<p data-start=\"3002\" data-end=\"3032\">la <strong data-start=\"3004\" data-end=\"3029\">Prenotazione della camera<\/strong>,<\/p>\n<\/li>\n<li data-start=\"3033\" data-end=\"3102\">\n<p data-start=\"3035\" data-end=\"3102\">nonch\u00e9 il <strong data-start=\"3046\" data-end=\"3083\">coordinamento con il<\/strong> servizio del minibus<\/p>\n<\/li>\n<\/ul>\n<p data-start=\"3104\" data-end=\"3127\"><strong data-start=\"3104\" data-end=\"3127\">Contatto:<\/strong><\/p>\n<p data-start=\"3129\" data-end=\"3178\">Numero di telefono: +36 96 566 400<br data-start=\"3147\" data-end=\"3150\" \/>\u2013 E-mail: info@dentissimi.com<\/p>\n\n\t\t<\/div>\n\t<\/div>\n<div class=\"tm-spacer\" id=\"tm-spacer-69f3a7977a1ea\"><\/div>\n<div class=\"tm-gallery tm-grid-wrapper  style-metro hover-overlay\" id=\"tm-gallery-69f3a7977a25f\"\n\n\t\n\t>\n\t<div class=\"tm-grid modern-grid has-animation move-up tm-light-gallery\">\n\n\t\t\n\t\t\t<div class=\"gallery-item grid-item grid-width-2 grid-height-2\">\n\t\t<a href=\"https:\/\/dentissimi.com\/wp-content\/uploads\/2025\/12\/vendegszoba_2.webp\" class=\"zoom\"\n\t\t   data-sub-html=\"&lt;h4&gt;Dentissimi sz\u00e1ll\u00e1s \u2013 Fog\u00e1szat Mosonmagyar\u00f3v\u00e1r&lt;\/h4&gt;\">\n\n\t\t\t<div class=\"item-wrapper\"\n\t\t\t     style=\"background-image: url( https:\/\/dentissimi.com\/wp-content\/uploads\/2025\/12\/vendegszoba_2.webp );\"><\/div>\n\n\t\t\t<div class=\"overlay\">\n\t\t\t\t<div><span class=\"fal fa-plus\"><\/span><\/div>\n\t\t\t<\/div>\n\t\t<\/a>\n\t<\/div>\n\t\t<div class=\"gallery-item grid-item\">\n\t\t<a href=\"https:\/\/dentissimi.com\/wp-content\/uploads\/2025\/12\/vendegszoba_1.webp\" class=\"zoom\"\n\t\t   data-sub-html=\"&lt;h4&gt;Dentissimi sz\u00e1ll\u00e1s \u2013 Fog\u00e1szat Mosonmagyar\u00f3v\u00e1r&lt;\/h4&gt;\">\n\n\t\t\t<div class=\"item-wrapper\"\n\t\t\t     style=\"background-image: url( https:\/\/dentissimi.com\/wp-content\/uploads\/2025\/12\/vendegszoba_1-480x480.webp );\"><\/div>\n\n\t\t\t<div class=\"overlay\">\n\t\t\t\t<div><span class=\"fal fa-plus\"><\/span><\/div>\n\t\t\t<\/div>\n\t\t<\/a>\n\t<\/div>\n\t\t<div class=\"gallery-item grid-item\">\n\t\t<a href=\"https:\/\/dentissimi.com\/wp-content\/uploads\/2025\/12\/vendegszoba_3.webp\" class=\"zoom\"\n\t\t   data-sub-html=\"&lt;h4&gt;Dentissimi sz\u00e1ll\u00e1s \u2013 Fog\u00e1szat Mosonmagyar\u00f3v\u00e1r&lt;\/h4&gt;\">\n\n\t\t\t<div class=\"item-wrapper\"\n\t\t\t     style=\"background-image: url( https:\/\/dentissimi.com\/wp-content\/uploads\/2025\/12\/vendegszoba_3-480x480.webp );\"><\/div>\n\n\t\t\t<div class=\"overlay\">\n\t\t\t\t<div><span class=\"fal fa-plus\"><\/span><\/div>\n\t\t\t<\/div>\n\t\t<\/a>\n\t<\/div>\n\t\t<div class=\"gallery-item grid-item grid-width-2 grid-height-2\">\n\t\t<a href=\"https:\/\/dentissimi.com\/wp-content\/uploads\/2025\/12\/vendegszoba_4.webp\" class=\"zoom\"\n\t\t   data-sub-html=\"&lt;h4&gt;Dentissimi sz\u00e1ll\u00e1s \u2013 Fog\u00e1szat Mosonmagyar\u00f3v\u00e1r&lt;\/h4&gt;\">\n\n\t\t\t<div class=\"item-wrapper\"\n\t\t\t     style=\"background-image: url( https:\/\/dentissimi.com\/wp-content\/uploads\/2025\/12\/vendegszoba_4.webp );\"><\/div>\n\n\t\t\t<div class=\"overlay\">\n\t\t\t\t<div><span class=\"fal fa-plus\"><\/span><\/div>\n\t\t\t<\/div>\n\t\t<\/a>\n\t<\/div>\n\t\n\t<\/div>\n<\/div>\n<\/div><\/div><\/div><\/div><div id=\"tm-row-69f3a7977af36\" class=\"vc_row vc_row-outer vc_row-fluid\"><div id=\"tm-column-69f3a7977b12e\" class=\"wpb_column vc_column_container vc_col-sm-12\"><div class=\"vc_column-inner\"><div class=\"wpb_wrapper\"><\/div><\/div><\/div><\/div>\n<\/div>","protected":false},"excerpt":{"rendered":"Sz\u00e1ll\u00e1sfoglal\u00e1s \u2013 K\u00e9nyelmes pihen\u00e9s k\u00f6zvetlen\u00fcl a fog\u00e1szat \u00e9p\u00fclet\u00e9ben Pihen\u00e9s a kezel\u00e9s ideje alatt \u2013 biztons\u00e1gos, nyugodt k\u00f6rnyezetben Mosonmagyar\u00f3v\u00e1ri fog\u00e1szati k\u00f6zpontunkban nemcsak a kezel\u00e9sekr\u0151l gondoskodunk, hanem\u00a0az \u00d6n pihen\u00e9s\u00e9r\u0151l is.Sz\u00e1ll\u00e1sfoglal\u00e1ssal k\u00f6zvetlen\u00fcl a rendel\u0151 \u00e9p\u00fclet\u00e9ben sz\u00e1llhat meg, \u00edgy a kezel\u00e9s \u00e9s a pihen\u00e9s k\u00f6z\u00f6tt csak n\u00e9h\u00e1ny l\u00e9p\u00e9s a \u201et\u00e1vols\u00e1g\u201d. Azoknak a p\u00e1cienseinknek, akikn\u00e9l altat\u00e1sban vagy szed\u00e1l\u00e1sban t\u00f6rt\u00e9nik a fog\u00e1szati kezel\u00e9s, k\u00fcl\u00f6n\u00f6sen fontos a nyugodt, csendes k\u00f6rnyezet.Szob\u00e1inkban \u00d6n: k\u00e9nyelmesen pihenhet a beavatkoz\u00e1s el\u0151tt \u00e9s ut\u00e1n, fel\u00fcgyelet mellett regener\u00e1l\u00f3dhat, am\u00edg az altat\u00e1s vagy b\u00f3d\u00edt\u00e1s hat\u00e1sa teljesen elm\u00falik, nem kell azonnal hossz\u00fa utaz\u00e1sra indulnia a kezel\u00e9s v\u00e9gezt\u00e9vel. A c\u00e9lunk, hogy a fog\u00e1szati \u00e9lm\u00e9ny ne legyen stresszes \u2013 sem a kezel\u00e9s alatt, sem ut\u00e1na. K\u00e9nyelmes, otthonos szob\u00e1k fog\u00e1szati p\u00e1cienseknek Szob\u00e1inkat kifejezetten fog\u00e1szati p\u00e1cienseink ig\u00e9nyeire szabtuk: \ud83d\udecf K\u00e9nyelmes \u00e1gyak, friss \u00e1gynem\u0171vel \ud83d\udebf Saj\u00e1t f\u00fcrd\u0151szoba \ud83c\udf21 Klimatiz\u00e1lt, j\u00f3l szell\u0151z\u0151 helyis\u00e9gek \ud83d\udcf6 Ingyenes WiFi \ud83e\uddf4 Alap piperecikkek (t\u00f6r\u00f6lk\u00f6z\u0151, szappan, sampon) A szob\u00e1k kialak\u00edt\u00e1s\u00e1n\u00e1l a legfontosabb szempont a nyugalom, tisztas\u00e1g \u00e9s biztons\u00e1g volt, hogy \u00d6n val\u00f3ban pihenni tudjon. Reggeli a k\u00f6zeli k\u00e1v\u00e9z\u00f3ban \u2013 a csomag r\u00e9sze Szob\u00e1inkat reggelivel k\u00edn\u00e1ljuk, melyet egy k\u00f6zeli k\u00e1v\u00e9z\u00f3ban fogyaszthat el. Friss p\u00e9ks\u00fctem\u00e9nyek K\u00e1v\u00e9, tea, \u00fcd\u00edt\u0151k K\u00f6nny\u0171 reggeli fog\u00e1szati beavatkoz\u00e1s ut\u00e1n is j\u00f3l toler\u00e1lhat\u00f3 v\u00e1laszt\u00e9k A reggeli a sz\u00e1ll\u00e1s \u00e1r\u00e1ban benne van, \u00e9s r\u00f6vid s\u00e9t\u00e1val el\u00e9rhet\u0151 a fog\u00e1szatt\u00f3l. Kinek aj\u00e1nljuk a sz\u00e1ll\u00e1sfoglal\u00e1st? Altat\u00e1sban vagy szed\u00e1ci\u00f3ban t\u00f6rt\u00e9n\u0151 fog\u00e1szati beavatkoz\u00e1s eset\u00e9n Hosszabb, t\u00f6bb l\u00e9p\u00e9sb\u0151l \u00e1ll\u00f3 kezel\u00e9si tervn\u00e9l D\u00e9l-Tirolb\u00f3l \u00e9s t\u00e1volabbr\u00f3l \u00e9rkez\u0151 p\u00e1cienseknek Id\u0151sebb vagy \u00e9rz\u00e9kenyebb p\u00e1cienseknek, akiknek fontos a plusz pihen\u0151id\u0151 P\u00e1roknak \/ k\u00eds\u00e9r\u0151knek, akik a p\u00e1cienssel egy\u00fctt szeretn\u00e9nek megsz\u00e1llni Foglal\u00e1s \u00e9s \u00e1rak Szobafoglal\u00e1s egyszer\u0171en int\u00e9zhet\u0151 a kezel\u00e9s egyeztet\u00e9s\u00e9vel egy id\u0151ben.Koll\u00e9g\u00e1ink sz\u00edvesen seg\u00edtenek: a fog\u00e1szati id\u0151pont, a szoba foglal\u00e1sa, valamint a kisbusz-j\u00e1rathoz val\u00f3 csatlakoz\u00e1s \u00f6sszehangol\u00e1s\u00e1ban. Kapcsolatfelv\u00e9tel: \u2013 Telefon: 00 36 96 566 400\u2013 E-mail: info@dentissimi.com","protected":false},"author":1,"featured_media":0,"parent":0,"menu_order":0,"comment_status":"closed","ping_status":"closed","template":"","meta":{"footnotes":""},"class_list":["post-2764","page","type-page","status-publish","hentry"],"_links":{"self":[{"href":"https:\/\/dentissimi.com\/it\/wp-json\/wp\/v2\/pages\/2764","targetHints":{"allow":["GET"]}}],"collection":[{"href":"https:\/\/dentissimi.com\/it\/wp-json\/wp\/v2\/pages"}],"about":[{"href":"https:\/\/dentissimi.com\/it\/wp-json\/wp\/v2\/types\/page"}],"author":[{"embeddable":true,"href":"https:\/\/dentissimi.com\/it\/wp-json\/wp\/v2\/users\/1"}],"replies":[{"embeddable":true,"href":"https:\/\/dentissimi.com\/it\/wp-json\/wp\/v2\/comments?post=2764"}],"version-history":[{"count":22,"href":"https:\/\/dentissimi.com\/it\/wp-json\/wp\/v2\/pages\/2764\/revisions"}],"predecessor-version":[{"id":4009,"href":"https:\/\/dentissimi.com\/it\/wp-json\/wp\/v2\/pages\/2764\/revisions\/4009"}],"wp:attachment":[{"href":"https:\/\/dentissimi.com\/it\/wp-json\/wp\/v2\/media?parent=2764"}],"curies":[{"name":"wp","href":"https:\/\/api.w.org\/{rel}","templated":true}]}}