{"id":2762,"date":"2025-11-14T12:21:04","date_gmt":"2025-11-14T12:21:04","guid":{"rendered":"https:\/\/dentissimi.com\/?page_id=2762"},"modified":"2026-04-22T10:21:26","modified_gmt":"2026-04-22T10:21:26","slug":"transzfer","status":"publish","type":"page","link":"https:\/\/dentissimi.com\/it\/transzfer\/","title":{"rendered":"Transfer in minibus dall\u2019Alto Adige"},"content":{"rendered":"<div class=\"wpb-content-wrapper\"><div id=\"tm-row-69f61eac9bf08\" class=\"vc_row vc_row-outer vc_row-fluid\"><div id=\"tm-column-69f61eac9c51f\" class=\"wpb_column vc_column_container vc_col-sm-12\"><div class=\"vc_column-inner\"><div class=\"wpb_wrapper\">\n<div class=\"tm-heading  left tm-animation move-up\" id=\"tm-heading-69f61eac9c827\">\n\t<h1 class=\"heading\" >Comodo minibus dall\u2019Alto Adige al centro odontoiatrico Dentissimi di Mosonmagyar\u00f3v\u00e1r.<\/h1><\/div>\n\n<\/div><\/div><\/div><\/div><div id=\"tm-row-69f61eac9cb1d\" class=\"vc_row vc_row-outer vc_row-fluid vc_row-o-content-middle vc_row-flex\"><div id=\"tm-column-69f61eac9cd34\" class=\"wpb_column vc_column_container vc_col-sm-3\"><div class=\"vc_column-inner\"><div class=\"wpb_wrapper\"><div class=\"tm-spacer\" id=\"tm-spacer-69f61eac9cedb\"><\/div>\n<div class=\"tm-image  tm-animation move-up\" id=\"tm-image-69f61eac9cffa\">\n\t\t\t<div class=\"image\"><img decoding=\"async\" src=\"https:\/\/dentissimi.com\/wp-content\/uploads\/2025\/12\/kisbusz.webp\" alt=\"Dentissimi \u2013 Fog\u00e1szat Mosonmagyar\u00f3v\u00e1r\" \/><\/div>\t\t<\/div>\n<\/div><\/div><\/div><div id=\"tm-column-69f61eac9d8e4\" class=\"wpb_column vc_column_container vc_col-sm-9\"><div class=\"vc_column-inner\"><div class=\"wpb_wrapper\"><div class=\"tm-spacer\" id=\"tm-spacer-69f61eac9da45\"><\/div>\n\n\t<div class=\"wpb_text_column wpb_content_element\" >\n\t\t<div class=\"wpb_wrapper\">\n\t\t\t<h3 data-start=\"1082\" data-end=\"1113\">Il nostro percorso da citt\u00e0 a citt\u00e0<\/h3>\n<p data-start=\"1115\" data-end=\"1198\">Il minibus offre possibilit\u00e0 di salita nelle seguenti citt\u00e0 facilmente raggiungibili:<\/p>\n<p data-start=\"1200\" data-end=\"1296\"><strong data-start=\"1200\" data-end=\"1296\">Merano \u2192 Bolzano \u2192 Brixen \u2192 Innsbruck \u2192 Rosenheim \u2192 Salzburg \u2192 Linz \u2192 Wien \u2192 Mosonmagyar\u00f3v\u00e1r<\/strong><\/p>\n<p data-start=\"1298\" data-end=\"1387\">Previo accordo, i pazienti possono salire a bordo nel punto pi\u00f9 vicino al proprio luogo di residenza.<\/p>\n\n\t\t<\/div>\n\t<\/div>\n<\/div><\/div><\/div><\/div><div id=\"tm-row-69f61eac9dcf0\" class=\"vc_row vc_row-outer vc_row-fluid\"><div id=\"tm-column-69f61eac9dee3\" class=\"wpb_column vc_column_container vc_col-sm-12\"><div class=\"vc_column-inner\"><div class=\"wpb_wrapper\"><div class=\"tm-spacer\" id=\"tm-spacer-69f61eac9e01f\"><\/div>\n<\/div><\/div><\/div><\/div><div id=\"tm-row-69f61eac9e140\" class=\"vc_row vc_row-outer vc_row-fluid\"><div id=\"tm-column-69f61eac9e36f\" class=\"wpb_column vc_column_container vc_col-sm-12\"><div class=\"vc_column-inner\"><div class=\"wpb_wrapper\">\n<div class=\"tm-heading  left tm-animation move-up\" id=\"tm-heading-69f61eac9e596\">\n\t<h3 class=\"heading\" >Viaggi comodamente fino a Mosonmagyar\u00f3v\u00e1r \u2013 dall\u2019Alto Adige direttamente al nostro studio.<\/h3><\/div>\n\n<div class=\"tm-spacer\" id=\"tm-spacer-69f61eac9e786\"><\/div>\n\n\t<div class=\"wpb_text_column wpb_content_element\" >\n\t\t<div class=\"wpb_wrapper\">\n\t\t\t<p data-start=\"432\" data-end=\"618\">- <strong data-start=\"434\" data-end=\"448\">pazienti Dentissimi<\/strong> abbiamo organizzato la soluzione pi\u00f9 comoda: <strong data-start=\"527\" data-end=\"594\">il nostro minibus privato trasporta gli ospiti direttamente dall\u2019Alto Adige fino allo studio odontoiatrico<\/strong> Dentissimi di Mosonmagyar\u00f3v\u00e1r.<\/p>\n<p data-start=\"620\" data-end=\"726\"><strong data-start=\"620\" data-end=\"674\">Il primo viaggio \u00e8 gratuito per tutti i nuovi pazienti.<\/strong><br data-start=\"674\" data-end=\"677\" \/>I viaggi successivi sono disponibili a tariffa agevolata.<\/p>\n<h3 data-start=\"728\" data-end=\"776\">Servizio regolare di minibus \u2013 4 partenze settimanali<\/h3>\n<p data-start=\"778\" data-end=\"801\">Orari del nostro minibus:<\/p>\n<ul data-start=\"803\" data-end=\"978\">\n<li data-start=\"803\" data-end=\"848\">\n<p data-start=\"805\" data-end=\"848\"><strong data-start=\"805\" data-end=\"817\">Domenica:<\/strong>Alto Adige \u2192 Mosonmagyar\u00f3v\u00e1r<\/p>\n<\/li>\n<li data-start=\"849\" data-end=\"890\">\n<p data-start=\"851\" data-end=\"890\"><strong data-start=\"851\" data-end=\"859\">Marted\u00ec:<\/strong>Alto Adige \u2192 Mosonmagyar\u00f3v\u00e1r<\/p>\n<\/li>\n<li data-start=\"891\" data-end=\"934\">\n<p data-start=\"893\" data-end=\"934\"><strong data-start=\"893\" data-end=\"903\">Mercoled\u00ec:<\/strong>Mosonmagyar\u00f3v\u00e1r \u2192 Alto Adige<\/p>\n<\/li>\n<li data-start=\"935\" data-end=\"978\">\n<p data-start=\"937\" data-end=\"978\"><strong data-start=\"937\" data-end=\"947\">Venerd\u00ec:<\/strong>Mosonmagyar\u00f3v\u00e1r \u2192 Alto Adige<\/p>\n<\/li>\n<\/ul>\n<p data-start=\"980\" data-end=\"1075\">Questo orario consente di pianificare in <strong data-start=\"1038\" data-end=\"1074\">anticipo e in totale sicurezza sia il trattamento che il viaggio.<\/strong>.<\/p>\n<hr data-start=\"1077\" data-end=\"1080\" \/>\n<h3 data-start=\"1394\" data-end=\"1445\">Perch\u00e9 scegliere il minibus Dentissimi?<\/h3>\n<ul data-start=\"1447\" data-end=\"1780\">\n<li data-start=\"1447\" data-end=\"1515\">\n<p data-start=\"1449\" data-end=\"1515\">\ud83d\ude90 <strong data-start=\"1452\" data-end=\"1486\">Minibus confortevole e climatizzato<\/strong> \u2013 progettato per viaggi pi\u00f9 lunghi<\/p>\n<\/li>\n<li data-start=\"1516\" data-end=\"1572\">\n<p data-start=\"1518\" data-end=\"1572\">\ud83c\udf81 <strong data-start=\"1521\" data-end=\"1570\">Il primo viaggio \u00e8 gratuito per tutti i nuovi pazienti<\/strong><\/p>\n<\/li>\n<li data-start=\"1573\" data-end=\"1609\">\n<p data-start=\"1575\" data-end=\"1609\">\ud83d\udd52 <strong data-start=\"1578\" data-end=\"1607\">Orari fissi e affidabili<\/strong><\/p>\n<\/li>\n<li data-start=\"1610\" data-end=\"1659\">\n<p data-start=\"1612\" data-end=\"1659\">\ud83d\udcac <strong data-start=\"1615\" data-end=\"1657\">Personale che parla tedesco e ungherese<\/strong><\/p>\n<\/li>\n<li data-start=\"1660\" data-end=\"1713\">\n<p data-start=\"1662\" data-end=\"1713\">\ud83e\uddb7 <strong data-start=\"1665\" data-end=\"1711\">Partenze coordinate con gli appuntamenti odontoiatrici<\/strong><\/p>\n<\/li>\n<li data-start=\"1714\" data-end=\"1780\">\n<p data-start=\"1716\" data-end=\"1780\">\ud83c\udfe5 <strong data-start=\"1719\" data-end=\"1778\">Arrivo diretto a Mosonmagyar\u00f3v\u00e1r, nelle immediate vicinanze dello studio<\/strong><\/p>\n<\/li>\n<\/ul>\n<hr data-start=\"1782\" data-end=\"1785\" \/>\n<h3 data-start=\"1787\" data-end=\"1806\">A chi lo consigliamo?<\/h3>\n<ul data-start=\"1808\" data-end=\"2124\">\n<li data-start=\"1808\" data-end=\"1888\">\n<p data-start=\"1810\" data-end=\"1888\">Per i pazienti dell\u2019Alto Adige che cercano un\u2019assistenza odontoiatrica di qualit\u00e0 a un prezzo accessibile.<\/p>\n<\/li>\n<li data-start=\"1889\" data-end=\"1972\">\n<p data-start=\"1891\" data-end=\"1972\">Per chi <strong data-start=\"1905\" data-end=\"1932\">non desidera guidare<\/strong>o cerca una soluzione pi\u00f9 comoda.<\/p>\n<\/li>\n<li data-start=\"1973\" data-end=\"2054\">\n<p data-start=\"1975\" data-end=\"2054\">Per anziani e famiglie che desiderano un viaggio sicuro e ben organizzato.<\/p>\n<\/li>\n<li data-start=\"2055\" data-end=\"2124\">\n<p data-start=\"2057\" data-end=\"2124\">Per tutti coloro che desiderano usufruire <strong data-start=\"2098\" data-end=\"2122\">gratuitamente del primo viaggio.<\/strong><\/p>\n<\/li>\n<\/ul>\n<hr data-start=\"2126\" data-end=\"2129\" \/>\n<h3 data-start=\"2131\" data-end=\"2167\">Come prenotare un posto sul minibus<\/h3>\n<ol data-start=\"2169\" data-end=\"2422\">\n<li data-start=\"2169\" data-end=\"2231\">\n<p data-start=\"2172\" data-end=\"2231\"><strong data-start=\"2172\" data-end=\"2201\">Ci contatti \u2013<\/strong> \u2013 telefonicamente o via e-mail.<\/p>\n<\/li>\n<li data-start=\"2232\" data-end=\"2301\">\n<p data-start=\"2235\" data-end=\"2301\"><strong data-start=\"2235\" data-end=\"2277\">Scelga il giorno di partenza pi\u00f9 adatto<\/strong> (domenica o marted\u00ec).<\/p>\n<\/li>\n<li data-start=\"2302\" data-end=\"2357\">\n<p data-start=\"2305\" data-end=\"2357\"><strong data-start=\"2305\" data-end=\"2330\">Coordiniamo il Suo trattamento<\/strong> in base all\u2019orario del minibus.<\/p>\n<\/li>\n<li data-start=\"2358\" data-end=\"2422\">\n<p data-start=\"2361\" data-end=\"2422\"><strong data-start=\"2361\" data-end=\"2401\">Si presenti al punto di partenza designato<\/strong> all\u2019orario concordato.<\/p>\n<\/li>\n<\/ol>\n<hr data-start=\"2424\" data-end=\"2427\" \/>\n<h3 data-start=\"2429\" data-end=\"2484\">Trattamenti odontoiatrici moderni nel cuore di Mosonmagyar\u00f3v\u00e1r.<\/h3>\n<p data-start=\"2486\" data-end=\"2591\">Il nostro studio La accoglie con tecnologie all\u2019avanguardia, un team medico esperto e un eccellente rapporto qualit\u00e0-prezzo:<\/p>\n<ul data-start=\"2593\" data-end=\"2711\">\n<li data-start=\"2593\" data-end=\"2610\">\n<p data-start=\"2595\" data-end=\"2610\">\u2013 impianti dentali<\/p>\n<\/li>\n<li data-start=\"2611\" data-end=\"2641\">\n<p data-start=\"2613\" data-end=\"2641\">\u2013 corone, ponti, protesi<\/p>\n<\/li>\n<li data-start=\"2642\" data-end=\"2666\">\n<p data-start=\"2644\" data-end=\"2666\">\u2013 trattamenti estetici<\/p>\n<\/li>\n<li data-start=\"2667\" data-end=\"2711\">\n<p data-start=\"2669\" data-end=\"2711\">\u2013 diagnostica completa e piano di trattamento personalizzato<\/p>\n<\/li>\n<\/ul>\n<p data-start=\"2713\" data-end=\"2766\">Da noi il viaggio \u00e8 comodo quanto il trattamento.<\/p>\n<hr data-start=\"2768\" data-end=\"2771\" \/>\n<h3 data-start=\"2773\" data-end=\"2786\">Contatti<\/h3>\n<p data-start=\"2788\" data-end=\"2850\">Prenoti un posto sul minibus oppure richieda ulteriori informazioni:<\/p>\n<p data-start=\"2852\" data-end=\"2901\">Numero di telefono: +36 96 566 400<br data-start=\"2870\" data-end=\"2873\" \/>\u2013 E-mail: info@dentissimi.com<\/p>\n<p data-start=\"2903\" data-end=\"2956\"><strong data-start=\"2903\" data-end=\"2956\">Dentissimi \u2013 dove anche il percorso verso il sorriso \u00e8 confortevole.<\/strong><\/p>\n\n\t\t<\/div>\n\t<\/div>\n<\/div><\/div><\/div><\/div><div id=\"tm-row-69f61eac9ea2a\" class=\"vc_row vc_row-outer vc_row-fluid\"><div id=\"tm-column-69f61eac9ebff\" class=\"wpb_column vc_column_container vc_col-sm-12\"><div class=\"vc_column-inner\"><div class=\"wpb_wrapper\"><\/div><\/div><\/div><\/div>\n<\/div>","protected":false},"excerpt":{"rendered":"K\u00e9nyelmes kisbusz D\u00e9l-Tirolb\u00f3l a Dentissimi mosonmagyar\u00f3v\u00e1ri fog\u00e1szati centrum\u00e1ba \u00datvonalunk v\u00e1rosr\u00f3l v\u00e1rosra A kisbusz az al\u00e1bbi j\u00f3l megk\u00f6zel\u00edthet\u0151 v\u00e1rosokban biztos\u00edt felsz\u00e1ll\u00e1si lehet\u0151s\u00e9get: Merano \u2192 Bolzano \u2192 Brixen \u2192 Innsbruck \u2192 Rosenheim \u2192 Salzburg \u2192 Linz \u2192 Wien \u2192 Mosonmagyar\u00f3v\u00e1r El\u0151zetes egyeztet\u00e9s ut\u00e1n a p\u00e1ciensek a lak\u00f3hely\u00fckh\u00f6z legk\u00f6zelebbi ponton csatlakozhatnak. Utazzon k\u00e9nyelmesen Mosonmagyar\u00f3v\u00e1rra \u2013 D\u00e9l-Tirolb\u00f3l eg\u00e9szen a rendel\u0151nkig A dentissimi p\u00e1ciensei sz\u00e1m\u00e1ra megszervezt\u00fck a legk\u00e9nyelmesebb megold\u00e1st: saj\u00e1t kisbuszunk D\u00e9l-Tirolb\u00f3l k\u00f6zvetlen\u00fcl mosonmagyar\u00f3v\u00e1ri fog\u00e1szati rendel\u0151nkig sz\u00e1ll\u00edtja vend\u00e9geinket. Az els\u0151 utaz\u00e1s minden \u00faj p\u00e1ciens sz\u00e1m\u00e1ra ingyenes.A tov\u00e1bbi utak kedvezm\u00e9nyes \u00e1ron vehet\u0151k ig\u00e9nybe. Rendszeres kisbusz-j\u00e1rat \u2013 heti 4 indul\u00e1ssal Kisbuszunk menetrendje: Vas\u00e1rnap: D\u00e9l-Tirol \u279c Mosonmagyar\u00f3v\u00e1r Kedd: D\u00e9l-Tirol \u279c Mosonmagyar\u00f3v\u00e1r Szerda: Mosonmagyar\u00f3v\u00e1r \u279c D\u00e9l-Tirol P\u00e9ntek: Mosonmagyar\u00f3v\u00e1r \u279c D\u00e9l-Tirol Ez a menetrend lehet\u0151v\u00e9 teszi, hogy kezel\u00e9s\u00e9t \u00e9s utaz\u00e1s\u00e1t el\u0151re, biztons\u00e1gosan megtervezze. Mi\u00e9rt \u00e9rdemes a dentissimi kisbuszt v\u00e1lasztani? \ud83d\ude90 K\u00e9nyelmes, klimatiz\u00e1lt kisbusz \u2013 hosszabb utakra tervezve \ud83c\udf81 Az els\u0151 utaz\u00e1s d\u00edjmentes minden \u00faj p\u00e1ciensnek \ud83d\udd52 Fix, megb\u00edzhat\u00f3 menetrend \ud83d\udcac N\u00e9met\u00fcl \u00e9s magyarul besz\u00e9l\u0151 szem\u00e9lyzet \ud83e\uddb7 Fog\u00e1szati id\u0151pontokhoz igaz\u00edtott indul\u00e1sok \ud83c\udfe5 K\u00f6zvetlen \u00e9rkez\u00e9s Mosonmagyar\u00f3v\u00e1rra, a rendel\u0151 k\u00f6zel\u00e9be Kinek aj\u00e1nljuk? D\u00e9l-tiroli p\u00e1cienseknek, akik min\u0151s\u00e9gi fog\u00e1szatot keresnek megfizethet\u0151 \u00e1ron Azoknak, akik nem szeretn\u00e9nek vezetni, vagy k\u00e9nyelmesebb megold\u00e1st keresnek Id\u0151sebbeknek \u00e9s csal\u00e1doknak, akik biztons\u00e1gos, szervezett utaz\u00e1st szeretn\u00e9nek Mindazoknak, akik szeretn\u00e9k az els\u0151 utat ingyen ig\u00e9nybe venni \u00cdgy foglalhat helyet a kisbuszra L\u00e9pjen kapcsolatba vel\u00fcnk \u2013 telefonon vagy e-mailben. V\u00e1lassza ki a megfelel\u0151 indul\u00e1si napot (vas\u00e1rnap vagy kedd). Egyeztess\u00fck kezel\u00e9s\u00e9t a menetrendhez igaz\u00edtva. \u00c9rkezzen a kijel\u00f6lt felv\u00e9teli pontra a megbesz\u00e9lt id\u0151ben. Modern fog\u00e1szati kezel\u00e9sek Mosonmagyar\u00f3v\u00e1r sz\u00edv\u00e9ben Rendel\u0151nk korszer\u0171 technol\u00f3gi\u00e1val, tapasztalt orvosi csapattal \u00e9s kiemelked\u0151 \u00e1r-\u00e9rt\u00e9k ar\u00e1nnyal v\u00e1rja \u00d6nt: implant\u00e1tumok koron\u00e1k, hidak, prot\u00e9zisek eszt\u00e9tikai kezel\u00e9sek teljesk\u00f6r\u0171 diagnosztika \u00e9s kezel\u00e9si terv N\u00e1lunk az utaz\u00e1s \u00e9pp olyan k\u00e9nyelmes, mint a kezel\u00e9s. Kapcsolat Foglaljon helyet a kisbuszra, vagy k\u00e9rjen tov\u00e1bbi inform\u00e1ci\u00f3t: \u2013 Telefon: 00 36 96 566 400\u2013 E-mail: info@dentissimi.com Dentissimi \u2013 ahol a mosolyhoz az \u00fat is k\u00e9nyelmes.","protected":false},"author":1,"featured_media":0,"parent":0,"menu_order":0,"comment_status":"closed","ping_status":"closed","template":"","meta":{"footnotes":""},"class_list":["post-2762","page","type-page","status-publish","hentry"],"_links":{"self":[{"href":"https:\/\/dentissimi.com\/it\/wp-json\/wp\/v2\/pages\/2762","targetHints":{"allow":["GET"]}}],"collection":[{"href":"https:\/\/dentissimi.com\/it\/wp-json\/wp\/v2\/pages"}],"about":[{"href":"https:\/\/dentissimi.com\/it\/wp-json\/wp\/v2\/types\/page"}],"author":[{"embeddable":true,"href":"https:\/\/dentissimi.com\/it\/wp-json\/wp\/v2\/users\/1"}],"replies":[{"embeddable":true,"href":"https:\/\/dentissimi.com\/it\/wp-json\/wp\/v2\/comments?post=2762"}],"version-history":[{"count":20,"href":"https:\/\/dentissimi.com\/it\/wp-json\/wp\/v2\/pages\/2762\/revisions"}],"predecessor-version":[{"id":4010,"href":"https:\/\/dentissimi.com\/it\/wp-json\/wp\/v2\/pages\/2762\/revisions\/4010"}],"wp:attachment":[{"href":"https:\/\/dentissimi.com\/it\/wp-json\/wp\/v2\/media?parent=2762"}],"curies":[{"name":"wp","href":"https:\/\/api.w.org\/{rel}","templated":true}]}}