{"id":129,"date":"2019-06-04T02:13:52","date_gmt":"2019-06-04T02:13:52","guid":{"rendered":"https:\/\/dentissimi.com\/pricing\/"},"modified":"2026-04-22T10:22:12","modified_gmt":"2026-04-22T10:22:12","slug":"araink","status":"publish","type":"page","link":"https:\/\/dentissimi.com\/it\/araink\/","title":{"rendered":"Prezzi"},"content":{"rendered":"<div class=\"wpb-content-wrapper\"><div id=\"tm-row-69f2cf2ea9eb0\" class=\"vc_row vc_row-outer vc_row-fluid\"><div id=\"tm-column-69f2cf2eaa3d6\" class=\"wpb_column vc_column_container vc_col-sm-12\"><div class=\"vc_column-inner\"><div class=\"wpb_wrapper\"><div class=\"tm-spacer\" id=\"tm-spacer-69f2cf2eaa601\"><\/div>\n\n<div class=\"tm-heading  center tm-animation move-up\" id=\"tm-heading-69f2cf2eaa786\">\n\t<h1 class=\"heading\" >Offriamo cure dentistiche di qualit\u00e0 a prezzi prevedibili<\/h1><\/div>\n\n<div class=\"tm-spacer\" id=\"tm-spacer-69f2cf2eaaa76\"><\/div>\n<div class=\"tm-pricing-group\" id=\"tm-pricing-group-69f2cf2eaaaf9\">\n\t<div class=\"pricing-wrap\">\n\t\t\n<div class=\"tm-pricing  style-3 tm-animation move-up tm-pricing-featured\" id=\"tm-pricing-69f2cf2eaac31\">\n\t<div class=\"inner\">\n\n\t\t\t\t\t\t\t\t\t<div class=\"tm-pricing-recomend heading-font\"><i class=\"fas fa-star\"><\/i>Most popular<\/div>\n\t\t\t\n\t\t\t<div class=\"tm-pricing-header\">\n\t\t\t\t\n\t\t\t\t<h5 class=\"title\">Nel nostro studio non addebitiamo costi aggiuntivi per i seguenti trattamenti!<\/h5>\n\n\t\t\t\t\n\t\t\t\t\t\t\t<\/div>\n\n\t\t\t<div class=\"tm-pricing-content\">\n\t\t\t\t\t\t\t\t\t<ul class=\"tm-pricing-list heading-color\">\n\t\t\t\t\t\t\t\t\t\t\t\t\t<li>\n\t\t\t\t\t\t\t\t\t\t\t\t\t\t\t\t\t<i class=\"feature-icon ion-checkmark-round\"><\/i>\n\t\t\t\t\t\t\t\t\t\t\t\t\t\t\t\t\t\t\t\t\t\t\t\t\t<span class=\"feature-text\">Prima consultazione   0 EUR<\/span>\t\t\t\t\t\t\t\t\t\t\t\t\t\t\t<\/li>\n\t\t\t\t\t\t\t\t\t\t\t\t\t\t<li>\n\t\t\t\t\t\t\t\t\t\t\t\t\t\t\t\t\t<i class=\"feature-icon ion-checkmark-round\"><\/i>\n\t\t\t\t\t\t\t\t\t\t\t\t\t\t\t\t\t\t\t\t\t\t\t\t\t<span class=\"feature-text\">Preparazione del preventivo   0 EUR<\/span>\t\t\t\t\t\t\t\t\t\t\t\t\t\t\t<\/li>\n\t\t\t\t\t\t\t\t\t\t\t\t\t\t<li>\n\t\t\t\t\t\t\t\t\t\t\t\t\t\t\t\t\t<i class=\"feature-icon ion-checkmark-round\"><\/i>\n\t\t\t\t\t\t\t\t\t\t\t\t\t\t\t\t\t\t\t\t\t\t\t\t\t<span class=\"feature-text\">Controllo annuale   0 EUR<\/span>\t\t\t\t\t\t\t\t\t\t\t\t\t\t\t<\/li>\n\t\t\t\t\t\t\t\t\t\t\t\t\t\t<li>\n\t\t\t\t\t\t\t\t\t\t\t\t\t\t\t\t\t<i class=\"feature-icon ion-checkmark-round\"><\/i>\n\t\t\t\t\t\t\t\t\t\t\t\t\t\t\t\t\t\t\t\t\t\t\t\t\t<span class=\"feature-text\">Anestesia   0 EUR<\/span>\t\t\t\t\t\t\t\t\t\t\t\t\t\t\t<\/li>\n\t\t\t\t\t\t\t\t\t\t\t\t<\/ul>\n\t\t\t\t\t\t\t<\/div>\n\n\t\t\t\t\t\t<\/div>\n<\/div>\n\t<\/div>\n<\/div>\n<div class=\"tm-pricing-group\" id=\"tm-pricing-group-69f2cf2eaacd6\">\n\t<div class=\"pricing-wrap\">\n\t\t\n<div class=\"tm-pricing  style-3 tm-animation move-up tm-pricing-featured\" id=\"tm-pricing-69f2cf2eaad95\">\n\t<div class=\"inner\">\n\n\t\t\t\t\t\t\t\t\t<div class=\"tm-pricing-recomend heading-font\"><i class=\"fas fa-star\"><\/i>Most popular<\/div>\n\t\t\t\n\t\t\t<div class=\"tm-pricing-header\">\n\t\t\t\t\n\t\t\t\t<h5 class=\"title\">Igiene dentale<\/h5>\n\n\t\t\t\t\n\t\t\t\t\t\t\t<\/div>\n\n\t\t\t<div class=\"tm-pricing-content\">\n\t\t\t\t\t\t\t\t\t<ul class=\"tm-pricing-list heading-color\">\n\t\t\t\t\t\t\t\t\t\t\t\t\t<li>\n\t\t\t\t\t\t\t\t\t\t\t\t\t\t\t\t\t<i class=\"feature-icon ion-checkmark-round\"><\/i>\n\t\t\t\t\t\t\t\t\t\t\t\t\t\t\t\t\t\t\t\t\t\t\t\t\t<span class=\"feature-text\">Rimozione del tartaro   68 EUR<\/span>\t\t\t\t\t\t\t\t\t\t\t\t\t\t\t<\/li>\n\t\t\t\t\t\t\t\t\t\t\t\t\t\t<li>\n\t\t\t\t\t\t\t\t\t\t\t\t\t\t\t\t\t<i class=\"feature-icon ion-checkmark-round\"><\/i>\n\t\t\t\t\t\t\t\t\t\t\t\t\t\t\t\t\t\t\t\t\t\t\t\t\t<span class=\"feature-text\">Sbiancamento dentale \/ mascella   230 EUR<\/span>\t\t\t\t\t\t\t\t\t\t\t\t\t\t\t<\/li>\n\t\t\t\t\t\t\t\t\t\t\t\t<\/ul>\n\t\t\t\t\t\t\t<\/div>\n\n\t\t\t\t\t\t<\/div>\n<\/div>\n\t<\/div>\n<\/div>\n<div class=\"tm-pricing-group\" id=\"tm-pricing-group-69f2cf2eaae1a\">\n\t<div class=\"pricing-wrap\">\n\t\t\n<div class=\"tm-pricing  style-3 tm-animation move-up tm-pricing-featured\" id=\"tm-pricing-69f2cf2eaaecc\">\n\t<div class=\"inner\">\n\n\t\t\t\t\t\t\t\t\t<div class=\"tm-pricing-recomend heading-font\"><i class=\"fas fa-star\"><\/i>Most popular<\/div>\n\t\t\t\n\t\t\t<div class=\"tm-pricing-header\">\n\t\t\t\t\n\t\t\t\t<h5 class=\"title\">Diagnostica<\/h5>\n\n\t\t\t\t\n\t\t\t\t\t\t\t<\/div>\n\n\t\t\t<div class=\"tm-pricing-content\">\n\t\t\t\t\t\t\t\t\t<ul class=\"tm-pricing-list heading-color\">\n\t\t\t\t\t\t\t\t\t\t\t\t\t<li>\n\t\t\t\t\t\t\t\t\t\t\t\t\t\t\t\t\t<i class=\"feature-icon ion-checkmark-round\"><\/i>\n\t\t\t\t\t\t\t\t\t\t\t\t\t\t\t\t\t\t\t\t\t\t\t\t\t<span class=\"feature-text\">Radiografia intraorale   28 EUR<\/span>\t\t\t\t\t\t\t\t\t\t\t\t\t\t\t<\/li>\n\t\t\t\t\t\t\t\t\t\t\t\t\t\t<li>\n\t\t\t\t\t\t\t\t\t\t\t\t\t\t\t\t\t<i class=\"feature-icon ion-checkmark-round\"><\/i>\n\t\t\t\t\t\t\t\t\t\t\t\t\t\t\t\t\t\t\t\t\t\t\t\t\t<span class=\"feature-text\">Radiografia panoramica   59 EUR<\/span>\t\t\t\t\t\t\t\t\t\t\t\t\t\t\t<\/li>\n\t\t\t\t\t\t\t\t\t\t\t\t\t\t<li>\n\t\t\t\t\t\t\t\t\t\t\t\t\t\t\t\t\t<i class=\"feature-icon ion-checkmark-round\"><\/i>\n\t\t\t\t\t\t\t\t\t\t\t\t\t\t\t\t\t\t\t\t\t\t\t\t\t<span class=\"feature-text\">TAC (Tomografia computerizzata a fascio conico)   120 EUR<\/span>\t\t\t\t\t\t\t\t\t\t\t\t\t\t\t<\/li>\n\t\t\t\t\t\t\t\t\t\t\t\t<\/ul>\n\t\t\t\t\t\t\t<\/div>\n\n\t\t\t\t\t\t<\/div>\n<\/div>\n\t<\/div>\n<\/div>\n<div class=\"tm-pricing-group\" id=\"tm-pricing-group-69f2cf2eaaf4d\">\n\t<div class=\"pricing-wrap\">\n\t\t\n<div class=\"tm-pricing  style-3 tm-animation move-up tm-pricing-featured\" id=\"tm-pricing-69f2cf2eaaff1\">\n\t<div class=\"inner\">\n\n\t\t\t\t\t\t\t\t\t<div class=\"tm-pricing-recomend heading-font\"><i class=\"fas fa-star\"><\/i>Most popular<\/div>\n\t\t\t\n\t\t\t<div class=\"tm-pricing-header\">\n\t\t\t\t\n\t\t\t\t<h5 class=\"title\">Endodonzia, otturazioni dentali<\/h5>\n\n\t\t\t\t\n\t\t\t\t\t\t\t<\/div>\n\n\t\t\t<div class=\"tm-pricing-content\">\n\t\t\t\t\t\t\t\t\t<ul class=\"tm-pricing-list heading-color\">\n\t\t\t\t\t\t\t\t\t\t\t\t\t<li>\n\t\t\t\t\t\t\t\t\t\t\t\t\t\t\t\t\t<i class=\"feature-icon ion-checkmark-round\"><\/i>\n\t\t\t\t\t\t\t\t\t\t\t\t\t\t\t\t\t\t\t\t\t\t\t\t\t<span class=\"feature-text\">Devitalizzazione da 150 EUR<\/span>\t\t\t\t\t\t\t\t\t\t\t\t\t\t\t<\/li>\n\t\t\t\t\t\t\t\t\t\t\t\t\t\t<li>\n\t\t\t\t\t\t\t\t\t\t\t\t\t\t\t\t\t<i class=\"feature-icon ion-checkmark-round\"><\/i>\n\t\t\t\t\t\t\t\t\t\t\t\t\t\t\t\t\t\t\t\t\t\t\t\t\t<span class=\"feature-text\">Otturazione estetica da 90 EUR<\/span>\t\t\t\t\t\t\t\t\t\t\t\t\t\t\t<\/li>\n\t\t\t\t\t\t\t\t\t\t\t\t\t\t<li>\n\t\t\t\t\t\t\t\t\t\t\t\t\t\t\t\t\t<i class=\"feature-icon ion-checkmark-round\"><\/i>\n\t\t\t\t\t\t\t\t\t\t\t\t\t\t\t\t\t\t\t\t\t\t\t\t\t<span class=\"feature-text\">Intarsio dentale (inlay, onlay) 355 EUR<\/span>\t\t\t\t\t\t\t\t\t\t\t\t\t\t\t<\/li>\n\t\t\t\t\t\t\t\t\t\t\t\t<\/ul>\n\t\t\t\t\t\t\t<\/div>\n\n\t\t\t\t\t\t<\/div>\n<\/div>\n\t<\/div>\n<\/div>\n<div class=\"tm-pricing-group\" id=\"tm-pricing-group-69f2cf2eab074\">\n\t<div class=\"pricing-wrap\">\n\t\t\n<div class=\"tm-pricing  style-3 tm-animation move-up tm-pricing-featured\" id=\"tm-pricing-69f2cf2eab11a\">\n\t<div class=\"inner\">\n\n\t\t\t\t\t\t\t\t\t<div class=\"tm-pricing-recomend heading-font\"><i class=\"fas fa-star\"><\/i>Most popular<\/div>\n\t\t\t\n\t\t\t<div class=\"tm-pricing-header\">\n\t\t\t\t\n\t\t\t\t<h5 class=\"title\">Protesi dentarie<\/h5>\n\n\t\t\t\t\n\t\t\t\t\t\t\t<\/div>\n\n\t\t\t<div class=\"tm-pricing-content\">\n\t\t\t\t\t\t\t\t\t<ul class=\"tm-pricing-list heading-color\">\n\t\t\t\t\t\t\t\t\t\t\t\t\t<li>\n\t\t\t\t\t\t\t\t\t\t\t\t\t\t\t\t\t<i class=\"feature-icon ion-checkmark-round\"><\/i>\n\t\t\t\t\t\t\t\t\t\t\t\t\t\t\t\t\t\t\t\t\t\t\t\t\t<span class=\"feature-text\">Protesi totale per arcata 760 EUR<\/span>\t\t\t\t\t\t\t\t\t\t\t\t\t\t\t<\/li>\n\t\t\t\t\t\t\t\t\t\t\t\t\t\t<li>\n\t\t\t\t\t\t\t\t\t\t\t\t\t\t\t\t\t<i class=\"feature-icon ion-checkmark-round\"><\/i>\n\t\t\t\t\t\t\t\t\t\t\t\t\t\t\t\t\t\t\t\t\t\t\t\t\t<span class=\"feature-text\">Protesi BPS stabile nel morso 1190 EUR<\/span>\t\t\t\t\t\t\t\t\t\t\t\t\t\t\t<\/li>\n\t\t\t\t\t\t\t\t\t\t\t\t\t\t<li>\n\t\t\t\t\t\t\t\t\t\t\t\t\t\t\t\t\t<i class=\"feature-icon ion-checkmark-round\"><\/i>\n\t\t\t\t\t\t\t\t\t\t\t\t\t\t\t\t\t\t\t\t\t\t\t\t\t<span class=\"feature-text\">Protesi parziale combinata per arcata 1520 EUR<\/span>\t\t\t\t\t\t\t\t\t\t\t\t\t\t\t<\/li>\n\t\t\t\t\t\t\t\t\t\t\t\t\t\t<li>\n\t\t\t\t\t\t\t\t\t\t\t\t\t\t\t\t\t<i class=\"feature-icon ion-checkmark-round\"><\/i>\n\t\t\t\t\t\t\t\t\t\t\t\t\t\t\t\t\t\t\t\t\t\t\t\t\t<span class=\"feature-text\">Protesi su barra (fissata su 4 impianti) per arcata 2370 EUR<\/span>\t\t\t\t\t\t\t\t\t\t\t\t\t\t\t<\/li>\n\t\t\t\t\t\t\t\t\t\t\t\t\t\t<li>\n\t\t\t\t\t\t\t\t\t\t\t\t\t\t\t\t\t<i class=\"feature-icon ion-checkmark-round\"><\/i>\n\t\t\t\t\t\t\t\t\t\t\t\t\t\t\t\t\t\t\t\t\t\t\t\t\t<span class=\"feature-text\">Corona provvisoria in plastica 44 EUR<\/span>\t\t\t\t\t\t\t\t\t\t\t\t\t\t\t<\/li>\n\t\t\t\t\t\t\t\t\t\t\t\t\t\t<li>\n\t\t\t\t\t\t\t\t\t\t\t\t\t\t\t\t\t<i class=\"feature-icon ion-checkmark-round\"><\/i>\n\t\t\t\t\t\t\t\t\t\t\t\t\t\t\t\t\t\t\t\t\t\t\t\t\t<span class=\"feature-text\">Corona metallo-ceramica 220 EUR<\/span>\t\t\t\t\t\t\t\t\t\t\t\t\t\t\t<\/li>\n\t\t\t\t\t\t\t\t\t\t\t\t\t\t<li>\n\t\t\t\t\t\t\t\t\t\t\t\t\t\t\t\t\t<i class=\"feature-icon ion-checkmark-round\"><\/i>\n\t\t\t\t\t\t\t\t\t\t\t\t\t\t\t\t\t\t\t\t\t\t\t\t\t<span class=\"feature-text\">Corona in zirconia (senza metallo) 396 EUR<\/span>\t\t\t\t\t\t\t\t\t\t\t\t\t\t\t<\/li>\n\t\t\t\t\t\t\t\t\t\t\t\t\t\t<li>\n\t\t\t\t\t\t\t\t\t\t\t\t\t\t\t\t\t<i class=\"feature-icon ion-checkmark-round\"><\/i>\n\t\t\t\t\t\t\t\t\t\t\t\t\t\t\t\t\t\t\t\t\t\t\t\t\t<span class=\"feature-text\">Bite plane (placca di rialzo) per arcata 165 EUR<\/span>\t\t\t\t\t\t\t\t\t\t\t\t\t\t\t<\/li>\n\t\t\t\t\t\t\t\t\t\t\t\t<\/ul>\n\t\t\t\t\t\t\t<\/div>\n\n\t\t\t\t\t\t<\/div>\n<\/div>\n\t<\/div>\n<\/div>\n<div class=\"tm-pricing-group\" id=\"tm-pricing-group-69f2cf2eab1bd\">\n\t<div class=\"pricing-wrap\">\n\t\t\n<div class=\"tm-pricing  style-3 tm-animation move-up tm-pricing-featured\" id=\"tm-pricing-69f2cf2eab272\">\n\t<div class=\"inner\">\n\n\t\t\t\t\t\t\t\t\t<div class=\"tm-pricing-recomend heading-font\"><i class=\"fas fa-star\"><\/i>Most popular<\/div>\n\t\t\t\n\t\t\t<div class=\"tm-pricing-header\">\n\t\t\t\t\n\t\t\t\t<h5 class=\"title\">Implantologia e chirurgia orale<\/h5>\n\n\t\t\t\t\n\t\t\t\t\t\t\t<\/div>\n\n\t\t\t<div class=\"tm-pricing-content\">\n\t\t\t\t\t\t\t\t\t<ul class=\"tm-pricing-list heading-color\">\n\t\t\t\t\t\t\t\t\t\t\t\t\t<li>\n\t\t\t\t\t\t\t\t\t\t\t\t\t\t\t\t\t<i class=\"feature-icon ion-checkmark-round\"><\/i>\n\t\t\t\t\t\t\t\t\t\t\t\t\t\t\t\t\t\t\t\t\t\t\t\t\t<span class=\"feature-text\">Estrazione semplice 90 EUR<\/span>\t\t\t\t\t\t\t\t\t\t\t\t\t\t\t<\/li>\n\t\t\t\t\t\t\t\t\t\t\t\t\t\t<li>\n\t\t\t\t\t\t\t\t\t\t\t\t\t\t\t\t\t<i class=\"feature-icon ion-checkmark-round\"><\/i>\n\t\t\t\t\t\t\t\t\t\t\t\t\t\t\t\t\t\t\t\t\t\t\t\t\t<span class=\"feature-text\">Estrazione della radice dentale 130 EUR<\/span>\t\t\t\t\t\t\t\t\t\t\t\t\t\t\t<\/li>\n\t\t\t\t\t\t\t\t\t\t\t\t\t\t<li>\n\t\t\t\t\t\t\t\t\t\t\t\t\t\t\t\t\t<i class=\"feature-icon ion-checkmark-round\"><\/i>\n\t\t\t\t\t\t\t\t\t\t\t\t\t\t\t\t\t\t\t\t\t\t\t\t\t<span class=\"feature-text\">Estrazione chirurgica 240 EUR<\/span>\t\t\t\t\t\t\t\t\t\t\t\t\t\t\t<\/li>\n\t\t\t\t\t\t\t\t\t\t\t\t\t\t<li>\n\t\t\t\t\t\t\t\t\t\t\t\t\t\t\t\t\t<i class=\"feature-icon ion-checkmark-round\"><\/i>\n\t\t\t\t\t\t\t\t\t\t\t\t\t\t\t\t\t\t\t\t\t\t\t\t\t<span class=\"feature-text\">Apicectomia 310 EUR<\/span>\t\t\t\t\t\t\t\t\t\t\t\t\t\t\t<\/li>\n\t\t\t\t\t\t\t\t\t\t\t\t\t\t<li>\n\t\t\t\t\t\t\t\t\t\t\t\t\t\t\t\t\t<i class=\"feature-icon ion-checkmark-round\"><\/i>\n\t\t\t\t\t\t\t\t\t\t\t\t\t\t\t\t\t\t\t\t\t\t\t\t\t<span class=\"feature-text\">Ricostruzione dell' osso piccola 380 EUR<\/span>\t\t\t\t\t\t\t\t\t\t\t\t\t\t\t<\/li>\n\t\t\t\t\t\t\t\t\t\t\t\t\t\t<li>\n\t\t\t\t\t\t\t\t\t\t\t\t\t\t\t\t\t<i class=\"feature-icon ion-checkmark-round\"><\/i>\n\t\t\t\t\t\t\t\t\t\t\t\t\t\t\t\t\t\t\t\t\t\t\t\t\t<span class=\"feature-text\">Rialzo del seno mascellare 1150 EUR<\/span>\t\t\t\t\t\t\t\t\t\t\t\t\t\t\t<\/li>\n\t\t\t\t\t\t\t\t\t\t\t\t\t\t<li>\n\t\t\t\t\t\t\t\t\t\t\t\t\t\t\t\t\t<i class=\"feature-icon ion-checkmark-round\"><\/i>\n\t\t\t\t\t\t\t\t\t\t\t\t\t\t\t\t\t\t\t\t\t\t\t\t\t<span class=\"feature-text\">Aumento osseo laterale 1150 EUR<\/span>\t\t\t\t\t\t\t\t\t\t\t\t\t\t\t<\/li>\n\t\t\t\t\t\t\t\t\t\t\t\t\t\t<li>\n\t\t\t\t\t\t\t\t\t\t\t\t\t\t\t\t\t<i class=\"feature-icon ion-checkmark-round\"><\/i>\n\t\t\t\t\t\t\t\t\t\t\t\t\t\t\t\t\t\t\t\t\t\t\t\t\t<span class=\"feature-text\">Impianto dentale Neo (incluso inserimento) 610 EUR<\/span>\t\t\t\t\t\t\t\t\t\t\t\t\t\t\t<\/li>\n\t\t\t\t\t\t\t\t\t\t\t\t\t\t<li>\n\t\t\t\t\t\t\t\t\t\t\t\t\t\t\t\t\t<i class=\"feature-icon ion-checkmark-round\"><\/i>\n\t\t\t\t\t\t\t\t\t\t\t\t\t\t\t\t\t\t\t\t\t\t\t\t\t<span class=\"feature-text\">Sovrastruttura implantare Neo 310 EUR<\/span>\t\t\t\t\t\t\t\t\t\t\t\t\t\t\t<\/li>\n\t\t\t\t\t\t\t\t\t\t\t\t<\/ul>\n\t\t\t\t\t\t\t<\/div>\n\n\t\t\t\t\t\t<\/div>\n<\/div>\n\t<\/div>\n<\/div>\n<div class=\"tm-pricing-group\" id=\"tm-pricing-group-69f2cf2eab315\">\n\t<div class=\"pricing-wrap\">\n\t\t\n<div class=\"tm-pricing  style-3 tm-animation move-up tm-pricing-featured\" id=\"tm-pricing-69f2cf2eab3c5\">\n\t<div class=\"inner\">\n\n\t\t\t\t\t\t\t\t\t<div class=\"tm-pricing-recomend heading-font\"><i class=\"fas fa-star\"><\/i>Most popular<\/div>\n\t\t\t\n\t\t\t<div class=\"tm-pricing-header\">\n\t\t\t\t\n\t\t\t\t<h5 class=\"title\">Ortodonzia<\/h5>\n\n\t\t\t\t\n\t\t\t\t\t\t\t<\/div>\n\n\t\t\t<div class=\"tm-pricing-content\">\n\t\t\t\t\t\t\t\t\t<ul class=\"tm-pricing-list heading-color\">\n\t\t\t\t\t\t\t\t\t\t\t\t\t<li>\n\t\t\t\t\t\t\t\t\t\t\t\t\t\t\t\t\t<i class=\"feature-icon ion-checkmark-round\"><\/i>\n\t\t\t\t\t\t\t\t\t\t\t\t\t\t\t\t\t\t\t\t\t\t\t\t\t<span class=\"feature-text\">Piano di trattamento per apparecchio invisibile Happysmile 198 EUR<\/span>\t\t\t\t\t\t\t\t\t\t\t\t\t\t\t<\/li>\n\t\t\t\t\t\t\t\t\t\t\t\t\t\t<li>\n\t\t\t\t\t\t\t\t\t\t\t\t\t\t\t\t\t<i class=\"feature-icon ion-checkmark-round\"><\/i>\n\t\t\t\t\t\t\t\t\t\t\t\t\t\t\t\t\t\t\t\t\t\t\t\t\t<span class=\"feature-text\">Allineatore Happy Smile per apparecchio ortodontico (per pezzo) 130 EUR<\/span>\t\t\t\t\t\t\t\t\t\t\t\t\t\t\t<\/li>\n\t\t\t\t\t\t\t\t\t\t\t\t\t\t<li>\n\t\t\t\t\t\t\t\t\t\t\t\t\t\t\t\t\t<i class=\"feature-icon ion-checkmark-round\"><\/i>\n\t\t\t\t\t\t\t\t\t\t\t\t\t\t\t\t\t\t\t\t\t\t\t\t\t<span class=\"feature-text\">Mascherina di contenzione Happy Smile 130 EUR<\/span>\t\t\t\t\t\t\t\t\t\t\t\t\t\t\t<\/li>\n\t\t\t\t\t\t\t\t\t\t\t\t\t\t<li>\n\t\t\t\t\t\t\t\t\t\t\t\t\t\t\t\t\t<i class=\"feature-icon ion-checkmark-round\"><\/i>\n\t\t\t\t\t\t\t\t\t\t\t\t\t\t\t\t\t\t\t\t\t\t\t\t\t<span class=\"feature-text\">Prima consulenza per apparecchio ortodontico fisso 52 EUR<\/span>\t\t\t\t\t\t\t\t\t\t\t\t\t\t\t<\/li>\n\t\t\t\t\t\t\t\t\t\t\t\t\t\t<li>\n\t\t\t\t\t\t\t\t\t\t\t\t\t\t\t\t\t<i class=\"feature-icon ion-checkmark-round\"><\/i>\n\t\t\t\t\t\t\t\t\t\t\t\t\t\t\t\t\t\t\t\t\t\t\t\t\t<span class=\"feature-text\">Piano di trattamento per apparecchio ortodontico fisso 198 EUR<\/span>\t\t\t\t\t\t\t\t\t\t\t\t\t\t\t<\/li>\n\t\t\t\t\t\t\t\t\t\t\t\t\t\t<li>\n\t\t\t\t\t\t\t\t\t\t\t\t\t\t\t\t\t<i class=\"feature-icon ion-checkmark-round\"><\/i>\n\t\t\t\t\t\t\t\t\t\t\t\t\t\t\t\t\t\t\t\t\t\t\t\t\t<span class=\"feature-text\">Apparecchio ortodontico fisso per arcata da 1420 EUR<\/span>\t\t\t\t\t\t\t\t\t\t\t\t\t\t\t<\/li>\n\t\t\t\t\t\t\t\t\t\t\t\t\t\t<li>\n\t\t\t\t\t\t\t\t\t\t\t\t\t\t\t\t\t<i class=\"feature-icon ion-checkmark-round\"><\/i>\n\t\t\t\t\t\t\t\t\t\t\t\t\t\t\t\t\t\t\t\t\t\t\t\t\t<span class=\"feature-text\">Controllo dell\u2019apparecchio ortodontico fisso 82 EUR <\/span>\t\t\t\t\t\t\t\t\t\t\t\t\t\t\t<\/li>\n\t\t\t\t\t\t\t\t\t\t\t\t\t\t<li>\n\t\t\t\t\t\t\t\t\t\t\t\t\t\t\t\t\t<i class=\"feature-icon ion-checkmark-round\"><\/i>\n\t\t\t\t\t\t\t\t\t\t\t\t\t\t\t\t\t\t\t\t\t\t\t\t\t<span class=\"feature-text\">Rimozione dell\u2019apparecchio ortodontico fisso 135 EUR <\/span>\t\t\t\t\t\t\t\t\t\t\t\t\t\t\t<\/li>\n\t\t\t\t\t\t\t\t\t\t\t\t\t\t<li>\n\t\t\t\t\t\t\t\t\t\t\t\t\t\t\t\t\t<i class=\"feature-icon ion-checkmark-round\"><\/i>\n\t\t\t\t\t\t\t\t\t\t\t\t\t\t\t\t\t\t\t\t\t\t\t\t\t<span class=\"feature-text\">Arco retentivo per apparecchio ortodontico fisso 135 EUR <\/span>\t\t\t\t\t\t\t\t\t\t\t\t\t\t\t<\/li>\n\t\t\t\t\t\t\t\t\t\t\t\t\t\t<li>\n\t\t\t\t\t\t\t\t\t\t\t\t\t\t\t\t\t<i class=\"feature-icon ion-checkmark-round\"><\/i>\n\t\t\t\t\t\t\t\t\t\t\t\t\t\t\t\t\t\t\t\t\t\t\t\t\t<span class=\"feature-text\">Sostituzione dell\u2019arco dell\u2019apparecchio ortodontico fisso, incollaggio di altri elementi 14 EUR <\/span>\t\t\t\t\t\t\t\t\t\t\t\t\t\t\t<\/li>\n\t\t\t\t\t\t\t\t\t\t\t\t\t\t<li>\n\t\t\t\t\t\t\t\t\t\t\t\t\t\t\t\t\t<i class=\"feature-icon ion-checkmark-round\"><\/i>\n\t\t\t\t\t\t\t\t\t\t\t\t\t\t\t\t\t\t\t\t\t\t\t\t\t<span class=\"feature-text\">Apparecchio ortodontico rimovibile per arcata da 210 EUR<\/span>\t\t\t\t\t\t\t\t\t\t\t\t\t\t\t<\/li>\n\t\t\t\t\t\t\t\t\t\t\t\t\t\t<li>\n\t\t\t\t\t\t\t\t\t\t\t\t\t\t\t\t\t<i class=\"feature-icon ion-checkmark-round\"><\/i>\n\t\t\t\t\t\t\t\t\t\t\t\t\t\t\t\t\t\t\t\t\t\t\t\t\t<span class=\"feature-text\">Controllo dell\u2019apparecchio ortodontico rimovibile 70 EUR <\/span>\t\t\t\t\t\t\t\t\t\t\t\t\t\t\t<\/li>\n\t\t\t\t\t\t\t\t\t\t\t\t<\/ul>\n\t\t\t\t\t\t\t<\/div>\n\n\t\t\t\t\t\t<\/div>\n<\/div>\n\t<\/div>\n<\/div>\n<div class=\"tm-spacer\" id=\"tm-spacer-69f2cf2eab47d\"><\/div>\n<\/div><\/div><\/div><\/div>\n<\/div>","protected":false},"excerpt":{"rendered":"Kedvezm\u00e9nyes \u00e1rlist\u00e1nk az \u00e9rv\u00e9nyes magyar TAJ sz\u00e1mmal rendelkez\u0151 p\u00e1cienseinknek! Most popular Rendel\u0151nkben a az al\u00e1bbi kezel\u00e9sek\u00e9rt k\u00fcl\u00f6n d\u00edjat nem sz\u00e1molunk fel! Els\u0151 konzult\u00e1ci\u00f3 0 Ft. \u00c1raj\u00e1nlatk\u00e9sz\u00edt\u00e9s 0 Ft. \u00c9ves kontroll 0 Ft \u00c9rz\u00e9stelen\u00edt\u00e9s 0 Ft Most popular Dent\u00e1lhigi\u00e9nia Fogk\u0151elt\u00e1vol\u00edt\u00e1s 22 000,-Ft Fogfeh\u00e9r\u00edt\u00e9s\/\u00e1llkapocs 46 000,-Ft Most popular Diagnosztika Intraor\u00e1lis r\u00f6ntgenfelv\u00e9tel 5 000,-Ft Panor\u00e1mar\u00f6ntgen felv\u00e9tel 12 000,-Ft. CB CT felv\u00e9tel 30 000,-Ft. Most popular Endodoncia, fogt\u00f6m\u00e9sek Gy\u00f6k\u00e9rkezel\u00e9s 34 000,-Ft-t\u00f3l Eszt\u00e9tikus t\u00f6m\u00e9s 27 000,-Ft-t\u00f3l Inlay, onlay 89 000,-Ft-t\u00f3l Most popular Fogp\u00f3tl\u00e1sok Teljes fogsor\/\u00e1llkapocs 99 000,-Ft. BPS harap\u00e1sbiztos fogsor 199 000,-Ft R\u00e9szleges fogsor kombin\u00e1lt munk\u00e1hoz\/\u00e1llkapocs 288 000,-Ft. St\u00e9ges fogsor (4 implant\u00e1tumra r\u00f6gz\u00edtett fogsor)\/\u00e1llkapocs 420 000,-Ft. Ideiglenes m\u0171anyag korona 8 000,-Ft. F\u00e9mker\u00e1mia korona 59 000,-Ft. Zirkonker\u00e1mia (f\u00e9mmentes) korona 89 000,-Ft Harap\u00e1semel\u0151 s\u00edn\/ \u00e1llkapocs 22 000,-Ft Most popular Implant\u00e1ci\u00f3 \u00e9s sz\u00e1jseb\u00e9szet Egyszer\u0171 fogh\u00faz\u00e1s 19 000,-Ft. Foggy\u00f6k\u00e9r h\u00faz\u00e1s 24 000,-Ft. Seb\u00e9szi fogh\u00faz\u00e1s 42 000,-Ft. Gy\u00f6k\u00e9rcs\u00facs rezekci\u00f3 46 000,-Ft Kis csontp\u00f3tl\u00e1s 89 000,-Ft. Sinuslift 283 000,-Ft Later\u00e1l augment\u00e1ci\u00f3 283 000,-Ft. Neo fogimplant\u00e1tum (be\u00fcltet\u00e9ssel) 182 000,-Ft Neo fogimplant\u00e1tum fel\u00e9p\u00edtm\u00e9ny 65 000,-Ft Most popular Fogszab\u00e1lyoz\u00e1s Happysmile l\u00e1thatatlan fogszab\u00e1lyoz\u00f3 kezel\u00e9si terv 62 000,-Ft Happy Smile fogszab\u00e1lyoz\u00f3 s\u00edn\/db. 39 000,-Ft. Happy Smile retenci\u00f3s s\u00edn 39 000,-Ft R\u00f6gz\u00edtett fogszab\u00e1lyoz\u00f3 els\u0151 konzult\u00e1ci\u00f3 16 000,-Ft R\u00f6gz\u00edtett fogszab\u00e1lyoz\u00f3 kezel\u00e9si terv 27 000,-Ft R\u00f6gz\u00edtett fogszab\u00e1lyoz\u00f3 k\u00e9sz\u00fcl\u00e9k \u00e1llkapcsonk\u00e9nt 180 000,-Ft - t\u00f3l R\u00f6gz\u00edtett fogszab\u00e1lyoz\u00f3 k\u00e9sz\u00fcl\u00e9k kontroll 28 000,-Ft R\u00f6gz\u00edtett fogszab\u00e1lyoz\u00f3 k\u00e9sz\u00fcl\u00e9k elt\u00e1vol\u00edt\u00e1sa 20 000,-Ft R\u00f6gz\u00edtett fogszab\u00e1lyoz\u00f3 k\u00e9sz\u00fcl\u00e9k retainer \u00edv 25000,-Ft R\u00f6gz\u00edtett fogszab\u00e1lyoz\u00f3 k\u00e9sz\u00fcl\u00e9k \u00edvcsere, egy\u00e9bb elemek ragaszt\u00e1sa 4000,-Ft Kivehet\u0151 fogszab\u00e1lyoz\u00f3 k\u00e9sz\u00fcl\u00e9k \u00e1llkapcsonk\u00e9nt 45 000,-Ft - t\u00f3l Kivehet\u0151 fogszab\u00e1lyoz\u00f3 k\u00e9sz\u00fcl\u00e9k kontroll 25 000,-Ft","protected":false},"author":1,"featured_media":0,"parent":0,"menu_order":0,"comment_status":"closed","ping_status":"closed","template":"","meta":{"footnotes":""},"class_list":["post-129","page","type-page","status-publish","hentry"],"_links":{"self":[{"href":"https:\/\/dentissimi.com\/it\/wp-json\/wp\/v2\/pages\/129","targetHints":{"allow":["GET"]}}],"collection":[{"href":"https:\/\/dentissimi.com\/it\/wp-json\/wp\/v2\/pages"}],"about":[{"href":"https:\/\/dentissimi.com\/it\/wp-json\/wp\/v2\/types\/page"}],"author":[{"embeddable":true,"href":"https:\/\/dentissimi.com\/it\/wp-json\/wp\/v2\/users\/1"}],"replies":[{"embeddable":true,"href":"https:\/\/dentissimi.com\/it\/wp-json\/wp\/v2\/comments?post=129"}],"version-history":[{"count":113,"href":"https:\/\/dentissimi.com\/it\/wp-json\/wp\/v2\/pages\/129\/revisions"}],"predecessor-version":[{"id":4011,"href":"https:\/\/dentissimi.com\/it\/wp-json\/wp\/v2\/pages\/129\/revisions\/4011"}],"wp:attachment":[{"href":"https:\/\/dentissimi.com\/it\/wp-json\/wp\/v2\/media?parent=129"}],"curies":[{"name":"wp","href":"https:\/\/api.w.org\/{rel}","templated":true}]}}