{"id":1695,"date":"2019-07-22T09:17:00","date_gmt":"2019-07-22T09:17:00","guid":{"rendered":"https:\/\/dentissimi.com\/landing-page\/"},"modified":"2025-12-18T18:31:17","modified_gmt":"2025-12-18T18:31:17","slug":"koszonooldal","status":"publish","type":"page","link":"https:\/\/dentissimi.com\/de\/koszonooldal\/","title":{"rendered":"K\u00f6sz\u00f6n\u0151oldal"},"content":{"rendered":"<div class=\"wpb-content-wrapper\"><div id=\"tm-row-69f2c399e44c3\" class=\"vc_row vc_row-outer vc_row-fluid\"><div id=\"tm-column-69f2c399e4a86\" class=\"wpb_column vc_column_container vc_col-sm-12\"><div class=\"vc_column-inner\"><div class=\"wpb_wrapper\"><div class=\"tm-spacer\" id=\"tm-spacer-69f2c399e4c38\"><\/div>\n\n<div class=\"tm-heading  left tm-animation move-up\" id=\"tm-heading-69f2c399e4e44\">\n\t<h1 class=\"heading\" >Vielen Dank f\u00fcr Ihre Anfrage!<\/h1><\/div>\n\n<div class=\"tm-spacer\" id=\"tm-spacer-69f2c399e504c\"><\/div>\n\n<div class=\"tm-heading  left tm-animation move-up\" id=\"tm-heading-69f2c399e511c\">\n\t<h5 class=\"heading\" style='font-family:Poppins'>Wir haben Ihre Nachricht erfolgreich erhalten, und sie wird derzeit bearbeitet. Ein Kollege wird Sie so bald wie m\u00f6glich unter der angegebenen Telefonnummer kontaktieren, um alle notwendigen Informationen abzustimmen.<\/p>\n<p>Im Gespr\u00e4ch helfen wir Ihnen, die Details der Behandlung zu kl\u00e4ren, beantworten Ihre eventuellen Fragen und w\u00e4hlen gemeinsam den f\u00fcr Sie am besten passenden Termin aus.<\/p>\n<p>Unser Ziel ist es, den Prozess von Anfang an reibungslos und transparent zu gestalten. Daher teilen wir w\u00e4hrend des Telefonats alle wichtigen Informationen mit Ihnen.<\/p>\n<p>Vielen Dank f\u00fcr Ihr Vertrauen! Wir melden uns bald!<\/h5><\/div>\n\n<div class=\"tm-spacer\" id=\"tm-spacer-69f2c399e532f\"><\/div>\n<\/div><\/div><\/div><\/div><div id=\"tm-row-69f2c399e5440\" class=\"vc_row vc_row-outer vc_row-fluid\"><div id=\"tm-column-69f2c399e5613\" class=\"wpb_column vc_column_container vc_col-sm-12\"><div class=\"vc_column-inner\"><div class=\"wpb_wrapper\"><div class=\"tm-image  tm-animation move-up\" id=\"tm-image-69f2c399e581f\">\n\t\t\t<div class=\"image\"><img decoding=\"async\" src=\"https:\/\/dentissimi.com\/wp-content\/uploads\/2025\/11\/Dentissimi_fekvo_logo_cbw-scaled-e1764320569771.png\" alt=\"Dentissimi \u2013 Fog\u00e1szat Mosonmagyar\u00f3v\u00e1r\" \/><\/div>\t\t<\/div>\n<\/div><\/div><\/div><\/div>\n<\/div>","protected":false},"excerpt":{"rendered":"K\u00f6sz\u00f6nj\u00fck megkeres\u00e9s\u00e9t! \u00dczenet\u00e9t sikeresen megkaptuk, \u00e9s jelenleg feldolgoz\u00e1s alatt van. Koll\u00e9g\u00e1nk a lehet\u0151 leghamarabb felveszi \u00d6nnel a kapcsolatot a megadott telefonsz\u00e1mon, hogy egyeztessen minden sz\u00fcks\u00e9ges inform\u00e1ci\u00f3t. A besz\u00e9lget\u00e9s sor\u00e1n seg\u00edt\u00fcnk tiszt\u00e1zni a kezel\u00e9s r\u00e9szleteit, megv\u00e1laszoljuk az esetleg felmer\u00fcl\u0151 k\u00e9rd\u00e9seit, \u00e9s k\u00f6z\u00f6sen kiv\u00e1lasztjuk az \u00d6n sz\u00e1m\u00e1ra legmegfelel\u0151bb id\u0151pontot. C\u00e9lunk, hogy m\u00e1r az els\u0151 pillanatt\u00f3l kezdve g\u00f6rd\u00fcl\u00e9keny \u00e9s \u00e1tl\u00e1that\u00f3 legyen a folyamat, ez\u00e9rt a h\u00edv\u00e1s sor\u00e1n minden fontos tudnival\u00f3t megosztunk \u00d6nnel. K\u00f6sz\u00f6nj\u00fck bizalm\u00e1t! Hamarosan jelentkez\u00fcnk!","protected":false},"author":1,"featured_media":0,"parent":0,"menu_order":0,"comment_status":"closed","ping_status":"closed","template":"","meta":{"footnotes":""},"class_list":["post-1695","page","type-page","status-publish","hentry"],"_links":{"self":[{"href":"https:\/\/dentissimi.com\/de\/wp-json\/wp\/v2\/pages\/1695","targetHints":{"allow":["GET"]}}],"collection":[{"href":"https:\/\/dentissimi.com\/de\/wp-json\/wp\/v2\/pages"}],"about":[{"href":"https:\/\/dentissimi.com\/de\/wp-json\/wp\/v2\/types\/page"}],"author":[{"embeddable":true,"href":"https:\/\/dentissimi.com\/de\/wp-json\/wp\/v2\/users\/1"}],"replies":[{"embeddable":true,"href":"https:\/\/dentissimi.com\/de\/wp-json\/wp\/v2\/comments?post=1695"}],"version-history":[{"count":16,"href":"https:\/\/dentissimi.com\/de\/wp-json\/wp\/v2\/pages\/1695\/revisions"}],"predecessor-version":[{"id":3249,"href":"https:\/\/dentissimi.com\/de\/wp-json\/wp\/v2\/pages\/1695\/revisions\/3249"}],"wp:attachment":[{"href":"https:\/\/dentissimi.com\/de\/wp-json\/wp\/v2\/media?parent=1695"}],"curies":[{"name":"wp","href":"https:\/\/api.w.org\/{rel}","templated":true}]}}