{"id":129,"date":"2019-06-04T02:13:52","date_gmt":"2019-06-04T02:13:52","guid":{"rendered":"https:\/\/dentissimi.com\/pricing\/"},"modified":"2026-04-22T10:22:12","modified_gmt":"2026-04-22T10:22:12","slug":"araink","status":"publish","type":"page","link":"https:\/\/dentissimi.com\/de\/araink\/","title":{"rendered":"Preise"},"content":{"rendered":"<div class=\"wpb-content-wrapper\"><div id=\"tm-row-69f27b864f45a\" class=\"vc_row vc_row-outer vc_row-fluid\"><div id=\"tm-column-69f27b864fa98\" class=\"wpb_column vc_column_container vc_col-sm-12\"><div class=\"vc_column-inner\"><div class=\"wpb_wrapper\"><div class=\"tm-spacer\" id=\"tm-spacer-69f27b864fc47\"><\/div>\n\n<div class=\"tm-heading  center tm-animation move-up\" id=\"tm-heading-69f27b864fe3c\">\n\t<h1 class=\"heading\" >Wir bieten hochwertige zahn\u00e4rztliche Behandlungen zu kalkulierbaren Preisen<\/h1><\/div>\n\n<div class=\"tm-spacer\" id=\"tm-spacer-69f27b865003a\"><\/div>\n<div class=\"tm-pricing-group\" id=\"tm-pricing-group-69f27b86500d4\">\n\t<div class=\"pricing-wrap\">\n\t\t\n<div class=\"tm-pricing  style-3 tm-animation move-up tm-pricing-featured\" id=\"tm-pricing-69f27b865032e\">\n\t<div class=\"inner\">\n\n\t\t\t\t\t\t\t\t\t<div class=\"tm-pricing-recomend heading-font\"><i class=\"fas fa-star\"><\/i>Most popular<\/div>\n\t\t\t\n\t\t\t<div class=\"tm-pricing-header\">\n\t\t\t\t\n\t\t\t\t<h5 class=\"title\">In unserer Praxis berechnen wir f\u00fcr die folgenden Behandlungen keine zus\u00e4tzlichen Geb\u00fchren!<\/h5>\n\n\t\t\t\t\n\t\t\t\t\t\t\t<\/div>\n\n\t\t\t<div class=\"tm-pricing-content\">\n\t\t\t\t\t\t\t\t\t<ul class=\"tm-pricing-list heading-color\">\n\t\t\t\t\t\t\t\t\t\t\t\t\t<li>\n\t\t\t\t\t\t\t\t\t\t\t\t\t\t\t\t\t<i class=\"feature-icon ion-checkmark-round\"><\/i>\n\t\t\t\t\t\t\t\t\t\t\t\t\t\t\t\t\t\t\t\t\t\t\t\t\t<span class=\"feature-text\">Erstberatung   0 EUR<\/span>\t\t\t\t\t\t\t\t\t\t\t\t\t\t\t<\/li>\n\t\t\t\t\t\t\t\t\t\t\t\t\t\t<li>\n\t\t\t\t\t\t\t\t\t\t\t\t\t\t\t\t\t<i class=\"feature-icon ion-checkmark-round\"><\/i>\n\t\t\t\t\t\t\t\t\t\t\t\t\t\t\t\t\t\t\t\t\t\t\t\t\t<span class=\"feature-text\">Erstellung des Kostenvoranschlags   0 EUR<\/span>\t\t\t\t\t\t\t\t\t\t\t\t\t\t\t<\/li>\n\t\t\t\t\t\t\t\t\t\t\t\t\t\t<li>\n\t\t\t\t\t\t\t\t\t\t\t\t\t\t\t\t\t<i class=\"feature-icon ion-checkmark-round\"><\/i>\n\t\t\t\t\t\t\t\t\t\t\t\t\t\t\t\t\t\t\t\t\t\t\t\t\t<span class=\"feature-text\">J\u00e4hrliche Kontrolluntersuchung   0 EUR<\/span>\t\t\t\t\t\t\t\t\t\t\t\t\t\t\t<\/li>\n\t\t\t\t\t\t\t\t\t\t\t\t\t\t<li>\n\t\t\t\t\t\t\t\t\t\t\t\t\t\t\t\t\t<i class=\"feature-icon ion-checkmark-round\"><\/i>\n\t\t\t\t\t\t\t\t\t\t\t\t\t\t\t\t\t\t\t\t\t\t\t\t\t<span class=\"feature-text\">Bet\u00e4ubung   0 EUR<\/span>\t\t\t\t\t\t\t\t\t\t\t\t\t\t\t<\/li>\n\t\t\t\t\t\t\t\t\t\t\t\t<\/ul>\n\t\t\t\t\t\t\t<\/div>\n\n\t\t\t\t\t\t<\/div>\n<\/div>\n\t<\/div>\n<\/div>\n<div class=\"tm-pricing-group\" id=\"tm-pricing-group-69f27b86503ad\">\n\t<div class=\"pricing-wrap\">\n\t\t\n<div class=\"tm-pricing  style-3 tm-animation move-up tm-pricing-featured\" id=\"tm-pricing-69f27b8650433\">\n\t<div class=\"inner\">\n\n\t\t\t\t\t\t\t\t\t<div class=\"tm-pricing-recomend heading-font\"><i class=\"fas fa-star\"><\/i>Most popular<\/div>\n\t\t\t\n\t\t\t<div class=\"tm-pricing-header\">\n\t\t\t\t\n\t\t\t\t<h5 class=\"title\">Zahnhygiene<\/h5>\n\n\t\t\t\t\n\t\t\t\t\t\t\t<\/div>\n\n\t\t\t<div class=\"tm-pricing-content\">\n\t\t\t\t\t\t\t\t\t<ul class=\"tm-pricing-list heading-color\">\n\t\t\t\t\t\t\t\t\t\t\t\t\t<li>\n\t\t\t\t\t\t\t\t\t\t\t\t\t\t\t\t\t<i class=\"feature-icon ion-checkmark-round\"><\/i>\n\t\t\t\t\t\t\t\t\t\t\t\t\t\t\t\t\t\t\t\t\t\t\t\t\t<span class=\"feature-text\">Zahnsteinentfernung   68 EUR<\/span>\t\t\t\t\t\t\t\t\t\t\t\t\t\t\t<\/li>\n\t\t\t\t\t\t\t\t\t\t\t\t\t\t<li>\n\t\t\t\t\t\t\t\t\t\t\t\t\t\t\t\t\t<i class=\"feature-icon ion-checkmark-round\"><\/i>\n\t\t\t\t\t\t\t\t\t\t\t\t\t\t\t\t\t\t\t\t\t\t\t\t\t<span class=\"feature-text\">Zahnaufhellung \/ Kiefer   230 EUR<\/span>\t\t\t\t\t\t\t\t\t\t\t\t\t\t\t<\/li>\n\t\t\t\t\t\t\t\t\t\t\t\t<\/ul>\n\t\t\t\t\t\t\t<\/div>\n\n\t\t\t\t\t\t<\/div>\n<\/div>\n\t<\/div>\n<\/div>\n<div class=\"tm-pricing-group\" id=\"tm-pricing-group-69f27b8650492\">\n\t<div class=\"pricing-wrap\">\n\t\t\n<div class=\"tm-pricing  style-3 tm-animation move-up tm-pricing-featured\" id=\"tm-pricing-69f27b865051f\">\n\t<div class=\"inner\">\n\n\t\t\t\t\t\t\t\t\t<div class=\"tm-pricing-recomend heading-font\"><i class=\"fas fa-star\"><\/i>Most popular<\/div>\n\t\t\t\n\t\t\t<div class=\"tm-pricing-header\">\n\t\t\t\t\n\t\t\t\t<h5 class=\"title\">Diagnostik<\/h5>\n\n\t\t\t\t\n\t\t\t\t\t\t\t<\/div>\n\n\t\t\t<div class=\"tm-pricing-content\">\n\t\t\t\t\t\t\t\t\t<ul class=\"tm-pricing-list heading-color\">\n\t\t\t\t\t\t\t\t\t\t\t\t\t<li>\n\t\t\t\t\t\t\t\t\t\t\t\t\t\t\t\t\t<i class=\"feature-icon ion-checkmark-round\"><\/i>\n\t\t\t\t\t\t\t\t\t\t\t\t\t\t\t\t\t\t\t\t\t\t\t\t\t<span class=\"feature-text\">Intraorale R\u00f6ntgenaufnahme   28 EUR<\/span>\t\t\t\t\t\t\t\t\t\t\t\t\t\t\t<\/li>\n\t\t\t\t\t\t\t\t\t\t\t\t\t\t<li>\n\t\t\t\t\t\t\t\t\t\t\t\t\t\t\t\t\t<i class=\"feature-icon ion-checkmark-round\"><\/i>\n\t\t\t\t\t\t\t\t\t\t\t\t\t\t\t\t\t\t\t\t\t\t\t\t\t<span class=\"feature-text\">Panorama-R\u00f6ntgenaufnahme   59 EUR<\/span>\t\t\t\t\t\t\t\t\t\t\t\t\t\t\t<\/li>\n\t\t\t\t\t\t\t\t\t\t\t\t\t\t<li>\n\t\t\t\t\t\t\t\t\t\t\t\t\t\t\t\t\t<i class=\"feature-icon ion-checkmark-round\"><\/i>\n\t\t\t\t\t\t\t\t\t\t\t\t\t\t\t\t\t\t\t\t\t\t\t\t\t<span class=\"feature-text\">CT-Aufnahme (Digitale Volumentomographie)   120 EUR<\/span>\t\t\t\t\t\t\t\t\t\t\t\t\t\t\t<\/li>\n\t\t\t\t\t\t\t\t\t\t\t\t<\/ul>\n\t\t\t\t\t\t\t<\/div>\n\n\t\t\t\t\t\t<\/div>\n<\/div>\n\t<\/div>\n<\/div>\n<div class=\"tm-pricing-group\" id=\"tm-pricing-group-69f27b8650582\">\n\t<div class=\"pricing-wrap\">\n\t\t\n<div class=\"tm-pricing  style-3 tm-animation move-up tm-pricing-featured\" id=\"tm-pricing-69f27b8650613\">\n\t<div class=\"inner\">\n\n\t\t\t\t\t\t\t\t\t<div class=\"tm-pricing-recomend heading-font\"><i class=\"fas fa-star\"><\/i>Most popular<\/div>\n\t\t\t\n\t\t\t<div class=\"tm-pricing-header\">\n\t\t\t\t\n\t\t\t\t<h5 class=\"title\">Endodontie, Zahnf\u00fcllungen<\/h5>\n\n\t\t\t\t\n\t\t\t\t\t\t\t<\/div>\n\n\t\t\t<div class=\"tm-pricing-content\">\n\t\t\t\t\t\t\t\t\t<ul class=\"tm-pricing-list heading-color\">\n\t\t\t\t\t\t\t\t\t\t\t\t\t<li>\n\t\t\t\t\t\t\t\t\t\t\t\t\t\t\t\t\t<i class=\"feature-icon ion-checkmark-round\"><\/i>\n\t\t\t\t\t\t\t\t\t\t\t\t\t\t\t\t\t\t\t\t\t\t\t\t\t<span class=\"feature-text\">Wurzelbehandlung ab 150 EUR<\/span>\t\t\t\t\t\t\t\t\t\t\t\t\t\t\t<\/li>\n\t\t\t\t\t\t\t\t\t\t\t\t\t\t<li>\n\t\t\t\t\t\t\t\t\t\t\t\t\t\t\t\t\t<i class=\"feature-icon ion-checkmark-round\"><\/i>\n\t\t\t\t\t\t\t\t\t\t\t\t\t\t\t\t\t\t\t\t\t\t\t\t\t<span class=\"feature-text\">\u00c4sthetische F\u00fcllung ab 90 EUR<\/span>\t\t\t\t\t\t\t\t\t\t\t\t\t\t\t<\/li>\n\t\t\t\t\t\t\t\t\t\t\t\t\t\t<li>\n\t\t\t\t\t\t\t\t\t\t\t\t\t\t\t\t\t<i class=\"feature-icon ion-checkmark-round\"><\/i>\n\t\t\t\t\t\t\t\t\t\t\t\t\t\t\t\t\t\t\t\t\t\t\t\t\t<span class=\"feature-text\">Inlay \/ Onlay 355 EUR<\/span>\t\t\t\t\t\t\t\t\t\t\t\t\t\t\t<\/li>\n\t\t\t\t\t\t\t\t\t\t\t\t<\/ul>\n\t\t\t\t\t\t\t<\/div>\n\n\t\t\t\t\t\t<\/div>\n<\/div>\n\t<\/div>\n<\/div>\n<div class=\"tm-pricing-group\" id=\"tm-pricing-group-69f27b865067d\">\n\t<div class=\"pricing-wrap\">\n\t\t\n<div class=\"tm-pricing  style-3 tm-animation move-up tm-pricing-featured\" id=\"tm-pricing-69f27b86506fb\">\n\t<div class=\"inner\">\n\n\t\t\t\t\t\t\t\t\t<div class=\"tm-pricing-recomend heading-font\"><i class=\"fas fa-star\"><\/i>Most popular<\/div>\n\t\t\t\n\t\t\t<div class=\"tm-pricing-header\">\n\t\t\t\t\n\t\t\t\t<h5 class=\"title\">Zahnersatz<\/h5>\n\n\t\t\t\t\n\t\t\t\t\t\t\t<\/div>\n\n\t\t\t<div class=\"tm-pricing-content\">\n\t\t\t\t\t\t\t\t\t<ul class=\"tm-pricing-list heading-color\">\n\t\t\t\t\t\t\t\t\t\t\t\t\t<li>\n\t\t\t\t\t\t\t\t\t\t\t\t\t\t\t\t\t<i class=\"feature-icon ion-checkmark-round\"><\/i>\n\t\t\t\t\t\t\t\t\t\t\t\t\t\t\t\t\t\t\t\t\t\t\t\t\t<span class=\"feature-text\">Vollprothese pro Kiefer 760 EUR<\/span>\t\t\t\t\t\t\t\t\t\t\t\t\t\t\t<\/li>\n\t\t\t\t\t\t\t\t\t\t\t\t\t\t<li>\n\t\t\t\t\t\t\t\t\t\t\t\t\t\t\t\t\t<i class=\"feature-icon ion-checkmark-round\"><\/i>\n\t\t\t\t\t\t\t\t\t\t\t\t\t\t\t\t\t\t\t\t\t\t\t\t\t<span class=\"feature-text\">BPS bissstabile Prothese 1190 EUR<\/span>\t\t\t\t\t\t\t\t\t\t\t\t\t\t\t<\/li>\n\t\t\t\t\t\t\t\t\t\t\t\t\t\t<li>\n\t\t\t\t\t\t\t\t\t\t\t\t\t\t\t\t\t<i class=\"feature-icon ion-checkmark-round\"><\/i>\n\t\t\t\t\t\t\t\t\t\t\t\t\t\t\t\t\t\t\t\t\t\t\t\t\t<span class=\"feature-text\">Kombinierte Teilprothese pro Kiefer 1520 EUR<\/span>\t\t\t\t\t\t\t\t\t\t\t\t\t\t\t<\/li>\n\t\t\t\t\t\t\t\t\t\t\t\t\t\t<li>\n\t\t\t\t\t\t\t\t\t\t\t\t\t\t\t\t\t<i class=\"feature-icon ion-checkmark-round\"><\/i>\n\t\t\t\t\t\t\t\t\t\t\t\t\t\t\t\t\t\t\t\t\t\t\t\t\t<span class=\"feature-text\">Stegprothese (auf 4 Implantaten befestigt) pro Kiefer 2370 EUR<\/span>\t\t\t\t\t\t\t\t\t\t\t\t\t\t\t<\/li>\n\t\t\t\t\t\t\t\t\t\t\t\t\t\t<li>\n\t\t\t\t\t\t\t\t\t\t\t\t\t\t\t\t\t<i class=\"feature-icon ion-checkmark-round\"><\/i>\n\t\t\t\t\t\t\t\t\t\t\t\t\t\t\t\t\t\t\t\t\t\t\t\t\t<span class=\"feature-text\">Provisorische Kunststoffkrone 44 EUR<\/span>\t\t\t\t\t\t\t\t\t\t\t\t\t\t\t<\/li>\n\t\t\t\t\t\t\t\t\t\t\t\t\t\t<li>\n\t\t\t\t\t\t\t\t\t\t\t\t\t\t\t\t\t<i class=\"feature-icon ion-checkmark-round\"><\/i>\n\t\t\t\t\t\t\t\t\t\t\t\t\t\t\t\t\t\t\t\t\t\t\t\t\t<span class=\"feature-text\">Metallkeramikkrone 220 EUR<\/span>\t\t\t\t\t\t\t\t\t\t\t\t\t\t\t<\/li>\n\t\t\t\t\t\t\t\t\t\t\t\t\t\t<li>\n\t\t\t\t\t\t\t\t\t\t\t\t\t\t\t\t\t<i class=\"feature-icon ion-checkmark-round\"><\/i>\n\t\t\t\t\t\t\t\t\t\t\t\t\t\t\t\t\t\t\t\t\t\t\t\t\t<span class=\"feature-text\">Zirkonkeramikkrone (metallfrei) 396 EUR<\/span>\t\t\t\t\t\t\t\t\t\t\t\t\t\t\t<\/li>\n\t\t\t\t\t\t\t\t\t\t\t\t\t\t<li>\n\t\t\t\t\t\t\t\t\t\t\t\t\t\t\t\t\t<i class=\"feature-icon ion-checkmark-round\"><\/i>\n\t\t\t\t\t\t\t\t\t\t\t\t\t\t\t\t\t\t\t\t\t\t\t\t\t<span class=\"feature-text\">Aufbissschiene pro Kiefer 165 EUR<\/span>\t\t\t\t\t\t\t\t\t\t\t\t\t\t\t<\/li>\n\t\t\t\t\t\t\t\t\t\t\t\t<\/ul>\n\t\t\t\t\t\t\t<\/div>\n\n\t\t\t\t\t\t<\/div>\n<\/div>\n\t<\/div>\n<\/div>\n<div class=\"tm-pricing-group\" id=\"tm-pricing-group-69f27b865076f\">\n\t<div class=\"pricing-wrap\">\n\t\t\n<div class=\"tm-pricing  style-3 tm-animation move-up tm-pricing-featured\" id=\"tm-pricing-69f27b86507eb\">\n\t<div class=\"inner\">\n\n\t\t\t\t\t\t\t\t\t<div class=\"tm-pricing-recomend heading-font\"><i class=\"fas fa-star\"><\/i>Most popular<\/div>\n\t\t\t\n\t\t\t<div class=\"tm-pricing-header\">\n\t\t\t\t\n\t\t\t\t<h5 class=\"title\">Implantation und Oralchirurgie<\/h5>\n\n\t\t\t\t\n\t\t\t\t\t\t\t<\/div>\n\n\t\t\t<div class=\"tm-pricing-content\">\n\t\t\t\t\t\t\t\t\t<ul class=\"tm-pricing-list heading-color\">\n\t\t\t\t\t\t\t\t\t\t\t\t\t<li>\n\t\t\t\t\t\t\t\t\t\t\t\t\t\t\t\t\t<i class=\"feature-icon ion-checkmark-round\"><\/i>\n\t\t\t\t\t\t\t\t\t\t\t\t\t\t\t\t\t\t\t\t\t\t\t\t\t<span class=\"feature-text\">Einfache Zahnextraktion 90 EUR<\/span>\t\t\t\t\t\t\t\t\t\t\t\t\t\t\t<\/li>\n\t\t\t\t\t\t\t\t\t\t\t\t\t\t<li>\n\t\t\t\t\t\t\t\t\t\t\t\t\t\t\t\t\t<i class=\"feature-icon ion-checkmark-round\"><\/i>\n\t\t\t\t\t\t\t\t\t\t\t\t\t\t\t\t\t\t\t\t\t\t\t\t\t<span class=\"feature-text\">Wurzelextraktion 130 EUR<\/span>\t\t\t\t\t\t\t\t\t\t\t\t\t\t\t<\/li>\n\t\t\t\t\t\t\t\t\t\t\t\t\t\t<li>\n\t\t\t\t\t\t\t\t\t\t\t\t\t\t\t\t\t<i class=\"feature-icon ion-checkmark-round\"><\/i>\n\t\t\t\t\t\t\t\t\t\t\t\t\t\t\t\t\t\t\t\t\t\t\t\t\t<span class=\"feature-text\">Chirurgische Zahnextraktion 240 EUR<\/span>\t\t\t\t\t\t\t\t\t\t\t\t\t\t\t<\/li>\n\t\t\t\t\t\t\t\t\t\t\t\t\t\t<li>\n\t\t\t\t\t\t\t\t\t\t\t\t\t\t\t\t\t<i class=\"feature-icon ion-checkmark-round\"><\/i>\n\t\t\t\t\t\t\t\t\t\t\t\t\t\t\t\t\t\t\t\t\t\t\t\t\t<span class=\"feature-text\">Wurzelspitzenresektion 310 EUR<\/span>\t\t\t\t\t\t\t\t\t\t\t\t\t\t\t<\/li>\n\t\t\t\t\t\t\t\t\t\t\t\t\t\t<li>\n\t\t\t\t\t\t\t\t\t\t\t\t\t\t\t\t\t<i class=\"feature-icon ion-checkmark-round\"><\/i>\n\t\t\t\t\t\t\t\t\t\t\t\t\t\t\t\t\t\t\t\t\t\t\t\t\t<span class=\"feature-text\">Kleine Knochenaugmentation 380 EUR<\/span>\t\t\t\t\t\t\t\t\t\t\t\t\t\t\t<\/li>\n\t\t\t\t\t\t\t\t\t\t\t\t\t\t<li>\n\t\t\t\t\t\t\t\t\t\t\t\t\t\t\t\t\t<i class=\"feature-icon ion-checkmark-round\"><\/i>\n\t\t\t\t\t\t\t\t\t\t\t\t\t\t\t\t\t\t\t\t\t\t\t\t\t<span class=\"feature-text\">Sinuslift 1150 EUR<\/span>\t\t\t\t\t\t\t\t\t\t\t\t\t\t\t<\/li>\n\t\t\t\t\t\t\t\t\t\t\t\t\t\t<li>\n\t\t\t\t\t\t\t\t\t\t\t\t\t\t\t\t\t<i class=\"feature-icon ion-checkmark-round\"><\/i>\n\t\t\t\t\t\t\t\t\t\t\t\t\t\t\t\t\t\t\t\t\t\t\t\t\t<span class=\"feature-text\">Laterale Knochenaugmentation 1150 EUR<\/span>\t\t\t\t\t\t\t\t\t\t\t\t\t\t\t<\/li>\n\t\t\t\t\t\t\t\t\t\t\t\t\t\t<li>\n\t\t\t\t\t\t\t\t\t\t\t\t\t\t\t\t\t<i class=\"feature-icon ion-checkmark-round\"><\/i>\n\t\t\t\t\t\t\t\t\t\t\t\t\t\t\t\t\t\t\t\t\t\t\t\t\t<span class=\"feature-text\">Neo Zahnimplantat (inklusive Einsetzung) 610 EUR<\/span>\t\t\t\t\t\t\t\t\t\t\t\t\t\t\t<\/li>\n\t\t\t\t\t\t\t\t\t\t\t\t\t\t<li>\n\t\t\t\t\t\t\t\t\t\t\t\t\t\t\t\t\t<i class=\"feature-icon ion-checkmark-round\"><\/i>\n\t\t\t\t\t\t\t\t\t\t\t\t\t\t\t\t\t\t\t\t\t\t\t\t\t<span class=\"feature-text\">Neo Implantataufbau 310 EUR<\/span>\t\t\t\t\t\t\t\t\t\t\t\t\t\t\t<\/li>\n\t\t\t\t\t\t\t\t\t\t\t\t<\/ul>\n\t\t\t\t\t\t\t<\/div>\n\n\t\t\t\t\t\t<\/div>\n<\/div>\n\t<\/div>\n<\/div>\n<div class=\"tm-pricing-group\" id=\"tm-pricing-group-69f27b8650861\">\n\t<div class=\"pricing-wrap\">\n\t\t\n<div class=\"tm-pricing  style-3 tm-animation move-up tm-pricing-featured\" id=\"tm-pricing-69f27b86508e0\">\n\t<div class=\"inner\">\n\n\t\t\t\t\t\t\t\t\t<div class=\"tm-pricing-recomend heading-font\"><i class=\"fas fa-star\"><\/i>Most popular<\/div>\n\t\t\t\n\t\t\t<div class=\"tm-pricing-header\">\n\t\t\t\t\n\t\t\t\t<h5 class=\"title\">Kieferorthop\u00e4die<\/h5>\n\n\t\t\t\t\n\t\t\t\t\t\t\t<\/div>\n\n\t\t\t<div class=\"tm-pricing-content\">\n\t\t\t\t\t\t\t\t\t<ul class=\"tm-pricing-list heading-color\">\n\t\t\t\t\t\t\t\t\t\t\t\t\t<li>\n\t\t\t\t\t\t\t\t\t\t\t\t\t\t\t\t\t<i class=\"feature-icon ion-checkmark-round\"><\/i>\n\t\t\t\t\t\t\t\t\t\t\t\t\t\t\t\t\t\t\t\t\t\t\t\t\t<span class=\"feature-text\">Happysmile Behandlungsplan f\u00fcr unsichtbare Zahnspange 198 EUR<\/span>\t\t\t\t\t\t\t\t\t\t\t\t\t\t\t<\/li>\n\t\t\t\t\t\t\t\t\t\t\t\t\t\t<li>\n\t\t\t\t\t\t\t\t\t\t\t\t\t\t\t\t\t<i class=\"feature-icon ion-checkmark-round\"><\/i>\n\t\t\t\t\t\t\t\t\t\t\t\t\t\t\t\t\t\t\t\t\t\t\t\t\t<span class=\"feature-text\">Happy Smile Aligner (pro Schiene) 130 EUR<\/span>\t\t\t\t\t\t\t\t\t\t\t\t\t\t\t<\/li>\n\t\t\t\t\t\t\t\t\t\t\t\t\t\t<li>\n\t\t\t\t\t\t\t\t\t\t\t\t\t\t\t\t\t<i class=\"feature-icon ion-checkmark-round\"><\/i>\n\t\t\t\t\t\t\t\t\t\t\t\t\t\t\t\t\t\t\t\t\t\t\t\t\t<span class=\"feature-text\">Happy Smile Retentionsschiene 130 EUR<\/span>\t\t\t\t\t\t\t\t\t\t\t\t\t\t\t<\/li>\n\t\t\t\t\t\t\t\t\t\t\t\t\t\t<li>\n\t\t\t\t\t\t\t\t\t\t\t\t\t\t\t\t\t<i class=\"feature-icon ion-checkmark-round\"><\/i>\n\t\t\t\t\t\t\t\t\t\t\t\t\t\t\t\t\t\t\t\t\t\t\t\t\t<span class=\"feature-text\">Erstberatung f\u00fcr feste Zahnspange 52 EUR<\/span>\t\t\t\t\t\t\t\t\t\t\t\t\t\t\t<\/li>\n\t\t\t\t\t\t\t\t\t\t\t\t\t\t<li>\n\t\t\t\t\t\t\t\t\t\t\t\t\t\t\t\t\t<i class=\"feature-icon ion-checkmark-round\"><\/i>\n\t\t\t\t\t\t\t\t\t\t\t\t\t\t\t\t\t\t\t\t\t\t\t\t\t<span class=\"feature-text\">Behandlungsplan f\u00fcr feste Zahnspange 198 EUR<\/span>\t\t\t\t\t\t\t\t\t\t\t\t\t\t\t<\/li>\n\t\t\t\t\t\t\t\t\t\t\t\t\t\t<li>\n\t\t\t\t\t\t\t\t\t\t\t\t\t\t\t\t\t<i class=\"feature-icon ion-checkmark-round\"><\/i>\n\t\t\t\t\t\t\t\t\t\t\t\t\t\t\t\t\t\t\t\t\t\t\t\t\t<span class=\"feature-text\">Feste Zahnspange pro Kiefer ab 1420 EUR<\/span>\t\t\t\t\t\t\t\t\t\t\t\t\t\t\t<\/li>\n\t\t\t\t\t\t\t\t\t\t\t\t\t\t<li>\n\t\t\t\t\t\t\t\t\t\t\t\t\t\t\t\t\t<i class=\"feature-icon ion-checkmark-round\"><\/i>\n\t\t\t\t\t\t\t\t\t\t\t\t\t\t\t\t\t\t\t\t\t\t\t\t\t<span class=\"feature-text\">Kontrolle der festen Zahnspange 82 EUR <\/span>\t\t\t\t\t\t\t\t\t\t\t\t\t\t\t<\/li>\n\t\t\t\t\t\t\t\t\t\t\t\t\t\t<li>\n\t\t\t\t\t\t\t\t\t\t\t\t\t\t\t\t\t<i class=\"feature-icon ion-checkmark-round\"><\/i>\n\t\t\t\t\t\t\t\t\t\t\t\t\t\t\t\t\t\t\t\t\t\t\t\t\t<span class=\"feature-text\">Entfernung der festen Zahnspange 135 EUR <\/span>\t\t\t\t\t\t\t\t\t\t\t\t\t\t\t<\/li>\n\t\t\t\t\t\t\t\t\t\t\t\t\t\t<li>\n\t\t\t\t\t\t\t\t\t\t\t\t\t\t\t\t\t<i class=\"feature-icon ion-checkmark-round\"><\/i>\n\t\t\t\t\t\t\t\t\t\t\t\t\t\t\t\t\t\t\t\t\t\t\t\t\t<span class=\"feature-text\">Retentionsbogen f\u00fcr feste Zahnspange 135 EUR <\/span>\t\t\t\t\t\t\t\t\t\t\t\t\t\t\t<\/li>\n\t\t\t\t\t\t\t\t\t\t\t\t\t\t<li>\n\t\t\t\t\t\t\t\t\t\t\t\t\t\t\t\t\t<i class=\"feature-icon ion-checkmark-round\"><\/i>\n\t\t\t\t\t\t\t\t\t\t\t\t\t\t\t\t\t\t\t\t\t\t\t\t\t<span class=\"feature-text\">Bogenwechsel der festen Zahnspange, Kleben sonstiger Elemente 14 EUR <\/span>\t\t\t\t\t\t\t\t\t\t\t\t\t\t\t<\/li>\n\t\t\t\t\t\t\t\t\t\t\t\t\t\t<li>\n\t\t\t\t\t\t\t\t\t\t\t\t\t\t\t\t\t<i class=\"feature-icon ion-checkmark-round\"><\/i>\n\t\t\t\t\t\t\t\t\t\t\t\t\t\t\t\t\t\t\t\t\t\t\t\t\t<span class=\"feature-text\">Herausnehmbare Zahnspange pro Kiefer ab 210 EUR<\/span>\t\t\t\t\t\t\t\t\t\t\t\t\t\t\t<\/li>\n\t\t\t\t\t\t\t\t\t\t\t\t\t\t<li>\n\t\t\t\t\t\t\t\t\t\t\t\t\t\t\t\t\t<i class=\"feature-icon ion-checkmark-round\"><\/i>\n\t\t\t\t\t\t\t\t\t\t\t\t\t\t\t\t\t\t\t\t\t\t\t\t\t<span class=\"feature-text\">Kontrolle der herausnehmbaren Zahnspange 70 EUR <\/span>\t\t\t\t\t\t\t\t\t\t\t\t\t\t\t<\/li>\n\t\t\t\t\t\t\t\t\t\t\t\t<\/ul>\n\t\t\t\t\t\t\t<\/div>\n\n\t\t\t\t\t\t<\/div>\n<\/div>\n\t<\/div>\n<\/div>\n<div class=\"tm-spacer\" id=\"tm-spacer-69f27b865095f\"><\/div>\n<\/div><\/div><\/div><\/div>\n<\/div>","protected":false},"excerpt":{"rendered":"Kedvezm\u00e9nyes \u00e1rlist\u00e1nk az \u00e9rv\u00e9nyes magyar TAJ sz\u00e1mmal rendelkez\u0151 p\u00e1cienseinknek! Most popular Rendel\u0151nkben a az al\u00e1bbi kezel\u00e9sek\u00e9rt k\u00fcl\u00f6n d\u00edjat nem sz\u00e1molunk fel! Els\u0151 konzult\u00e1ci\u00f3 0 Ft. \u00c1raj\u00e1nlatk\u00e9sz\u00edt\u00e9s 0 Ft. \u00c9ves kontroll 0 Ft \u00c9rz\u00e9stelen\u00edt\u00e9s 0 Ft Most popular Dent\u00e1lhigi\u00e9nia Fogk\u0151elt\u00e1vol\u00edt\u00e1s 22 000,-Ft Fogfeh\u00e9r\u00edt\u00e9s\/\u00e1llkapocs 46 000,-Ft Most popular Diagnosztika Intraor\u00e1lis r\u00f6ntgenfelv\u00e9tel 5 000,-Ft Panor\u00e1mar\u00f6ntgen felv\u00e9tel 12 000,-Ft. CB CT felv\u00e9tel 30 000,-Ft. Most popular Endodoncia, fogt\u00f6m\u00e9sek Gy\u00f6k\u00e9rkezel\u00e9s 34 000,-Ft-t\u00f3l Eszt\u00e9tikus t\u00f6m\u00e9s 27 000,-Ft-t\u00f3l Inlay, onlay 89 000,-Ft-t\u00f3l Most popular Fogp\u00f3tl\u00e1sok Teljes fogsor\/\u00e1llkapocs 99 000,-Ft. BPS harap\u00e1sbiztos fogsor 199 000,-Ft R\u00e9szleges fogsor kombin\u00e1lt munk\u00e1hoz\/\u00e1llkapocs 288 000,-Ft. St\u00e9ges fogsor (4 implant\u00e1tumra r\u00f6gz\u00edtett fogsor)\/\u00e1llkapocs 420 000,-Ft. Ideiglenes m\u0171anyag korona 8 000,-Ft. F\u00e9mker\u00e1mia korona 59 000,-Ft. Zirkonker\u00e1mia (f\u00e9mmentes) korona 89 000,-Ft Harap\u00e1semel\u0151 s\u00edn\/ \u00e1llkapocs 22 000,-Ft Most popular Implant\u00e1ci\u00f3 \u00e9s sz\u00e1jseb\u00e9szet Egyszer\u0171 fogh\u00faz\u00e1s 19 000,-Ft. Foggy\u00f6k\u00e9r h\u00faz\u00e1s 24 000,-Ft. Seb\u00e9szi fogh\u00faz\u00e1s 42 000,-Ft. Gy\u00f6k\u00e9rcs\u00facs rezekci\u00f3 46 000,-Ft Kis csontp\u00f3tl\u00e1s 89 000,-Ft. Sinuslift 283 000,-Ft Later\u00e1l augment\u00e1ci\u00f3 283 000,-Ft. Neo fogimplant\u00e1tum (be\u00fcltet\u00e9ssel) 182 000,-Ft Neo fogimplant\u00e1tum fel\u00e9p\u00edtm\u00e9ny 65 000,-Ft Most popular Fogszab\u00e1lyoz\u00e1s Happysmile l\u00e1thatatlan fogszab\u00e1lyoz\u00f3 kezel\u00e9si terv 62 000,-Ft Happy Smile fogszab\u00e1lyoz\u00f3 s\u00edn\/db. 39 000,-Ft. Happy Smile retenci\u00f3s s\u00edn 39 000,-Ft R\u00f6gz\u00edtett fogszab\u00e1lyoz\u00f3 els\u0151 konzult\u00e1ci\u00f3 16 000,-Ft R\u00f6gz\u00edtett fogszab\u00e1lyoz\u00f3 kezel\u00e9si terv 27 000,-Ft R\u00f6gz\u00edtett fogszab\u00e1lyoz\u00f3 k\u00e9sz\u00fcl\u00e9k \u00e1llkapcsonk\u00e9nt 180 000,-Ft - t\u00f3l R\u00f6gz\u00edtett fogszab\u00e1lyoz\u00f3 k\u00e9sz\u00fcl\u00e9k kontroll 28 000,-Ft R\u00f6gz\u00edtett fogszab\u00e1lyoz\u00f3 k\u00e9sz\u00fcl\u00e9k elt\u00e1vol\u00edt\u00e1sa 20 000,-Ft R\u00f6gz\u00edtett fogszab\u00e1lyoz\u00f3 k\u00e9sz\u00fcl\u00e9k retainer \u00edv 25000,-Ft R\u00f6gz\u00edtett fogszab\u00e1lyoz\u00f3 k\u00e9sz\u00fcl\u00e9k \u00edvcsere, egy\u00e9bb elemek ragaszt\u00e1sa 4000,-Ft Kivehet\u0151 fogszab\u00e1lyoz\u00f3 k\u00e9sz\u00fcl\u00e9k \u00e1llkapcsonk\u00e9nt 45 000,-Ft - t\u00f3l Kivehet\u0151 fogszab\u00e1lyoz\u00f3 k\u00e9sz\u00fcl\u00e9k kontroll 25 000,-Ft","protected":false},"author":1,"featured_media":0,"parent":0,"menu_order":0,"comment_status":"closed","ping_status":"closed","template":"","meta":{"footnotes":""},"class_list":["post-129","page","type-page","status-publish","hentry"],"_links":{"self":[{"href":"https:\/\/dentissimi.com\/de\/wp-json\/wp\/v2\/pages\/129","targetHints":{"allow":["GET"]}}],"collection":[{"href":"https:\/\/dentissimi.com\/de\/wp-json\/wp\/v2\/pages"}],"about":[{"href":"https:\/\/dentissimi.com\/de\/wp-json\/wp\/v2\/types\/page"}],"author":[{"embeddable":true,"href":"https:\/\/dentissimi.com\/de\/wp-json\/wp\/v2\/users\/1"}],"replies":[{"embeddable":true,"href":"https:\/\/dentissimi.com\/de\/wp-json\/wp\/v2\/comments?post=129"}],"version-history":[{"count":113,"href":"https:\/\/dentissimi.com\/de\/wp-json\/wp\/v2\/pages\/129\/revisions"}],"predecessor-version":[{"id":4011,"href":"https:\/\/dentissimi.com\/de\/wp-json\/wp\/v2\/pages\/129\/revisions\/4011"}],"wp:attachment":[{"href":"https:\/\/dentissimi.com\/de\/wp-json\/wp\/v2\/media?parent=129"}],"curies":[{"name":"wp","href":"https:\/\/api.w.org\/{rel}","templated":true}]}}