{"id":127,"date":"2019-06-04T02:13:24","date_gmt":"2019-06-04T02:13:24","guid":{"rendered":"https:\/\/dentissimi.com\/faqs\/"},"modified":"2025-12-18T18:22:17","modified_gmt":"2025-12-18T18:22:17","slug":"gyik","status":"publish","type":"page","link":"https:\/\/dentissimi.com\/de\/gyik\/","title":{"rendered":"HGF"},"content":{"rendered":"<div class=\"wpb-content-wrapper\"><div data-src=\"https:\/\/dentissimi.com\/wp-content\/uploads\/2019\/11\/appontment-form-bg-new2.png\" id=\"tm-row-6a046b5c3feb8\" data-vc-full-width=\"true\" data-vc-full-width-init=\"false\" class=\"vc_row vc_row-outer vc_row-fluid tm-lazy-load\"><div id=\"tm-column-6a046b5c4045b\" class=\"wpb_column vc_column_container vc_col-sm-12 vc_col-lg-6\"><div class=\"vc_column-inner\"><div class=\"wpb_wrapper\">\n<div class=\"tm-heading  left tm-animation move-up\" id=\"tm-heading-6a046b5c4071d\">\n\t<h3 class=\"heading\" >H\u00e4ufig gestellte Fragen<\/h3><\/div>\n\n<div class=\"tm-spacer\" id=\"tm-spacer-6a046b5c409c3\"><\/div>\n<div class=\"tm-accordion  style-4 color-light tm-animation move-up\" id=\"tm-accordion-6a046b5c40a6d\"\n\t>\n\t\n\t\t<div class=\"accordion-section\">\n\t\t\t\t\t\t\t<div class=\"accordion-title-wrapper\">\n\t\t\t\t\t<h6 class=\"accordion-title\">\n\t\t\t\t\t\t<span class=\"title-prefix\">01.<\/span>\n\t\t\t\t\t\t<span class=\"title-text\">Ist eine Zahnbehandlung schmerzhaft?<\/span>\n\n\t\t\t\t\t\t<span class=\"accordion-icon\"><\/span>\n\t\t\t\t\t<\/h6>\n\t\t\t\t<\/div>\n\t\t\t\n\n\t\t\t<div class=\"accordion-content\">\n\t\t\t\t\t\t\t\t\tDank moderner An\u00e4sthesietechniken sind die meisten Behandlungen v\u00f6llig schmerzfrei. Unser Ziel ist es, dass Sie sich w\u00e4hrend der Behandlung so wohl wie m\u00f6glich f\u00fchlen.\t\t\t\t\t\t\t<\/div>\n\t\t<\/div>\n\t\t\n\t\t<div class=\"accordion-section\">\n\t\t\t\t\t\t\t<div class=\"accordion-title-wrapper\">\n\t\t\t\t\t<h6 class=\"accordion-title\">\n\t\t\t\t\t\t<span class=\"title-prefix\">02.<\/span>\n\t\t\t\t\t\t<span class=\"title-text\">Wie oft sollte man zum Zahnarzt gehen?<\/span>\n\n\t\t\t\t\t\t<span class=\"accordion-icon\"><\/span>\n\t\t\t\t\t<\/h6>\n\t\t\t\t<\/div>\n\t\t\t\n\n\t\t\t<div class=\"accordion-content\">\n\t\t\t\t\t\t\t\t\tIn der Regel wird eine Kontrolluntersuchung und Zahnsteinentfernung alle sechs Monate empfohlen, in bestimmten F\u00e4llen kann jedoch auch eine h\u00e4ufigere Kontrolle erforderlich sein.\t\t\t\t\t\t\t<\/div>\n\t\t<\/div>\n\t\t\n\t\t<div class=\"accordion-section\">\n\t\t\t\t\t\t\t<div class=\"accordion-title-wrapper\">\n\t\t\t\t\t<h6 class=\"accordion-title\">\n\t\t\t\t\t\t<span class=\"title-prefix\">03.<\/span>\n\t\t\t\t\t\t<span class=\"title-text\">Wie l\u00e4uft die erste Beratung ab?<\/span>\n\n\t\t\t\t\t\t<span class=\"accordion-icon\"><\/span>\n\t\t\t\t\t<\/h6>\n\t\t\t\t<\/div>\n\t\t\t\n\n\t\t\t<div class=\"accordion-content\">\n\t\t\t\t\t\t\t\t\tBeim ersten Termin f\u00fchren wir eine Statusuntersuchung durch, machen bei Bedarf R\u00f6ntgenaufnahmen und erstellen anschlie\u00dfend einen detaillierten Behandlungsplan und einen Kostenvoranschlag.\t\t\t\t\t\t\t<\/div>\n\t\t<\/div>\n\t\t\n\t\t<div class=\"accordion-section\">\n\t\t\t\t\t\t\t<div class=\"accordion-title-wrapper\">\n\t\t\t\t\t<h6 class=\"accordion-title\">\n\t\t\t\t\t\t<span class=\"title-prefix\">04.<\/span>\n\t\t\t\t\t\t<span class=\"title-text\">Wie viel kostet die Behandlung?<\/span>\n\n\t\t\t\t\t\t<span class=\"accordion-icon\"><\/span>\n\t\t\t\t\t<\/h6>\n\t\t\t\t<\/div>\n\t\t\t\n\n\t\t\t<div class=\"accordion-content\">\n\t\t\t\t\t\t\t\t\tDie Preise h\u00e4ngen von der Art der Behandlung ab. Nach der ersten Untersuchung und dem Behandlungsplan erstellen wir Ihnen ein genaues, individuelles Preisangebot.\t\t\t\t\t\t\t<\/div>\n\t\t<\/div>\n\t\t\n\t\t<div class=\"accordion-section\">\n\t\t\t\t\t\t\t<div class=\"accordion-title-wrapper\">\n\t\t\t\t\t<h6 class=\"accordion-title\">\n\t\t\t\t\t\t<span class=\"title-prefix\">05.<\/span>\n\t\t\t\t\t\t<span class=\"title-text\">Was kann ich bei Zahnschmerzen tun?<\/span>\n\n\t\t\t\t\t\t<span class=\"accordion-icon\"><\/span>\n\t\t\t\t\t<\/h6>\n\t\t\t\t<\/div>\n\t\t\t\n\n\t\t\t<div class=\"accordion-content\">\n\t\t\t\t\t\t\t\t\tWenn Sie starke Schmerzen haben, sollten Sie so schnell wie m\u00f6glich einen Termin vereinbaren. Bis dahin k\u00f6nnen Sie Schmerzmittel einnehmen, dies ist jedoch nur eine vor\u00fcbergehende L\u00f6sung.\t\t\t\t\t\t\t<\/div>\n\t\t<\/div>\n\t\t\n\t\t<div class=\"accordion-section\">\n\t\t\t\t\t\t\t<div class=\"accordion-title-wrapper\">\n\t\t\t\t\t<h6 class=\"accordion-title\">\n\t\t\t\t\t\t<span class=\"title-prefix\">06.<\/span>\n\t\t\t\t\t\t<span class=\"title-text\">Wie lange h\u00e4lt das Ergebnis einer Zahnaufhellung an?<\/span>\n\n\t\t\t\t\t\t<span class=\"accordion-icon\"><\/span>\n\t\t\t\t\t<\/h6>\n\t\t\t\t<\/div>\n\t\t\t\n\n\t\t\t<div class=\"accordion-content\">\n\t\t\t\t\t\t\t\t\tDie Wirkung der Zahnaufhellung h\u00e4lt in der Regel 1\u20132 Jahre an, abh\u00e4ngig vom Lebensstil und den Ern\u00e4hrungsgewohnheiten.\t\t\t\t\t\t\t<\/div>\n\t\t<\/div>\n\t\t\n\t\t<div class=\"accordion-section\">\n\t\t\t\t\t\t\t<div class=\"accordion-title-wrapper\">\n\t\t\t\t\t<h6 class=\"accordion-title\">\n\t\t\t\t\t\t<span class=\"title-prefix\">07.<\/span>\n\t\t\t\t\t\t<span class=\"title-text\">Was ist der Unterschied zwischen einer F\u00fcllung und einer Wurzelbehandlung?<\/span>\n\n\t\t\t\t\t\t<span class=\"accordion-icon\"><\/span>\n\t\t\t\t\t<\/h6>\n\t\t\t\t<\/div>\n\t\t\t\n\n\t\t\t<div class=\"accordion-content\">\n\t\t\t\t\t\t\t\t\tDie F\u00fcllung dient zur Behandlung kleinerer Kariesstellen. Eine Wurzelbehandlung ist erforderlich, wenn die Karies den Zahnnerv erreicht hat.\t\t\t\t\t\t\t<\/div>\n\t\t<\/div>\n\t\t\n\t\t<div class=\"accordion-section\">\n\t\t\t\t\t\t\t<div class=\"accordion-title-wrapper\">\n\t\t\t\t\t<h6 class=\"accordion-title\">\n\t\t\t\t\t\t<span class=\"title-prefix\">08.<\/span>\n\t\t\t\t\t\t<span class=\"title-text\">Wie langlebig sind Zahnersatz?<\/span>\n\n\t\t\t\t\t\t<span class=\"accordion-icon\"><\/span>\n\t\t\t\t\t<\/h6>\n\t\t\t\t<\/div>\n\t\t\t\n\n\t\t\t<div class=\"accordion-content\">\n\t\t\t\t\t\t\t\t\tRichtig angefertigte Kronen, Br\u00fccken und Zahnersatz k\u00f6nnen bei regelm\u00e4\u00dfiger Kontrolle und guter Pflege bis zu 10\u201315 Jahre oder l\u00e4nger halten.\t\t\t\t\t\t\t<\/div>\n\t\t<\/div>\n\t\t\n\t\t<div class=\"accordion-section\">\n\t\t\t\t\t\t\t<div class=\"accordion-title-wrapper\">\n\t\t\t\t\t<h6 class=\"accordion-title\">\n\t\t\t\t\t\t<span class=\"title-prefix\">09.<\/span>\n\t\t\t\t\t\t<span class=\"title-text\">Kann man nach der Behandlung essen oder trinken?<\/span>\n\n\t\t\t\t\t\t<span class=\"accordion-icon\"><\/span>\n\t\t\t\t\t<\/h6>\n\t\t\t\t<\/div>\n\t\t\t\n\n\t\t\t<div class=\"accordion-content\">\n\t\t\t\t\t\t\t\t\tNach der Bet\u00e4ubung sollten Sie noch 1\u20132 Stunden warten. Nach bestimmten Behandlungen (z. B. Zahnaufhellung) geben wir Ihnen spezielle Anweisungen.\t\t\t\t\t\t\t<\/div>\n\t\t<\/div>\n\t\t\n\t\t<div class=\"accordion-section\">\n\t\t\t\t\t\t\t<div class=\"accordion-title-wrapper\">\n\t\t\t\t\t<h6 class=\"accordion-title\">\n\t\t\t\t\t\t<span class=\"title-prefix\">10.<\/span>\n\t\t\t\t\t\t<span class=\"title-text\">Ist eine Zahnkorrektur auch f\u00fcr Erwachsene m\u00f6glich?<\/span>\n\n\t\t\t\t\t\t<span class=\"accordion-icon\"><\/span>\n\t\t\t\t\t<\/h6>\n\t\t\t\t<\/div>\n\t\t\t\n\n\t\t\t<div class=\"accordion-content\">\n\t\t\t\t\t\t\t\t\tJa, moderne Zahnspangensysteme wurden speziell f\u00fcr die Bed\u00fcrfnisse von Erwachsenen entwickelt \u2013 mit \u00e4sthetischen und komfortablen L\u00f6sungen.\t\t\t\t\t\t\t<\/div>\n\t\t<\/div>\n\t\t<\/div>\n<div class=\"tm-spacer\" id=\"tm-spacer-6a046b5c40b91\"><\/div>\n<\/div><\/div><\/div><div id=\"tm-column-6a046b5c40d15\" class=\"wpb_column vc_column_container vc_col-sm-12 vc_col-lg-6\"><div class=\"vc_column-inner\"><div class=\"wpb_wrapper\"><div id=\"tm-row-inner-6a046b5c40fd0\" class=\"vc_row vc_inner vc_row-fluid\"><div id=\"tm-column-inner-6a046b5c41257\" class=\"wpb_column vc_column_container vc_col-sm-12\"><div class=\"vc_column-inner\"><div class=\"wpb_wrapper\">\n<div class=\"tm-heading  center tm-animation move-up\" id=\"tm-heading-6a046b5c4146d\">\n\t<h3 class=\"heading\" >Vereinbaren Sie einen Termin f\u00fcr eine erste kostenlose Beratung<\/h3><\/div>\n\n<div class=\"tm-spacer\" id=\"tm-spacer-6a046b5c416b6\"><\/div>\n\n<div class=\"tm-heading  center tm-animation move-up\" id=\"tm-heading-6a046b5c41793\">\n\t<div class=\"heading\" >F\u00fcllen Sie unser Formular aus, und unser Mitarbeiter wird Sie in K\u00fcrze zur\u00fcckrufen!<\/div><\/div>\n\n<div class=\"tm-spacer\" id=\"tm-spacer-6a046b5c41990\"><\/div>\n<div class=\"tm-contact-form-7  style-01 gutter-30 tm-animation move-up\" id=\"tm-blog-6a046b5c41a16\">\n\t\n<div class=\"wpcf7 no-js\" id=\"wpcf7-f12-o1\" lang=\"hu-HU\" dir=\"ltr\" data-wpcf7-id=\"12\">\n<div class=\"screen-reader-response\"><p role=\"status\" aria-live=\"polite\" aria-atomic=\"true\"><\/p> <ul><\/ul><\/div>\n<form action=\"\/de\/wp-json\/wp\/v2\/pages\/127#wpcf7-f12-o1\" method=\"post\" class=\"wpcf7-form init\" aria-label=\"Kapcsolatfelv\u00e9teli \u0171rlap\" novalidate=\"novalidate\" data-status=\"init\" data-trp-original-action=\"\/de\/wp-json\/wp\/v2\/pages\/127#wpcf7-f12-o1\">\n<fieldset class=\"hidden-fields-container\"><input type=\"hidden\" name=\"_wpcf7\" value=\"12\" \/><input type=\"hidden\" name=\"_wpcf7_version\" value=\"6.1.5\" \/><input type=\"hidden\" name=\"_wpcf7_locale\" value=\"hu_HU\" \/><input type=\"hidden\" name=\"_wpcf7_unit_tag\" value=\"wpcf7-f12-o1\" \/><input type=\"hidden\" name=\"_wpcf7_container_post\" value=\"0\" \/><input type=\"hidden\" name=\"_wpcf7_posted_data_hash\" value=\"\" \/>\n<\/fieldset>\n<div class=\"wpcf7-turnstile cf-turnstile\" data-sitekey=\"0x4AAAAAACNqHFwwdNQX1pgW\" data-response-field-name=\"_wpcf7_turnstile_response\"><\/div>\n\n<p><label> Name<br \/>\n<span class=\"wpcf7-form-control-wrap\" data-name=\"your-name\"><input size=\"40\" maxlength=\"400\" class=\"wpcf7-form-control wpcf7-text wpcf7-validates-as-required\" autocomplete=\"name\" aria-required=\"true\" aria-invalid=\"false\" value=\"\" type=\"text\" name=\"your-name\" \/><\/span> <\/label>\n<\/p>\n<p><label> E-Mail-Adresse<br \/>\n<span class=\"wpcf7-form-control-wrap\" data-name=\"your-email\"><input size=\"40\" maxlength=\"400\" class=\"wpcf7-form-control wpcf7-email wpcf7-validates-as-required wpcf7-text wpcf7-validates-as-email\" autocomplete=\"email\" aria-required=\"true\" aria-invalid=\"false\" value=\"\" type=\"email\" name=\"your-email\" \/><\/span> <\/label>\n<\/p>\n<p><label> Telefonnummer<br \/>\n<span class=\"wpcf7-form-control-wrap\" data-name=\"your-subject\"><input size=\"40\" maxlength=\"400\" class=\"wpcf7-form-control wpcf7-text wpcf7-validates-as-required\" aria-required=\"true\" aria-invalid=\"false\" value=\"\" type=\"text\" name=\"your-subject\" \/><\/span> <\/label>\n<\/p>\n<p><label> Nachricht (optional)<br \/>\n<span class=\"wpcf7-form-control-wrap\" data-name=\"your-message\"><textarea cols=\"40\" rows=\"10\" maxlength=\"2000\" class=\"wpcf7-form-control wpcf7-textarea\" aria-invalid=\"false\" name=\"your-message\"><\/textarea><\/span> <\/label><br \/>\n<span class=\"wpcf7-form-control-wrap\" data-name=\"acceptance-521\"><span class=\"wpcf7-form-control wpcf7-acceptance\"><span class=\"wpcf7-list-item\"><label><input type=\"checkbox\" name=\"acceptance-521\" value=\"1\" aria-invalid=\"false\" \/><span class=\"wpcf7-list-item-label\"><a href=\"https:\/\/dentissimi.com\/de\/gdpr\/\">Ich habe die Datenschutzerkl\u00e4rung zur Kenntnis genommen und akzeptiere sie.<\/a><\/span><\/label><\/span><\/span><\/span>\n<\/p>\n<p><input class=\"wpcf7-form-control wpcf7-submit has-spinner\" type=\"submit\" value=\"Ich bitte um einen R\u00fcckruf zur Terminvereinbarung!\" \/>\n<\/p><div class=\"wpcf7-response-output\" aria-hidden=\"true\"><\/div>\n<input type=\"hidden\" name=\"trp-form-language\" value=\"de\"\/><\/form>\n<\/div>\n<\/div>\n<\/div><\/div><\/div><\/div><div class=\"tm-spacer\" id=\"tm-spacer-6a046b5c4507d\"><\/div>\n<\/div><\/div><\/div><\/div><div class=\"vc_row-full-width vc_clearfix\"><\/div>\n<\/div>","protected":false},"excerpt":{"rendered":"Gyakran ism\u00e9telt k\u00e9rd\u00e9sek 01. F\u00e1jdalmas a fog\u00e1szati kezel\u00e9s? A modern \u00e9rz\u00e9stelen\u00edt\u00e9si technik\u00e1knak k\u00f6sz\u00f6nhet\u0151en a kezel\u00e9sek t\u00f6bbs\u00e9ge teljesen f\u00e1jdalommentes. C\u00e9lunk, hogy a lehet\u0151 legk\u00e9nyelmesebben \u00e9rezze mag\u00e1t a kezel\u00e9s sor\u00e1n. 02. Milyen gyakran \u00e9rdemes fogorvoshoz menni? \u00c1ltal\u00e1ban f\u00e9l\u00e9vente aj\u00e1nlott egy kontrollvizsg\u00e1lat \u00e9s fogk\u0151-elt\u00e1vol\u00edt\u00e1s, de bizonyos esetekben s\u0171r\u0171bb ellen\u0151rz\u00e9s is sz\u00fcks\u00e9ges lehet. 03. Hogyan zajlik az els\u0151 konzult\u00e1ci\u00f3? Az els\u0151 tal\u00e1lkoz\u00f3n \u00e1llapotfelm\u00e9r\u00e9st v\u00e9gz\u00fcnk, sz\u00fcks\u00e9g eset\u00e9n r\u00f6ntgenfelv\u00e9telt k\u00e9sz\u00edt\u00fcnk, majd r\u00e9szletes kezel\u00e9si tervet \u00e9s \u00e1raj\u00e1nlatot adunk. 04. Mennyibe ker\u00fcl a kezel\u00e9s? A d\u00edjak a kezel\u00e9s t\u00edpus\u00e1t\u00f3l f\u00fcggnek. Az els\u0151 vizsg\u00e1lat \u00e9s kezel\u00e9si terv ut\u00e1n pontos, szem\u00e9lyre szabott \u00e1raj\u00e1nlatot k\u00e9sz\u00edt\u00fcnk. 05. Mit tehetek fogf\u00e1j\u00e1s eset\u00e9n? Ha er\u0151s f\u00e1jdalmat tapasztal, \u00e9rdemes miel\u0151bb id\u0151pontot k\u00e9rni. Addig is f\u00e1jdalomcsillap\u00edt\u00f3 szedhet\u0151, de ez csak \u00e1tmeneti megold\u00e1s. 06. Meddig tart egy fogfeh\u00e9r\u00edt\u00e9s eredm\u00e9nye? A fogfeh\u00e9r\u00edt\u00e9s hat\u00e1sa \u00e1ltal\u00e1ban 1\u20132 \u00e9vig tart, \u00e9letm\u00f3dt\u00f3l \u00e9s \u00e9tkez\u00e9si szok\u00e1sokt\u00f3l f\u00fcgg\u0151en. 07. Mi a k\u00fcl\u00f6nbs\u00e9g a t\u00f6m\u00e9s \u00e9s a gy\u00f6k\u00e9rkezel\u00e9s k\u00f6z\u00f6tt? A t\u00f6m\u00e9s a kisebb szuvasod\u00e1sok kezel\u00e9s\u00e9re szolg\u00e1l. A gy\u00f6k\u00e9rkezel\u00e9s akkor sz\u00fcks\u00e9ges, ha a szuvasod\u00e1s el\u00e9ri a fog ideg\u00e9t. 08. Mennyire tart\u00f3sak a fogp\u00f3tl\u00e1sok? A megfelel\u0151en elk\u00e9sz\u00edtett koron\u00e1k, hidak \u00e9s fogsorok ak\u00e1r 10\u201315 \u00e9vig vagy tov\u00e1bb is szolg\u00e1lhatnak, ha rendszeresen ellen\u0151rzik \u00e9s megfelel\u0151en \u00e1polj\u00e1k \u0151ket. 09. Lehet-e enni vagy inni kezel\u00e9s ut\u00e1n? \u00c9rz\u00e9stelen\u00edt\u00e9s ut\u00e1n \u00e9rdemes m\u00e9g 1\u20132 \u00f3r\u00e1t v\u00e1rni. Bizonyos kezel\u00e9sek (pl. fogfeh\u00e9r\u00edt\u00e9s) ut\u00e1n speci\u00e1lis utas\u00edt\u00e1sokat adunk. 10. Fogszab\u00e1lyoz\u00e1s feln\u0151tteknek is lehets\u00e9ges? Igen, a modern fogszab\u00e1lyoz\u00f3 rendszerek kifejezetten feln\u0151ttek ig\u00e9nyeire is k\u00e9sz\u00fcltek \u2014 eszt\u00e9tikus, k\u00e9nyelmes megold\u00e1sokkal. K\u00e9rjen id\u0151pontot els\u0151 ingyenes konzult\u00e1ci\u00f3ra T\u00f6ltse ki \u0171rlapunkat, \u00e9s koll\u00e9g\u00e1nk hamarosan visszah\u00edvja! N\u00e9v E-mail c\u00edm Telefonsz\u00e1m \u00dczenet (nem k\u00f6telez\u0151) Az adatkezel\u00e9si t\u00e1j\u00e9koztat\u00f3t megismertem \u00e9s elfogadom.","protected":false},"author":1,"featured_media":0,"parent":0,"menu_order":0,"comment_status":"closed","ping_status":"closed","template":"","meta":{"footnotes":""},"class_list":["post-127","page","type-page","status-publish","hentry"],"_links":{"self":[{"href":"https:\/\/dentissimi.com\/de\/wp-json\/wp\/v2\/pages\/127","targetHints":{"allow":["GET"]}}],"collection":[{"href":"https:\/\/dentissimi.com\/de\/wp-json\/wp\/v2\/pages"}],"about":[{"href":"https:\/\/dentissimi.com\/de\/wp-json\/wp\/v2\/types\/page"}],"author":[{"embeddable":true,"href":"https:\/\/dentissimi.com\/de\/wp-json\/wp\/v2\/users\/1"}],"replies":[{"embeddable":true,"href":"https:\/\/dentissimi.com\/de\/wp-json\/wp\/v2\/comments?post=127"}],"version-history":[{"count":9,"href":"https:\/\/dentissimi.com\/de\/wp-json\/wp\/v2\/pages\/127\/revisions"}],"predecessor-version":[{"id":3135,"href":"https:\/\/dentissimi.com\/de\/wp-json\/wp\/v2\/pages\/127\/revisions\/3135"}],"wp:attachment":[{"href":"https:\/\/dentissimi.com\/de\/wp-json\/wp\/v2\/media?parent=127"}],"curies":[{"name":"wp","href":"https:\/\/api.w.org\/{rel}","templated":true}]}}